{"id":7867,"date":"2016-11-07T17:54:09","date_gmt":"2016-11-07T15:54:09","guid":{"rendered":"http:\/\/asianfilmfestival.barcelona\/2018\/ca\/?page_id=7867"},"modified":"2025-02-03T13:57:41","modified_gmt":"2025-02-03T12:57:41","slug":"news-2","status":"publish","type":"page","link":"https:\/\/asianfilmfestival.barcelona\/2025\/ca\/news-2\/","title":{"rendered":"NEWS"},"content":{"rendered":"<div id='full_slider_1'  class='avia-fullwidth-slider main_color avia-shadow   avia-builder-el-0  el_before_av_blog  avia-builder-el-first   container_wrap fullsize'  >\n<style type=\"text\/css\" data-created_by=\"avia_inline_auto\" id=\"style-css-av-jk16j6br-aabb6577178283c4c74e0895d6e54d14\">\n#top #wrap_all .avia-slideshow .av-slideshow-caption.av-jk16j6br-aabb6577178283c4c74e0895d6e54d14__0 .avia-caption-title{\nfont-size:90px;\n}\n#top .avia-slideshow .av-slideshow-caption.av-jk16j6br-aabb6577178283c4c74e0895d6e54d14__0 .avia-caption-content{\nfont-size:90px;\n}\n#top .avia-slideshow .av-slideshow-caption.av-jk16j6br-aabb6577178283c4c74e0895d6e54d14__0 .avia-caption-content p{\nfont-size:90px;\n}\n<\/style>\n<div  class='avia-slideshow av-jk16j6br-aabb6577178283c4c74e0895d6e54d14 avia-slideshow-no scaling av_slideshow_full avia-fade-slider av-slideshow-ui av-control-default av-slideshow-manual av-loop-once av-loop-manual-endless av-default-height-applied   avia-slideshow-1' data-slideshow-options=\"{&quot;animation&quot;:&quot;fade&quot;,&quot;autoplay&quot;:false,&quot;loop_autoplay&quot;:&quot;once&quot;,&quot;interval&quot;:5,&quot;loop_manual&quot;:&quot;manual-endless&quot;,&quot;autoplay_stopper&quot;:false,&quot;noNavigation&quot;:false,&quot;bg_slider&quot;:false,&quot;keep_padding&quot;:false,&quot;hoverpause&quot;:false,&quot;show_slide_delay&quot;:0}\" ><ul class='avia-slideshow-inner ' style='padding-bottom: 20.588235294118%;'><li  class='avia-slideshow-slide av-jk16j6br-aabb6577178283c4c74e0895d6e54d14__0  av-single-slide slide-1 slide-odd'><div data-rel='slideshow-1' class='avia-slide-wrap '   ><div class='av-slideshow-caption av-jk16j6br-aabb6577178283c4c74e0895d6e54d14__0 caption_fullwidth caption_bottom'><div class=\"container caption_container\"><div class=\"slideshow_caption\"><div class=\"slideshow_inner_caption\"><div class=\"slideshow_align_caption\"><h2 class='avia-caption-title ' >Not\u00edcies i entrevistes<\/h2><\/div><\/div><\/div><\/div><\/div><img decoding=\"async\" fetchpriority=\"high\" class=\"wp-image-27763 avia-img-lazy-loading-not-27763\"  src=\"https:\/\/asianfilmfestival.barcelona\/2025\/wp-content\/uploads\/2020\/09\/Countries_BANNER_2020.jpg\" width=\"1700\" height=\"350\" title='Countries_BANNER_2020' alt='' srcset=\"https:\/\/asianfilmfestival.barcelona\/2025\/wp-content\/uploads\/2020\/09\/Countries_BANNER_2020.jpg 1700w, https:\/\/asianfilmfestival.barcelona\/2025\/wp-content\/uploads\/2020\/09\/Countries_BANNER_2020-300x62.jpg 300w, https:\/\/asianfilmfestival.barcelona\/2025\/wp-content\/uploads\/2020\/09\/Countries_BANNER_2020-1030x212.jpg 1030w, https:\/\/asianfilmfestival.barcelona\/2025\/wp-content\/uploads\/2020\/09\/Countries_BANNER_2020-768x158.jpg 768w, https:\/\/asianfilmfestival.barcelona\/2025\/wp-content\/uploads\/2020\/09\/Countries_BANNER_2020-1536x316.jpg 1536w, https:\/\/asianfilmfestival.barcelona\/2025\/wp-content\/uploads\/2020\/09\/Countries_BANNER_2020-1500x309.jpg 1500w, https:\/\/asianfilmfestival.barcelona\/2025\/wp-content\/uploads\/2020\/09\/Countries_BANNER_2020-705x145.jpg 705w\" sizes=\"(max-width: 1700px) 100vw, 1700px\" \/><\/div><\/li><\/ul><\/div><\/div><div id='after_full_slider_1'  class='main_color av_default_container_wrap container_wrap fullsize'  ><div class='container av-section-cont-open' ><div class='template-page content  av-content-full alpha units'><div class='post-entry post-entry-type-page post-entry-7867'><div class='entry-content-wrapper clearfix'>\n<div  data-slideshow-options=\"{&quot;animation&quot;:&quot;fade&quot;,&quot;autoplay&quot;:false,&quot;loop_autoplay&quot;:&quot;once&quot;,&quot;interval&quot;:5,&quot;loop_manual&quot;:&quot;manual-endless&quot;,&quot;autoplay_stopper&quot;:false,&quot;noNavigation&quot;:false,&quot;show_slide_delay&quot;:90}\" class='avia-content-slider avia-content-grid-active avia-content-slider1 avia-content-slider-odd  avia-builder-el-1  el_after_av_slideshow_full  el_before_av_hr  avia-builder-el-first  av-slideshow-ui av-control-default   av-no-slider-navigation av-slideshow-manual av-loop-once av-loop-manual-endless ' ><div class=\"avia-content-slider-inner\"><div class=\"slide-entry-wrap\"><article class='slide-entry flex_column  post-entry post-entry-61217 slide-entry-overview slide-loop-1 slide-parity-odd  av_one_third first real-thumbnail posttype-post post-format-standard' ><a href='https:\/\/asianfilmfestival.barcelona\/2025\/ca\/nuevas-miradas-de-cine-asiatico-4\/' data-rel='slide-1' class='slide-image' title='NOVES MIRADES DEL CINEMA ASI\u00c0TICO'><img decoding=\"async\" fetchpriority=\"high\" width=\"495\" height=\"400\" src=\"https:\/\/asianfilmfestival.barcelona\/2025\/wp-content\/uploads\/2026\/03\/MV5BZDg0NTIzYWMtNDhlMy00MDIyLWIzOTEtNTk1ZGRhY2IyZGFmXkEyXkFqcGc@._V1_FMjpg_UX2160_-495x400.jpg\" class=\"wp-image-61177 avia-img-lazy-loading-not-61177 attachment-portfolio size-portfolio wp-post-image\" alt=\"\" srcset=\"https:\/\/asianfilmfestival.barcelona\/2025\/wp-content\/uploads\/2026\/03\/MV5BZDg0NTIzYWMtNDhlMy00MDIyLWIzOTEtNTk1ZGRhY2IyZGFmXkEyXkFqcGc@._V1_FMjpg_UX2160_-495x400.jpg 495w, https:\/\/asianfilmfestival.barcelona\/2025\/wp-content\/uploads\/2026\/03\/MV5BZDg0NTIzYWMtNDhlMy00MDIyLWIzOTEtNTk1ZGRhY2IyZGFmXkEyXkFqcGc@._V1_FMjpg_UX2160_-845x684.jpg 845w\" sizes=\"(max-width: 495px) 100vw, 495px\" \/><\/a><div class=\"slide-content\"><header class=\"entry-content-header\" aria-label=\"Slide: NOVES MIRADES DEL CINEMA ASI\u00c0TICO\"><h3 class='slide-entry-title entry-title ' ><a href='https:\/\/asianfilmfestival.barcelona\/2025\/ca\/nuevas-miradas-de-cine-asiatico-4\/' title='NOVES MIRADES DEL CINEMA ASI\u00c0TICO'>NOVES MIRADES DEL CINEMA ASI\u00c0TICO<\/a><\/h3><span class=\"av-vertical-delimiter\"><\/span><\/header><div class=\"slide-meta\"><time class='slide-meta-time updated' >24\/03\/2026<\/time><\/div><div class='slide-entry-excerpt entry-content' >\r\n\r\n\r\n\r\n\r\n\r\n\r\n\r\n\r\n\r\n\r\n\r\n\r\n\r\n\r\n\r\n<\/div><\/div><footer class=\"entry-footer\"><\/footer><\/article><article class='slide-entry flex_column  post-entry post-entry-61150 slide-entry-overview slide-loop-2 slide-parity-even  av_one_third  real-thumbnail posttype-post post-format-standard' ><a href='https:\/\/asianfilmfestival.barcelona\/2025\/ca\/projeccio-seaside-serendipity-sakura-fest\/' data-rel='slide-1' class='slide-image' title='Projecci\u00f3 de &#8220;Seaside Serendipity&#8221; al Sakura Fest de Gav\u00e0'><img decoding=\"async\" fetchpriority=\"high\" width=\"495\" height=\"400\" src=\"https:\/\/asianfilmfestival.barcelona\/2025\/wp-content\/uploads\/2026\/03\/seaside-serendipity-495x400.jpg\" class=\"wp-image-61136 avia-img-lazy-loading-not-61136 attachment-portfolio size-portfolio wp-post-image\" alt=\"\" srcset=\"https:\/\/asianfilmfestival.barcelona\/2025\/wp-content\/uploads\/2026\/03\/seaside-serendipity-495x400.jpg 495w, https:\/\/asianfilmfestival.barcelona\/2025\/wp-content\/uploads\/2026\/03\/seaside-serendipity-845x684.jpg 845w\" sizes=\"(max-width: 495px) 100vw, 495px\" \/><\/a><div class=\"slide-content\"><header class=\"entry-content-header\" aria-label=\"Slide: Projecci\u00f3 de &quot;Seaside Serendipity&quot; al Sakura Fest de Gav\u00e0\"><h3 class='slide-entry-title entry-title ' ><a href='https:\/\/asianfilmfestival.barcelona\/2025\/ca\/projeccio-seaside-serendipity-sakura-fest\/' title='Projecci\u00f3 de &#8220;Seaside Serendipity&#8221; al Sakura Fest de Gav\u00e0'>Projecci\u00f3 de &#8220;Seaside Serendipity&#8221; al Sakura Fest de Gav\u00e0<\/a><\/h3><span class=\"av-vertical-delimiter\"><\/span><\/header><div class=\"slide-meta\"><time class='slide-meta-time updated' >23\/03\/2026<\/time><\/div><div class='slide-entry-excerpt entry-content' >\r\n\r\n\r\n\r\n\r\n\r\n\r\n\r\n\r\n\r\n<\/div><\/div><footer class=\"entry-footer\"><\/footer><\/article><article class='slide-entry flex_column  post-entry post-entry-61027 slide-entry-overview slide-loop-3 slide-parity-odd  post-entry-last  av_one_third  real-thumbnail posttype-post post-format-standard' ><a href='https:\/\/asianfilmfestival.barcelona\/2025\/ca\/proyeccion-documental-mudras-bailando-hilos-invisibles\/' data-rel='slide-1' class='slide-image' title='Projecci\u00f3 de documental: &#8220;Mudres, ballant fils invisibles&#8221;'><img decoding=\"async\" fetchpriority=\"high\" width=\"495\" height=\"400\" src=\"https:\/\/asianfilmfestival.barcelona\/2025\/wp-content\/uploads\/2026\/03\/MUDRAS2-495x400.jpg\" class=\"wp-image-61022 avia-img-lazy-loading-not-61022 attachment-portfolio size-portfolio wp-post-image\" alt=\"\" srcset=\"https:\/\/asianfilmfestival.barcelona\/2025\/wp-content\/uploads\/2026\/03\/MUDRAS2-495x400.jpg 495w, https:\/\/asianfilmfestival.barcelona\/2025\/wp-content\/uploads\/2026\/03\/MUDRAS2-845x684.jpg 845w\" sizes=\"(max-width: 495px) 100vw, 495px\" \/><\/a><div class=\"slide-content\"><header class=\"entry-content-header\" aria-label=\"Slide: Projecci\u00f3 de documental: &quot;Mudres, ballant fils invisibles&quot;\"><h3 class='slide-entry-title entry-title ' ><a href='https:\/\/asianfilmfestival.barcelona\/2025\/ca\/proyeccion-documental-mudras-bailando-hilos-invisibles\/' title='Projecci\u00f3 de documental: &#8220;Mudres, ballant fils invisibles&#8221;'>Projecci\u00f3 de documental: &#8220;Mudres, ballant fils invisibles&#8221;<\/a><\/h3><span class=\"av-vertical-delimiter\"><\/span><\/header><div class=\"slide-meta\"><time class='slide-meta-time updated' >16\/03\/2026<\/time><\/div><div class='slide-entry-excerpt entry-content' >\r\n\r\n\r\n\r\n\r\n\r\n\r\n\r\n\r\n\r\n<\/div><\/div><footer class=\"entry-footer\"><\/footer><\/article><\/div><\/div><div class='pagination-wrap pagination-slider'><nav class='pagination'><span class='pagination-meta'>P\u00e0gina 1 de 42<\/span><span class='current'>1<\/span><a href='https:\/\/asianfilmfestival.barcelona\/2025\/ca\/wp-json\/wp\/v2\/pages\/7867\/?avia-element-paging=2' class='inactive next_page' >2<\/a><a href='https:\/\/asianfilmfestival.barcelona\/2025\/ca\/wp-json\/wp\/v2\/pages\/7867\/?avia-element-paging=3' class='inactive' >3<\/a><a href='https:\/\/asianfilmfestival.barcelona\/2025\/ca\/wp-json\/wp\/v2\/pages\/7867\/?avia-element-paging=2'>&rsaquo;<\/a><a href='https:\/\/asianfilmfestival.barcelona\/2025\/ca\/wp-json\/wp\/v2\/pages\/7867\/?avia-element-paging=42'>&raquo;<\/a><\/nav>\n<\/div><\/div>\n<div  class='hr av-246d7f-a7b73bf8d621ada6b239f8317820562d hr-default  avia-builder-el-2  el_after_av_blog  el_before_av_textblock '><span class='hr-inner '><span class=\"hr-inner-style\"><\/span><\/span><\/div>\n<section  class='av_textblock_section av-kfi137aj-c23ea1ea498ef14959b371af39c63658 '  ><div class='avia_textblock' ><p style=\"text-align: center;\">Banner: Photo by <em>elCarito<\/em><\/p>\n<\/div><\/section>\n","protected":false},"excerpt":{"rendered":"","protected":false},"author":3,"featured_media":0,"parent":0,"menu_order":0,"comment_status":"closed","ping_status":"closed","template":"","meta":{"_acf_changed":false,"footnotes":""},"class_list":["post-7867","page","type-page","status-publish","hentry"],"acf":[],"_links":{"self":[{"href":"https:\/\/asianfilmfestival.barcelona\/2025\/ca\/wp-json\/wp\/v2\/pages\/7867","targetHints":{"allow":["GET"]}}],"collection":[{"href":"https:\/\/asianfilmfestival.barcelona\/2025\/ca\/wp-json\/wp\/v2\/pages"}],"about":[{"href":"https:\/\/asianfilmfestival.barcelona\/2025\/ca\/wp-json\/wp\/v2\/types\/page"}],"author":[{"embeddable":true,"href":"https:\/\/asianfilmfestival.barcelona\/2025\/ca\/wp-json\/wp\/v2\/users\/3"}],"replies":[{"embeddable":true,"href":"https:\/\/asianfilmfestival.barcelona\/2025\/ca\/wp-json\/wp\/v2\/comments?post=7867"}],"version-history":[{"count":2,"href":"https:\/\/asianfilmfestival.barcelona\/2025\/ca\/wp-json\/wp\/v2\/pages\/7867\/revisions"}],"predecessor-version":[{"id":57750,"href":"https:\/\/asianfilmfestival.barcelona\/2025\/ca\/wp-json\/wp\/v2\/pages\/7867\/revisions\/57750"}],"wp:attachment":[{"href":"https:\/\/asianfilmfestival.barcelona\/2025\/ca\/wp-json\/wp\/v2\/media?parent=7867"}],"curies":[{"name":"wp","href":"https:\/\/api.w.org\/{rel}","templated":true}]}}