{"id":57744,"date":"2025-10-07T15:34:40","date_gmt":"2025-10-07T13:34:40","guid":{"rendered":"https:\/\/asianfilmfestival.barcelona\/2025\/?page_id=57744"},"modified":"2025-10-07T15:40:48","modified_gmt":"2025-10-07T13:40:48","slug":"premsa-2025","status":"publish","type":"page","link":"https:\/\/asianfilmfestival.barcelona\/2025\/ca\/premsa-2025\/","title":{"rendered":"Premsa 2025"},"content":{"rendered":"<div id='full_slider_1'  class='avia-fullwidth-slider main_color avia-shadow   avia-builder-el-0  el_before_av_two_third  avia-builder-el-first   container_wrap fullsize'  >\n<style type=\"text\/css\" data-created_by=\"avia_inline_auto\" id=\"style-css-av-mggl4rky-8a337edd70fd82aafdac4d5794fb9612\">\n#top #wrap_all .avia-slideshow .av-slideshow-caption.av-mggl4rky-8a337edd70fd82aafdac4d5794fb9612__0 .avia-caption-title{\nfont-size:90px;\n}\n#top .avia-slideshow .av-slideshow-caption.av-mggl4rky-8a337edd70fd82aafdac4d5794fb9612__0 .avia-caption-content{\nfont-size:90px;\n}\n#top .avia-slideshow .av-slideshow-caption.av-mggl4rky-8a337edd70fd82aafdac4d5794fb9612__0 .avia-caption-content p{\nfont-size:90px;\n}\n<\/style>\n<div  class='avia-slideshow av-mggl4rky-8a337edd70fd82aafdac4d5794fb9612 avia-slideshow-featured av_slideshow_full avia-slide-slider av-slideshow-ui av-control-default av-slideshow-manual av-loop-once av-loop-manual-endless av-default-height-applied   avia-slideshow-1' data-slideshow-options=\"{&quot;animation&quot;:&quot;slide&quot;,&quot;autoplay&quot;:false,&quot;loop_autoplay&quot;:&quot;once&quot;,&quot;interval&quot;:5,&quot;loop_manual&quot;:&quot;manual-endless&quot;,&quot;autoplay_stopper&quot;:false,&quot;noNavigation&quot;:false,&quot;bg_slider&quot;:false,&quot;keep_padding&quot;:false,&quot;hoverpause&quot;:false,&quot;show_slide_delay&quot;:0}\" ><ul class='avia-slideshow-inner ' style='padding-bottom: 23.333333333333%;'><li  class='avia-slideshow-slide av-mggl4rky-8a337edd70fd82aafdac4d5794fb9612__0  av-single-slide slide-1 slide-odd'><div data-rel='slideshow-1' class='avia-slide-wrap '   ><div class='av-slideshow-caption av-mggl4rky-8a337edd70fd82aafdac4d5794fb9612__0 caption_fullwidth caption_bottom'><div class=\"container caption_container\"><div class=\"slideshow_caption\"><div class=\"slideshow_inner_caption\"><div class=\"slideshow_align_caption\"><h2 class='avia-caption-title ' >Premsa<\/h2><\/div><\/div><\/div><\/div><\/div><img decoding=\"async\" fetchpriority=\"high\" class=\"wp-image-27922 avia-img-lazy-loading-not-27922\"  src=\"https:\/\/asianfilmfestival.barcelona\/2025\/wp-content\/uploads\/2020\/09\/Press_BANNER_2020-1500x350.jpg\" width=\"1500\" height=\"350\" title='Press_BANNER_2020' alt=''   \/><\/div><\/li><\/ul><\/div><\/div><div id='after_full_slider_1'  class='main_color av_default_container_wrap container_wrap fullsize'  ><div class='container av-section-cont-open' ><div class='template-page content  av-content-full alpha units'><div class='post-entry post-entry-type-page post-entry-57744'><div class='entry-content-wrapper clearfix'>\n<div  class='flex_column av-12ba0k0-b7e5aaa91a020a3f7590a7f8e102cacc av_two_third  avia-builder-el-1  el_after_av_slideshow_full  el_before_av_one_third  avia-builder-el-first  first flex_column_div  '     ><section  class='av_textblock_section av-mggkv9fj-1c0c9f4b76c04e1debd781ba9da36479 '  ><div class='avia_textblock' ><h1 class=\"elementToProof\">Departament de Comunicaci\u00f3 de Casa Asia<\/h1>\n<h2 class=\"elementToProof\">Acreditacions<\/h2>\n<p>Si esteu interessats en fer la cobertura del festival, podeu sol\u00b7licitar una acreditaci\u00f3 de premsa, enviant un correu a:<br \/>\n<strong>Director de Comunicaci\u00f3<\/strong><br \/>\n<strong>Josep Casaus<\/strong><br \/>\n<a id=\"OWA2e157e7d-b705-60e0-8721-d8c58118f75c\" class=\"OWAAutoLink elementToProof\" href=\"mailto:jcasaus@casaasia.es\">jcasaus@casaasia.es<\/a><br \/>\n<a href=\"mailto:comunicacion@casaasia.es\">comunicacion@casaasia.es<\/a><br \/>\n636 20 53 70 (whatsapp)<\/p>\n<h2 class=\"elementToProof\">Documents<\/h2>\n<p>Nota de premsa i materials gr\u00e0fics del AFFBCN 2025:<br \/>\n<a href=\"https:\/\/www.casaasia.es\/actualidad\/affbcn2025\/\" target=\"_blank\" rel=\"noopener\"><strong>DESCARREGAR<\/strong><\/a><\/p>\n<h2 class=\"elementToProof\">P\u00f3ster 2025<\/h2>\n<p>Pavane for an Infant (2024)<\/p>\n<p><a href=\"https:\/\/asianfilmfestival.barcelona\/2025\/wp-content\/uploads\/2025\/10\/AFFBCN25_POSTER.png\"><img loading=\"lazy\" decoding=\"async\" class=\"alignleft wp-image-57753 size-medium\" src=\"https:\/\/asianfilmfestival.barcelona\/2025\/wp-content\/uploads\/2025\/10\/AFFBCN25_POSTER-214x300.png\" alt=\"\" width=\"214\" height=\"300\" srcset=\"https:\/\/asianfilmfestival.barcelona\/2025\/wp-content\/uploads\/2025\/10\/AFFBCN25_POSTER-214x300.png 214w, https:\/\/asianfilmfestival.barcelona\/2025\/wp-content\/uploads\/2025\/10\/AFFBCN25_POSTER-736x1030.png 736w, https:\/\/asianfilmfestival.barcelona\/2025\/wp-content\/uploads\/2025\/10\/AFFBCN25_POSTER-768x1075.png 768w, https:\/\/asianfilmfestival.barcelona\/2025\/wp-content\/uploads\/2025\/10\/AFFBCN25_POSTER-1097x1536.png 1097w, https:\/\/asianfilmfestival.barcelona\/2025\/wp-content\/uploads\/2025\/10\/AFFBCN25_POSTER-1071x1500.png 1071w, https:\/\/asianfilmfestival.barcelona\/2025\/wp-content\/uploads\/2025\/10\/AFFBCN25_POSTER-504x705.png 504w, https:\/\/asianfilmfestival.barcelona\/2025\/wp-content\/uploads\/2025\/10\/AFFBCN25_POSTER.png 1417w\" sizes=\"auto, (max-width: 214px) 100vw, 214px\" \/><\/a><\/p>\n<\/div><\/section><\/div>\n<style type=\"text\/css\" data-created_by=\"avia_inline_auto\" id=\"style-css-av-1suslbk-5443e1ac6a376f741942f8ab6e54ca8a\">\n.flex_column.av-1suslbk-5443e1ac6a376f741942f8ab6e54ca8a{\nborder-radius:0px 0px 0px 0px;\npadding:0px 0px 0px 0px;\n}\n<\/style>\n<div  class='flex_column av-1suslbk-5443e1ac6a376f741942f8ab6e54ca8a av_one_third  avia-builder-el-3  el_after_av_two_third  avia-builder-el-last  flex_column_div av-zero-column-padding  '     ><p>\n<style type=\"text\/css\" data-created_by=\"avia_inline_auto\" id=\"style-css-av-3og1hs-95c347e3438f0a9ed2aa53895595b03e\">\n#top .hr.hr-invisible.av-3og1hs-95c347e3438f0a9ed2aa53895595b03e{\nheight:10px;\n}\n<\/style>\n<div  class='hr av-3og1hs-95c347e3438f0a9ed2aa53895595b03e hr-invisible  avia-builder-el-4  el_before_av_textblock  avia-builder-el-first  av-desktop-hide av-medium-hide av-small-hide av-mini-hide'><span class='hr-inner '><span class=\"hr-inner-style\"><\/span><\/span><\/div><br \/>\n\n<style type=\"text\/css\" data-created_by=\"avia_inline_auto\" id=\"style-css-av-vfwepc-5ee3b27b4315776c279df733508752da\">\n#top .av_textblock_section.av-vfwepc-5ee3b27b4315776c279df733508752da .avia_textblock{\ncolor:#000000;\n}\n<\/style>\n<section  class='av_textblock_section av-vfwepc-5ee3b27b4315776c279df733508752da '  ><div class='avia_textblock av_inherit_color' ><h2>Subscriu-te!<\/h2>\n<div class=\"mc-field-group\"><div class=\"frm_forms  with_frm_style frm_style_formidable-style\" id=\"frm_form_2_container\" data-token=\"f01cd21ad14bede10202a41f7a0fc3cc\">\n<form enctype=\"multipart\/form-data\" method=\"post\" class=\"frm-show-form  frm_js_validate  frm_ajax_submit  frm_pro_form \" id=\"form_omlyj\" data-token=\"f01cd21ad14bede10202a41f7a0fc3cc\">\n<div class=\"frm_form_fields \">\n<fieldset>\n<legend class=\"frm_screen_reader\">Mailchimp<\/legend>\r\n\r\n<div class=\"frm_fields_container\">\n<input type=\"hidden\" name=\"frm_action\" value=\"create\" \/>\n<input type=\"hidden\" name=\"form_id\" value=\"2\" \/>\n<input type=\"hidden\" name=\"frm_hide_fields_2\" id=\"frm_hide_fields_2\" value=\"\" \/>\n<input type=\"hidden\" name=\"form_key\" value=\"omlyj\" \/>\n<input type=\"hidden\" name=\"item_meta[0]\" value=\"\" \/>\n<input type=\"hidden\" id=\"frm_submit_entry_2\" name=\"frm_submit_entry_2\" value=\"bbca68f66c\" \/><input type=\"hidden\" name=\"_wp_http_referer\" value=\"\/2025\/ca\/wp-json\/wp\/v2\/pages\/57744\" \/><div id=\"frm_field_7_container\" class=\"frm_form_field form-field  frm_required_field frm_top_container frm12 frm_first\">\r\n\t<label for=\"field_mf1km\" id=\"field_mf1km_label\" class=\"frm_primary_label\">Correu electr\u00f2nic\r\n\t\t<span class=\"frm_required\" aria-hidden=\"true\">*<\/span>\r\n\t<\/label>\r\n\t<input type=\"email\" id=\"field_mf1km\" name=\"item_meta[7]\" value=\"\"  autocomplete=\"email\"  data-reqmsg=\"Correu electr\u00f2nic no pot estar en blanc.\" aria-required=\"true\" data-invmsg=\"Correu electr\u00f2nic no \u00e9s v\u00e0lid\" aria-invalid=\"false\"  \/>\r\n\t\r\n\t\r\n<\/div>\n<div id=\"frm_field_9_container\" class=\"frm_form_field form-field  frm_required_field frm_top_container\">\r\n\t<label for=\"field_gs79i\" id=\"field_gs79i_label\" class=\"frm_primary_label\">Nom\r\n\t\t<span class=\"frm_required\" aria-hidden=\"true\">*<\/span>\r\n\t<\/label>\r\n\t<input  type=\"text\" id=\"field_gs79i\" name=\"item_meta[9]\" value=\"\"  data-reqmsg=\"Nom no pot estar en blanc.\" aria-required=\"true\" data-invmsg=\"Nom no \u00e9s v\u00e0lid\" aria-invalid=\"false\"   \/>\r\n\t\r\n\t\r\n<\/div>\n<div id=\"frm_field_8_container\" class=\"frm_form_field form-field  frm_required_field frm_top_container\">\r\n\t<label for=\"field_twan6\" id=\"field_twan6_label\" class=\"frm_primary_label\">Cognoms\r\n\t\t<span class=\"frm_required\" aria-hidden=\"true\">*<\/span>\r\n\t<\/label>\r\n\t<input  type=\"text\" id=\"field_twan6\" name=\"item_meta[8]\" value=\"\"  data-reqmsg=\"Cognoms no pot estar en blanc.\" aria-required=\"true\" data-invmsg=\"Cognoms no \u00e9s v\u00e0lid\" aria-invalid=\"false\"   \/>\r\n\t\r\n\t\r\n<\/div>\n<div id=\"frm_field_11_container\" class=\"frm_form_field form-field  frm_required_field frm_top_container horizontal_radio\">\r\n\t<div  id=\"field_fx74_label\" class=\"frm_primary_label\">Llengua\r\n\t\t<span class=\"frm_required\" aria-hidden=\"true\">*<\/span>\r\n\t<\/div>\r\n\t<div class=\"frm_opt_container\" aria-labelledby=\"field_fx74_label\" role=\"group\">\t\t<div class=\"frm_checkbox\" id=\"frm_checkbox_11-0\">\t\t\t<label  for=\"field_fx74-0\">\n\t\t\t<input type=\"checkbox\" name=\"item_meta[11][]\" id=\"field_fx74-0\" value=\"Catalan\"  data-reqmsg=\"Llengua no pot estar en blanc.\" data-invmsg=\"Llengua is invalid\"   aria-required=\"true\"  \/> Catal\u00e0<\/label><\/div>\n\t\t<div class=\"frm_checkbox\" id=\"frm_checkbox_11-1\">\t\t\t<label  for=\"field_fx74-1\">\n\t\t\t<input type=\"checkbox\" name=\"item_meta[11][]\" id=\"field_fx74-1\" value=\"Spanish\"  data-reqmsg=\"Llengua no pot estar en blanc.\" data-invmsg=\"Llengua is invalid\"   \/> Espanyol<\/label><\/div>\n\t\t<div class=\"frm_checkbox\" id=\"frm_checkbox_11-2\">\t\t\t<label  for=\"field_fx74-2\">\n\t\t\t<input type=\"checkbox\" name=\"item_meta[11][]\" id=\"field_fx74-2\" value=\"English\"  data-reqmsg=\"Llengua no pot estar en blanc.\" data-invmsg=\"Llengua is invalid\"   \/> Ingl\u00e8s<\/label><\/div>\n<\/div>\r\n\t\r\n\t\r\n<\/div>\n<div id=\"frm_field_12_container\" class=\"frm_form_field form-field  frm_required_field frm_top_container horizontal_radio\">\r\n\t<div  id=\"field_tah4r_label\" class=\"frm_primary_label\">Lloc\r\n\t\t<span class=\"frm_required\" aria-hidden=\"true\">*<\/span>\r\n\t<\/div>\r\n\t<div class=\"frm_opt_container\" aria-labelledby=\"field_tah4r_label\" role=\"group\">\t\t<div class=\"frm_checkbox\" id=\"frm_checkbox_12-0\">\t\t\t<label  for=\"field_tah4r-0\">\n\t\t\t<input type=\"checkbox\" name=\"item_meta[12][]\" id=\"field_tah4r-0\" value=\"Barcelona\"  data-reqmsg=\"Lloc no pot estar en blanc.\" data-invmsg=\"Lloc is invalid\"   aria-required=\"true\"  \/> Barcelona<\/label><\/div>\n\t\t<div class=\"frm_checkbox\" id=\"frm_checkbox_12-1\">\t\t\t<label  for=\"field_tah4r-1\">\n\t\t\t<input type=\"checkbox\" name=\"item_meta[12][]\" id=\"field_tah4r-1\" value=\"Madrid\"  data-reqmsg=\"Lloc no pot estar en blanc.\" data-invmsg=\"Lloc is invalid\"   \/> Madrid<\/label><\/div>\n\t\t<div class=\"frm_checkbox\" id=\"frm_checkbox_12-2\">\t\t\t<label  for=\"field_tah4r-2\">\n\t\t\t<input type=\"checkbox\" name=\"item_meta[12][]\" id=\"field_tah4r-2\" value=\"Distance learning (online)\"  data-reqmsg=\"Lloc no pot estar en blanc.\" data-invmsg=\"Lloc is invalid\"   \/> Formaci\u00f3 a dist\u00e0ncia (en l\u00ednia)<\/label><\/div>\n<\/div>\r\n\t\r\n\t\r\n<\/div>\n<input type=\"hidden\" name=\"item_meta[13]\" id=\"field_qoux4\" value=\"Cinema\"  data-frmval=\"Cinema\"   \/>\n<input type=\"hidden\" name=\"item_meta[14]\" id=\"field_qa4eq\" value=\"ca\"  data-frmval=\"ca\"   \/>\n<div id=\"frm_field_6_container\" class=\"frm_form_field form-field \">\r\n\t<div class=\"frm_submit frm_flex\">\r\n<button class=\"frm_button_submit frm_final_submit\" type=\"submit\"   formnovalidate=\"formnovalidate\">Subscriu-te<\/button>\r\n\r\n\r\n\r\n<\/div>\r\n<\/div>\n\t<input type=\"hidden\" name=\"item_key\" value=\"\" \/>\n\t\t\t<div id=\"frm_field_15_container\">\n\t\t\t<label for=\"field_i01a7\" >\n\t\t\t\tIf you are human, leave this field blank.\t\t\t<\/label>\n\t\t\t<input  id=\"field_i01a7\" type=\"text\" class=\"frm_form_field form-field frm_verify\" name=\"item_meta[15]\" value=\"\"  \/>\n\t\t<\/div>\n\t\t<input name=\"frm_state\" type=\"hidden\" value=\"iV4ADMVwrIWc3er26OzVC4mYEEoLfrEooVhQuKK7AUoiybJG37DojR+squ2NxxYP\" \/><\/div>\n<\/fieldset>\n<\/div>\n\n<\/form>\n<\/div>\n<\/div>\n<\/div><\/section><\/p><\/div><\/p>\n","protected":false},"excerpt":{"rendered":"","protected":false},"author":6,"featured_media":0,"parent":0,"menu_order":0,"comment_status":"closed","ping_status":"closed","template":"","meta":{"_acf_changed":false,"footnotes":""},"class_list":["post-57744","page","type-page","status-publish","hentry"],"acf":[],"_links":{"self":[{"href":"https:\/\/asianfilmfestival.barcelona\/2025\/ca\/wp-json\/wp\/v2\/pages\/57744","targetHints":{"allow":["GET"]}}],"collection":[{"href":"https:\/\/asianfilmfestival.barcelona\/2025\/ca\/wp-json\/wp\/v2\/pages"}],"about":[{"href":"https:\/\/asianfilmfestival.barcelona\/2025\/ca\/wp-json\/wp\/v2\/types\/page"}],"author":[{"embeddable":true,"href":"https:\/\/asianfilmfestival.barcelona\/2025\/ca\/wp-json\/wp\/v2\/users\/6"}],"replies":[{"embeddable":true,"href":"https:\/\/asianfilmfestival.barcelona\/2025\/ca\/wp-json\/wp\/v2\/comments?post=57744"}],"version-history":[{"count":14,"href":"https:\/\/asianfilmfestival.barcelona\/2025\/ca\/wp-json\/wp\/v2\/pages\/57744\/revisions"}],"predecessor-version":[{"id":57785,"href":"https:\/\/asianfilmfestival.barcelona\/2025\/ca\/wp-json\/wp\/v2\/pages\/57744\/revisions\/57785"}],"wp:attachment":[{"href":"https:\/\/asianfilmfestival.barcelona\/2025\/ca\/wp-json\/wp\/v2\/media?parent=57744"}],"curies":[{"name":"wp","href":"https:\/\/api.w.org\/{rel}","templated":true}]}}