{"id":50862,"date":"2024-10-04T16:03:52","date_gmt":"2024-10-04T14:03:52","guid":{"rendered":"https:\/\/asianfilmfestival.barcelona\/2024\/young-jury-affbcn-2024\/"},"modified":"2024-10-09T13:39:29","modified_gmt":"2024-10-09T11:39:29","slug":"jurado-joven-2024","status":"publish","type":"page","link":"https:\/\/asianfilmfestival.barcelona\/2024\/es\/jurado-joven-2024\/","title":{"rendered":"Jurado Joven 2024"},"content":{"rendered":"<div id='full_slider_1'  class='avia-fullwidth-slider main_color avia-shadow   avia-builder-el-0  el_before_av_two_third  avia-builder-el-first   container_wrap fullsize'  >\n<style type=\"text\/css\" data-created_by=\"avia_inline_auto\" id=\"style-css-av-kv2b79em-637430c44ad05f74dc80c70afc6864e4\">\n#top #wrap_all .avia-slideshow .av-slideshow-caption.av-kv2b79em-637430c44ad05f74dc80c70afc6864e4__0 .avia-caption-title{\nfont-size:90px;\n}\n#top .avia-slideshow .av-slideshow-caption.av-kv2b79em-637430c44ad05f74dc80c70afc6864e4__0 .avia-caption-content{\nfont-size:90px;\n}\n#top .avia-slideshow .av-slideshow-caption.av-kv2b79em-637430c44ad05f74dc80c70afc6864e4__0 .avia-caption-content p{\nfont-size:90px;\n}\n<\/style>\n<div  class='avia-slideshow av-kv2b79em-637430c44ad05f74dc80c70afc6864e4 avia-slideshow-featured av_slideshow_full avia-fade-slider av-slideshow-ui av-control-default av-slideshow-manual av-loop-once av-loop-manual-endless av-default-height-applied   avia-slideshow-1' data-slideshow-options=\"{&quot;animation&quot;:&quot;fade&quot;,&quot;autoplay&quot;:false,&quot;loop_autoplay&quot;:&quot;once&quot;,&quot;interval&quot;:5,&quot;loop_manual&quot;:&quot;manual-endless&quot;,&quot;autoplay_stopper&quot;:false,&quot;noNavigation&quot;:false,&quot;bg_slider&quot;:false,&quot;keep_padding&quot;:false,&quot;hoverpause&quot;:false,&quot;show_slide_delay&quot;:0}\"  itemprop=\"image\" itemscope=\"itemscope\" itemtype=\"https:\/\/schema.org\/ImageObject\" ><ul class='avia-slideshow-inner ' style='padding-bottom: 28.666666666667%;'><\/ul><\/div><\/div><div id='after_full_slider_1'  class='main_color av_default_container_wrap container_wrap fullsize'  ><div class='container av-section-cont-open' ><div class='template-page content  av-content-full alpha units'><div class='post-entry post-entry-type-page post-entry-50862'><div class='entry-content-wrapper clearfix'>\n<div  class='flex_column av-1ifen1j-8b944feef305ef4b72a76f27f2a2454a av_two_third  avia-builder-el-1  el_after_av_slideshow_full  el_before_av_one_third  avia-builder-el-first  first flex_column_div  '     ><section  class='av_textblock_section av-kv2b8p6i-65b24e88482f351e88795a9394fc96a3 '   itemscope=\"itemscope\" itemtype=\"https:\/\/schema.org\/CreativeWork\" ><div class='avia_textblock'  itemprop=\"text\" ><h1><b><span data-contrast=\"auto\">CONVOCATORIA JURADO JOVEN AFFBCN 2024 <\/span><\/b><\/h1>\n<h2><span data-ccp-props=\"{\">\u00a0<\/span><\/h2>\n<p><span data-contrast=\"auto\">El Asian Film Festival Barcelona (AFFBCN) es una cita anual que re\u00fane m\u00e1s de un centenar de pel\u00edculas procedentes del continente asi\u00e1tico. Su programaci\u00f3n cuenta con todos aquellos pa\u00edses que desde Asia Central hasta Asia Pac\u00edfico tienen una industria cinematogr\u00e1fica y una producci\u00f3n significativa que contribuye a la denominaci\u00f3n de un cine que llamamos asi\u00e1tico por pertenecer a una parte del mundo cuya heterogeneidad prevalece y cuya identidad cultural se rebela contra toda colonialidad sea cual sea el lugar desde el que se ejerce. El cine asi\u00e1tico hace referencia a una geograf\u00eda expandida que para este festival re\u00fane la producci\u00f3n de m\u00e1s de veinte pa\u00edses. Se trata de Afganist\u00e1n, Australia, Bangladesh, Camboya, China, Corea, Hong Kong, India, Indonesia, Ir\u00e1n, Jap\u00f3n, Kazakhstan, Kirgysztan, Malasia, Mongolia, Nepal, Nueva Zelanda, Pakist\u00e1n, Filipinas, Singapur, Tailandia, Uzbekistan y Vietnam, pa\u00edses cuya historia y cultura en algunos casos fue negada por los grandes imperios coloniales, pero que en la actualidad su producci\u00f3n cinematogr\u00e1fica compite con el cine internacional, ganando cuotas de pantalla e incluso en muchos casos derribando su antigua hegemon\u00eda. <\/span><\/p>\n<p><span data-contrast=\"auto\">\u00a0<\/span><span data-ccp-props=\"{\">\u00a0<\/span><\/p>\n<p>Como en anteriores ediciones, el AFFBCN sigue haciendo una apuesta por el cine asi\u00e1tico m\u00e1s representativo, con la intenci\u00f3n de consolidar un festival que quiere ser el exponente de una manera de hacer cine y de una diversidad que nos afecta directamente en un escenario global que migraciones y di\u00e1sporas desaf\u00edan sin cesar exigiendo el reconocimiento de la otredad o del otro, al que estamos unidos en una relaci\u00f3n de dependencia mutua y cuestiona sin cesar nuestra hegemon\u00eda. .<span data-ccp-props=\"{\">\u00a0<\/span><\/p>\n<\/div><\/section><br \/>\n\n<style type=\"text\/css\" data-created_by=\"avia_inline_auto\" id=\"style-css-av-lo70652t-ae6ad9c454847ae2a3d11c182197ff12\">\n#top .togglecontainer.av-lo70652t-ae6ad9c454847ae2a3d11c182197ff12 p.toggler.activeTitle{\ncolor:#e23636;\nborder-color:#e23636;\n}\n<\/style>\n<div  class='togglecontainer av-lo70652t-ae6ad9c454847ae2a3d11c182197ff12 av-elegant-toggle  avia-builder-el-3  el_after_av_textblock  avia-builder-el-last  toggle_close_all hasCurrentStyle' >\n<section class='av_toggle_section av-lo705uy8-8daafc30ee5fcb8c2cc1ccb7095b6ac4'  itemscope=\"itemscope\" itemtype=\"https:\/\/schema.org\/CreativeWork\" ><div role=\"tablist\" class=\"single_toggle\" data-tags=\"{Todo} \"  ><p id='toggle-toggle-id-1' data-fake-id='#toggle-id-1' class='toggler  av-title-above '  itemprop=\"headline\"  role='tab' tabindex='0' aria-controls='toggle-id-1' data-slide-speed=\"200\" data-title=\"REQUISITOS PARA FORMAR PARTE DEL JURADO JOVEN\" data-title-open=\"\">REQUISITOS PARA FORMAR PARTE DEL JURADO JOVEN<span class=\"toggle_icon\"><span class=\"vert_icon\"><\/span><span class=\"hor_icon\"><\/span><\/span><\/p><div id='toggle-id-1' aria-labelledby='toggle-toggle-id-1' role='region' class='toggle_wrap  av-title-above'  ><div class='toggle_content invers-color '  itemprop=\"text\" ><ul>\n<li data-leveltext=\"\uf0b7\" data-font=\"Symbol\" data-listid=\"39\" data-list-defn-props=\"{\" aria-setsize=\"-1\" data-aria-posinset=\"1\" data-aria-level=\"1\"><span data-contrast=\"auto\">Tener entre 18 y 30 a\u00f1os.<\/span><span data-ccp-props=\"{\">\u00a0<\/span><\/li>\n<\/ul>\n<ul>\n<li data-leveltext=\"\uf0b7\" data-font=\"Symbol\" data-listid=\"39\" data-list-defn-props=\"{\" aria-setsize=\"-1\" data-aria-posinset=\"2\" data-aria-level=\"1\"><span data-contrast=\"auto\">Tener disponibilidad para asistir a los visionados correspondientes de la secci\u00f3n <\/span><span data-contrast=\"auto\">Nuevas Miradas <\/span><span data-contrast=\"auto\">entre los d\u00edas 29\u00a0de octubre y 3 de noviembre de 2024. <\/span><span data-ccp-props=\"{\">\u00a0<\/span><\/li>\n<\/ul>\n<ul>\n<li data-leveltext=\"\uf0b7\" data-font=\"Symbol\" data-listid=\"39\" data-list-defn-props=\"{\" aria-setsize=\"-1\" data-aria-posinset=\"3\" data-aria-level=\"1\"><span data-contrast=\"auto\">Contestar el formulario de inscripci\u00f3n.<\/span><span data-ccp-props=\"{\">\u00a0<\/span><\/li>\n<\/ul>\n<ul>\n<li data-leveltext=\"\uf0b7\" data-font=\"Symbol\" data-listid=\"39\" data-list-defn-props=\"{\" aria-setsize=\"-1\" data-aria-posinset=\"4\" data-aria-level=\"1\"><span data-contrast=\"auto\">Adjuntar una carta de presentaci\u00f3n y motivaci\u00f3n.\u00a0<\/span><span data-ccp-props=\"{\">\u00a0<\/span><\/li>\n<\/ul>\n<ul>\n<li data-leveltext=\"\uf0b7\" data-font=\"Symbol\" data-listid=\"39\" data-list-defn-props=\"{\" aria-setsize=\"-1\" data-aria-posinset=\"5\" data-aria-level=\"1\"><span data-contrast=\"auto\">Aceptar las normas de participaci\u00f3n.<\/span><span data-ccp-props=\"{\">\u00a0<\/span><\/li>\n<\/ul>\n<p><span data-ccp-props=\"{\">\u00a0<\/span><\/p>\n<p><span data-contrast=\"auto\">La participaci\u00f3n en el Jurado Joven del Asian Film Festival Barcelona 2024 es voluntaria y conlleva el compromiso de asistir a las proyecciones de las pel\u00edculas de la secci\u00f3n mencionada. Los miembros votar\u00e1n tras cada visionado y, en la clausura del festival, los representantes del jurado realizar\u00e1n la entrega de los premios a mejor guion, mejor director y mejor pel\u00edcula de la secci\u00f3n.<\/span><span data-ccp-props=\"{\">\u00a0<\/span><\/p>\n<\/div><\/div><\/div><\/section>\n<section class='av_toggle_section av-lo705uy8-4-da42a08a8a9ba825f1226ad0ce645bc1'  itemscope=\"itemscope\" itemtype=\"https:\/\/schema.org\/CreativeWork\" ><div role=\"tablist\" class=\"single_toggle\" data-tags=\"{Todo} \"  ><p id='toggle-toggle-id-2' data-fake-id='#toggle-id-2' class='toggler  av-title-above '  itemprop=\"headline\"  role='tab' tabindex='0' aria-controls='toggle-id-2' data-slide-speed=\"200\" data-title=\"PROCESO DE INSCRIPCI\u00d3N\" data-title-open=\"\">PROCESO DE INSCRIPCI\u00d3N<span class=\"toggle_icon\"><span class=\"vert_icon\"><\/span><span class=\"hor_icon\"><\/span><\/span><\/p><div id='toggle-id-2' aria-labelledby='toggle-toggle-id-2' role='region' class='toggle_wrap  av-title-above'  ><div class='toggle_content invers-color '  itemprop=\"text\" ><p><span data-contrast=\"auto\">La inscripci\u00f3n en el Jurado Joven ser\u00e1 online a trav\u00e9s de un <a href=\"https:\/\/forms.office.com\/e\/LipVGrTAXx\"><strong>FORMULARIO DE INSCRIPCI\u00d3N<\/strong><\/a><\/span><span data-contrast=\"auto\">, disponible del 30 de septiembre de 2024 al 18 de octubre de 2024. Los seleccionados ser\u00e1n notificados por correo electr\u00f3nico.<\/span><span data-ccp-props=\"{\">\u00a0<\/span><\/p>\n<\/div><\/div><\/div><\/section>\n<section class='av_toggle_section av-lo705uy8-1-edec7e84c1dfbb7881d33e05c6672159'  itemscope=\"itemscope\" itemtype=\"https:\/\/schema.org\/CreativeWork\" ><div role=\"tablist\" class=\"single_toggle\" data-tags=\"{Todo} \"  ><p id='toggle-toggle-id-3' data-fake-id='#toggle-id-3' class='toggler  av-title-above '  itemprop=\"headline\"  role='tab' tabindex='0' aria-controls='toggle-id-3' data-slide-speed=\"200\" data-title=\"NORMAS DE PARICIPACI\u00d3N E INFORMACI\u00d3N ADICIONAL\" data-title-open=\"\">NORMAS DE PARICIPACI\u00d3N E INFORMACI\u00d3N ADICIONAL<span class=\"toggle_icon\"><span class=\"vert_icon\"><\/span><span class=\"hor_icon\"><\/span><\/span><\/p><div id='toggle-id-3' aria-labelledby='toggle-toggle-id-3' role='region' class='toggle_wrap  av-title-above'  ><div class='toggle_content invers-color '  itemprop=\"text\" ><ul>\n<li data-leveltext=\"\uf0b7\" data-font=\"Symbol\" data-listid=\"7\" data-list-defn-props=\"{\" aria-setsize=\"-1\" data-aria-posinset=\"1\" data-aria-level=\"1\"><span data-contrast=\"auto\">La sede principal del festival y todas las proyecciones de la secci\u00f3n <\/span><span data-contrast=\"auto\">Nuevas Miradas <\/span><span data-contrast=\"auto\">tendr\u00e1n lugar en Cinemes Girona (C\/ de Girona, 175, L&#8217;Eixample, 08037 Barcelona).<\/span><span data-ccp-props=\"{\">\u00a0<\/span><\/li>\n<\/ul>\n<ul>\n<li data-leveltext=\"\uf0b7\" data-font=\"Symbol\" data-listid=\"7\" data-list-defn-props=\"{\" aria-setsize=\"-1\" data-aria-posinset=\"2\" data-aria-level=\"1\"><span data-contrast=\"auto\">La acreditaci\u00f3n es personal e intransferible.\u00a0<\/span><span data-ccp-props=\"{\">\u00a0<\/span><\/li>\n<\/ul>\n<ul>\n<li data-leveltext=\"\uf0b7\" data-font=\"Symbol\" data-listid=\"7\" data-list-defn-props=\"{\" aria-setsize=\"-1\" data-aria-posinset=\"3\" data-aria-level=\"1\"><span data-contrast=\"auto\">La asistencia a todas las proyecciones de la secci\u00f3n <\/span><span data-contrast=\"auto\">Nuevas Miradas <\/span><span data-contrast=\"auto\">es obligatoria.<\/span><span data-ccp-props=\"{\">\u00a0<\/span><\/li>\n<\/ul>\n<ul>\n<li data-leveltext=\"\uf0b7\" data-font=\"Symbol\" data-listid=\"7\" data-list-defn-props=\"{\" aria-setsize=\"-1\" data-aria-posinset=\"4\" data-aria-level=\"1\"><span data-contrast=\"auto\">La acreditaci\u00f3n de Jurado Joven permitir\u00e1 el acceso al resto de sesiones del Festival, siempre y cuando no coincidan con las proyecciones obligatorias programadas para el Jurado Joven y la disponibilidad en la sala. Tambi\u00e9n se podr\u00e1 asistir a las sesiones previas al inicio de la secci\u00f3n Nuevas Miradas. <\/span><span data-ccp-props=\"{\">\u00a0<\/span><\/li>\n<\/ul>\n<ul>\n<li data-leveltext=\"\uf0b7\" data-font=\"Symbol\" data-listid=\"7\" data-list-defn-props=\"{\" aria-setsize=\"-1\" data-aria-posinset=\"5\" data-aria-level=\"1\"><span data-contrast=\"auto\">A la salida de la proyecci\u00f3n, las pel\u00edculas se votar\u00e1n del 0 al 10, siendo 0 la puntuaci\u00f3n m\u00ednima y 10 la m\u00e1xima. La votaci\u00f3n tambi\u00e9n es de car\u00e1cter obligatorio.<\/span><span data-ccp-props=\"{\">\u00a0<\/span><\/li>\n<\/ul>\n<ul>\n<li data-leveltext=\"\uf0b7\" data-font=\"Symbol\" data-listid=\"7\" data-list-defn-props=\"{\" aria-setsize=\"-1\" data-aria-posinset=\"6\" data-aria-level=\"1\"><span data-contrast=\"auto\">El Festival no cubre alojamiento, transporte ni manutenci\u00f3n de los miembros del Jurado Joven. (Se recomienda a los participantes no residentes el alojamiento en Generator Barcelona (C\/ C\u00f3rcega 373, Barcelona) por su cercan\u00eda a la sede del festival y los precios asequibles).<\/span><span data-ccp-props=\"{\">\u00a0<\/span><\/li>\n<\/ul>\n<ul>\n<li data-leveltext=\"\uf0b7\" data-font=\"Symbol\" data-listid=\"7\" data-list-defn-props=\"{\" aria-setsize=\"-1\" data-aria-posinset=\"7\" data-aria-level=\"1\"><span data-contrast=\"auto\">Los miembros tendr\u00e1n que asistir a una reuni\u00f3n informativa previa al inicio del festival para recoger su acreditaci\u00f3n. La fecha se comunicar\u00e1 por correo a los miembros seleccionados.<\/span><span data-ccp-props=\"{\">\u00a0<\/span><\/li>\n<\/ul>\n<ul>\n<li data-leveltext=\"\uf0b7\" data-font=\"Symbol\" data-listid=\"7\" data-list-defn-props=\"{\" aria-setsize=\"-1\" data-aria-posinset=\"8\" data-aria-level=\"1\"><span data-contrast=\"auto\">Tras la clausura del Festival, los integrantes del Jurado Joven recibir\u00e1n un certificado de participaci\u00f3n.<\/span><span data-ccp-props=\"{\">\u00a0<\/span><\/li>\n<\/ul>\n<\/div><\/div><\/div><\/section>\n<\/div><\/p><\/div><div  class='flex_column av-11wt16v-9a85dcf64e0e8f06644456b5dfe24b70 av_one_third  avia-builder-el-4  el_after_av_two_third  avia-builder-el-last  flex_column_div  '     ><section  class='av_textblock_section av-m1um94zi-000a333125f32f0b7ba07276c9ac64bd '   itemscope=\"itemscope\" itemtype=\"https:\/\/schema.org\/CreativeWork\" ><div class='avia_textblock'  itemprop=\"text\" ><h2>Si est\u00e1s interesado en formar parte del Jurado Joven, puedes acceder ahora al formulario:<\/h2>\n<\/div><\/section><br \/>\n\n<style type=\"text\/css\" data-created_by=\"avia_inline_auto\" id=\"style-css-av-m1umkehk-b98d42e47e7ccc091ab2a49621293842\">\n#top .hr.hr-invisible.av-m1umkehk-b98d42e47e7ccc091ab2a49621293842{\nheight:25px;\n}\n<\/style>\n<div  class='hr av-m1umkehk-b98d42e47e7ccc091ab2a49621293842 hr-invisible  avia-builder-el-6  el_after_av_textblock  el_before_av_button_big  avia-builder-el-last '><span class='hr-inner '><span class=\"hr-inner-style\"><\/span><\/span><\/div><br \/>\n<div  class='avia-button-wrap avia-button-center  avia-builder-el-7  el_after_av_hr  el_before_av_hr '>\n<style type=\"text\/css\" data-created_by=\"avia_inline_auto\" id=\"style-css-av-m1umecew-ba625364ad83d284e924a779fe8936ca\">\n#top #wrap_all .avia-button.av-m1umecew-ba625364ad83d284e924a779fe8936ca:hover{\ncolor:white;\ntransition:all 0.4s ease-in-out;\n}\n<\/style>\n<a href='https:\/\/forms.office.com\/e\/LipVGrTAXx' class='avia-color-theme-color avia-font-color-theme-color avia-button avia-button-fullwidth av-m1umecew-ba625364ad83d284e924a779fe8936ca avia-icon_select-no avia-color-theme-color'   aria-label=\"FORMULARIO DE REGISTRO ONLINE\"><span class='avia_iconbox_title' >FORMULARIO DE REGISTRO ONLINE<\/span><span class='avia_button_background avia-button avia-button-fullwidth avia-color-theme-color-highlight'><\/span><\/a><\/div><br \/>\n\n<style type=\"text\/css\" data-created_by=\"avia_inline_auto\" id=\"style-css-av-m1uml51c-559e4b0c733ac68e0185196126fb9e6c\">\n#top .hr.hr-invisible.av-m1uml51c-559e4b0c733ac68e0185196126fb9e6c{\nheight:10px;\n}\n<\/style>\n<div  class='hr av-m1uml51c-559e4b0c733ac68e0185196126fb9e6c hr-invisible  avia-builder-el-8  el_after_av_button_big  el_before_av_hr  avia-builder-el-first '><span class='hr-inner '><span class=\"hr-inner-style\"><\/span><\/span><\/div><br \/>\n<div  class='hr av-mttphj-f0aba13b9a673b036762dff39d36d5df hr-default  avia-builder-el-9  el_after_av_hr  el_before_av_textblock '><span class='hr-inner '><span class=\"hr-inner-style\"><\/span><\/span><\/div><br \/>\n<section  class='av_textblock_section av-m1un3tda-f8f97a0005e1982c71ba634b2f18a6f8 '   itemscope=\"itemscope\" itemtype=\"https:\/\/schema.org\/CreativeWork\" ><div class='avia_textblock'  itemprop=\"text\" ><p><span data-contrast=\"auto\">Para m\u00e1s informaci\u00f3n o detalles adicionales, se puede contactar con la persona encargada del Jurado Joven,\u00a0Martina Garcia Casillas, a trav\u00e9s del correo electr\u00f3nico <\/span><a href=\"mailto:asianfilmfestivalbarcelona@casaasia.es\"><span data-contrast=\"none\">asianfilmfestivalbarcelona@casaasia.es<\/span><\/a><span data-ccp-props=\"{\">\u00a0<\/span><\/p>\n<\/div><\/section><\/p><\/div><\/p>\n","protected":false},"excerpt":{"rendered":"","protected":false},"author":3,"featured_media":0,"parent":0,"menu_order":0,"comment_status":"closed","ping_status":"closed","template":"","meta":{"_acf_changed":false,"footnotes":""},"class_list":["post-50862","page","type-page","status-publish","hentry"],"acf":[],"_links":{"self":[{"href":"https:\/\/asianfilmfestival.barcelona\/2024\/es\/wp-json\/wp\/v2\/pages\/50862","targetHints":{"allow":["GET"]}}],"collection":[{"href":"https:\/\/asianfilmfestival.barcelona\/2024\/es\/wp-json\/wp\/v2\/pages"}],"about":[{"href":"https:\/\/asianfilmfestival.barcelona\/2024\/es\/wp-json\/wp\/v2\/types\/page"}],"author":[{"embeddable":true,"href":"https:\/\/asianfilmfestival.barcelona\/2024\/es\/wp-json\/wp\/v2\/users\/3"}],"replies":[{"embeddable":true,"href":"https:\/\/asianfilmfestival.barcelona\/2024\/es\/wp-json\/wp\/v2\/comments?post=50862"}],"version-history":[{"count":6,"href":"https:\/\/asianfilmfestival.barcelona\/2024\/es\/wp-json\/wp\/v2\/pages\/50862\/revisions"}],"predecessor-version":[{"id":51883,"href":"https:\/\/asianfilmfestival.barcelona\/2024\/es\/wp-json\/wp\/v2\/pages\/50862\/revisions\/51883"}],"wp:attachment":[{"href":"https:\/\/asianfilmfestival.barcelona\/2024\/es\/wp-json\/wp\/v2\/media?parent=50862"}],"curies":[{"name":"wp","href":"https:\/\/api.w.org\/{rel}","templated":true}]}}