{"id":50861,"date":"2024-10-04T16:03:52","date_gmt":"2024-10-04T14:03:52","guid":{"rendered":"https:\/\/asianfilmfestival.barcelona\/2024\/young-jury-affbcn-2024\/"},"modified":"2024-10-09T13:38:27","modified_gmt":"2024-10-09T11:38:27","slug":"young-jury-affbcn-2024","status":"publish","type":"page","link":"https:\/\/asianfilmfestival.barcelona\/2024\/ca\/young-jury-affbcn-2024\/","title":{"rendered":"Young Jury AFFBCN 2024"},"content":{"rendered":"<div id='full_slider_1'  class='avia-fullwidth-slider main_color avia-shadow   avia-builder-el-0  el_before_av_two_third  avia-builder-el-first   container_wrap fullsize'  >\n<style type=\"text\/css\" data-created_by=\"avia_inline_auto\" id=\"style-css-av-kv2b79em-637430c44ad05f74dc80c70afc6864e4\">\n#top #wrap_all .avia-slideshow .av-slideshow-caption.av-kv2b79em-637430c44ad05f74dc80c70afc6864e4__0 .avia-caption-title{\nfont-size:90px;\n}\n#top .avia-slideshow .av-slideshow-caption.av-kv2b79em-637430c44ad05f74dc80c70afc6864e4__0 .avia-caption-content{\nfont-size:90px;\n}\n#top .avia-slideshow .av-slideshow-caption.av-kv2b79em-637430c44ad05f74dc80c70afc6864e4__0 .avia-caption-content p{\nfont-size:90px;\n}\n<\/style>\n<div  class='avia-slideshow av-kv2b79em-637430c44ad05f74dc80c70afc6864e4 avia-slideshow-featured av_slideshow_full avia-fade-slider av-slideshow-ui av-control-default av-slideshow-manual av-loop-once av-loop-manual-endless av-default-height-applied   avia-slideshow-1' data-slideshow-options=\"{&quot;animation&quot;:&quot;fade&quot;,&quot;autoplay&quot;:false,&quot;loop_autoplay&quot;:&quot;once&quot;,&quot;interval&quot;:5,&quot;loop_manual&quot;:&quot;manual-endless&quot;,&quot;autoplay_stopper&quot;:false,&quot;noNavigation&quot;:false,&quot;bg_slider&quot;:false,&quot;keep_padding&quot;:false,&quot;hoverpause&quot;:false,&quot;show_slide_delay&quot;:0}\" ><ul class='avia-slideshow-inner ' style='padding-bottom: 28.666666666667%;'><\/ul><\/div><\/div><div id='after_full_slider_1'  class='main_color av_default_container_wrap container_wrap fullsize'  ><div class='container av-section-cont-open' ><div class='template-page content  av-content-full alpha units'><div class='post-entry post-entry-type-page post-entry-50861'><div class='entry-content-wrapper clearfix'>\n<div  class='flex_column av-1ifen1j-8b944feef305ef4b72a76f27f2a2454a av_two_third  avia-builder-el-1  el_after_av_slideshow_full  el_before_av_one_third  avia-builder-el-first  first flex_column_div  '     ><section  class='av_textblock_section av-kv2b8p6i-65b24e88482f351e88795a9394fc96a3 '  ><div class='avia_textblock' ><h1><b><\/b><span class=\"TextRun SCXW236830651 BCX2\" lang=\"ES-ES\" xml:lang=\"ES-ES\" data-contrast=\"auto\"><span class=\"NormalTextRun SCXW236830651 BCX2\">CONVOCAT\u00d2RIA JURAT JOVE AFFBCN 2024<\/span><\/span><\/h1>\n<h2><span data-ccp-props=\"{\">\u00a0<\/span><\/h2>\n<p><span data-contrast=\"auto\">L&#8217;Asian Film Festival Barcelona (AFFBCN) \u00e9s una cita anual que reuneix m\u00e9s d\u2019un centenar de pel\u00b7l\u00edcules procedents del continent asi\u00e0tic. La seva programaci\u00f3 inclou tots aquells pa\u00efsos que des de l\u2019\u00c0sia Central fins a l\u2019\u00c0sia Pac\u00edfic tenen una ind\u00fastria cinematogr\u00e0fica i una producci\u00f3 significativa que contribueix a la denominaci\u00f3 d\u2019un cinema que anomenem asi\u00e0tic per pert\u00e0nyer a una part del m\u00f3n la heterogene\u00eftat del qual preval, i la identitat cultural del qual es rebel\u00b7la contra tota colonialitat, sigui quin sigui el lloc des d\u2019on s\u2019exerceix. El cinema asi\u00e0tic fa refer\u00e8ncia a una geografia expandida que per a aquest festival reuneix la producci\u00f3 de m\u00e9s de vint pa\u00efsos. Es tracta d\u2019Afganistan, Austr\u00e0lia, Bangladesh, Cambodja, Xina, Corea, Hong Kong, \u00cdndia, Indon\u00e8sia, Iran, Jap\u00f3, Kazakhstan, Kirguizistan, Mal\u00e0isia, Mong\u00f2lia, Nepal, Nova Zelanda, Pakistan, Filipines, Singapur, Tail\u00e0ndia, Uzbekistan i Vietnam, pa\u00efsos la hist\u00f2ria i la cultura dels quals, en alguns casos, van ser negades pels grans imperis colonials, per\u00f2 que actualment la seva producci\u00f3 cinematogr\u00e0fica competeix amb el cinema internacional, guanyant quotes de pantalla i, fins i tot, en molts casos, derrocant la seva antiga hegemonia.<\/span><span data-ccp-props=\"{\">\u00a0<\/span><\/p>\n<p><span data-contrast=\"auto\">\u00a0<\/span><span data-ccp-props=\"{\">\u00a0<\/span><\/p>\n<p><span data-contrast=\"auto\">Com en edicions anteriors, l\u2019AFFBCN segueix apostant pel cinema asi\u00e0tic m\u00e9s representatiu, amb la intenci\u00f3 de consolidar un festival que vol ser l&#8217;exponent d\u2019una manera de fer cinema i d\u2019una diversitat que ens afecta directament en un escenari global que les migracions i di\u00e0spores desafien sense cessar, exigint el reconeixement de l\u2019alteritat o de l\u2019altre, al qual estem units en una relaci\u00f3 de depend\u00e8ncia m\u00fatua i que q\u00fcestiona sense descans la nostra hegemonia.<\/span><span data-ccp-props=\"{\">\u00a0<\/span><\/p>\n<\/div><\/section><br \/>\n\n<style type=\"text\/css\" data-created_by=\"avia_inline_auto\" id=\"style-css-av-lo70652t-ae6ad9c454847ae2a3d11c182197ff12\">\n#top .togglecontainer.av-lo70652t-ae6ad9c454847ae2a3d11c182197ff12 p.toggler.activeTitle{\ncolor:#e23636;\nborder-color:#e23636;\n}\n<\/style>\n<div  class='togglecontainer av-lo70652t-ae6ad9c454847ae2a3d11c182197ff12 av-elegant-toggle  avia-builder-el-3  el_after_av_textblock  avia-builder-el-last  toggle_close_all hasCurrentStyle' >\n<section class='av_toggle_section av-lo705uy8-f556912c6d80d575bb0bb4b3f496b3dc' ><div role=\"tablist\" class=\"single_toggle\" data-tags=\"{All} \"  ><p id='toggle-toggle-id-1' data-fake-id='#toggle-id-1' class='toggler  av-title-above '  role='tab' tabindex='0' aria-controls='toggle-id-1' data-slide-speed=\"200\" data-title=\"REQUISITS PER FORMAR PART DEL JURAT JOVE\" data-title-open=\"\">REQUISITS PER FORMAR PART DEL JURAT JOVE<span class=\"toggle_icon\"><span class=\"vert_icon\"><\/span><span class=\"hor_icon\"><\/span><\/span><\/p><div id='toggle-id-1' aria-labelledby='toggle-toggle-id-1' role='region' class='toggle_wrap  av-title-above'  ><div class='toggle_content invers-color ' ><ul>\n<li data-leveltext=\"\uf0b7\" data-font=\"Symbol\" data-listid=\"40\" data-list-defn-props=\"{\" aria-setsize=\"-1\" data-aria-posinset=\"1\" data-aria-level=\"1\"><span data-contrast=\"auto\">Tenir entre 18 i 30 anys.<\/span><span data-ccp-props=\"{\">\u00a0<\/span><\/li>\n<\/ul>\n<ul>\n<li data-leveltext=\"\uf0b7\" data-font=\"Symbol\" data-listid=\"40\" data-list-defn-props=\"{\" aria-setsize=\"-1\" data-aria-posinset=\"2\" data-aria-level=\"1\"><span data-contrast=\"auto\">Tenir disponibilitat per assistir als visionats corresponents de la secci\u00f3 Noves Mirades entre els dies 29 d\u2019octubre i 3 de novembre de 2024.<\/span><span data-ccp-props=\"{\">\u00a0<\/span><\/li>\n<\/ul>\n<ul>\n<li data-leveltext=\"\uf0b7\" data-font=\"Symbol\" data-listid=\"40\" data-list-defn-props=\"{\" aria-setsize=\"-1\" data-aria-posinset=\"3\" data-aria-level=\"1\"><span data-contrast=\"auto\">Respondre el formulari d&#8217;inscripci\u00f3.<\/span><span data-ccp-props=\"{\">\u00a0<\/span><\/li>\n<\/ul>\n<ul>\n<li data-leveltext=\"\uf0b7\" data-font=\"Symbol\" data-listid=\"40\" data-list-defn-props=\"{\" aria-setsize=\"-1\" data-aria-posinset=\"4\" data-aria-level=\"1\"><span data-contrast=\"auto\">Adjuntar una carta de presentaci\u00f3 i motivaci\u00f3.<\/span><span data-ccp-props=\"{\">\u00a0<\/span><\/li>\n<\/ul>\n<ul>\n<li data-leveltext=\"\uf0b7\" data-font=\"Symbol\" data-listid=\"40\" data-list-defn-props=\"{\" aria-setsize=\"-1\" data-aria-posinset=\"5\" data-aria-level=\"1\"><span data-contrast=\"auto\">Acceptar les normes de participaci\u00f3.<\/span><span data-ccp-props=\"{\">\u00a0<\/span><\/li>\n<\/ul>\n<p><span data-contrast=\"auto\">\u00a0<\/span><span data-ccp-props=\"{\">\u00a0<\/span><\/p>\n<p><span data-contrast=\"auto\">La participaci\u00f3 al Jurat Jove de l&#8217;Asian Film Festival Barcelona 2024 \u00e9s volunt\u00e0ria i comporta el comprom\u00eds d&#8217;assistir a les projeccions de les pel\u00b7l\u00edcules de la secci\u00f3 esmentada. Els membres votaran despr\u00e9s de cada visionat i en la clausura del festival els representants del jurat lliuraran els premis a millor gui\u00f3, millor director i millor pel\u00b7l\u00edcula de la secci\u00f3.<\/span><span data-ccp-props=\"{\">\u00a0<\/span><\/p>\n<\/div><\/div><\/div><\/section>\n<section class='av_toggle_section av-lo705uy8-4-5915a6ac979fca159c3f15de972bbe94' ><div role=\"tablist\" class=\"single_toggle\" data-tags=\"{All} \"  ><p id='toggle-toggle-id-2' data-fake-id='#toggle-id-2' class='toggler  av-title-above '  role='tab' tabindex='0' aria-controls='toggle-id-2' data-slide-speed=\"200\" data-title=\"PROC\u00c9S D\u2019INSCRIPCI\u00d3\" data-title-open=\"\">PROC\u00c9S D\u2019INSCRIPCI\u00d3<span class=\"toggle_icon\"><span class=\"vert_icon\"><\/span><span class=\"hor_icon\"><\/span><\/span><\/p><div id='toggle-id-2' aria-labelledby='toggle-toggle-id-2' role='region' class='toggle_wrap  av-title-above'  ><div class='toggle_content invers-color ' ><p>La inscripci\u00f3 al Jurat Jove ser\u00e0 en l\u00ednia a trav\u00e9s d&#8217;un <span data-contrast=\"auto\"><a href=\"https:\/\/forms.office.com\/e\/LipVGrTAXx\"><strong>FORMULARI D&#8217;INSCRIPCI\u00d3<\/strong><\/a><\/span>, disponible del 30 de setembre de 2024 al 18 d&#8217;octubre de 2024. Els seleccionats seran notificats per correu electr\u00f2nic.<\/p>\n<\/div><\/div><\/div><\/section>\n<section class='av_toggle_section av-lo705uy8-1-dd5cfb1d7fffc41e98c866b35e035976' ><div role=\"tablist\" class=\"single_toggle\" data-tags=\"{All} \"  ><p id='toggle-toggle-id-3' data-fake-id='#toggle-id-3' class='toggler  av-title-above '  role='tab' tabindex='0' aria-controls='toggle-id-3' data-slide-speed=\"200\" data-title=\"NORMES DE PARTICIPACI\u00d3 I INFORMACI\u00d3 ADICIONAL\" data-title-open=\"\">NORMES DE PARTICIPACI\u00d3 I INFORMACI\u00d3 ADICIONAL<span class=\"toggle_icon\"><span class=\"vert_icon\"><\/span><span class=\"hor_icon\"><\/span><\/span><\/p><div id='toggle-id-3' aria-labelledby='toggle-toggle-id-3' role='region' class='toggle_wrap  av-title-above'  ><div class='toggle_content invers-color ' ><ul>\n<li data-leveltext=\"\uf0b7\" data-font=\"Symbol\" data-listid=\"41\" data-list-defn-props=\"{\" aria-setsize=\"-1\" data-aria-posinset=\"1\" data-aria-level=\"1\"><span data-contrast=\"auto\">La seu principal del festival i totes les projeccions de la secci\u00f3 Noves Mirades tindran lloc als Cinemes Girona (C\/ de Girona, 175, L\u2019Eixample, 08037 Barcelona).<\/span><span data-ccp-props=\"{\">\u00a0<\/span><\/li>\n<\/ul>\n<ul>\n<li data-leveltext=\"\uf0b7\" data-font=\"Symbol\" data-listid=\"41\" data-list-defn-props=\"{\" aria-setsize=\"-1\" data-aria-posinset=\"2\" data-aria-level=\"1\"><span data-contrast=\"auto\">L\u2019acreditaci\u00f3 \u00e9s personal i intransferible.<\/span><span data-ccp-props=\"{\">\u00a0<\/span><\/li>\n<\/ul>\n<ul>\n<li data-leveltext=\"\uf0b7\" data-font=\"Symbol\" data-listid=\"41\" data-list-defn-props=\"{\" aria-setsize=\"-1\" data-aria-posinset=\"3\" data-aria-level=\"1\"><span data-contrast=\"auto\">L\u2019assist\u00e8ncia a totes les projeccions de la secci\u00f3 Noves Mirades \u00e9s obligat\u00f2ria.<\/span><span data-ccp-props=\"{\">\u00a0<\/span><\/li>\n<\/ul>\n<ul>\n<li data-leveltext=\"\uf0b7\" data-font=\"Symbol\" data-listid=\"41\" data-list-defn-props=\"{\" aria-setsize=\"-1\" data-aria-posinset=\"4\" data-aria-level=\"1\"><span data-contrast=\"auto\">L\u2019acreditaci\u00f3 de Jurat Jove permetr\u00e0 accedir a la resta de sessions del festival, sempre que no coincideixin amb les projeccions obligat\u00f2ries programades per al Jurat Jove i que hi hagi disponibilitat a la sala. Tamb\u00e9 es podr\u00e0 assistir a les sessions pr\u00e8vies a l&#8217;inici de la secci\u00f3 Noves Mirades.<\/span><span data-ccp-props=\"{\">\u00a0<\/span><\/li>\n<\/ul>\n<ul>\n<li data-leveltext=\"\uf0b7\" data-font=\"Symbol\" data-listid=\"41\" data-list-defn-props=\"{\" aria-setsize=\"-1\" data-aria-posinset=\"5\" data-aria-level=\"1\"><span data-contrast=\"auto\">A la sortida de cada projecci\u00f3, les pel\u00b7l\u00edcules es votaran del 0 al 10, essent 0 la puntuaci\u00f3 m\u00ednima i 10 la m\u00e0xima. La votaci\u00f3 tamb\u00e9 \u00e9s obligat\u00f2ria.<\/span><span data-ccp-props=\"{\">\u00a0<\/span><\/li>\n<\/ul>\n<ul>\n<li data-leveltext=\"\uf0b7\" data-font=\"Symbol\" data-listid=\"41\" data-list-defn-props=\"{\" aria-setsize=\"-1\" data-aria-posinset=\"6\" data-aria-level=\"1\"><span data-contrast=\"auto\">El festival no cobreix allotjament, transport ni manutenci\u00f3 dels membres del Jurat Jove. (Es recomana als participants no residents l&#8217;allotjament al Generator Barcelona (C\/ C\u00f2rsega 373, Barcelona) per la seva proximitat a la seu del festival i els preus assequibles).<\/span><span data-ccp-props=\"{\">\u00a0<\/span><\/li>\n<\/ul>\n<ul>\n<li data-leveltext=\"\uf0b7\" data-font=\"Symbol\" data-listid=\"41\" data-list-defn-props=\"{\" aria-setsize=\"-1\" data-aria-posinset=\"7\" data-aria-level=\"1\"><span data-contrast=\"auto\">Els membres hauran d&#8217;assistir a una reuni\u00f3 informativa pr\u00e8via a l&#8217;inici del festival per recollir la seva acreditaci\u00f3. La data es comunicar\u00e0 per correu als membres seleccionats.<\/span><span data-ccp-props=\"{\">\u00a0<\/span><\/li>\n<\/ul>\n<ul>\n<li data-leveltext=\"\uf0b7\" data-font=\"Symbol\" data-listid=\"41\" data-list-defn-props=\"{\" aria-setsize=\"-1\" data-aria-posinset=\"8\" data-aria-level=\"1\"><span data-contrast=\"auto\">Despr\u00e9s de la clausura del festival, els integrants del Jurat Jove rebran un certificat de participaci\u00f3.<\/span><span data-ccp-props=\"{\">\u00a0<\/span><\/li>\n<\/ul>\n<\/div><\/div><\/div><\/section>\n<\/div><\/p><\/div><div  class='flex_column av-11wt16v-9a85dcf64e0e8f06644456b5dfe24b70 av_one_third  avia-builder-el-4  el_after_av_two_third  avia-builder-el-last  flex_column_div  '     ><section  class='av_textblock_section av-m1um94zi-000a333125f32f0b7ba07276c9ac64bd '  ><div class='avia_textblock' ><h2>Si est\u00e0s interessat a formar part del Jurat Jove, pots accedir ara al formulari:<\/h2>\n<\/div><\/section><br \/>\n\n<style type=\"text\/css\" data-created_by=\"avia_inline_auto\" id=\"style-css-av-m1umkehk-b98d42e47e7ccc091ab2a49621293842\">\n#top .hr.hr-invisible.av-m1umkehk-b98d42e47e7ccc091ab2a49621293842{\nheight:25px;\n}\n<\/style>\n<div  class='hr av-m1umkehk-b98d42e47e7ccc091ab2a49621293842 hr-invisible  avia-builder-el-6  el_after_av_textblock  el_before_av_button_big  avia-builder-el-last '><span class='hr-inner '><span class=\"hr-inner-style\"><\/span><\/span><\/div><br \/>\n<div  class='avia-button-wrap avia-button-center  avia-builder-el-7  el_after_av_hr  el_before_av_hr '>\n<style type=\"text\/css\" data-created_by=\"avia_inline_auto\" id=\"style-css-av-m1umecew-4cc0872104fb59178a0be156c72f2ee6\">\n#top #wrap_all .avia-button.av-m1umecew-4cc0872104fb59178a0be156c72f2ee6:hover{\ncolor:white;\ntransition:all 0.4s ease-in-out;\n}\n<\/style>\n<a href='https:\/\/forms.office.com\/e\/LipVGrTAXx' class='avia-color-theme-color avia-font-color-theme-color avia-button avia-button-fullwidth av-m1umecew-4cc0872104fb59178a0be156c72f2ee6 avia-icon_select-no avia-color-theme-color'   aria-label=\"FORMULARI DE REGISTRE ONLINE\"><span class='avia_iconbox_title' >FORMULARI DE REGISTRE ONLINE<\/span><span class='avia_button_background avia-button avia-button-fullwidth avia-color-theme-color-highlight'><\/span><\/a><\/div><br \/>\n\n<style type=\"text\/css\" data-created_by=\"avia_inline_auto\" id=\"style-css-av-m1uml51c-559e4b0c733ac68e0185196126fb9e6c\">\n#top .hr.hr-invisible.av-m1uml51c-559e4b0c733ac68e0185196126fb9e6c{\nheight:10px;\n}\n<\/style>\n<div  class='hr av-m1uml51c-559e4b0c733ac68e0185196126fb9e6c hr-invisible  avia-builder-el-8  el_after_av_button_big  el_before_av_hr  avia-builder-el-first '><span class='hr-inner '><span class=\"hr-inner-style\"><\/span><\/span><\/div><br \/>\n<div  class='hr av-mttphj-f0aba13b9a673b036762dff39d36d5df hr-default  avia-builder-el-9  el_after_av_hr  el_before_av_textblock '><span class='hr-inner '><span class=\"hr-inner-style\"><\/span><\/span><\/div><br \/>\n<section  class='av_textblock_section av-m1un3tda-f8f97a0005e1982c71ba634b2f18a6f8 '  ><div class='avia_textblock' ><p><span data-contrast=\"auto\">Per a m\u00e9s informaci\u00f3 o detalls addicionals, es pot contactar amb la persona encarregada del Jurat Jove, Martina Garcia Casillas, a trav\u00e9s del correu electr\u00f2nic <\/span><a href=\"mailto:asianfilmfestivalbarcelona@casaasia.es\"><span data-contrast=\"none\">asianfilmfestivalbarcelona@casaasia.es<\/span><\/a><span data-ccp-props=\"{\">\u00a0<\/span><\/p>\n<\/div><\/section><\/p><\/div><\/p>\n","protected":false},"excerpt":{"rendered":"","protected":false},"author":3,"featured_media":0,"parent":0,"menu_order":0,"comment_status":"closed","ping_status":"closed","template":"","meta":{"_acf_changed":false,"footnotes":""},"class_list":["post-50861","page","type-page","status-publish","hentry"],"acf":[],"_links":{"self":[{"href":"https:\/\/asianfilmfestival.barcelona\/2024\/ca\/wp-json\/wp\/v2\/pages\/50861","targetHints":{"allow":["GET"]}}],"collection":[{"href":"https:\/\/asianfilmfestival.barcelona\/2024\/ca\/wp-json\/wp\/v2\/pages"}],"about":[{"href":"https:\/\/asianfilmfestival.barcelona\/2024\/ca\/wp-json\/wp\/v2\/types\/page"}],"author":[{"embeddable":true,"href":"https:\/\/asianfilmfestival.barcelona\/2024\/ca\/wp-json\/wp\/v2\/users\/3"}],"replies":[{"embeddable":true,"href":"https:\/\/asianfilmfestival.barcelona\/2024\/ca\/wp-json\/wp\/v2\/comments?post=50861"}],"version-history":[{"count":3,"href":"https:\/\/asianfilmfestival.barcelona\/2024\/ca\/wp-json\/wp\/v2\/pages\/50861\/revisions"}],"predecessor-version":[{"id":54039,"href":"https:\/\/asianfilmfestival.barcelona\/2024\/ca\/wp-json\/wp\/v2\/pages\/50861\/revisions\/54039"}],"wp:attachment":[{"href":"https:\/\/asianfilmfestival.barcelona\/2024\/ca\/wp-json\/wp\/v2\/media?parent=50861"}],"curies":[{"name":"wp","href":"https:\/\/api.w.org\/{rel}","templated":true}]}}