{"id":14474,"date":"2018-07-12T20:50:26","date_gmt":"2018-07-12T18:50:26","guid":{"rendered":"http:\/\/asianfilmfestival.barcelona\/2018\/?page_id=14474"},"modified":"2018-07-12T20:50:26","modified_gmt":"2018-07-12T18:50:26","slug":"politica-de-privacidad","status":"publish","type":"page","link":"https:\/\/asianfilmfestival.barcelona\/2022\/es\/politica-de-privacidad\/","title":{"rendered":"Pol\u00edtica de Privacidad"},"content":{"rendered":"<p><strong>Informaci\u00f3n b\u00e1sica de protecci\u00f3n de datos personales: <\/strong><\/p>\n<p><strong>Responsable del tratamiento:<\/strong> Consorcio Casa Asia, Pabell\u00f3n Sant Manuel, Recinto Modernista Sant Pau, C\/ Sant Antoni Maria Claret, 167, 08025 Barcelona. M\u00e1s informaci\u00f3n en la web de Casa Asia, <a href=\"http:\/\/www.casaasia.es\">www.casaasia.es<\/a>.<\/p>\n<p><strong>Finalidad: <\/strong>difundir boletines, gestionar y difundir actividades, cursos, conferencias y seminarios, actos institucionales, exposiciones y muestras de cine organizados por Casa Asia.<\/p>\n<p><strong>Legitimaci\u00f3n: <\/strong>consentimiento de la persona interesada.<\/p>\n<p><strong>Destinatarios<\/strong>: los datos no se comunicar\u00e1n a terceras personas.<\/p>\n<p><strong>Derechos de las personas interesadas<\/strong>: puede ejercer sus derechos de acceso, rectificaci\u00f3n, supresi\u00f3n, oposici\u00f3n al tratamiento y solicitud de limitaci\u00f3n, dirigiendo un escrito a Casa Asia por correo postal (Pabell\u00f3n Sant Manuel, Recinto Modernista Sant Pau, C\/ Sant Antoni Maria Claret, 167, 08025 Barcelona) o a trav\u00e9s de la direcci\u00f3n electr\u00f3nica <a href=\"mailto:casaasia@casaasia.es\">casaasia@casaasia.es<\/a>. En la solicitud se debe indicar claramente el derecho o derechos que se quiere ejercer.<\/p>\n","protected":false},"excerpt":{"rendered":"<p>Informaci\u00f3n b\u00e1sica de protecci\u00f3n de datos personales: Responsable del tratamiento: Consorcio Casa Asia, Pabell\u00f3n Sant Manuel, Recinto Modernista Sant Pau, C\/ Sant Antoni Maria Claret, 167, 08025 Barcelona. M\u00e1s informaci\u00f3n [&hellip;]<\/p>\n","protected":false},"author":7,"featured_media":0,"parent":0,"menu_order":0,"comment_status":"closed","ping_status":"closed","template":"","meta":{"_acf_changed":false,"footnotes":""},"class_list":["post-14474","page","type-page","status-publish","hentry"],"acf":[],"yoast_head":"<!-- This site is optimized with the Yoast SEO plugin v27.4 - https:\/\/yoast.com\/product\/yoast-seo-wordpress\/ -->\n<title>Pol\u00edtica de Privacidad - Asian Film Festival Barcelona<\/title>\n<meta name=\"robots\" content=\"noindex, follow, max-snippet:-1, max-image-preview:large, max-video-preview:-1\" \/>\n<meta property=\"og:locale\" content=\"es_ES\" \/>\n<meta property=\"og:type\" content=\"article\" \/>\n<meta property=\"og:title\" content=\"Pol\u00edtica de Privacidad - Asian Film Festival Barcelona\" \/>\n<meta property=\"og:description\" content=\"Informaci\u00f3n b\u00e1sica de protecci\u00f3n de datos personales: Responsable del tratamiento: Consorcio Casa Asia, Pabell\u00f3n Sant Manuel, Recinto Modernista Sant Pau, C\/ Sant Antoni Maria Claret, 167, 08025 Barcelona. M\u00e1s informaci\u00f3n [&hellip;]\" \/>\n<meta property=\"og:url\" content=\"https:\/\/asianfilmfestival.barcelona\/2022\/es\/politica-de-privacidad\/\" \/>\n<meta property=\"og:site_name\" content=\"Asian Film Festival Barcelona\" \/>\n<meta name=\"twitter:card\" content=\"summary_large_image\" \/>\n<meta name=\"twitter:label1\" content=\"Tiempo de lectura\" \/>\n\t<meta name=\"twitter:data1\" content=\"1 minuto\" \/>\n<script type=\"application\/ld+json\" class=\"yoast-schema-graph\">{\"@context\":\"https:\\\/\\\/schema.org\",\"@graph\":[{\"@type\":\"WebPage\",\"@id\":\"https:\\\/\\\/asianfilmfestival.barcelona\\\/2022\\\/es\\\/politica-de-privacidad\\\/\",\"url\":\"https:\\\/\\\/asianfilmfestival.barcelona\\\/2022\\\/es\\\/politica-de-privacidad\\\/\",\"name\":\"Pol\u00edtica de Privacidad - Asian Film Festival Barcelona\",\"isPartOf\":{\"@id\":\"https:\\\/\\\/asianfilmfestival.barcelona\\\/2022\\\/es\\\/#website\"},\"datePublished\":\"2018-07-12T18:50:26+00:00\",\"breadcrumb\":{\"@id\":\"https:\\\/\\\/asianfilmfestival.barcelona\\\/2022\\\/es\\\/politica-de-privacidad\\\/#breadcrumb\"},\"inLanguage\":\"es\",\"potentialAction\":[{\"@type\":\"ReadAction\",\"target\":[\"https:\\\/\\\/asianfilmfestival.barcelona\\\/2022\\\/es\\\/politica-de-privacidad\\\/\"]}]},{\"@type\":\"BreadcrumbList\",\"@id\":\"https:\\\/\\\/asianfilmfestival.barcelona\\\/2022\\\/es\\\/politica-de-privacidad\\\/#breadcrumb\",\"itemListElement\":[{\"@type\":\"ListItem\",\"position\":1,\"name\":\"Home\",\"item\":\"https:\\\/\\\/asianfilmfestival.barcelona\\\/2022\\\/es\\\/bienvenida-asian-film-festival-barcelona-2022\\\/\"},{\"@type\":\"ListItem\",\"position\":2,\"name\":\"Pol\u00edtica de Privacidad\"}]},{\"@type\":\"WebSite\",\"@id\":\"https:\\\/\\\/asianfilmfestival.barcelona\\\/2022\\\/es\\\/#website\",\"url\":\"https:\\\/\\\/asianfilmfestival.barcelona\\\/2022\\\/es\\\/\",\"name\":\"Asian Film Festival Barcelona\",\"description\":\"2022\",\"potentialAction\":[{\"@type\":\"SearchAction\",\"target\":{\"@type\":\"EntryPoint\",\"urlTemplate\":\"https:\\\/\\\/asianfilmfestival.barcelona\\\/2022\\\/es\\\/?s={search_term_string}\"},\"query-input\":{\"@type\":\"PropertyValueSpecification\",\"valueRequired\":true,\"valueName\":\"search_term_string\"}}],\"inLanguage\":\"es\"}]}<\/script>\n<!-- \/ Yoast SEO plugin. -->","yoast_head_json":{"title":"Pol\u00edtica de Privacidad - Asian Film Festival Barcelona","robots":{"index":"noindex","follow":"follow","max-snippet":"max-snippet:-1","max-image-preview":"max-image-preview:large","max-video-preview":"max-video-preview:-1"},"og_locale":"es_ES","og_type":"article","og_title":"Pol\u00edtica de Privacidad - Asian Film Festival Barcelona","og_description":"Informaci\u00f3n b\u00e1sica de protecci\u00f3n de datos personales: Responsable del tratamiento: Consorcio Casa Asia, Pabell\u00f3n Sant Manuel, Recinto Modernista Sant Pau, C\/ Sant Antoni Maria Claret, 167, 08025 Barcelona. M\u00e1s informaci\u00f3n [&hellip;]","og_url":"https:\/\/asianfilmfestival.barcelona\/2022\/es\/politica-de-privacidad\/","og_site_name":"Asian Film Festival Barcelona","twitter_card":"summary_large_image","twitter_misc":{"Tiempo de lectura":"1 minuto"},"schema":{"@context":"https:\/\/schema.org","@graph":[{"@type":"WebPage","@id":"https:\/\/asianfilmfestival.barcelona\/2022\/es\/politica-de-privacidad\/","url":"https:\/\/asianfilmfestival.barcelona\/2022\/es\/politica-de-privacidad\/","name":"Pol\u00edtica de Privacidad - Asian Film Festival Barcelona","isPartOf":{"@id":"https:\/\/asianfilmfestival.barcelona\/2022\/es\/#website"},"datePublished":"2018-07-12T18:50:26+00:00","breadcrumb":{"@id":"https:\/\/asianfilmfestival.barcelona\/2022\/es\/politica-de-privacidad\/#breadcrumb"},"inLanguage":"es","potentialAction":[{"@type":"ReadAction","target":["https:\/\/asianfilmfestival.barcelona\/2022\/es\/politica-de-privacidad\/"]}]},{"@type":"BreadcrumbList","@id":"https:\/\/asianfilmfestival.barcelona\/2022\/es\/politica-de-privacidad\/#breadcrumb","itemListElement":[{"@type":"ListItem","position":1,"name":"Home","item":"https:\/\/asianfilmfestival.barcelona\/2022\/es\/bienvenida-asian-film-festival-barcelona-2022\/"},{"@type":"ListItem","position":2,"name":"Pol\u00edtica de Privacidad"}]},{"@type":"WebSite","@id":"https:\/\/asianfilmfestival.barcelona\/2022\/es\/#website","url":"https:\/\/asianfilmfestival.barcelona\/2022\/es\/","name":"Asian Film Festival Barcelona","description":"2022","potentialAction":[{"@type":"SearchAction","target":{"@type":"EntryPoint","urlTemplate":"https:\/\/asianfilmfestival.barcelona\/2022\/es\/?s={search_term_string}"},"query-input":{"@type":"PropertyValueSpecification","valueRequired":true,"valueName":"search_term_string"}}],"inLanguage":"es"}]}},"_links":{"self":[{"href":"https:\/\/asianfilmfestival.barcelona\/2022\/es\/wp-json\/wp\/v2\/pages\/14474","targetHints":{"allow":["GET"]}}],"collection":[{"href":"https:\/\/asianfilmfestival.barcelona\/2022\/es\/wp-json\/wp\/v2\/pages"}],"about":[{"href":"https:\/\/asianfilmfestival.barcelona\/2022\/es\/wp-json\/wp\/v2\/types\/page"}],"author":[{"embeddable":true,"href":"https:\/\/asianfilmfestival.barcelona\/2022\/es\/wp-json\/wp\/v2\/users\/7"}],"replies":[{"embeddable":true,"href":"https:\/\/asianfilmfestival.barcelona\/2022\/es\/wp-json\/wp\/v2\/comments?post=14474"}],"version-history":[{"count":2,"href":"https:\/\/asianfilmfestival.barcelona\/2022\/es\/wp-json\/wp\/v2\/pages\/14474\/revisions"}],"predecessor-version":[{"id":14476,"href":"https:\/\/asianfilmfestival.barcelona\/2022\/es\/wp-json\/wp\/v2\/pages\/14474\/revisions\/14476"}],"wp:attachment":[{"href":"https:\/\/asianfilmfestival.barcelona\/2022\/es\/wp-json\/wp\/v2\/media?parent=14474"}],"curies":[{"name":"wp","href":"https:\/\/api.w.org\/{rel}","templated":true}]}}