{"id":42353,"date":"2022-10-17T19:07:51","date_gmt":"2022-10-17T17:07:51","guid":{"rendered":"https:\/\/asianfilmfestival.barcelona\/2022\/director-letter\/"},"modified":"2022-10-18T17:50:46","modified_gmt":"2022-10-18T15:50:46","slug":"director-letter","status":"publish","type":"page","link":"https:\/\/asianfilmfestival.barcelona\/2022\/ca\/director-letter\/","title":{"rendered":"Director Letter"},"content":{"rendered":"\n<style type=\"text\/css\" data-created_by=\"avia_inline_auto\" id=\"style-css-av-l9d0ze6c-a33e29933abbf10e1a0924863f6f43ee\">\n.avia-image-container.av-l9d0ze6c-a33e29933abbf10e1a0924863f6f43ee img.avia_image{\nbox-shadow:none;\n}\n.avia-image-container.av-l9d0ze6c-a33e29933abbf10e1a0924863f6f43ee .av-image-caption-overlay-center{\ncolor:#ffffff;\n}\n<\/style>\n<div  class='avia-image-container av-l9d0ze6c-a33e29933abbf10e1a0924863f6f43ee av-styling- avia-align-center  avia-builder-el-0  el_before_av_hr  avia-builder-el-first '  ><div class=\"avia-image-container-inner\"><div class=\"avia-image-overlay-wrap\"><img decoding=\"async\" class='wp-image-42090 avia-img-lazy-loading-not-42090 avia_image ' src=\"https:\/\/asianfilmfestival.barcelona\/2022\/wp-content\/uploads\/2022\/10\/carta-menene_gran.jpg\" alt='' title='carta-menene_gran'  height=\"810\" width=\"1800\" srcset=\"https:\/\/asianfilmfestival.barcelona\/2022\/wp-content\/uploads\/2022\/10\/carta-menene_gran.jpg 1800w, https:\/\/asianfilmfestival.barcelona\/2022\/wp-content\/uploads\/2022\/10\/carta-menene_gran-300x135.jpg 300w, https:\/\/asianfilmfestival.barcelona\/2022\/wp-content\/uploads\/2022\/10\/carta-menene_gran-1030x464.jpg 1030w, https:\/\/asianfilmfestival.barcelona\/2022\/wp-content\/uploads\/2022\/10\/carta-menene_gran-768x346.jpg 768w, https:\/\/asianfilmfestival.barcelona\/2022\/wp-content\/uploads\/2022\/10\/carta-menene_gran-1536x691.jpg 1536w, https:\/\/asianfilmfestival.barcelona\/2022\/wp-content\/uploads\/2022\/10\/carta-menene_gran-1500x675.jpg 1500w, https:\/\/asianfilmfestival.barcelona\/2022\/wp-content\/uploads\/2022\/10\/carta-menene_gran-705x317.jpg 705w\" sizes=\"(max-width: 1800px) 100vw, 1800px\" \/><\/div><\/div><\/div>\n\n<style type=\"text\/css\" data-created_by=\"avia_inline_auto\" id=\"style-css-av-l9d19fa8-aeb472217fecb2dc5c772a40682688da\">\n#top .hr.hr-invisible.av-l9d19fa8-aeb472217fecb2dc5c772a40682688da{\nheight:15px;\n}\n<\/style>\n<div  class='hr av-l9d19fa8-aeb472217fecb2dc5c772a40682688da hr-invisible  avia-builder-el-1  el_after_av_image  el_before_av_textblock '><span class='hr-inner '><span class=\"hr-inner-style\"><\/span><\/span><\/div>\n<section  class='av_textblock_section av-l9d127xy-260f6038b6d058b7a6b89cc62ec51b15' ><div class='avia_textblock' ><h2 align=\"justify\">You are a Stranger to me<\/h2>\n<p style=\"text-align: justify;\">La desena edici\u00f3 de l&#8217;AFFFBCN arriba aquesta tardor amb una programaci\u00f3 que vol ser tan representativa com sigui possible del cinema experimental i independent m\u00e9s recent del continent asi\u00e0tic, sense excloure produccions que corresponen tant a l&#8217;inter\u00e8s d&#8217;un p\u00fablic coneixedor de les cinematografies procedents d&#8217;\u00c0sia, com de aquells que volen comen\u00e7ar a saber qu\u00e8 ens transmet un cinema no tant nou, la diversitat del qual correspon preferentment a les diferents narratives que exposa. L&#8217;exotisme que a occident se sol atribuir a aquestes produccions ha estat substitu\u00eft per l&#8217;aportaci\u00f3 que aquestes darreres han fet i continuen fent per construir culturalment una identitat inseparable de la pertinen\u00e7a al territori.<\/p>\n<p style=\"text-align: justify;\">El cinema uneix en aquest i altres casos els conceptes de naci\u00f3 i narraci\u00f3, dues paraules els significats de les quals, en els estudis postcolonials, posen en relaci\u00f3 el dret a l&#8217;autogovern i el dret a la parla. Quan una naci\u00f3 es narra a si mateixa rebutja la subalternitat com a condici\u00f3 de la seva exist\u00e8ncia. Homi K. Bhabha, professor d&#8217;origen indi, de la Universitat de Harvard, i un dels te\u00f2rics dels estudis postcolonials m\u00e9s reconeguts actualment, ent\u00e9n la naci\u00f3 com un laboratori de difer\u00e8ncies culturals que muten amb les migracions culturals, els conflictes socials i la tensi\u00f3 entre els llenguatges hegem\u00f2nics i les minories \u00e8tniques. En el panorama que el cinema asi\u00e0tic ens brinda cada any, podem explorar a trav\u00e9s de les seves narratives particulars aquestes difer\u00e8ncies i l&#8217;abast de les transformacions que s&#8217;operen a les societats de qu\u00e8 procedeixen.<\/p>\n<p style=\"text-align: justify;\"><em>You are a stranger to me<\/em> \u00e9s una locuci\u00f3 que expressa dist\u00e0ncia i divisi\u00f3 entre jo i tu, entre nosaltres i ells, i es pronuncia quan percebem l&#8217;alteritat a l&#8217;Altre i a nosaltres mateixos. L&#8217;estrany \u00e9s un estranger que ens desafia i la suposada condici\u00f3 del qual no ho fa tanmateix m\u00e9s ali\u00e8, sin\u00f3 al contrari. La suposada acusaci\u00f3 impl\u00edcita en dir per a mi ets un estrany, equival a un rebuig i contradict\u00f2riament a un inter\u00e8s per saber m\u00e9s sobre aquest altre, que \u00e9s un Tu personal i gen\u00e8ric, i d&#8217;un mateix. El cinema ens apropa a l&#8217;estrany i a l&#8217;estranger, que envaeix casa nostra i alhora reclama un lloc a les nostres vides, a trav\u00e9s de les hist\u00f2ries que ens explica. Aquest festival centrat en els cinemes d&#8217;\u00c0sia vol contribuir a la presentaci\u00f3 i la divulgaci\u00f3 de narratives individuals i col\u00b7lectives, tot i formar part d&#8217;un m\u00f3n global, les difer\u00e8ncies culturals del qual es resisteixen a desapar\u00e8ixer.<\/p>\n<p style=\"text-align: justify;\">Igual que en edicions anteriors, en el des\u00e8 aniversari de l&#8217;AFFFBCN es presentaran m\u00e9s d&#8217;un centenar de pel\u00b7l\u00edcules procedents de m\u00e9s de vint-i-cinc pa\u00efsos, destacant algunes cinematografies com \u00e9s habitual, per\u00f2 sense deixar de projectar t\u00edtols que ens venen d&#8217;altres pa\u00efsos menys reconeguts. Un dels objectius del festival \u00e9s explorar aquest estrany o estranger, que ens mostra el cinema, i estimular l&#8217;inter\u00e8s pel descobriment. D&#8217;aqu\u00ed que, en alguns casos, la programaci\u00f3 pretengui ser m\u00e9s aviat inclusiva, no tant amb la intenci\u00f3 d&#8217;abastar m\u00e9s t\u00edtols cada any, com per mostrar no nom\u00e9s aquells els autors dels quals no passen desapercebuts per comptar amb els seus seguidors sin\u00f3 tamb\u00e9 els menys coneguts o els referents dels quals obliguen a indagar la seva respectiva contextualitzaci\u00f3, descobriment i conquesta.<\/p>\n<p style=\"text-align: justify;\">La consolidaci\u00f3 de l&#8217;AFFFBCN s&#8217;ha fet possible gr\u00e0cies a la confian\u00e7a dipositada al festival per cineastes, distribu\u00efdors i p\u00fablics. Per\u00f2, sobretot, pel reconeixement que ha aconseguit amb el temps, gr\u00e0cies tamb\u00e9 al treball de l&#8217;equip de Casa \u00c0sia i a les institucions i empreses que han donat suport any rere any aquest esdeveniment que tracta de propiciar la integraci\u00f3 d&#8217;aquest estrany que conviu amb nosaltres fora i dins de la ciutat on vivim, i fins i tot en nosaltres mateixos. En aquest cas, la condici\u00f3 d&#8217;estrany i estranger s&#8217;associa amb la de l&#8217;hoste que ve d&#8217;altra banda i la identitat cultural de la qual \u00e9s indissociable del territori a qu\u00e8 pertany. Tots som estranys quan se&#8217;ns percep des de l&#8217;alteritat. El cinema, igual que la literatura, explora aquest subjecte que alhora ens apropa i ens fa sentir semblants contribuint a dissoldre les dist\u00e0ncies geogr\u00e0fiques i a afavorir la toler\u00e0ncia igual que la integraci\u00f3 cultural.<\/p>\n<p style=\"text-align: justify;\">Els antecedents de l&#8217;AFFFBCN es remunten fins a la creaci\u00f3 de Casa \u00c0sia, on des dels seus inicis la programaci\u00f3 de cinema va ser estrat\u00e8gicament decisiva per divulgar informaci\u00f3 sobre un continent amb prou feines conegut i que els mitjans de comunicaci\u00f3 comen\u00e7aven a assenyalar en molts casos pel paper que exercirien en un futur a la pol\u00edtica i l&#8217;economia globals. Un futur que des de fa dues d\u00e8cades ja \u00e9s un present continu. Des d&#8217;un principi, la casa va mantenir una activitat constant en aquest terreny, amb una programaci\u00f3 setmanal pr\u00f2pia i el suport al festival que va precedir l&#8217;Asian Film Festival BCN que des del 2011 organitza a Barcelona, i al festival de cinema fant\u00e0stic de Sitges, durant molt de temps , el festival internacional en qu\u00e8 una tercera part de la programaci\u00f3 era asi\u00e0tica. Avui, Casa \u00c0sia no nom\u00e9s compleix deu anys de festival, sin\u00f3 que conserva una programaci\u00f3 setmanal (els dissabtes a les 20H): al llarg de l&#8217;any als Cinemes Girona, i mant\u00e9 una programaci\u00f3 tamb\u00e9 setmanal (els divendres a les 22h) a Betev\u00e9. El Canal Casa \u00c0sia de Filmin compta amb uns quatre-cents t\u00edtols, representatius de la hist\u00f2ria recent i no tan recent del cinema asi\u00e0tic. En breu, iniciarem una programaci\u00f3 setmanal tamb\u00e9 al Cine Paz de Madrid en col\u00b7laboraci\u00f3 amb MK2. Lluny de ser un fet a\u00efllat, l&#8217;AFFFBCN intenta reunir els t\u00edtols m\u00e9s rellevants al voltant dels quals gira la programaci\u00f3 de cinema de la Casa anualment.<\/p>\n<p style=\"text-align: justify;\">La proposta d&#8217;aquest any explora les cinematografies que ens arriben de Rotterdam, Berl\u00edn, Canes, Locarno, Udine, Ven\u00e8cia i Sant Sebasti\u00e0, i aquelles en qu\u00e8 reparem directament als m\u00e9s de vint-i-cinc pa\u00efsos del continent asi\u00e0tic que participen a l&#8217;AFFFBCN. La pres\u00e8ncia del cinema asi\u00e0tic als festivals esmentats ha anat augmentant cada any i la seva acceptaci\u00f3 tamb\u00e9 ha estat not\u00f2ria. Els \u00e8xits obtinguts pel cinema asi\u00e0tic en aquests festivals han facilitat la seva penetraci\u00f3 i difusi\u00f3 a Occident. Fa anys impensable, excepte rares excepcions, com el cas del Jap\u00f3 i ara, Corea, l&#8217;\u00cdndia i la Xina. L&#8217;AFFFBCN aborda, per\u00f2, una extensi\u00f3 geogr\u00e0fica molt m\u00e9s \u00e0mplia, que va des de l&#8217;IRAN, \u00c0sia Central, una regi\u00f3 que compr\u00e8n les exrep\u00fabliques sovi\u00e8tiques del Kazakhstan, el Kirguizistan i l&#8217;Uzbequistan, a la qual se sumen l&#8217;Afganistan, l&#8217;\u00cdndia, el Pakistan, Bangla Desh i Sri Lanka; Sud-est asi\u00e0tic des de Xina, Corea, Jap\u00f3, Tail\u00e0ndia, Singapur, Mal\u00e0isia, Cambodja i Vietnam; i \u00c0sia Pac\u00edfic amb Austr\u00e0lia i Nova Zelanda.<\/p>\n<p style=\"text-align: justify;\">Sadar Udham (2021) del director indi Shoojit Sircar cobrir\u00e0 la sessi\u00f3 d&#8217;obertura de la desena edici\u00f3 de l&#8217;AFFFBCN, que tindr\u00e0 lloc als Cinemes Phenomena, encara que la seu del festival continuar\u00e0 sent els Cinemes Girona, on es desplegar\u00e0 la major part de la programaci\u00f3 . Comptarem aix\u00ed mateix amb el suport de Caixa F\u00f2rum, on farem algunes de les sessions i d&#8217;altres sales. La nostra intenci\u00f3 \u00e9s arribar a diferents p\u00fablics, tant a aquells que els interessa el cinema i la cultura asi\u00e0tiques com a aquells a qui podem fer descobrir un m\u00f3n no tan estrany ni tan ali\u00e8 al nostre, per\u00f2 la diversitat del qual respon a una llarga tradici\u00f3 de resist\u00e8ncia que ha fet possible l&#8217;afirmaci\u00f3 de les identitats respectives que s&#8217;agrupen darrere del concepte de naci\u00f3. Les grans regions de l&#8217;\u00c0sia, l&#8217;\u00c0sia central, l&#8217;\u00c0sia meridional, l&#8217;\u00c0sia oriental, el Sud-est asi\u00e0tic i l&#8217;\u00c0sia Pac\u00edfic estan representades en un festival que t\u00e9 com a objectiu donar a con\u00e8ixer altres cultures i altres mons no tan remots gr\u00e0cies a la velocitat dels mitjans de comunicaci\u00f3, encara que encara molt ignorats. Presentant paisatges humans i escenaris habitats pels seus hostes, on es narra l&#8217;esdevenir, com passa al cinema, l&#8217;acostament \u00e9s f\u00e0cil i es produeix amb una immediatesa que nom\u00e9s la informaci\u00f3 visual aconsegueix reproduir.<\/p>\n<p style=\"text-align: justify;\"><strong>Sardar Udham<\/strong> \u00e9s un drama hist\u00f2ric i la biografia d&#8217;un dels seus protagonistes m\u00e9s populars, i arrenca de la massacre de Jallianwalla el 13 d&#8217;abril del 1919, que va presenciar el protagonista, quan Michael O\u00b4Dwyer va ordenar a les tropes brit\u00e0niques obrir foc contra la multitud congregada davant seu. Aquest sagnant episodi va acabar amb la vida de m\u00e9s de mil persones. La contemplaci\u00f3 dels fets va fer que el revolucionari es radicalitz\u00e9s i es propos\u00e9s venjar els fets. Abans de fugir per les muntanyes de l&#8217;Afganistan i arribar a Londres el 1933 adoptant una falsa identitat, Udham va desenvolupar una extensa traject\u00f2ria que el va portar a treballar amb el Ghadar Party i amb l&#8217;Associaci\u00f3 de treballadors indis basada a Londres. Per a un radical com era aquest sikh, que coneixia la pobresa, l&#8217;explotaci\u00f3 i l&#8217;orfandat, el marxisme i els nacionalismes van inspirar la seva lluita per la llibertat i la independ\u00e8ncia. Durant m\u00e9s de dues d\u00e8cades va ser considerat una de les figures claus de la independ\u00e8ncia de la \u00cdndia. Nascut el 1899 a Sunam, al districte Sangrur del Panjab, va morir als 41 anys. Partint del llibre \u201cThe Patient Assassin\u201d escrit per Anita Anand sobre la vida d&#8217;Udham Singh, que a la pres\u00f3 es feia dir Mohamed Singh Azad durant els seus \u00faltims dies de vida a la pres\u00f3 despr\u00e9s de cometre l&#8217;assassinat al Caxton Hall de Londres el 13 de mar\u00e7 de 1940 d&#8217;O\u00b4Dwyer, el vicegovernador del Panjab, \u00cdndia brit\u00e0nica, entre 1913 i 1919.<\/p>\n<p style=\"text-align: justify;\">El director, Shoojit Sircar (Calcuta, 1967), \u00e9s un cineasta, guionista i productor indi que va fer el seu debut amb un drama b\u00e8l\u00b7lic rom\u00e0ntic, Yahaan, el 2005, i va comen\u00e7ar a ser conegut amb la com\u00e8dia rom\u00e0ntica <em>Vicky Donor<\/em> (2012) per la que va rebre el National Film Award for Best Popular Film, el thriller pol\u00edtic<em> Madras Caf\u00e9<\/em> (2013), que escenifica la intervenci\u00f3 de l&#8217;\u00cdndia a la guerra civil de Sri Lanka i l&#8217;assassinat del Primer Ministre indi Rajiv Gandhi (1944-1991), seguit de <em>Piku<\/em> (2015), una de les seves pel\u00b7l\u00edcules m\u00e9s taquilleres que va rebre nombrosos premis de la cr\u00edtica, <em>Pink<\/em> (2016), <em>October <\/em>(2018) i <em>Gulabo Sitabo<\/em> (2020) Best Director. Sircar va comen\u00e7ar a rodar <em>Sardar Udham<\/em> el 2019 i la va presentar a l&#8217;octubre del 2021, un temps r\u00e8cord tenint en compte la pand\u00e8mia i la paralitzaci\u00f3 d&#8217;alguns projectes que s&#8217;havien empr\u00e8s o s&#8217;havien d&#8217;emprendre coincidint amb aquesta \u00e8poca. El rodatge es va fer a \u00cdndia, R\u00fassia, Anglaterra i Irlanda, i la veracitat dels llocs que es recreen, igual que la caracteritzaci\u00f3 dels personatges, contribueix al realisme dels esdeveniments que s&#8217;hi narren. Actualment Shoojit Sircar est\u00e0 treballant al rodatge de <em>The Driver<\/em>.<\/p>\n<p style=\"text-align: justify;\">L&#8217;aposta d&#8217;aquesta edici\u00f3 se centra en el relat hist\u00f2ric i de g\u00e8nere, i com \u00e9s habitual en el conflicte dram\u00e0tic tant a nivell privat com p\u00fablic, \u00e9s a dir, aquell que posa en relaci\u00f3 l&#8217;individu i la comunitat on resideix a partir de un conflicte la repercussi\u00f3 social del qual no deixa ali\u00e8 a l&#8217;espectador. El festival reunir\u00e0 m\u00e9s d&#8217;un centenar de pel\u00b7l\u00edcules que s&#8217;agruparan a les cinc seccions, Oficial, Oficial Panorama, Discoveries, NETPAC i Especial, en qu\u00e8 es distribueixen estrat\u00e8gicament els diferents t\u00edtols que han estat objecte de selecci\u00f3. Els jurats corresponents es componen dels integrants designats amb aquesta finalitat, directors, cr\u00edtics de cinema i escriptors que accepten complir aquesta funci\u00f3.<\/p>\n<p style=\"text-align: justify;\">El festival es clausurar\u00e0 amb la projecci\u00f3 de la pel\u00b7l\u00edcula australiana <strong>The Drower\u00b4s Wife. The Legend of Molly Johnson<\/strong> (2021), dirigida per la cineasta australiana aborigen Leah Purcell (1970). Amb una llarga i reconeguda traject\u00f2ria com a actriu i guionista, des del 1996, any en qu\u00e8 es va mudar de Brisbane a Sidney, Purcell va fer el seu debut al cinema com a directora amb aquesta pel\u00b7l\u00edcula l&#8217;any passat, rebent el Gran Premi del Jurat a la catorzena edici\u00f3 dels Asian Film Awards. El drama subjacent acumula experi\u00e8ncies personals i familiars que transcendeixen la narrativa que es construeix a cada pla. Molts episodis de la seva pr\u00f2pia vida semblen evocar-se en circumst\u00e0ncies i situacions que els personatges aporten amb la seva pres\u00e8ncia improvisada. La for\u00e7a de la protagonista, una mare que t\u00e9 cura de la granja i dels fills en abs\u00e8ncia del seu marit, envoltada de la solitud d&#8217;un paisatge rural que defensa contra qualsevol perill a la vista. Aquesta pel\u00b7l\u00edcula igual que altres que es projectaran en aquest festival no trigaran a estrenar-se a tot Espanya.<\/p>\n<p style=\"text-align: justify;\">A m\u00e9s de projectar les pel\u00b7l\u00edcules d&#8217;obertura i cloenda que s&#8217;han citat fins aqu\u00ed, i <strong>Broker<\/strong> (2022) d&#8217;Hirokazu Koreeda o <strong>Decision to Leave<\/strong> (2022) de Park Chan-Wook, el festival explorar\u00e0 els relats de g\u00e8nere i els conflictes socials derivats de circumst\u00e0ncies hist\u00f2riques, familiars o individuals i les relacions no resoltes amb el m\u00f3n que els ha tocat viure. Entre els t\u00edtols destacats d&#8217;aquesta edici\u00f3, cal esmentar <strong>When Pomegranates Howl<\/strong>, de Granaz Moussavi (Afganistan, 2020), <strong>My First Summer<\/strong> de Katie Found (Austr\u00e0lia, 2020) i <strong>Lonesome<\/strong> de Craig Boreham (Austr\u00e0lia, 2022), <strong>A Father&#8217;s Diary de <\/strong>Golam Mustofa (Bangla Desh, 2021), <strong>Return to Dust<\/strong> de Li Ruijun (Xina, 2022), <strong>Manchurian Tiger<\/strong> de Geng Jun (Xina, 2021), <strong>Cassiopeia<\/strong> de Shin Youn-Shick (Corea, 2022), <strong>Walker<\/strong> de Joel Lamangan (Filipines, 2021), <strong>Love After Love<\/strong> d&#8217;Ann Hui (Hong Kong, 2020), <strong>Before, Then &amp; Now<\/strong> de Kamila Andini (Indon\u00e8sia, 2022), <strong>Bone Marrow<\/strong> d&#8217;Hamid Reza Ghorbani (Iran, 2020), <strong>Gisoum<\/strong> de Navid Behtoie (Iran, 2021), <strong>Happiness<\/strong> d&#8217;Askar Uzabayev (Kazakhstan, 2022) <strong>The Sales Girl<\/strong> de Sengedorj Janchivdorf (Mong\u00f2lia, 2022) , 2022), <strong>The Edge of Daybreak<\/strong> de Taiki Sakpisit (Tail\u00e0ndia, 2021), <strong>Joyland<\/strong> de Saim Sadiq (Pakist\u00e1n, 2022) i <strong>Blood Moon Party<\/strong> de Nguyen Quang Dung (Vietnam, 2020).<\/p>\n<p style=\"text-align: justify;\">Han passat deu anys des de la primera edici\u00f3 de l&#8217;AFFFBCN, durant els quals hem omplert Barcelona amb m\u00e9s de mil pel\u00b7l\u00edcules procedents de totes les regions d&#8217;\u00c0sia, i si anar al cinema \u00e9s com emprendre un viatge de formaci\u00f3 i descobriment, les propostes d&#8217;aquest festival ens han perm\u00e8s explorar mons que mai no s&#8217;acaben de con\u00e8ixer per moltes vegades que els visitem. Casualment, a la primera edici\u00f3, que va tenir lloc el 2011, vam donar el premi honor\u00edfic a la millor traject\u00f2ria a Ann Hui, i aquest any projectarem la seva \u00faltima pel\u00b7l\u00edcula, <em>Love after Love<\/em>, tancant un cercle i obrint-ne un altre, amb la intenci\u00f3 de seguir oferint el millor cinema asi\u00e0tic a tots els p\u00fablics, que no deixen d&#8217;interessar-se per cinematografies que desafien les dist\u00e0ncies i les difer\u00e8ncies culturals com les que ens arriben d&#8217;\u00c0sia per entendre millor el m\u00f3n on vivim.<\/p>\n<p>Per <strong>Menene Gras Balaguer<\/strong><\/p>\n<p>Directora de l\u2019Asian Film Festival Barcelona<\/p>\n<\/div><\/section>\n","protected":false},"excerpt":{"rendered":"","protected":false},"author":6,"featured_media":0,"parent":0,"menu_order":0,"comment_status":"closed","ping_status":"closed","template":"","meta":{"_acf_changed":false,"footnotes":""},"class_list":["post-42353","page","type-page","status-publish","hentry"],"acf":[],"yoast_head":"<!-- This site is optimized with the Yoast SEO plugin v27.4 - https:\/\/yoast.com\/product\/yoast-seo-wordpress\/ -->\n<title>Director Letter - Asian Film Festival Barcelona<\/title>\n<meta name=\"robots\" content=\"noindex, follow, max-snippet:-1, max-image-preview:large, max-video-preview:-1\" \/>\n<meta property=\"og:locale\" content=\"ca_ES\" \/>\n<meta property=\"og:type\" content=\"article\" \/>\n<meta property=\"og:title\" content=\"Director Letter - Asian Film Festival Barcelona\" \/>\n<meta property=\"og:url\" content=\"https:\/\/asianfilmfestival.barcelona\/2022\/ca\/director-letter\/\" \/>\n<meta property=\"og:site_name\" content=\"Asian Film Festival Barcelona\" \/>\n<meta property=\"article:modified_time\" content=\"2022-10-18T15:50:46+00:00\" \/>\n<meta name=\"twitter:card\" content=\"summary_large_image\" \/>\n<meta name=\"twitter:label1\" content=\"Temps estimat de lectura\" \/>\n\t<meta name=\"twitter:data1\" content=\"11 minuts\" \/>\n<script type=\"application\/ld+json\" class=\"yoast-schema-graph\">{\"@context\":\"https:\\\/\\\/schema.org\",\"@graph\":[{\"@type\":\"WebPage\",\"@id\":\"https:\\\/\\\/asianfilmfestival.barcelona\\\/2022\\\/ca\\\/director-letter\\\/\",\"url\":\"https:\\\/\\\/asianfilmfestival.barcelona\\\/2022\\\/ca\\\/director-letter\\\/\",\"name\":\"Director Letter - Asian Film Festival Barcelona\",\"isPartOf\":{\"@id\":\"https:\\\/\\\/asianfilmfestival.barcelona\\\/2022\\\/ca\\\/#website\"},\"datePublished\":\"2022-10-17T17:07:51+00:00\",\"dateModified\":\"2022-10-18T15:50:46+00:00\",\"breadcrumb\":{\"@id\":\"https:\\\/\\\/asianfilmfestival.barcelona\\\/2022\\\/ca\\\/director-letter\\\/#breadcrumb\"},\"inLanguage\":\"ca\",\"potentialAction\":[{\"@type\":\"ReadAction\",\"target\":[\"https:\\\/\\\/asianfilmfestival.barcelona\\\/2022\\\/ca\\\/director-letter\\\/\"]}]},{\"@type\":\"BreadcrumbList\",\"@id\":\"https:\\\/\\\/asianfilmfestival.barcelona\\\/2022\\\/ca\\\/director-letter\\\/#breadcrumb\",\"itemListElement\":[{\"@type\":\"ListItem\",\"position\":1,\"name\":\"Home\",\"item\":\"https:\\\/\\\/asianfilmfestival.barcelona\\\/2022\\\/ca\\\/benvinguda-asian-film-festival-barcelona-2022\\\/\"},{\"@type\":\"ListItem\",\"position\":2,\"name\":\"Director Letter\"}]},{\"@type\":\"WebSite\",\"@id\":\"https:\\\/\\\/asianfilmfestival.barcelona\\\/2022\\\/ca\\\/#website\",\"url\":\"https:\\\/\\\/asianfilmfestival.barcelona\\\/2022\\\/ca\\\/\",\"name\":\"Asian Film Festival Barcelona\",\"description\":\"2022\",\"potentialAction\":[{\"@type\":\"SearchAction\",\"target\":{\"@type\":\"EntryPoint\",\"urlTemplate\":\"https:\\\/\\\/asianfilmfestival.barcelona\\\/2022\\\/ca\\\/?s={search_term_string}\"},\"query-input\":{\"@type\":\"PropertyValueSpecification\",\"valueRequired\":true,\"valueName\":\"search_term_string\"}}],\"inLanguage\":\"ca\"}]}<\/script>\n<!-- \/ Yoast SEO plugin. -->","yoast_head_json":{"title":"Director Letter - Asian Film Festival Barcelona","robots":{"index":"noindex","follow":"follow","max-snippet":"max-snippet:-1","max-image-preview":"max-image-preview:large","max-video-preview":"max-video-preview:-1"},"og_locale":"ca_ES","og_type":"article","og_title":"Director Letter - Asian Film Festival Barcelona","og_url":"https:\/\/asianfilmfestival.barcelona\/2022\/ca\/director-letter\/","og_site_name":"Asian Film Festival Barcelona","article_modified_time":"2022-10-18T15:50:46+00:00","twitter_card":"summary_large_image","twitter_misc":{"Temps estimat de lectura":"11 minuts"},"schema":{"@context":"https:\/\/schema.org","@graph":[{"@type":"WebPage","@id":"https:\/\/asianfilmfestival.barcelona\/2022\/ca\/director-letter\/","url":"https:\/\/asianfilmfestival.barcelona\/2022\/ca\/director-letter\/","name":"Director Letter - Asian Film Festival Barcelona","isPartOf":{"@id":"https:\/\/asianfilmfestival.barcelona\/2022\/ca\/#website"},"datePublished":"2022-10-17T17:07:51+00:00","dateModified":"2022-10-18T15:50:46+00:00","breadcrumb":{"@id":"https:\/\/asianfilmfestival.barcelona\/2022\/ca\/director-letter\/#breadcrumb"},"inLanguage":"ca","potentialAction":[{"@type":"ReadAction","target":["https:\/\/asianfilmfestival.barcelona\/2022\/ca\/director-letter\/"]}]},{"@type":"BreadcrumbList","@id":"https:\/\/asianfilmfestival.barcelona\/2022\/ca\/director-letter\/#breadcrumb","itemListElement":[{"@type":"ListItem","position":1,"name":"Home","item":"https:\/\/asianfilmfestival.barcelona\/2022\/ca\/benvinguda-asian-film-festival-barcelona-2022\/"},{"@type":"ListItem","position":2,"name":"Director Letter"}]},{"@type":"WebSite","@id":"https:\/\/asianfilmfestival.barcelona\/2022\/ca\/#website","url":"https:\/\/asianfilmfestival.barcelona\/2022\/ca\/","name":"Asian Film Festival Barcelona","description":"2022","potentialAction":[{"@type":"SearchAction","target":{"@type":"EntryPoint","urlTemplate":"https:\/\/asianfilmfestival.barcelona\/2022\/ca\/?s={search_term_string}"},"query-input":{"@type":"PropertyValueSpecification","valueRequired":true,"valueName":"search_term_string"}}],"inLanguage":"ca"}]}},"_links":{"self":[{"href":"https:\/\/asianfilmfestival.barcelona\/2022\/ca\/wp-json\/wp\/v2\/pages\/42353","targetHints":{"allow":["GET"]}}],"collection":[{"href":"https:\/\/asianfilmfestival.barcelona\/2022\/ca\/wp-json\/wp\/v2\/pages"}],"about":[{"href":"https:\/\/asianfilmfestival.barcelona\/2022\/ca\/wp-json\/wp\/v2\/types\/page"}],"author":[{"embeddable":true,"href":"https:\/\/asianfilmfestival.barcelona\/2022\/ca\/wp-json\/wp\/v2\/users\/6"}],"replies":[{"embeddable":true,"href":"https:\/\/asianfilmfestival.barcelona\/2022\/ca\/wp-json\/wp\/v2\/comments?post=42353"}],"version-history":[{"count":2,"href":"https:\/\/asianfilmfestival.barcelona\/2022\/ca\/wp-json\/wp\/v2\/pages\/42353\/revisions"}],"predecessor-version":[{"id":42355,"href":"https:\/\/asianfilmfestival.barcelona\/2022\/ca\/wp-json\/wp\/v2\/pages\/42353\/revisions\/42355"}],"wp:attachment":[{"href":"https:\/\/asianfilmfestival.barcelona\/2022\/ca\/wp-json\/wp\/v2\/media?parent=42353"}],"curies":[{"name":"wp","href":"https:\/\/api.w.org\/{rel}","templated":true}]}}