{"id":14477,"date":"2018-07-12T20:50:53","date_gmt":"2018-07-12T18:50:53","guid":{"rendered":"http:\/\/asianfilmfestival.barcelona\/2018\/?page_id=14477"},"modified":"2018-07-12T20:50:53","modified_gmt":"2018-07-12T18:50:53","slug":"politica-de-privacitat","status":"publish","type":"page","link":"https:\/\/asianfilmfestival.barcelona\/2022\/ca\/politica-de-privacitat\/","title":{"rendered":"Pol\u00edtica de privacitat"},"content":{"rendered":"<p><strong>Informaci\u00f3 b\u00e0sica de protecci\u00f3 de dades personals: <\/strong><\/p>\n<p><strong>Responsable del tractament:<\/strong> Consorci Casa \u00c0sia, Pavell\u00f3 Sant Manuel, Recinte Modernista Sant Pau, C\/ Sant Antoni Maria Claret, 167, 08025 Barcelona. M\u00e9s informaci\u00f3 al web de Casa \u00c0sia, <a href=\"http:\/\/www.casaasia.es\">www.casaasia.es<\/a>.<\/p>\n<p><strong>Finalitat: <\/strong>difondre butlletins, gestionar i difondre activitats, cursos, confer\u00e8ncies i seminaris, actes institucionals, exposicions i mostres de cinema organitzats per Casa \u00c0sia.<\/p>\n<p><strong>Legitimaci\u00f3: <\/strong>consentiment de la persona interessada.<\/p>\n<p><strong>Destinataris<\/strong>: les dades no es comunicaran a terceres persones.<\/p>\n<p><strong>Drets de les persones interessades<\/strong>: podeu exercir els vostres drets d\u2019acc\u00e9s, rectificaci\u00f3, supressi\u00f3, oposici\u00f3 al tractament i sol\u00b7licitud de limitaci\u00f3, adre\u00e7ant un escrit a Casa \u00c0sia per correu postal (Pavell\u00f3 Sant Manuel, Recinte Modernista Sant Pau, C\/ Sant Antoni Maria Claret, 167, 08025 Barcelona) o a trav\u00e9s de l\u2019adre\u00e7a electr\u00f2nica <a href=\"mailto:casaasia@casaasia.es\">casaasia@casaasia.es<\/a>. A la sol\u00b7licitud s\u2019ha d\u2019indicar clarament el dret o drets que es vol exercir.<\/p>\n","protected":false},"excerpt":{"rendered":"<p>Informaci\u00f3 b\u00e0sica de protecci\u00f3 de dades personals: Responsable del tractament: Consorci Casa \u00c0sia, Pavell\u00f3 Sant Manuel, Recinte Modernista Sant Pau, C\/ Sant Antoni Maria Claret, 167, 08025 Barcelona. M\u00e9s informaci\u00f3 [&hellip;]<\/p>\n","protected":false},"author":7,"featured_media":0,"parent":0,"menu_order":0,"comment_status":"closed","ping_status":"closed","template":"","meta":{"_acf_changed":false,"footnotes":""},"class_list":["post-14477","page","type-page","status-publish","hentry"],"acf":[],"yoast_head":"<!-- This site is optimized with the Yoast SEO plugin v27.4 - https:\/\/yoast.com\/product\/yoast-seo-wordpress\/ -->\n<title>Pol\u00edtica de privacitat - Asian Film Festival Barcelona<\/title>\n<meta name=\"robots\" content=\"noindex, follow, max-snippet:-1, max-image-preview:large, max-video-preview:-1\" \/>\n<meta property=\"og:locale\" content=\"ca_ES\" \/>\n<meta property=\"og:type\" content=\"article\" \/>\n<meta property=\"og:title\" content=\"Pol\u00edtica de privacitat - Asian Film Festival Barcelona\" \/>\n<meta property=\"og:description\" content=\"Informaci\u00f3 b\u00e0sica de protecci\u00f3 de dades personals: Responsable del tractament: Consorci Casa \u00c0sia, Pavell\u00f3 Sant Manuel, Recinte Modernista Sant Pau, C\/ Sant Antoni Maria Claret, 167, 08025 Barcelona. M\u00e9s informaci\u00f3 [&hellip;]\" \/>\n<meta property=\"og:url\" content=\"https:\/\/asianfilmfestival.barcelona\/2022\/ca\/politica-de-privacitat\/\" \/>\n<meta property=\"og:site_name\" content=\"Asian Film Festival Barcelona\" \/>\n<meta name=\"twitter:card\" content=\"summary_large_image\" \/>\n<meta name=\"twitter:label1\" content=\"Temps estimat de lectura\" \/>\n\t<meta name=\"twitter:data1\" content=\"1 minut\" \/>\n<script type=\"application\/ld+json\" class=\"yoast-schema-graph\">{\"@context\":\"https:\\\/\\\/schema.org\",\"@graph\":[{\"@type\":\"WebPage\",\"@id\":\"https:\\\/\\\/asianfilmfestival.barcelona\\\/2022\\\/ca\\\/politica-de-privacitat\\\/\",\"url\":\"https:\\\/\\\/asianfilmfestival.barcelona\\\/2022\\\/ca\\\/politica-de-privacitat\\\/\",\"name\":\"Pol\u00edtica de privacitat - Asian Film Festival Barcelona\",\"isPartOf\":{\"@id\":\"https:\\\/\\\/asianfilmfestival.barcelona\\\/2022\\\/ca\\\/#website\"},\"datePublished\":\"2018-07-12T18:50:53+00:00\",\"breadcrumb\":{\"@id\":\"https:\\\/\\\/asianfilmfestival.barcelona\\\/2022\\\/ca\\\/politica-de-privacitat\\\/#breadcrumb\"},\"inLanguage\":\"ca\",\"potentialAction\":[{\"@type\":\"ReadAction\",\"target\":[\"https:\\\/\\\/asianfilmfestival.barcelona\\\/2022\\\/ca\\\/politica-de-privacitat\\\/\"]}]},{\"@type\":\"BreadcrumbList\",\"@id\":\"https:\\\/\\\/asianfilmfestival.barcelona\\\/2022\\\/ca\\\/politica-de-privacitat\\\/#breadcrumb\",\"itemListElement\":[{\"@type\":\"ListItem\",\"position\":1,\"name\":\"Home\",\"item\":\"https:\\\/\\\/asianfilmfestival.barcelona\\\/2022\\\/ca\\\/benvinguda-asian-film-festival-barcelona-2022\\\/\"},{\"@type\":\"ListItem\",\"position\":2,\"name\":\"Pol\u00edtica de privacitat\"}]},{\"@type\":\"WebSite\",\"@id\":\"https:\\\/\\\/asianfilmfestival.barcelona\\\/2022\\\/ca\\\/#website\",\"url\":\"https:\\\/\\\/asianfilmfestival.barcelona\\\/2022\\\/ca\\\/\",\"name\":\"Asian Film Festival Barcelona\",\"description\":\"2022\",\"potentialAction\":[{\"@type\":\"SearchAction\",\"target\":{\"@type\":\"EntryPoint\",\"urlTemplate\":\"https:\\\/\\\/asianfilmfestival.barcelona\\\/2022\\\/ca\\\/?s={search_term_string}\"},\"query-input\":{\"@type\":\"PropertyValueSpecification\",\"valueRequired\":true,\"valueName\":\"search_term_string\"}}],\"inLanguage\":\"ca\"}]}<\/script>\n<!-- \/ Yoast SEO plugin. -->","yoast_head_json":{"title":"Pol\u00edtica de privacitat - Asian Film Festival Barcelona","robots":{"index":"noindex","follow":"follow","max-snippet":"max-snippet:-1","max-image-preview":"max-image-preview:large","max-video-preview":"max-video-preview:-1"},"og_locale":"ca_ES","og_type":"article","og_title":"Pol\u00edtica de privacitat - Asian Film Festival Barcelona","og_description":"Informaci\u00f3 b\u00e0sica de protecci\u00f3 de dades personals: Responsable del tractament: Consorci Casa \u00c0sia, Pavell\u00f3 Sant Manuel, Recinte Modernista Sant Pau, C\/ Sant Antoni Maria Claret, 167, 08025 Barcelona. M\u00e9s informaci\u00f3 [&hellip;]","og_url":"https:\/\/asianfilmfestival.barcelona\/2022\/ca\/politica-de-privacitat\/","og_site_name":"Asian Film Festival Barcelona","twitter_card":"summary_large_image","twitter_misc":{"Temps estimat de lectura":"1 minut"},"schema":{"@context":"https:\/\/schema.org","@graph":[{"@type":"WebPage","@id":"https:\/\/asianfilmfestival.barcelona\/2022\/ca\/politica-de-privacitat\/","url":"https:\/\/asianfilmfestival.barcelona\/2022\/ca\/politica-de-privacitat\/","name":"Pol\u00edtica de privacitat - Asian Film Festival Barcelona","isPartOf":{"@id":"https:\/\/asianfilmfestival.barcelona\/2022\/ca\/#website"},"datePublished":"2018-07-12T18:50:53+00:00","breadcrumb":{"@id":"https:\/\/asianfilmfestival.barcelona\/2022\/ca\/politica-de-privacitat\/#breadcrumb"},"inLanguage":"ca","potentialAction":[{"@type":"ReadAction","target":["https:\/\/asianfilmfestival.barcelona\/2022\/ca\/politica-de-privacitat\/"]}]},{"@type":"BreadcrumbList","@id":"https:\/\/asianfilmfestival.barcelona\/2022\/ca\/politica-de-privacitat\/#breadcrumb","itemListElement":[{"@type":"ListItem","position":1,"name":"Home","item":"https:\/\/asianfilmfestival.barcelona\/2022\/ca\/benvinguda-asian-film-festival-barcelona-2022\/"},{"@type":"ListItem","position":2,"name":"Pol\u00edtica de privacitat"}]},{"@type":"WebSite","@id":"https:\/\/asianfilmfestival.barcelona\/2022\/ca\/#website","url":"https:\/\/asianfilmfestival.barcelona\/2022\/ca\/","name":"Asian Film Festival Barcelona","description":"2022","potentialAction":[{"@type":"SearchAction","target":{"@type":"EntryPoint","urlTemplate":"https:\/\/asianfilmfestival.barcelona\/2022\/ca\/?s={search_term_string}"},"query-input":{"@type":"PropertyValueSpecification","valueRequired":true,"valueName":"search_term_string"}}],"inLanguage":"ca"}]}},"_links":{"self":[{"href":"https:\/\/asianfilmfestival.barcelona\/2022\/ca\/wp-json\/wp\/v2\/pages\/14477","targetHints":{"allow":["GET"]}}],"collection":[{"href":"https:\/\/asianfilmfestival.barcelona\/2022\/ca\/wp-json\/wp\/v2\/pages"}],"about":[{"href":"https:\/\/asianfilmfestival.barcelona\/2022\/ca\/wp-json\/wp\/v2\/types\/page"}],"author":[{"embeddable":true,"href":"https:\/\/asianfilmfestival.barcelona\/2022\/ca\/wp-json\/wp\/v2\/users\/7"}],"replies":[{"embeddable":true,"href":"https:\/\/asianfilmfestival.barcelona\/2022\/ca\/wp-json\/wp\/v2\/comments?post=14477"}],"version-history":[{"count":2,"href":"https:\/\/asianfilmfestival.barcelona\/2022\/ca\/wp-json\/wp\/v2\/pages\/14477\/revisions"}],"predecessor-version":[{"id":14479,"href":"https:\/\/asianfilmfestival.barcelona\/2022\/ca\/wp-json\/wp\/v2\/pages\/14477\/revisions\/14479"}],"wp:attachment":[{"href":"https:\/\/asianfilmfestival.barcelona\/2022\/ca\/wp-json\/wp\/v2\/media?parent=14477"}],"curies":[{"name":"wp","href":"https:\/\/api.w.org\/{rel}","templated":true}]}}