{"id":7134,"date":"2016-09-08T15:07:13","date_gmt":"2016-09-08T13:07:13","guid":{"rendered":"http:\/\/asianfilmfestival.barcelona\/2018\/es\/?page_id=7134"},"modified":"2021-10-26T11:47:20","modified_gmt":"2021-10-26T09:47:20","slug":"entradas","status":"publish","type":"page","link":"https:\/\/asianfilmfestival.barcelona\/2021\/es\/entradas\/","title":{"rendered":"ENTRADAS"},"content":{"rendered":"<div id='full_slider_1'  class='avia-fullwidth-slider main_color avia-shadow   avia-builder-el-0  el_before_av_textblock  avia-builder-el-first   container_wrap fullsize' style=' '  ><div   data-size='featured'  data-lightbox_size='large'  data-animation='fade'  data-conditional_play=''  data-ids='16033'  data-video_counter='0'  data-autoplay='false'  data-bg_slider='false'  data-slide_height=''  data-handle='av_slideshow_full'  data-interval='5'  data-class=' '  data-el_id=''  data-css_id=''  data-scroll_down=''  data-control_layout='av-control-default'  data-custom_markup=''  data-perma_caption=''  data-autoplay_stopper=''  data-image_attachment=''  data-min_height='0px'  data-lazy_loading='disabled'  data-src=''  data-position='top left'  data-repeat='no-repeat'  data-attach='scroll'  data-stretch=''  data-default-height='28.666666666667'  class='avia-slideshow avia-slideshow-1  av-control-default av-default-height-applied avia-slideshow-featured av_slideshow_full   avia-fade-slider '  itemprop=\"image\" itemscope=\"itemscope\" itemtype=\"https:\/\/schema.org\/ImageObject\" ><ul class='avia-slideshow-inner ' style='padding-bottom: 23.333333333333%;' ><li  class=' av-single-slide slide-1 ' ><div data-rel='slideshow-1' class='avia-slide-wrap '   ><div class = \"caption_fullwidth av-slideshow-caption caption_bottom\"><div class = \"container caption_container\"><div class = \"slideshow_caption\"><div class = \"slideshow_inner_caption\"><div class = \"slideshow_align_caption\"><h2  style='font-size:90px; ' class='avia-caption-title  '  itemprop=\"name\" >Entradas<\/h2><\/div><\/div><\/div><\/div><\/div><img decoding=\"async\" class=\"wp-image-16033 avia-img-lazy-loading-not-16033\"  src=\"https:\/\/asianfilmfestival.barcelona\/2021\/wp-content\/uploads\/2018\/10\/BANNER-TICKETS-new-1500x350.jpg\" width=\"1500\" height=\"350\" title='BANNER-TICKETS-new' alt=''  itemprop=\"thumbnailUrl\"   \/><\/div><\/li><\/ul><\/div><\/div><div id='after_full_slider_1'  class='main_color av_default_container_wrap container_wrap fullsize' style=' '  ><div class='container' ><div class='template-page content  av-content-full alpha units'><div class='post-entry post-entry-type-page post-entry-7134'><div class='entry-content-wrapper clearfix'>\n<section class=\"av_textblock_section \"  itemscope=\"itemscope\" itemtype=\"https:\/\/schema.org\/CreativeWork\" ><div class='avia_textblock  '   itemprop=\"text\" ><h2 style=\"text-align: center;\">Sedes y compra de entradas<\/h2>\n<\/div><\/section>\n<div class=\"flex_column av_one_half  flex_column_div av-zero-column-padding first  avia-builder-el-2  el_after_av_textblock  el_before_av_one_half  column-top-margin\" style='border-radius:0px; '><section class=\"av_textblock_section \"  itemscope=\"itemscope\" itemtype=\"https:\/\/schema.org\/CreativeWork\" ><div class='avia_textblock  av_inherit_color '  style='font-size:36px; color:#d32e1b; '  itemprop=\"text\" ><h2 style=\"text-align: left;\">CAIXAFORUM<\/h2>\n<\/div><\/section><br \/>\n<div  style=' margin-top:10px; margin-bottom:10px;'  class='hr hr-custom hr-left hr-icon-no   avia-builder-el-4  el_after_av_textblock  el_before_av_icon_box '><span class='hr-inner  inner-border-av-border-thin' style=' width:100%; border-color:#999999;' ><span class='hr-inner-style'><\/span><\/span><\/div><br \/>\n<article  class=\"iconbox iconbox_left    avia-builder-el-5  el_after_av_hr  el_before_av_icon_box  \"  itemscope=\"itemscope\" itemtype=\"https:\/\/schema.org\/CreativeWork\" ><div class=\"iconbox_content\"><header class=\"entry-content-header\"><div class=\"iconbox_icon heading-color\" aria-hidden='true' data-av_icon='\ue842' data-av_iconfont='entypo-fontello'  ><\/div><h3 class='iconbox_content_title  '  itemprop=\"headline\"  >PUNTOS DE VENTA:<\/h3><\/header><div class='iconbox_content_container  '  itemprop=\"text\"  ><p><span style=\"line-height: 1.5;\">Av. Francesc Ferrer i Gu\u00e0rdia, 6-8<br \/>\n(Metro PL. Espanya, L1, L3) <a href=\"https:\/\/www.google.es\/maps\/place\/CaixaForum+Barcelona\/@41.371308,2.1473863,17z\/data=!3m2!4b1!5s0x12a4a279e36361fd:0xb22ccd0f906530a0!4m5!3m4!1s0x12a4a277563a5425:0x8d041ff3aaae5e21!8m2!3d41.371308!4d2.149575\">Ver mapa<\/a><\/span><\/p>\n<p><span style=\"line-height: 1.5;\"> Tel. 93 476 86 00<\/span><\/p>\n<p>Online en:\u00a0<a href=\"https:\/\/caixaforum.org\/es\/barcelona\/p\/wheel-of-fortune-and-fantasy_a37763454\" target=\"_blank\" rel=\"noopener\">Caixa Forum<\/a><\/p>\n<p>De lunes a domingos y festivos de 10 a 20h.<\/p>\n<\/div><\/div><footer class=\"entry-footer\"><\/footer><\/article><br \/>\n<article  class=\"iconbox iconbox_left    avia-builder-el-6  el_after_av_icon_box  el_before_av_button  \"  itemscope=\"itemscope\" itemtype=\"https:\/\/schema.org\/CreativeWork\" ><div class=\"iconbox_content\"><header class=\"entry-content-header\"><div class=\"iconbox_icon heading-color\" aria-hidden='true' data-av_icon='\ue8cf' data-av_iconfont='entypo-fontello'  ><\/div><h3 class='iconbox_content_title  '  itemprop=\"headline\"  >PRECIOS:<\/h3><\/header><div class='iconbox_content_container  '  itemprop=\"text\"  ><p>Entrada General: <strong>4 \u20ac<\/strong><\/p>\n<p>Entrada para clientes de CaixaBank y socios de Casa Asia: <strong>2 \u20ac<\/strong><\/p>\n<\/div><\/div><footer class=\"entry-footer\"><\/footer><\/article><br \/>\n<div  class='avia-button-wrap avia-button-left  avia-builder-el-7  el_after_av_icon_box  avia-builder-el-last ' ><a href='https:\/\/caixaforum.org\/es\/barcelona' class='avia-button  avia-color-theme-color   avia-icon_select-no avia-size-large avia-position-left ' target=\"_blank\" rel=\"noopener noreferrer\"><span class='avia_iconbox_title' >COMPRAR ENTRADAS<\/span><\/a><\/div><\/p><\/div>\n<div class=\"flex_column av_one_half  flex_column_div av-zero-column-padding   avia-builder-el-8  el_after_av_one_half  el_before_av_one_half  column-top-margin\" style='border-radius:0px; '><section class=\"av_textblock_section \"  itemscope=\"itemscope\" itemtype=\"https:\/\/schema.org\/CreativeWork\" ><div class='avia_textblock  av_inherit_color '  style='font-size:36px; color:#d32e1b; '  itemprop=\"text\" ><h2 class=\"content-box-heading fusion-responsive-typography-calculated\" data-fontsize=\"24\" data-lineheight=\"29.0333px\">INSTITUT FRAN\u00c7AIS DE BARCELONA<\/h2>\n<\/div><\/section><br \/>\n<div  style=' margin-top:10px; margin-bottom:10px;'  class='hr hr-custom hr-center hr-icon-no   avia-builder-el-10  el_after_av_textblock  el_before_av_icon_box '><span class='hr-inner  inner-border-av-border-thin' style=' width:100%; border-color:#999999;' ><span class='hr-inner-style'><\/span><\/span><\/div><br \/>\n<article  class=\"iconbox iconbox_left    avia-builder-el-11  el_after_av_hr  el_before_av_icon_box  \"  itemscope=\"itemscope\" itemtype=\"https:\/\/schema.org\/CreativeWork\" ><div class=\"iconbox_content\"><header class=\"entry-content-header\"><div class=\"iconbox_icon heading-color\" aria-hidden='true' data-av_icon='\ue842' data-av_iconfont='entypo-fontello'  ><\/div><h3 class='iconbox_content_title  '  itemprop=\"headline\"  >PUNTOS DE VENTA:<\/h3><\/header><div class='iconbox_content_container  '  itemprop=\"text\"  ><p><span class=\"s1\">Carrer de Moi\u00e0, 8, 08006 Barcelona <\/span><span class=\"s1\">(FGC <span role=\"link\" aria-label=\"Truca al n\u00famero de tel\u00e8fon 935 67 77 77\">Gr\u00e0cia o Proven\u00e7a<\/span>) <a href=\"https:\/\/www.google.es\/maps\/place\/Cinemes+Girona\/@41.3816375,2.1556021,16z\/data=%214m5%213m4%211s0x12a4a2eacb212d33:0xafd1ea602167414d%218m2%213d41.3996576%214d2.1645592\" target=\"_blank\" rel=\"noopener noreferrer\">Ver mapa<\/a><\/span><\/p>\n<p><span class=\"s1\">Tel. <span role=\"link\" aria-label=\"Truca al n\u00famero de tel\u00e8fon 935 67 77 77\">935 67 77 77<\/span><\/span><\/p>\n<p><span class=\"s1\">Online en: <a href=\"https:\/\/www.institutfrancais.es\/barcelona\/eventos\/nuestros-eventos\/?categories=cine\">Institut Fran\u00e7ais de Barcelona<\/a><\/span><\/p>\n<\/div><\/div><footer class=\"entry-footer\"><\/footer><\/article><br \/>\n<article  class=\"iconbox iconbox_left    avia-builder-el-12  el_after_av_icon_box  el_before_av_button  \"  itemscope=\"itemscope\" itemtype=\"https:\/\/schema.org\/CreativeWork\" ><div class=\"iconbox_content\"><header class=\"entry-content-header\"><div class=\"iconbox_icon heading-color\" aria-hidden='true' data-av_icon='\ue8cf' data-av_iconfont='entypo-fontello'  ><\/div><h3 class='iconbox_content_title  '  itemprop=\"headline\"  >PRECIOS:<\/h3><\/header><div class='iconbox_content_container  '  itemprop=\"text\"  ><p><span style=\"line-height: 1.5;\"><span class=\"s1\">Entrada Online: <strong>4 \u20ac<\/strong><\/span><\/span><\/p>\n<p><span style=\"line-height: 1.5;\"><span class=\"s1\">Entrada en la misma sede antes de la proyecci\u00f3n de la pel\u00edcula: <strong>5 \u20ac<\/strong><\/span><\/span><\/p>\n<\/div><\/div><footer class=\"entry-footer\"><\/footer><\/article><br \/>\n<div  class='avia-button-wrap avia-button-left  avia-builder-el-13  el_after_av_icon_box  avia-builder-el-last ' ><a href='https:\/\/www.institutfrancais.es\/barcelona\/' class='avia-button  avia-color-theme-color   avia-icon_select-no avia-size-large avia-position-left ' target=\"_blank\" rel=\"noopener noreferrer\"><span class='avia_iconbox_title' >COMPRAR ENTRADAS<\/span><\/a><\/div><\/p><\/div>\n<div class=\"flex_column av_one_half  flex_column_div av-zero-column-padding first  avia-builder-el-14  el_after_av_one_half  el_before_av_one_half  column-top-margin\" style='border-radius:0px; '><section class=\"av_textblock_section \"  itemscope=\"itemscope\" itemtype=\"https:\/\/schema.org\/CreativeWork\" ><div class='avia_textblock  av_inherit_color '  style='font-size:36px; color:#d32e1b; '  itemprop=\"text\" ><h2 style=\"text-align: left;\">CINEMES GIRONA<\/h2>\n<\/div><\/section><br \/>\n<div  style=' margin-top:10px; margin-bottom:10px;'  class='hr hr-custom hr-left hr-icon-no   avia-builder-el-16  el_after_av_textblock  el_before_av_icon_box '><span class='hr-inner  inner-border-av-border-thin' style=' width:100%; border-color:#999999;' ><span class='hr-inner-style'><\/span><\/span><\/div><br \/>\n<article  class=\"iconbox iconbox_left    avia-builder-el-17  el_after_av_hr  el_before_av_icon_box  \"  itemscope=\"itemscope\" itemtype=\"https:\/\/schema.org\/CreativeWork\" ><div class=\"iconbox_content\"><header class=\"entry-content-header\"><div class=\"iconbox_icon heading-color\" aria-hidden='true' data-av_icon='\ue842' data-av_iconfont='entypo-fontello'  ><\/div><h3 class='iconbox_content_title  '  itemprop=\"headline\"  >PUNTOS DE VENTA:<\/h3><\/header><div class='iconbox_content_container  '  itemprop=\"text\"  ><p><span style=\"line-height: 1.5;\">Carrer de Girona, 175 (Metro Verdaguer, L5) <a href=\"https:\/\/www.google.es\/maps\/place\/Cinemes+Girona\/@41.3816375,2.1556021,16z\/data=%214m5%213m4%211s0x12a4a2eacb212d33:0xafd1ea602167414d%218m2%213d41.3996576%214d2.1645592\" target=\"_blank\" rel=\"noopener noreferrer\">Ver Mapa<\/a><\/span><\/p>\n<p><span style=\"line-height: 1.5;\">Tel. 93 118 45 31<\/span><\/p>\n<p><span style=\"line-height: 1.5;\">Online en: <a href=\"http:\/\/www.cinemesgirona.cat\/cartelera\/affbcn\" target=\"_blank\" rel=\"noopener\">Cinemes Girona<\/a><\/span><\/p>\n<\/div><\/div><footer class=\"entry-footer\"><\/footer><\/article><br \/>\n<article  class=\"iconbox iconbox_left    avia-builder-el-18  el_after_av_icon_box  el_before_av_button  \"  itemscope=\"itemscope\" itemtype=\"https:\/\/schema.org\/CreativeWork\" ><div class=\"iconbox_content\"><header class=\"entry-content-header\"><div class=\"iconbox_icon heading-color\" aria-hidden='true' data-av_icon='\ue8cf' data-av_iconfont='entypo-fontello'  ><\/div><h3 class='iconbox_content_title  '  itemprop=\"headline\"  >PRECIOS:<\/h3><\/header><div class='iconbox_content_container  '  itemprop=\"text\"  ><div class=\"iconbox_content_container \">\n<p>Entrada general:<strong> 6 \u20ac<\/strong><\/p>\n<p>Entrada para socios, abonados y estudiantes, bibliotecas y otros: <strong>5 \u20ac<\/strong><\/p>\n<p>Abono 5 pel\u00edculas: <strong>23 \u20ac<\/strong><\/p>\n<p>Abono 10 pel\u00edculas: <strong>40 \u20ac<\/strong><\/p>\n<\/div>\n<\/div><\/div><footer class=\"entry-footer\"><\/footer><\/article><br \/>\n<div  class='avia-button-wrap avia-button-left  avia-builder-el-19  el_after_av_icon_box  avia-builder-el-last ' ><a href='http:\/\/girona.admit-one.eu\/' class='avia-button  avia-color-theme-color   avia-icon_select-no avia-size-large avia-position-left ' target=\"_blank\" rel=\"noopener noreferrer\"><span class='avia_iconbox_title' >COMPRAR ENTRADAS<\/span><\/a><\/div><\/p><\/div>\n<div class=\"flex_column av_one_half  flex_column_div av-zero-column-padding   avia-builder-el-20  el_after_av_one_half  el_before_av_one_half  column-top-margin\" style='border-radius:0px; '><section class=\"av_textblock_section \"  itemscope=\"itemscope\" itemtype=\"https:\/\/schema.org\/CreativeWork\" ><div class='avia_textblock  av_inherit_color '  style='font-size:36px; color:#d32e1b; '  itemprop=\"text\" ><h2 style=\"text-align: left;\">FILMOTECA DE CATALUNYA<\/h2>\n<\/div><\/section><br \/>\n<div  style=' margin-top:10px; margin-bottom:10px;'  class='hr hr-custom hr-center hr-icon-no   avia-builder-el-22  el_after_av_textblock  el_before_av_icon_box '><span class='hr-inner  inner-border-av-border-thin' style=' width:100%; border-color:#999999;' ><span class='hr-inner-style'><\/span><\/span><\/div><br \/>\n<article  class=\"iconbox iconbox_left    avia-builder-el-23  el_after_av_hr  el_before_av_icon_box  \"  itemscope=\"itemscope\" itemtype=\"https:\/\/schema.org\/CreativeWork\" ><div class=\"iconbox_content\"><header class=\"entry-content-header\"><div class=\"iconbox_icon heading-color\" aria-hidden='true' data-av_icon='\ue842' data-av_iconfont='entypo-fontello'  ><\/div><h3 class='iconbox_content_title  '  itemprop=\"headline\"  >PUNTOS DE VENTA:<\/h3><\/header><div class='iconbox_content_container  '  itemprop=\"text\"  ><p><span style=\"line-height: 1.5;\">Pla\u00e7a Salvador Segu\u00ed, 1-9 (Metro L3 Liceu \/ L2 Paral\u00b7lel, Bus 21 \/ 24 \/ 59 \/ 88 \/ 91 \/ D20 \/ H14 \/ V11 \/ V13)\u00a0 <a href=\"https:\/\/www.google.es\/maps\/place\/Cinemes+Girona\/@41.3816375,2.1556021,16z\/data=%214m5%213m4%211s0x12a4a2eacb212d33:0xafd1ea602167414d%218m2%213d41.3996576%214d2.1645592\" target=\"_blank\" rel=\"noopener noreferrer\">Ver Mapa<\/a><\/span><\/p>\n<p><span style=\"line-height: 1.5;\">Tel. <span class=\"_Xbe _ZWk kno-fv\">93 567 10 70<\/span><br \/>\n<\/span><\/p>\n<\/div><\/div><footer class=\"entry-footer\"><\/footer><\/article><br \/>\n<article  class=\"iconbox iconbox_left    avia-builder-el-24  el_after_av_icon_box  el_before_av_button  \"  itemscope=\"itemscope\" itemtype=\"https:\/\/schema.org\/CreativeWork\" ><div class=\"iconbox_content\"><header class=\"entry-content-header\"><div class=\"iconbox_icon heading-color\" aria-hidden='true' data-av_icon='\ue8cf' data-av_iconfont='entypo-fontello'  ><\/div><h3 class='iconbox_content_title  '  itemprop=\"headline\"  >PRECIOS<\/h3><\/header><div class='iconbox_content_container  '  itemprop=\"text\"  ><div class=\"iconbox_content_container \">\n<p>Entrada individual: <strong>4 \u20ac<\/strong><\/p>\n<p>Entrada reducida*: <strong>3 \u20ac<\/strong><\/p>\n<p>Entrada programaci\u00f3n infantil: <strong>2 \u20ac<\/strong><\/p>\n<p>(ni\u00f1os hasta 12 a\u00f1os + tarifa reducida para dos acompa\u00f1antes)<\/p>\n<p>Con Carnet Club Super3, entrada gratuita para el titular del carnet + tarifa reducida para dos acompa\u00f1antes<\/p>\n<p>Filmo 10 (v\u00e1lido para 10 sesiones): <strong>20 \u20ac<\/strong><\/p>\n<\/div>\n<p>*Entrada reducida:<br \/>\nEstudiantes, parados, jubilados, t\u00edtulos de familia numerosa o monoparental, titulares del Carnet Jove o de l\u2019European Youth Card, titulares del Carnet de la Xarxa de Biblioteques P\u00fabliques y a personas con discapacidad f\u00edsica, ps\u00edquica o sensorial en un grado reconocido igual o superior al 33%.<\/p>\n<\/div><\/div><footer class=\"entry-footer\"><\/footer><\/article><br \/>\n<div  class='avia-button-wrap avia-button-left  avia-builder-el-25  el_after_av_icon_box  avia-builder-el-last ' ><a href='https:\/\/www.filmoteca.cat\/web\/es' class='avia-button  avia-color-theme-color   avia-icon_select-no avia-size-large avia-position-left ' target=\"_blank\" rel=\"noopener noreferrer\"><span class='avia_iconbox_title' >COMPRAR ENTRADAS<\/span><\/a><\/div><\/p><\/div>\n<div class=\"flex_column av_one_half  flex_column_div av-zero-column-padding first  avia-builder-el-26  el_after_av_one_half  avia-builder-el-last  column-top-margin\" style='border-radius:0px; '><section class=\"av_textblock_section \"  itemscope=\"itemscope\" itemtype=\"https:\/\/schema.org\/CreativeWork\" ><div class='avia_textblock  av_inherit_color '  style='font-size:36px; color:#d32e1b; '  itemprop=\"text\" ><h2 style=\"text-align: left;\">FILMIN<\/h2>\n<\/div><\/section><br \/>\n<div  style=' margin-top:10px; margin-bottom:10px;'  class='hr hr-custom hr-left hr-icon-no   avia-builder-el-28  el_after_av_textblock  el_before_av_icon_box '><span class='hr-inner  inner-border-av-border-thin' style=' width:100%; border-color:#999999;' ><span class='hr-inner-style'><\/span><\/span><\/div><br \/>\n<article  class=\"iconbox iconbox_left    avia-builder-el-29  el_after_av_hr  el_before_av_icon_box  \"  itemscope=\"itemscope\" itemtype=\"https:\/\/schema.org\/CreativeWork\" ><div class=\"iconbox_content\"><header class=\"entry-content-header\"><div class=\"iconbox_icon heading-color\" aria-hidden='true' data-av_icon='\ue842' data-av_iconfont='entypo-fontello'  ><\/div><h3 class='iconbox_content_title  '  itemprop=\"headline\"  >PUNTOS DE VENTA:<\/h3><\/header><div class='iconbox_content_container  '  itemprop=\"text\"  ><p><span style=\"line-height: 1.5;\">Compra tus entradas on line en: <a href=\"https:\/\/www.filmin.es\/festival\/asian-film-festival\">www.filmin.es \u00a0<\/a><\/span><\/p>\n<\/div><\/div><footer class=\"entry-footer\"><\/footer><\/article><br \/>\n<article  class=\"iconbox iconbox_left    avia-builder-el-30  el_after_av_icon_box  el_before_av_button  \"  itemscope=\"itemscope\" itemtype=\"https:\/\/schema.org\/CreativeWork\" ><div class=\"iconbox_content\"><header class=\"entry-content-header\"><div class=\"iconbox_icon heading-color\" aria-hidden='true' data-av_icon='\ue8cf' data-av_iconfont='entypo-fontello'  ><\/div><h3 class='iconbox_content_title  '  itemprop=\"headline\"  >PRECIOS:<\/h3><\/header><div class='iconbox_content_container  '  itemprop=\"text\"  ><p>Pack de suscripci\u00f3n: <strong>15\u20ac<\/strong><\/p>\n<p>Alquila una pel\u00edcula durante 72 h: <strong>3,95\u20ac<\/strong><\/p>\n<\/div><\/div><footer class=\"entry-footer\"><\/footer><\/article><br \/>\n<div  class='avia-button-wrap avia-button-left  avia-builder-el-31  el_after_av_icon_box  avia-builder-el-last ' ><a href='https:\/\/www.filmin.es\/festivales' class='avia-button  avia-color-theme-color   avia-icon_select-no avia-size-large avia-position-left ' target=\"_blank\" rel=\"noopener noreferrer\"><span class='avia_iconbox_title' >COMPRAR ENTRADAS<\/span><\/a><\/div><\/p><\/div>\n","protected":false},"excerpt":{"rendered":"","protected":false},"author":3,"featured_media":0,"parent":0,"menu_order":0,"comment_status":"closed","ping_status":"closed","template":"","meta":{"footnotes":""},"class_list":["post-7134","page","type-page","status-publish","hentry"],"yoast_head":"<!-- This site is optimized with the Yoast SEO plugin v26.2 - https:\/\/yoast.com\/wordpress\/plugins\/seo\/ -->\n<title>ENTRADAS - Asian Film Festival Barcelona<\/title>\n<meta name=\"robots\" content=\"index, follow, max-snippet:-1, max-image-preview:large, max-video-preview:-1\" \/>\n<link rel=\"canonical\" href=\"https:\/\/asianfilmfestival.barcelona\/2021\/es\/entradas\/\" \/>\n<meta property=\"og:locale\" content=\"es_ES\" \/>\n<meta property=\"og:type\" content=\"article\" \/>\n<meta property=\"og:title\" content=\"ENTRADAS - Asian Film Festival Barcelona\" \/>\n<meta property=\"og:url\" content=\"https:\/\/asianfilmfestival.barcelona\/2021\/es\/entradas\/\" \/>\n<meta property=\"og:site_name\" content=\"Asian Film Festival Barcelona\" \/>\n<meta property=\"article:modified_time\" content=\"2021-10-26T09:47:20+00:00\" \/>\n<meta name=\"twitter:card\" content=\"summary_large_image\" \/>\n<meta name=\"twitter:label1\" content=\"Tiempo de lectura\" \/>\n\t<meta name=\"twitter:data1\" content=\"5 minutos\" \/>\n<script type=\"application\/ld+json\" class=\"yoast-schema-graph\">{\"@context\":\"https:\/\/schema.org\",\"@graph\":[{\"@type\":\"WebPage\",\"@id\":\"https:\/\/asianfilmfestival.barcelona\/2021\/es\/entradas\/\",\"url\":\"https:\/\/asianfilmfestival.barcelona\/2021\/es\/entradas\/\",\"name\":\"ENTRADAS - Asian Film Festival Barcelona\",\"isPartOf\":{\"@id\":\"https:\/\/asianfilmfestival.barcelona\/2021\/#website\"},\"datePublished\":\"2016-09-08T13:07:13+00:00\",\"dateModified\":\"2021-10-26T09:47:20+00:00\",\"breadcrumb\":{\"@id\":\"https:\/\/asianfilmfestival.barcelona\/2021\/es\/entradas\/#breadcrumb\"},\"inLanguage\":\"es\",\"potentialAction\":[{\"@type\":\"ReadAction\",\"target\":[\"https:\/\/asianfilmfestival.barcelona\/2021\/es\/entradas\/\"]}]},{\"@type\":\"BreadcrumbList\",\"@id\":\"https:\/\/asianfilmfestival.barcelona\/2021\/es\/entradas\/#breadcrumb\",\"itemListElement\":[{\"@type\":\"ListItem\",\"position\":1,\"name\":\"Home\",\"item\":\"https:\/\/asianfilmfestival.barcelona\/2021\/es\/\"},{\"@type\":\"ListItem\",\"position\":2,\"name\":\"ENTRADAS\"}]},{\"@type\":\"WebSite\",\"@id\":\"https:\/\/asianfilmfestival.barcelona\/2021\/#website\",\"url\":\"https:\/\/asianfilmfestival.barcelona\/2021\/\",\"name\":\"Asian Film Festival Barcelona\",\"description\":\"2017\",\"potentialAction\":[{\"@type\":\"SearchAction\",\"target\":{\"@type\":\"EntryPoint\",\"urlTemplate\":\"https:\/\/asianfilmfestival.barcelona\/2021\/?s={search_term_string}\"},\"query-input\":{\"@type\":\"PropertyValueSpecification\",\"valueRequired\":true,\"valueName\":\"search_term_string\"}}],\"inLanguage\":\"es\"}]}<\/script>\n<!-- \/ Yoast SEO plugin. -->","yoast_head_json":{"title":"ENTRADAS - Asian Film Festival Barcelona","robots":{"index":"index","follow":"follow","max-snippet":"max-snippet:-1","max-image-preview":"max-image-preview:large","max-video-preview":"max-video-preview:-1"},"canonical":"https:\/\/asianfilmfestival.barcelona\/2021\/es\/entradas\/","og_locale":"es_ES","og_type":"article","og_title":"ENTRADAS - Asian Film Festival Barcelona","og_url":"https:\/\/asianfilmfestival.barcelona\/2021\/es\/entradas\/","og_site_name":"Asian Film Festival Barcelona","article_modified_time":"2021-10-26T09:47:20+00:00","twitter_card":"summary_large_image","twitter_misc":{"Tiempo de lectura":"5 minutos"},"schema":{"@context":"https:\/\/schema.org","@graph":[{"@type":"WebPage","@id":"https:\/\/asianfilmfestival.barcelona\/2021\/es\/entradas\/","url":"https:\/\/asianfilmfestival.barcelona\/2021\/es\/entradas\/","name":"ENTRADAS - Asian Film Festival Barcelona","isPartOf":{"@id":"https:\/\/asianfilmfestival.barcelona\/2021\/#website"},"datePublished":"2016-09-08T13:07:13+00:00","dateModified":"2021-10-26T09:47:20+00:00","breadcrumb":{"@id":"https:\/\/asianfilmfestival.barcelona\/2021\/es\/entradas\/#breadcrumb"},"inLanguage":"es","potentialAction":[{"@type":"ReadAction","target":["https:\/\/asianfilmfestival.barcelona\/2021\/es\/entradas\/"]}]},{"@type":"BreadcrumbList","@id":"https:\/\/asianfilmfestival.barcelona\/2021\/es\/entradas\/#breadcrumb","itemListElement":[{"@type":"ListItem","position":1,"name":"Home","item":"https:\/\/asianfilmfestival.barcelona\/2021\/es\/"},{"@type":"ListItem","position":2,"name":"ENTRADAS"}]},{"@type":"WebSite","@id":"https:\/\/asianfilmfestival.barcelona\/2021\/#website","url":"https:\/\/asianfilmfestival.barcelona\/2021\/","name":"Asian Film Festival Barcelona","description":"2017","potentialAction":[{"@type":"SearchAction","target":{"@type":"EntryPoint","urlTemplate":"https:\/\/asianfilmfestival.barcelona\/2021\/?s={search_term_string}"},"query-input":{"@type":"PropertyValueSpecification","valueRequired":true,"valueName":"search_term_string"}}],"inLanguage":"es"}]}},"_links":{"self":[{"href":"https:\/\/asianfilmfestival.barcelona\/2021\/es\/wp-json\/wp\/v2\/pages\/7134","targetHints":{"allow":["GET"]}}],"collection":[{"href":"https:\/\/asianfilmfestival.barcelona\/2021\/es\/wp-json\/wp\/v2\/pages"}],"about":[{"href":"https:\/\/asianfilmfestival.barcelona\/2021\/es\/wp-json\/wp\/v2\/types\/page"}],"author":[{"embeddable":true,"href":"https:\/\/asianfilmfestival.barcelona\/2021\/es\/wp-json\/wp\/v2\/users\/3"}],"replies":[{"embeddable":true,"href":"https:\/\/asianfilmfestival.barcelona\/2021\/es\/wp-json\/wp\/v2\/comments?post=7134"}],"version-history":[{"count":49,"href":"https:\/\/asianfilmfestival.barcelona\/2021\/es\/wp-json\/wp\/v2\/pages\/7134\/revisions"}],"predecessor-version":[{"id":36220,"href":"https:\/\/asianfilmfestival.barcelona\/2021\/es\/wp-json\/wp\/v2\/pages\/7134\/revisions\/36220"}],"wp:attachment":[{"href":"https:\/\/asianfilmfestival.barcelona\/2021\/es\/wp-json\/wp\/v2\/media?parent=7134"}],"curies":[{"name":"wp","href":"https:\/\/api.w.org\/{rel}","templated":true}]}}