{"id":5920,"date":"2016-10-03T11:40:59","date_gmt":"2016-10-03T09:40:59","guid":{"rendered":"http:\/\/asianfilmfestival.barcelona\/2018\/es\/?page_id=5920"},"modified":"2021-10-27T11:45:07","modified_gmt":"2021-10-27T09:45:07","slug":"apertura-y-clausura","status":"publish","type":"page","link":"https:\/\/asianfilmfestival.barcelona\/2021\/es\/secciones\/apertura-y-clausura\/","title":{"rendered":"APERTURA Y CLAUSURA"},"content":{"rendered":"<div id='full_slider_1'  class='avia-fullwidth-slider main_color avia-shadow   avia-builder-el-0  el_before_av_slideshow_full  avia-builder-el-first   container_wrap fullsize' style=' '  ><div   data-size='no scaling'  data-lightbox_size='large'  data-animation='fade'  data-conditional_play=''  data-ids='27718'  data-video_counter='0'  data-autoplay='false'  data-bg_slider='false'  data-slide_height=''  data-handle='av_slideshow_full'  data-interval='5'  data-class=' '  data-el_id=''  data-css_id=''  data-scroll_down=''  data-control_layout='av-control-hidden'  data-custom_markup=''  data-perma_caption=''  data-autoplay_stopper=''  data-image_attachment=''  data-min_height='0px'  data-lazy_loading='disabled'  data-src=''  data-position='top left'  data-repeat='no-repeat'  data-attach='scroll'  data-stretch=''  class='avia-slideshow avia-slideshow-1  av-control-hidden av-default-height-applied avia-slideshow-no scaling av_slideshow_full   avia-fade-slider '  itemprop=\"image\" itemscope=\"itemscope\" itemtype=\"https:\/\/schema.org\/ImageObject\" ><ul class='avia-slideshow-inner ' style='padding-bottom: 20.588235294118%;' ><li  class=' av-single-slide slide-1 ' ><div data-rel='slideshow-1' class='avia-slide-wrap '   ><div class = \"caption_fullwidth av-slideshow-caption caption_bottom\"><div class = \"container caption_container\"><div class = \"slideshow_caption\"><div class = \"slideshow_inner_caption\"><div class = \"slideshow_align_caption\"><h2  style='font-size:90px; ' class='avia-caption-title  '  itemprop=\"name\" >Secciones<\/h2><\/div><\/div><\/div><\/div><\/div><img decoding=\"async\" class=\"wp-image-27718 avia-img-lazy-loading-not-27718\"  src=\"https:\/\/asianfilmfestival.barcelona\/2021\/wp-content\/uploads\/2020\/09\/Sections_BANNER_2020.jpg\" width=\"1700\" height=\"350\" title='Sections_BANNER_2020' alt=''  itemprop=\"thumbnailUrl\" srcset=\"https:\/\/asianfilmfestival.barcelona\/2021\/wp-content\/uploads\/2020\/09\/Sections_BANNER_2020.jpg 1700w, https:\/\/asianfilmfestival.barcelona\/2021\/wp-content\/uploads\/2020\/09\/Sections_BANNER_2020-300x62.jpg 300w, https:\/\/asianfilmfestival.barcelona\/2021\/wp-content\/uploads\/2020\/09\/Sections_BANNER_2020-1030x212.jpg 1030w, https:\/\/asianfilmfestival.barcelona\/2021\/wp-content\/uploads\/2020\/09\/Sections_BANNER_2020-768x158.jpg 768w, https:\/\/asianfilmfestival.barcelona\/2021\/wp-content\/uploads\/2020\/09\/Sections_BANNER_2020-1536x316.jpg 1536w, https:\/\/asianfilmfestival.barcelona\/2021\/wp-content\/uploads\/2020\/09\/Sections_BANNER_2020-1500x309.jpg 1500w, https:\/\/asianfilmfestival.barcelona\/2021\/wp-content\/uploads\/2020\/09\/Sections_BANNER_2020-705x145.jpg 705w\" sizes=\"(max-width: 1700px) 100vw, 1700px\" \/><\/div><\/li><\/ul><\/div><\/div>\n<div id='full_slider_2'  class='avia-fullwidth-slider main_color avia-shadow   avia-builder-el-1  el_after_av_slideshow_full  el_before_av_submenu   slider-not-first container_wrap fullsize' style=' '  ><div   data-size='featured'  data-lightbox_size='large'  data-animation='fade'  data-conditional_play=''  data-ids='3986'  data-video_counter='0'  data-autoplay='false'  data-bg_slider='false'  data-slide_height=''  data-handle='av_slideshow_full'  data-interval='5'  data-class=' '  data-el_id=''  data-css_id=''  data-scroll_down=''  data-control_layout='av-control-hidden'  data-custom_markup=''  data-perma_caption=''  data-autoplay_stopper=''  data-image_attachment=''  data-min_height='0px'  data-lazy_loading='disabled'  data-src=''  data-position='top left'  data-repeat='no-repeat'  data-attach='scroll'  data-stretch=''  data-default-height='28.666666666667'  class='avia-slideshow avia-slideshow-2  av-control-hidden av-default-height-applied avia-slideshow-featured av_slideshow_full   avia-fade-slider '  itemprop=\"image\" itemscope=\"itemscope\" itemtype=\"https:\/\/schema.org\/ImageObject\" ><ul class='avia-slideshow-inner ' style='padding-bottom: 28.666666666667%;' ><\/ul><\/div><\/div>\n<div class='clear'><\/div><div id='sub_menu1'  class='av-submenu-container main_color  avia-builder-el-2  el_after_av_slideshow_full  el_before_av_submenu  av-sticky-submenu  submenu-not-first container_wrap fullsize' style='  z-index:301' ><div class='container av-menu-mobile-disabled '><ul id=\"menu-programa-esp\" class=\"av-subnav-menu av-submenu-pos-center\"><li id=\"menu-item-15146\" class=\"menu-item menu-item-type-post_type menu-item-object-page menu-item-top-level menu-item-top-level-1\"><a href=\"https:\/\/asianfilmfestival.barcelona\/2021\/es\/paises\/\" itemprop=\"url\"><span class=\"avia-bullet\"><\/span><span class=\"avia-menu-text\">PAISES<\/span><span class=\"avia-menu-fx\"><span class=\"avia-arrow-wrap\"><span class=\"avia-arrow\"><\/span><\/span><\/span><\/a><\/li>\n<li id=\"menu-item-15147\" class=\"menu-item menu-item-type-post_type menu-item-object-page menu-item-top-level menu-item-top-level-2\"><a href=\"https:\/\/asianfilmfestival.barcelona\/2021\/es\/secciones\/\" itemprop=\"url\"><span class=\"avia-bullet\"><\/span><span class=\"avia-menu-text\">SECCIONES<\/span><span class=\"avia-menu-fx\"><span class=\"avia-arrow-wrap\"><span class=\"avia-arrow\"><\/span><\/span><\/span><\/a><\/li>\n<li id=\"menu-item-36347\" class=\"menu-item menu-item-type-post_type menu-item-object-page menu-item-top-level menu-item-top-level-3\"><a href=\"https:\/\/asianfilmfestival.barcelona\/2021\/es\/hong-kong-new-talents\/\" itemprop=\"url\"><span class=\"avia-bullet\"><\/span><span class=\"avia-menu-text\">HONG KONG NEW TALENTS<\/span><span class=\"avia-menu-fx\"><span class=\"avia-arrow-wrap\"><span class=\"avia-arrow\"><\/span><\/span><\/span><\/a><\/li>\n<li id=\"menu-item-36352\" class=\"menu-item menu-item-type-post_type menu-item-object-page menu-item-top-level menu-item-top-level-4\"><a href=\"https:\/\/asianfilmfestival.barcelona\/2021\/es\/secciones\/retrospectiva\/\" itemprop=\"url\"><span class=\"avia-bullet\"><\/span><span class=\"avia-menu-text\">RETROSPECTIVA SATYAJIT RAY<\/span><span class=\"avia-menu-fx\"><span class=\"avia-arrow-wrap\"><span class=\"avia-arrow\"><\/span><\/span><\/span><\/a><\/li>\n<li id=\"menu-item-15148\" class=\"menu-item menu-item-type-post_type menu-item-object-page menu-item-top-level menu-item-top-level-5\"><a href=\"https:\/\/asianfilmfestival.barcelona\/2021\/es\/salas\/\" itemprop=\"url\"><span class=\"avia-bullet\"><\/span><span class=\"avia-menu-text\">SALAS<\/span><span class=\"avia-menu-fx\"><span class=\"avia-arrow-wrap\"><span class=\"avia-arrow\"><\/span><\/span><\/span><\/a><\/li>\n<\/ul><\/div><\/div><div class='sticky_placeholder'><\/div>\n<div class='clear'><\/div><div id='sub_menu2'  class='av-submenu-container main_color  avia-builder-el-3  el_after_av_submenu  el_before_av_one_full  av-sticky-submenu  submenu-not-first container_wrap fullsize' style='  z-index:302' ><div class='container av-menu-mobile-disabled '><ul id=\"menu-secciones-esp\" class=\"av-subnav-menu av-submenu-pos-center\"><li id=\"menu-item-6296\" class=\"menu-item menu-item-type-post_type menu-item-object-page menu-item-top-level menu-item-top-level-1\"><a href=\"https:\/\/asianfilmfestival.barcelona\/2021\/es\/secciones\/apertura-y-clausura\/\" itemprop=\"url\"><span class=\"avia-bullet\"><\/span><span class=\"avia-menu-text\">Apertura y Clausura<\/span><span class=\"avia-menu-fx\"><span class=\"avia-arrow-wrap\"><span class=\"avia-arrow\"><\/span><\/span><\/span><\/a><\/li>\n<li id=\"menu-item-6297\" class=\"menu-item menu-item-type-post_type menu-item-object-page menu-item-top-level menu-item-top-level-2\"><a href=\"https:\/\/asianfilmfestival.barcelona\/2021\/es\/secciones\/seccion-oficial\/\" itemprop=\"url\"><span class=\"avia-bullet\"><\/span><span class=\"avia-menu-text\">Secci\u00f3n Oficial<\/span><span class=\"avia-menu-fx\"><span class=\"avia-arrow-wrap\"><span class=\"avia-arrow\"><\/span><\/span><\/span><\/a><\/li>\n<li id=\"menu-item-6295\" class=\"menu-item menu-item-type-post_type menu-item-object-page menu-item-top-level menu-item-top-level-3\"><a href=\"https:\/\/asianfilmfestival.barcelona\/2021\/es\/secciones\/seccion-panorama\/\" itemprop=\"url\"><span class=\"avia-bullet\"><\/span><span class=\"avia-menu-text\">Secci\u00f3n Oficial Panorama<\/span><span class=\"avia-menu-fx\"><span class=\"avia-arrow-wrap\"><span class=\"avia-arrow\"><\/span><\/span><\/span><\/a><\/li>\n<li id=\"menu-item-6293\" class=\"menu-item menu-item-type-post_type menu-item-object-page menu-item-top-level menu-item-top-level-4\"><a href=\"https:\/\/asianfilmfestival.barcelona\/2021\/es\/secciones\/seccion-descubrimientos\/\" itemprop=\"url\"><span class=\"avia-bullet\"><\/span><span class=\"avia-menu-text\">Discoveries<\/span><span class=\"avia-menu-fx\"><span class=\"avia-arrow-wrap\"><span class=\"avia-arrow\"><\/span><\/span><\/span><\/a><\/li>\n<li id=\"menu-item-6299\" class=\"menu-item menu-item-type-post_type menu-item-object-page menu-item-top-level menu-item-top-level-5\"><a href=\"https:\/\/asianfilmfestival.barcelona\/2021\/es\/secciones\/netpac\/\" itemprop=\"url\"><span class=\"avia-bullet\"><\/span><span class=\"avia-menu-text\">NETPAC<\/span><span class=\"avia-menu-fx\"><span class=\"avia-arrow-wrap\"><span class=\"avia-arrow\"><\/span><\/span><\/span><\/a><\/li>\n<li id=\"menu-item-6294\" class=\"menu-item menu-item-type-post_type menu-item-object-page menu-item-top-level menu-item-top-level-6\"><a href=\"https:\/\/asianfilmfestival.barcelona\/2021\/es\/secciones\/seccion-especial\/\" itemprop=\"url\"><span class=\"avia-bullet\"><\/span><span class=\"avia-menu-text\">Secci\u00f3n Especial<\/span><span class=\"avia-menu-fx\"><span class=\"avia-arrow-wrap\"><span class=\"avia-arrow\"><\/span><\/span><\/span><\/a><\/li>\n<\/ul><\/div><\/div><div class='sticky_placeholder'><\/div><div id='after_submenu'  class='main_color av_default_container_wrap container_wrap fullsize' style=' '  ><div class='container' ><div class='template-page content  av-content-full alpha units'><div class='post-entry post-entry-type-page post-entry-5920'><div class='entry-content-wrapper clearfix'>\n<div class=\"flex_column av_one_full  flex_column_div av-zero-column-padding first  avia-builder-el-4  el_after_av_submenu  avia-builder-el-no-sibling  \" style='border-radius:0px; '><div  id=\"av-sc-portfolio-1\"  class=' grid-sort-container isotope   no_margin-container with-excerpt-container grid-total-even grid-col-3 grid-links-' data-portfolio-id='1'><div data-ajax-id='30984' class=' grid-entry flex_column isotope-item all_sort no_margin post-entry post-entry-30984 grid-entry-overview grid-loop-1 grid-parity-odd  apertura-clausura_sort caixaforum-es-2_sort japon_sort panorama-es_sort  av_one_third first default_av_fullwidth '><article class='main_color inner-entry'  itemscope=\"itemscope\" itemtype=\"https:\/\/schema.org\/CreativeWork\" ><a href='https:\/\/asianfilmfestival.barcelona\/2021\/es\/film-item\/wheel-of-fortune-and-fantasy-guzen-to-sozo\/' title='Wheel of Fortune and Fantasy (G\u016bzen to S\u014dzo)'  data-rel='grid-1' class='grid-image avia-hover-fx'> <img decoding=\"async\" width=\"495\" height=\"400\" src=\"https:\/\/asianfilmfestival.barcelona\/2021\/wp-content\/uploads\/2021\/09\/Japon-WHEEL-OF-FORTUNE_2-495x400.jpg\" class=\"wp-image-30963 avia-img-lazy-loading-not-30963 attachment-portfolio size-portfolio wp-post-image\" alt=\"\" srcset=\"https:\/\/asianfilmfestival.barcelona\/2021\/wp-content\/uploads\/2021\/09\/Japon-WHEEL-OF-FORTUNE_2-495x400.jpg 495w, https:\/\/asianfilmfestival.barcelona\/2021\/wp-content\/uploads\/2021\/09\/Japon-WHEEL-OF-FORTUNE_2-845x684.jpg 845w\" sizes=\"(max-width: 495px) 100vw, 495px\" \/><\/a><div class='grid-content'><div class='avia-arrow'><\/div><header class=\"entry-content-header\"><h3 class='grid-entry-title entry-title '  itemprop=\"headline\" ><a href='https:\/\/asianfilmfestival.barcelona\/2021\/es\/film-item\/wheel-of-fortune-and-fantasy-guzen-to-sozo\/' title='Wheel of Fortune and Fantasy (G\u016bzen to S\u014dzo)'>Wheel of Fortune and Fantasy (G\u016bzen to S\u014dzo)<\/a><\/h3><\/header><div class='grid-entry-excerpt entry-content'  itemprop=\"text\" >Ry\u016bsuke Hamaguchi - 2021<\/div><\/div><footer class=\"entry-footer\"><\/footer><\/article><\/div><div data-ajax-id='31018' class=' grid-entry flex_column isotope-item all_sort no_margin post-entry post-entry-31018 grid-entry-overview grid-loop-2 grid-parity-even  post-entry-last  apertura-clausura_sort cinemes-girona-esp_sort hong-kong-es_sort seccion-hong-kong-new-talents_sort  av_one_third  default_av_fullwidth '><article class='main_color inner-entry'  itemscope=\"itemscope\" itemtype=\"https:\/\/schema.org\/CreativeWork\" ><a href='https:\/\/asianfilmfestival.barcelona\/2021\/es\/film-item\/better-days-%e5%b0%91%e5%b9%b4%e7%9a%84%e4%bd%a0\/' title='Better Days (\u5c11\u5e74\u7684\u4f60)'  data-rel='grid-1' class='grid-image avia-hover-fx'> <img decoding=\"async\" width=\"495\" height=\"400\" src=\"https:\/\/asianfilmfestival.barcelona\/2021\/wp-content\/uploads\/2021\/09\/Hong-Kong-Better-Days-495x400.jpg\" class=\"wp-image-31007 avia-img-lazy-loading-not-31007 attachment-portfolio size-portfolio wp-post-image\" alt=\"\" srcset=\"https:\/\/asianfilmfestival.barcelona\/2021\/wp-content\/uploads\/2021\/09\/Hong-Kong-Better-Days-495x400.jpg 495w, https:\/\/asianfilmfestival.barcelona\/2021\/wp-content\/uploads\/2021\/09\/Hong-Kong-Better-Days-845x684.jpg 845w\" sizes=\"(max-width: 495px) 100vw, 495px\" \/><\/a><div class='grid-content'><div class='avia-arrow'><\/div><header class=\"entry-content-header\"><h3 class='grid-entry-title entry-title '  itemprop=\"headline\" ><a href='https:\/\/asianfilmfestival.barcelona\/2021\/es\/film-item\/better-days-%e5%b0%91%e5%b9%b4%e7%9a%84%e4%bd%a0\/' title='Better Days (\u5c11\u5e74\u7684\u4f60)'>Better Days (\u5c11\u5e74\u7684\u4f60)<\/a><\/h3><\/header><div class='grid-entry-excerpt entry-content'  itemprop=\"text\" >Derek Kwok-cheung Tsang - 2019<\/div><\/div><footer class=\"entry-footer\"><\/footer><\/article><\/div><\/div><div class='pagination-wrap  '><nav class='pagination'><span class='pagination-meta'>P\u00e1gina 1 de 0<\/span><\/nav>\n<\/div><\/div>\n","protected":false},"excerpt":{"rendered":"","protected":false},"author":3,"featured_media":0,"parent":5931,"menu_order":0,"comment_status":"closed","ping_status":"closed","template":"","meta":{"footnotes":""},"class_list":["post-5920","page","type-page","status-publish","hentry"],"yoast_head":"<!-- This site is optimized with the Yoast SEO plugin v26.2 - https:\/\/yoast.com\/wordpress\/plugins\/seo\/ -->\n<title>APERTURA Y CLAUSURA - Asian Film Festival Barcelona<\/title>\n<meta name=\"robots\" content=\"index, follow, max-snippet:-1, max-image-preview:large, max-video-preview:-1\" \/>\n<link rel=\"canonical\" href=\"https:\/\/asianfilmfestival.barcelona\/2021\/es\/secciones\/apertura-y-clausura\/\" \/>\n<meta property=\"og:locale\" content=\"es_ES\" \/>\n<meta property=\"og:type\" content=\"article\" \/>\n<meta property=\"og:title\" content=\"APERTURA Y CLAUSURA - Asian Film Festival Barcelona\" \/>\n<meta property=\"og:url\" content=\"https:\/\/asianfilmfestival.barcelona\/2021\/es\/secciones\/apertura-y-clausura\/\" \/>\n<meta property=\"og:site_name\" content=\"Asian Film Festival Barcelona\" \/>\n<meta property=\"article:modified_time\" content=\"2021-10-27T09:45:07+00:00\" \/>\n<meta name=\"twitter:card\" content=\"summary_large_image\" \/>\n<meta name=\"twitter:label1\" content=\"Tiempo de lectura\" \/>\n\t<meta name=\"twitter:data1\" content=\"3 minutos\" \/>\n<script type=\"application\/ld+json\" class=\"yoast-schema-graph\">{\"@context\":\"https:\/\/schema.org\",\"@graph\":[{\"@type\":\"WebPage\",\"@id\":\"https:\/\/asianfilmfestival.barcelona\/2021\/es\/secciones\/apertura-y-clausura\/\",\"url\":\"https:\/\/asianfilmfestival.barcelona\/2021\/es\/secciones\/apertura-y-clausura\/\",\"name\":\"APERTURA Y CLAUSURA - Asian Film Festival Barcelona\",\"isPartOf\":{\"@id\":\"https:\/\/asianfilmfestival.barcelona\/2021\/#website\"},\"datePublished\":\"2016-10-03T09:40:59+00:00\",\"dateModified\":\"2021-10-27T09:45:07+00:00\",\"breadcrumb\":{\"@id\":\"https:\/\/asianfilmfestival.barcelona\/2021\/es\/secciones\/apertura-y-clausura\/#breadcrumb\"},\"inLanguage\":\"es\",\"potentialAction\":[{\"@type\":\"ReadAction\",\"target\":[\"https:\/\/asianfilmfestival.barcelona\/2021\/es\/secciones\/apertura-y-clausura\/\"]}]},{\"@type\":\"BreadcrumbList\",\"@id\":\"https:\/\/asianfilmfestival.barcelona\/2021\/es\/secciones\/apertura-y-clausura\/#breadcrumb\",\"itemListElement\":[{\"@type\":\"ListItem\",\"position\":1,\"name\":\"Home\",\"item\":\"https:\/\/asianfilmfestival.barcelona\/2021\/es\/\"},{\"@type\":\"ListItem\",\"position\":2,\"name\":\"SECCIONES\",\"item\":\"https:\/\/asianfilmfestival.barcelona\/2021\/es\/secciones\/\"},{\"@type\":\"ListItem\",\"position\":3,\"name\":\"APERTURA Y CLAUSURA\"}]},{\"@type\":\"WebSite\",\"@id\":\"https:\/\/asianfilmfestival.barcelona\/2021\/#website\",\"url\":\"https:\/\/asianfilmfestival.barcelona\/2021\/\",\"name\":\"Asian Film Festival Barcelona\",\"description\":\"2017\",\"potentialAction\":[{\"@type\":\"SearchAction\",\"target\":{\"@type\":\"EntryPoint\",\"urlTemplate\":\"https:\/\/asianfilmfestival.barcelona\/2021\/?s={search_term_string}\"},\"query-input\":{\"@type\":\"PropertyValueSpecification\",\"valueRequired\":true,\"valueName\":\"search_term_string\"}}],\"inLanguage\":\"es\"}]}<\/script>\n<!-- \/ Yoast SEO plugin. -->","yoast_head_json":{"title":"APERTURA Y CLAUSURA - Asian Film Festival Barcelona","robots":{"index":"index","follow":"follow","max-snippet":"max-snippet:-1","max-image-preview":"max-image-preview:large","max-video-preview":"max-video-preview:-1"},"canonical":"https:\/\/asianfilmfestival.barcelona\/2021\/es\/secciones\/apertura-y-clausura\/","og_locale":"es_ES","og_type":"article","og_title":"APERTURA Y CLAUSURA - Asian Film Festival Barcelona","og_url":"https:\/\/asianfilmfestival.barcelona\/2021\/es\/secciones\/apertura-y-clausura\/","og_site_name":"Asian Film Festival Barcelona","article_modified_time":"2021-10-27T09:45:07+00:00","twitter_card":"summary_large_image","twitter_misc":{"Tiempo de lectura":"3 minutos"},"schema":{"@context":"https:\/\/schema.org","@graph":[{"@type":"WebPage","@id":"https:\/\/asianfilmfestival.barcelona\/2021\/es\/secciones\/apertura-y-clausura\/","url":"https:\/\/asianfilmfestival.barcelona\/2021\/es\/secciones\/apertura-y-clausura\/","name":"APERTURA Y CLAUSURA - Asian Film Festival Barcelona","isPartOf":{"@id":"https:\/\/asianfilmfestival.barcelona\/2021\/#website"},"datePublished":"2016-10-03T09:40:59+00:00","dateModified":"2021-10-27T09:45:07+00:00","breadcrumb":{"@id":"https:\/\/asianfilmfestival.barcelona\/2021\/es\/secciones\/apertura-y-clausura\/#breadcrumb"},"inLanguage":"es","potentialAction":[{"@type":"ReadAction","target":["https:\/\/asianfilmfestival.barcelona\/2021\/es\/secciones\/apertura-y-clausura\/"]}]},{"@type":"BreadcrumbList","@id":"https:\/\/asianfilmfestival.barcelona\/2021\/es\/secciones\/apertura-y-clausura\/#breadcrumb","itemListElement":[{"@type":"ListItem","position":1,"name":"Home","item":"https:\/\/asianfilmfestival.barcelona\/2021\/es\/"},{"@type":"ListItem","position":2,"name":"SECCIONES","item":"https:\/\/asianfilmfestival.barcelona\/2021\/es\/secciones\/"},{"@type":"ListItem","position":3,"name":"APERTURA Y CLAUSURA"}]},{"@type":"WebSite","@id":"https:\/\/asianfilmfestival.barcelona\/2021\/#website","url":"https:\/\/asianfilmfestival.barcelona\/2021\/","name":"Asian Film Festival Barcelona","description":"2017","potentialAction":[{"@type":"SearchAction","target":{"@type":"EntryPoint","urlTemplate":"https:\/\/asianfilmfestival.barcelona\/2021\/?s={search_term_string}"},"query-input":{"@type":"PropertyValueSpecification","valueRequired":true,"valueName":"search_term_string"}}],"inLanguage":"es"}]}},"_links":{"self":[{"href":"https:\/\/asianfilmfestival.barcelona\/2021\/es\/wp-json\/wp\/v2\/pages\/5920","targetHints":{"allow":["GET"]}}],"collection":[{"href":"https:\/\/asianfilmfestival.barcelona\/2021\/es\/wp-json\/wp\/v2\/pages"}],"about":[{"href":"https:\/\/asianfilmfestival.barcelona\/2021\/es\/wp-json\/wp\/v2\/types\/page"}],"author":[{"embeddable":true,"href":"https:\/\/asianfilmfestival.barcelona\/2021\/es\/wp-json\/wp\/v2\/users\/3"}],"replies":[{"embeddable":true,"href":"https:\/\/asianfilmfestival.barcelona\/2021\/es\/wp-json\/wp\/v2\/comments?post=5920"}],"version-history":[{"count":13,"href":"https:\/\/asianfilmfestival.barcelona\/2021\/es\/wp-json\/wp\/v2\/pages\/5920\/revisions"}],"predecessor-version":[{"id":36888,"href":"https:\/\/asianfilmfestival.barcelona\/2021\/es\/wp-json\/wp\/v2\/pages\/5920\/revisions\/36888"}],"up":[{"embeddable":true,"href":"https:\/\/asianfilmfestival.barcelona\/2021\/es\/wp-json\/wp\/v2\/pages\/5931"}],"wp:attachment":[{"href":"https:\/\/asianfilmfestival.barcelona\/2021\/es\/wp-json\/wp\/v2\/media?parent=5920"}],"curies":[{"name":"wp","href":"https:\/\/api.w.org\/{rel}","templated":true}]}}