{"id":18400,"date":"2018-10-23T18:02:27","date_gmt":"2018-10-23T16:02:27","guid":{"rendered":"https:\/\/asianfilmfestival.barcelona\/2018\/press\/"},"modified":"2021-10-20T13:07:12","modified_gmt":"2021-10-20T11:07:12","slug":"press","status":"publish","type":"page","link":"https:\/\/asianfilmfestival.barcelona\/2021\/es\/press\/","title":{"rendered":"PRENSA"},"content":{"rendered":"<div id='full_slider_1'  class='avia-fullwidth-slider main_color avia-shadow   avia-builder-el-0  el_before_av_two_third  avia-builder-el-first   container_wrap fullsize' style=' '  ><div   data-size='no scaling'  data-lightbox_size='large'  data-animation='fade'  data-conditional_play=''  data-ids='27924'  data-video_counter='0'  data-autoplay='false'  data-bg_slider='false'  data-slide_height=''  data-handle='av_slideshow_full'  data-interval='5'  data-class=' '  data-el_id=''  data-css_id=''  data-scroll_down=''  data-control_layout='av-control-default'  data-custom_markup=''  data-perma_caption=''  data-autoplay_stopper=''  data-image_attachment=''  data-min_height='0px'  data-lazy_loading='disabled'  data-src=''  data-position='top left'  data-repeat='no-repeat'  data-attach='scroll'  data-stretch=''  class='avia-slideshow avia-slideshow-1  av-control-default av-default-height-applied avia-slideshow-no scaling av_slideshow_full   avia-fade-slider '  itemprop=\"image\" itemscope=\"itemscope\" itemtype=\"https:\/\/schema.org\/ImageObject\" ><ul class='avia-slideshow-inner ' style='padding-bottom: 20.588235294118%;' ><li  class=' av-single-slide slide-1 ' ><div data-rel='slideshow-1' class='avia-slide-wrap '   ><div class = \"caption_fullwidth av-slideshow-caption caption_bottom\"><div class = \"container caption_container\"><div class = \"slideshow_caption\"><div class = \"slideshow_inner_caption\"><div class = \"slideshow_align_caption\"><h2  style='font-size:90px; ' class='avia-caption-title  '  itemprop=\"name\" >Prensa<\/h2><\/div><\/div><\/div><\/div><\/div><img decoding=\"async\" class=\"wp-image-27924 avia-img-lazy-loading-not-27924\"  src=\"https:\/\/asianfilmfestival.barcelona\/2021\/wp-content\/uploads\/2020\/09\/Press_BANNER_2020.jpg\" width=\"1700\" height=\"350\" title='Press_BANNER_2020' alt=''  itemprop=\"thumbnailUrl\" srcset=\"https:\/\/asianfilmfestival.barcelona\/2021\/wp-content\/uploads\/2020\/09\/Press_BANNER_2020.jpg 1700w, https:\/\/asianfilmfestival.barcelona\/2021\/wp-content\/uploads\/2020\/09\/Press_BANNER_2020-300x62.jpg 300w, https:\/\/asianfilmfestival.barcelona\/2021\/wp-content\/uploads\/2020\/09\/Press_BANNER_2020-1030x212.jpg 1030w, https:\/\/asianfilmfestival.barcelona\/2021\/wp-content\/uploads\/2020\/09\/Press_BANNER_2020-768x158.jpg 768w, https:\/\/asianfilmfestival.barcelona\/2021\/wp-content\/uploads\/2020\/09\/Press_BANNER_2020-1536x316.jpg 1536w, https:\/\/asianfilmfestival.barcelona\/2021\/wp-content\/uploads\/2020\/09\/Press_BANNER_2020-1500x309.jpg 1500w, https:\/\/asianfilmfestival.barcelona\/2021\/wp-content\/uploads\/2020\/09\/Press_BANNER_2020-705x145.jpg 705w\" sizes=\"(max-width: 1700px) 100vw, 1700px\" \/><\/div><\/li><\/ul><\/div><\/div><div id='after_full_slider_1'  class='main_color av_default_container_wrap container_wrap fullsize' style=' '  ><div class='container' ><div class='template-page content  av-content-full alpha units'><div class='post-entry post-entry-type-page post-entry-18400'><div class='entry-content-wrapper clearfix'>\n<div class=\"flex_column av_two_third  flex_column_div av-zero-column-padding first  avia-builder-el-1  el_after_av_slideshow_full  el_before_av_one_third  avia-builder-el-first  \" style='border-radius:0px; '><section class=\"av_textblock_section \"  itemscope=\"itemscope\" itemtype=\"https:\/\/schema.org\/CreativeWork\" ><div class='avia_textblock  '   itemprop=\"text\" ><h2>ACREDITACIONES<\/h2>\n<p>Si eres periodista y quieres m\u00e1s informaci\u00f3n del festival o m\u00e1s documentaci\u00f3n no dudes en contactar con nosotros.<\/p>\n<p><strong>Estela Mor\u00f3n<\/strong><br \/>\n630 43 16 64<br \/>\n<a href=\"mailto:press@asianfilmfestival.com\"><strong>press@asianfilmfestival.com<\/strong><\/a><\/p>\n<p><strong>Director de Comunicaci\u00f3n<\/strong><br \/>\nJosep Casaus de la Fuente<br \/>\n636 20 53 70<br \/>\n<a href=\"mailto:jcasaus@casaasia.es\"><strong>jcasaus@casaasia.es<\/strong><\/a><\/p>\n<h2>Documentos<\/h2>\n<p>Nota de prensa en castellano (Word) <a href=\"https:\/\/static.casaasia.es\/2021\/10\/Ndp-AFFBCN-2021.docx\" target=\"_blank\" rel=\"noopener\"><strong>DESCARGAR<\/strong><\/a><\/p>\n<p>Fotogramas de la secci\u00f3n New Talents Hong Kong <a href=\"https:\/\/drive.google.com\/drive\/folders\/1rZoqm-Mj4OLxDYgAyT3WRzTL7n9_jVPh\" target=\"_blank\" rel=\"noopener\"><strong>DESCARGAR<\/strong><\/a><\/p>\n<p>Selecci\u00f3n de fotogramas de pel\u00edculas de l&#8217;AFFBCN <a href=\"https:\/\/drive.google.com\/drive\/folders\/1rZoqm-Mj4OLxDYgAyT3WRzTL7n9_jVPh\" target=\"_blank\" rel=\"noopener\"><strong>DESCARGAR<\/strong><\/a><\/p>\n<h2>Poster<\/h2>\n<p>Poster \u00a9 Pierre Gonnord, \u00abGisela\u00bb<\/p>\n<p><a href=\"https:\/\/asianfilmfestival.barcelona\/2021\/wp-content\/uploads\/2021\/10\/Poster-2021.jpg\" target=\"_blank\" rel=\"noopener\"><img loading=\"lazy\" decoding=\"async\" class=\"alignleft wp-image-35136 size-medium\" src=\"https:\/\/asianfilmfestival.barcelona\/2021\/wp-content\/uploads\/2021\/10\/Poster-2021_web-210x300.jpg\" alt=\"\" width=\"210\" height=\"300\" srcset=\"https:\/\/asianfilmfestival.barcelona\/2021\/wp-content\/uploads\/2021\/10\/Poster-2021_web-210x300.jpg 210w, https:\/\/asianfilmfestival.barcelona\/2021\/wp-content\/uploads\/2021\/10\/Poster-2021_web-721x1030.jpg 721w, https:\/\/asianfilmfestival.barcelona\/2021\/wp-content\/uploads\/2021\/10\/Poster-2021_web-768x1098.jpg 768w, https:\/\/asianfilmfestival.barcelona\/2021\/wp-content\/uploads\/2021\/10\/Poster-2021_web-1075x1536.jpg 1075w, https:\/\/asianfilmfestival.barcelona\/2021\/wp-content\/uploads\/2021\/10\/Poster-2021_web-1050x1500.jpg 1050w, https:\/\/asianfilmfestival.barcelona\/2021\/wp-content\/uploads\/2021\/10\/Poster-2021_web-493x705.jpg 493w, https:\/\/asianfilmfestival.barcelona\/2021\/wp-content\/uploads\/2021\/10\/Poster-2021_web.jpg 1417w\" sizes=\"auto, (max-width: 210px) 100vw, 210px\" \/><\/a><\/p>\n<\/div><\/section><\/div><div class=\"flex_column av_one_third  flex_column_div av-zero-column-padding   avia-builder-el-3  el_after_av_two_third  el_before_av_hr  \" style='border-radius:0px; '><section class=\"av_textblock_section \"  itemscope=\"itemscope\" itemtype=\"https:\/\/schema.org\/CreativeWork\" ><div class='avia_textblock  av_inherit_color '  style='color:#000000; '  itemprop=\"text\" ><p><!-- Begin MailChimp Signup Form --><\/p>\n<style type=\"text\/css\">\n               #mc_embed_signup{background:#fff; clear:left; font:14px Helvetica,Arial,sans-serif; }<br \/>               \/* Add your own MailChimp form style overrides in your site stylesheet or in this style block.<br \/>                  We recommend moving this block and the preceding CSS link to the HEAD of your HTML file. *\/<br \/><\/style>\n<div id=\"mc_embed_signup\">\n<form id=\"mc-embedded-subscribe-form\" class=\"validate\" action=\"https:\/\/casaasia.us10.list-manage.com\/subscribe\/post?u=64a1e5b7a37a47f3bc7236ef2&amp;id=582cde169e\" method=\"post\" name=\"mc-embedded-subscribe-form\" novalidate=\"\" target=\"_blank\">\n<div id=\"mc_embed_signup_scroll\">\n<h2>Suscr\u00edbete para recibir informaci\u00f3n sobre cine asi\u00e1tico!<\/h2>\n<div>* indica\u00a0obligatorio<\/div>\n<p>Mail <span class=\"asterisk\">*<\/span><\/p>\n<div class=\"mc-field-group\"><input id=\"mce-EMAIL\" class=\"required email\" name=\"EMAIL\" type=\"email\" value=\"\" \/><\/div>\n<div class=\"mc-field-group\"><label for=\"mce-FNAME\">Nombre <span class=\"asterisk\">*<\/span><br \/>\n<\/label><br \/>\n<input id=\"mce-FNAME\" class=\"required\" name=\"FNAME\" type=\"text\" value=\"\" \/><\/div>\n<div class=\"mc-field-group\"><label for=\"mce-LNAME\">Apellidos <span class=\"asterisk\">*<\/span><br \/>\n<\/label><br \/>\n<input id=\"mce-LNAME\" class=\"required\" name=\"LNAME\" type=\"text\" value=\"\" \/><\/div>\n<div class=\"mc-field-group input-group\">\n<p>Intereses<\/p>\n<p><input id=\"mce-group&#091;2&#093;-2-10\" name=\"group&#091;2&#093;&#091;1024&#093;\" type=\"checkbox\" value=\"1024\" \/><label for=\"mce-group&#091;2&#093;-2-10\">Cinema (Barcelona)<\/label><br \/>\n<input id=\"mce-group&#091;2&#093;-2-11\" name=\"group&#091;2&#093;&#091;2048&#093;\" type=\"checkbox\" value=\"2048\" \/><label for=\"mce-group&#091;2&#093;-2-11\">Cine (Madrid)<\/label><\/p>\n<\/div>\n<div id=\"mce-responses\" class=\"clear\">\n<div id=\"mce-error-response\" class=\"response\" style=\"display: none;\"><\/div>\n<div id=\"mce-success-response\" class=\"response\" style=\"display: none;\"><\/div>\n<\/div>\n<p><!-- real people should not fill this in and expect good things - do not remove this or risk form bot signups--><\/p>\n<div style=\"position: absolute; left: -5000px;\" aria-hidden=\"true\"><input tabindex=\"-1\" name=\"b_64a1e5b7a37a47f3bc7236ef2_582cde169e\" type=\"text\" value=\"\" \/><\/div>\n<div class=\"clear\"><input id=\"mc-embedded-subscribe\" class=\"button\" name=\"subscribe\" type=\"submit\" value=\"Suscribirse\" \/><\/div>\n<\/div>\n<\/form>\n<\/div>\n<p><script type='text\/javascript' src='\/\/s3.amazonaws.com\/downloads.mailchimp.com\/js\/mc-validate.js'><\/script><script type='text\/javascript'>(function($) {window.fnames = new Array(); window.ftypes = new Array();fnames[0]='EMAIL';ftypes[0]='email';fnames[1]='FNAME';ftypes[1]='text';fnames[2]='LNAME';ftypes[2]='text'; \/*\n* Translated default messages for the $ validation plugin.\n* Locale: ES\n*\/\n$.extend($.validator.messages, {\n  required: \"Este campo es obligatorio.\",\n  remote: \"Por favor, rellena este campo.\",\n  email: \"Por favor, escribe una direcci\u00f3n de correo v\u00e1lida\",\n  url: \"Por favor, escribe una URL v\u00e1lida.\",\n  date: \"Por favor, escribe una fecha v\u00e1lida.\",\n  dateISO: \"Por favor, escribe una fecha (ISO) v\u00e1lida.\",\n  number: \"Por favor, escribe un n\u00famero entero v\u00e1lido.\",\n  digits: \"Por favor, escribe s\u00f3lo d\u00edgitos.\",\n  creditcard: \"Por favor, escribe un n\u00famero de tarjeta v\u00e1lido.\",\n  equalTo: \"Por favor, escribe el mismo valor de nuevo.\",\n  accept: \"Por favor, escribe un valor con una extensi\u00f3n aceptada.\",\n  maxlength: $.validator.format(\"Por favor, no escribas m\u00e1s de {0} caracteres.\"),\n  minlength: $.validator.format(\"Por favor, no escribas menos de {0} caracteres.\"),\n  rangelength: $.validator.format(\"Por favor, escribe un valor entre {0} y {1} caracteres.\"),\n  range: $.validator.format(\"Por favor, escribe un valor entre {0} y {1}.\"),\n  max: $.validator.format(\"Por favor, escribe un valor menor o igual a {0}.\"),\n  min: $.validator.format(\"Por favor, escribe un valor mayor o igual a {0}.\")\n});}(jQuery));var $mcj = jQuery.noConflict(true);<\/script><br \/>\n<!--End mc_embed_signup--><\/p>\n<\/div><\/section><\/div><\/p>\n<div   class='hr hr-default   avia-builder-el-5  el_after_av_one_third  el_before_av_textblock '><span class='hr-inner ' ><span class='hr-inner-style'><\/span><\/span><\/div>\n<section class=\"av_textblock_section \"  itemscope=\"itemscope\" itemtype=\"https:\/\/schema.org\/CreativeWork\" ><div class='avia_textblock  '   itemprop=\"text\" ><p style=\"text-align: center;\">Banner: Photo by <em>Luca Bravo<\/em><\/p>\n<\/div><\/section>\n","protected":false},"excerpt":{"rendered":"","protected":false},"author":4,"featured_media":0,"parent":0,"menu_order":0,"comment_status":"closed","ping_status":"closed","template":"","meta":{"footnotes":""},"class_list":["post-18400","page","type-page","status-publish","hentry"],"yoast_head":"<!-- This site is optimized with the Yoast SEO plugin v27.4 - https:\/\/yoast.com\/product\/yoast-seo-wordpress\/ -->\n<title>PRENSA - Asian Film Festival Barcelona<\/title>\n<meta name=\"robots\" content=\"index, follow, max-snippet:-1, max-image-preview:large, max-video-preview:-1\" \/>\n<link rel=\"canonical\" href=\"https:\/\/asianfilmfestival.barcelona\/2021\/es\/press\/\" \/>\n<meta property=\"og:locale\" content=\"es_ES\" \/>\n<meta property=\"og:type\" content=\"article\" \/>\n<meta property=\"og:title\" content=\"PRENSA - Asian Film Festival Barcelona\" \/>\n<meta property=\"og:url\" content=\"https:\/\/asianfilmfestival.barcelona\/2021\/es\/press\/\" \/>\n<meta property=\"og:site_name\" content=\"Asian Film Festival Barcelona\" \/>\n<meta property=\"article:modified_time\" content=\"2021-10-20T11:07:12+00:00\" \/>\n<meta property=\"og:image\" content=\"https:\/\/asianfilmfestival.barcelona\/2021\/wp-content\/uploads\/2021\/10\/Poster-2021_web-210x300.jpg\" \/>\n<meta name=\"twitter:card\" content=\"summary_large_image\" \/>\n<meta name=\"twitter:label1\" content=\"Tiempo de lectura\" \/>\n\t<meta name=\"twitter:data1\" content=\"3 minutos\" \/>\n<script type=\"application\/ld+json\" class=\"yoast-schema-graph\">{\"@context\":\"https:\\\/\\\/schema.org\",\"@graph\":[{\"@type\":\"WebPage\",\"@id\":\"https:\\\/\\\/asianfilmfestival.barcelona\\\/2021\\\/es\\\/press\\\/\",\"url\":\"https:\\\/\\\/asianfilmfestival.barcelona\\\/2021\\\/es\\\/press\\\/\",\"name\":\"PRENSA - Asian Film Festival Barcelona\",\"isPartOf\":{\"@id\":\"https:\\\/\\\/asianfilmfestival.barcelona\\\/2021\\\/#website\"},\"primaryImageOfPage\":{\"@id\":\"https:\\\/\\\/asianfilmfestival.barcelona\\\/2021\\\/es\\\/press\\\/#primaryimage\"},\"image\":{\"@id\":\"https:\\\/\\\/asianfilmfestival.barcelona\\\/2021\\\/es\\\/press\\\/#primaryimage\"},\"thumbnailUrl\":\"https:\\\/\\\/asianfilmfestival.barcelona\\\/2021\\\/wp-content\\\/uploads\\\/2021\\\/10\\\/Poster-2021_web-210x300.jpg\",\"datePublished\":\"2018-10-23T16:02:27+00:00\",\"dateModified\":\"2021-10-20T11:07:12+00:00\",\"breadcrumb\":{\"@id\":\"https:\\\/\\\/asianfilmfestival.barcelona\\\/2021\\\/es\\\/press\\\/#breadcrumb\"},\"inLanguage\":\"es\",\"potentialAction\":[{\"@type\":\"ReadAction\",\"target\":[\"https:\\\/\\\/asianfilmfestival.barcelona\\\/2021\\\/es\\\/press\\\/\"]}]},{\"@type\":\"ImageObject\",\"inLanguage\":\"es\",\"@id\":\"https:\\\/\\\/asianfilmfestival.barcelona\\\/2021\\\/es\\\/press\\\/#primaryimage\",\"url\":\"https:\\\/\\\/asianfilmfestival.barcelona\\\/2021\\\/wp-content\\\/uploads\\\/2021\\\/10\\\/Poster-2021_web-210x300.jpg\",\"contentUrl\":\"https:\\\/\\\/asianfilmfestival.barcelona\\\/2021\\\/wp-content\\\/uploads\\\/2021\\\/10\\\/Poster-2021_web-210x300.jpg\"},{\"@type\":\"BreadcrumbList\",\"@id\":\"https:\\\/\\\/asianfilmfestival.barcelona\\\/2021\\\/es\\\/press\\\/#breadcrumb\",\"itemListElement\":[{\"@type\":\"ListItem\",\"position\":1,\"name\":\"Home\",\"item\":\"https:\\\/\\\/asianfilmfestival.barcelona\\\/2021\\\/es\\\/\"},{\"@type\":\"ListItem\",\"position\":2,\"name\":\"PRENSA\"}]},{\"@type\":\"WebSite\",\"@id\":\"https:\\\/\\\/asianfilmfestival.barcelona\\\/2021\\\/#website\",\"url\":\"https:\\\/\\\/asianfilmfestival.barcelona\\\/2021\\\/\",\"name\":\"Asian Film Festival Barcelona\",\"description\":\"2017\",\"potentialAction\":[{\"@type\":\"SearchAction\",\"target\":{\"@type\":\"EntryPoint\",\"urlTemplate\":\"https:\\\/\\\/asianfilmfestival.barcelona\\\/2021\\\/?s={search_term_string}\"},\"query-input\":{\"@type\":\"PropertyValueSpecification\",\"valueRequired\":true,\"valueName\":\"search_term_string\"}}],\"inLanguage\":\"es\"}]}<\/script>\n<!-- \/ Yoast SEO plugin. -->","yoast_head_json":{"title":"PRENSA - Asian Film Festival Barcelona","robots":{"index":"index","follow":"follow","max-snippet":"max-snippet:-1","max-image-preview":"max-image-preview:large","max-video-preview":"max-video-preview:-1"},"canonical":"https:\/\/asianfilmfestival.barcelona\/2021\/es\/press\/","og_locale":"es_ES","og_type":"article","og_title":"PRENSA - Asian Film Festival Barcelona","og_url":"https:\/\/asianfilmfestival.barcelona\/2021\/es\/press\/","og_site_name":"Asian Film Festival Barcelona","article_modified_time":"2021-10-20T11:07:12+00:00","og_image":[{"url":"https:\/\/asianfilmfestival.barcelona\/2021\/wp-content\/uploads\/2021\/10\/Poster-2021_web-210x300.jpg","type":"","width":"","height":""}],"twitter_card":"summary_large_image","twitter_misc":{"Tiempo de lectura":"3 minutos"},"schema":{"@context":"https:\/\/schema.org","@graph":[{"@type":"WebPage","@id":"https:\/\/asianfilmfestival.barcelona\/2021\/es\/press\/","url":"https:\/\/asianfilmfestival.barcelona\/2021\/es\/press\/","name":"PRENSA - Asian Film Festival Barcelona","isPartOf":{"@id":"https:\/\/asianfilmfestival.barcelona\/2021\/#website"},"primaryImageOfPage":{"@id":"https:\/\/asianfilmfestival.barcelona\/2021\/es\/press\/#primaryimage"},"image":{"@id":"https:\/\/asianfilmfestival.barcelona\/2021\/es\/press\/#primaryimage"},"thumbnailUrl":"https:\/\/asianfilmfestival.barcelona\/2021\/wp-content\/uploads\/2021\/10\/Poster-2021_web-210x300.jpg","datePublished":"2018-10-23T16:02:27+00:00","dateModified":"2021-10-20T11:07:12+00:00","breadcrumb":{"@id":"https:\/\/asianfilmfestival.barcelona\/2021\/es\/press\/#breadcrumb"},"inLanguage":"es","potentialAction":[{"@type":"ReadAction","target":["https:\/\/asianfilmfestival.barcelona\/2021\/es\/press\/"]}]},{"@type":"ImageObject","inLanguage":"es","@id":"https:\/\/asianfilmfestival.barcelona\/2021\/es\/press\/#primaryimage","url":"https:\/\/asianfilmfestival.barcelona\/2021\/wp-content\/uploads\/2021\/10\/Poster-2021_web-210x300.jpg","contentUrl":"https:\/\/asianfilmfestival.barcelona\/2021\/wp-content\/uploads\/2021\/10\/Poster-2021_web-210x300.jpg"},{"@type":"BreadcrumbList","@id":"https:\/\/asianfilmfestival.barcelona\/2021\/es\/press\/#breadcrumb","itemListElement":[{"@type":"ListItem","position":1,"name":"Home","item":"https:\/\/asianfilmfestival.barcelona\/2021\/es\/"},{"@type":"ListItem","position":2,"name":"PRENSA"}]},{"@type":"WebSite","@id":"https:\/\/asianfilmfestival.barcelona\/2021\/#website","url":"https:\/\/asianfilmfestival.barcelona\/2021\/","name":"Asian Film Festival Barcelona","description":"2017","potentialAction":[{"@type":"SearchAction","target":{"@type":"EntryPoint","urlTemplate":"https:\/\/asianfilmfestival.barcelona\/2021\/?s={search_term_string}"},"query-input":{"@type":"PropertyValueSpecification","valueRequired":true,"valueName":"search_term_string"}}],"inLanguage":"es"}]}},"_links":{"self":[{"href":"https:\/\/asianfilmfestival.barcelona\/2021\/es\/wp-json\/wp\/v2\/pages\/18400","targetHints":{"allow":["GET"]}}],"collection":[{"href":"https:\/\/asianfilmfestival.barcelona\/2021\/es\/wp-json\/wp\/v2\/pages"}],"about":[{"href":"https:\/\/asianfilmfestival.barcelona\/2021\/es\/wp-json\/wp\/v2\/types\/page"}],"author":[{"embeddable":true,"href":"https:\/\/asianfilmfestival.barcelona\/2021\/es\/wp-json\/wp\/v2\/users\/4"}],"replies":[{"embeddable":true,"href":"https:\/\/asianfilmfestival.barcelona\/2021\/es\/wp-json\/wp\/v2\/comments?post=18400"}],"version-history":[{"count":23,"href":"https:\/\/asianfilmfestival.barcelona\/2021\/es\/wp-json\/wp\/v2\/pages\/18400\/revisions"}],"predecessor-version":[{"id":36266,"href":"https:\/\/asianfilmfestival.barcelona\/2021\/es\/wp-json\/wp\/v2\/pages\/18400\/revisions\/36266"}],"wp:attachment":[{"href":"https:\/\/asianfilmfestival.barcelona\/2021\/es\/wp-json\/wp\/v2\/media?parent=18400"}],"curies":[{"name":"wp","href":"https:\/\/api.w.org\/{rel}","templated":true}]}}