{"id":7393,"date":"2016-10-03T11:40:59","date_gmt":"2016-10-03T09:40:59","guid":{"rendered":"http:\/\/asianfilmfestival.barcelona\/2018\/ca\/?page_id=7393"},"modified":"2021-10-28T11:10:16","modified_gmt":"2021-10-28T09:10:16","slug":"obertura-cloenda","status":"publish","type":"page","link":"https:\/\/asianfilmfestival.barcelona\/2021\/ca\/seccions\/obertura-cloenda\/","title":{"rendered":"OBERTURA &#038; CLOENDA"},"content":{"rendered":"<div id='full_slider_1'  class='avia-fullwidth-slider main_color avia-shadow   avia-builder-el-0  el_before_av_submenu  avia-builder-el-first   container_wrap fullsize' style=' '  ><div   data-size='no scaling'  data-lightbox_size='large'  data-animation='fade'  data-conditional_play=''  data-ids='27716'  data-video_counter='0'  data-autoplay='false'  data-bg_slider='false'  data-slide_height=''  data-handle='av_slideshow_full'  data-interval='5'  data-class=' '  data-el_id=''  data-css_id=''  data-scroll_down=''  data-control_layout='av-control-hidden'  data-custom_markup=''  data-perma_caption=''  data-autoplay_stopper=''  data-image_attachment=''  data-min_height='0px'  data-lazy_loading='disabled'  data-src=''  data-position='top left'  data-repeat='no-repeat'  data-attach='scroll'  data-stretch=''  class='avia-slideshow avia-slideshow-1  av-control-hidden av-default-height-applied avia-slideshow-no scaling av_slideshow_full   avia-fade-slider ' ><ul class='avia-slideshow-inner ' style='padding-bottom: 20.588235294118%;' ><li  class=' av-single-slide slide-1 ' ><div data-rel='slideshow-1' class='avia-slide-wrap '   ><div class = \"caption_fullwidth av-slideshow-caption caption_bottom\"><div class = \"container caption_container\"><div class = \"slideshow_caption\"><div class = \"slideshow_inner_caption\"><div class = \"slideshow_align_caption\"><h2  style='font-size:90px; ' class='avia-caption-title  ' >Seccions<\/h2><\/div><\/div><\/div><\/div><\/div><img decoding=\"async\" class=\"wp-image-27716 avia-img-lazy-loading-not-27716\"  src=\"https:\/\/asianfilmfestival.barcelona\/2021\/wp-content\/uploads\/2020\/09\/Sections_BANNER_2020.jpg\" width=\"1700\" height=\"350\" title='Sections_BANNER_2020' alt='' srcset=\"https:\/\/asianfilmfestival.barcelona\/2021\/wp-content\/uploads\/2020\/09\/Sections_BANNER_2020.jpg 1700w, https:\/\/asianfilmfestival.barcelona\/2021\/wp-content\/uploads\/2020\/09\/Sections_BANNER_2020-300x62.jpg 300w, https:\/\/asianfilmfestival.barcelona\/2021\/wp-content\/uploads\/2020\/09\/Sections_BANNER_2020-1030x212.jpg 1030w, https:\/\/asianfilmfestival.barcelona\/2021\/wp-content\/uploads\/2020\/09\/Sections_BANNER_2020-768x158.jpg 768w, https:\/\/asianfilmfestival.barcelona\/2021\/wp-content\/uploads\/2020\/09\/Sections_BANNER_2020-1536x316.jpg 1536w, https:\/\/asianfilmfestival.barcelona\/2021\/wp-content\/uploads\/2020\/09\/Sections_BANNER_2020-1500x309.jpg 1500w, https:\/\/asianfilmfestival.barcelona\/2021\/wp-content\/uploads\/2020\/09\/Sections_BANNER_2020-705x145.jpg 705w\" sizes=\"(max-width: 1700px) 100vw, 1700px\" \/><\/div><\/li><\/ul><\/div><\/div>\n<div class='clear'><\/div><div id='sub_menu1'  class='av-submenu-container main_color  avia-builder-el-1  el_after_av_slideshow_full  el_before_av_submenu  av-sticky-submenu  submenu-not-first container_wrap fullsize' style='  z-index:301' ><div class='container av-menu-mobile-disabled '><ul id=\"menu-programa\" class=\"av-subnav-menu av-submenu-pos-center\"><li id=\"menu-item-15143\" class=\"menu-item menu-item-type-post_type menu-item-object-page menu-item-top-level menu-item-top-level-1\"><a href=\"https:\/\/asianfilmfestival.barcelona\/2021\/ca\/paisos\/\"><span class=\"avia-bullet\"><\/span><span class=\"avia-menu-text\">PA\u00cfSOS<\/span><span class=\"avia-menu-fx\"><span class=\"avia-arrow-wrap\"><span class=\"avia-arrow\"><\/span><\/span><\/span><\/a><\/li>\n<li id=\"menu-item-15144\" class=\"menu-item menu-item-type-post_type menu-item-object-page menu-item-top-level menu-item-top-level-2\"><a href=\"https:\/\/asianfilmfestival.barcelona\/2021\/ca\/seccions\/\"><span class=\"avia-bullet\"><\/span><span class=\"avia-menu-text\">SECCIONS<\/span><span class=\"avia-menu-fx\"><span class=\"avia-arrow-wrap\"><span class=\"avia-arrow\"><\/span><\/span><\/span><\/a><\/li>\n<li id=\"menu-item-36387\" class=\"menu-item menu-item-type-post_type menu-item-object-page menu-item-top-level menu-item-top-level-3\"><a href=\"https:\/\/asianfilmfestival.barcelona\/2021\/ca\/hong-kong-new-talents\/\"><span class=\"avia-bullet\"><\/span><span class=\"avia-menu-text\">HONG KONG NEW TALENTS<\/span><span class=\"avia-menu-fx\"><span class=\"avia-arrow-wrap\"><span class=\"avia-arrow\"><\/span><\/span><\/span><\/a><\/li>\n<li id=\"menu-item-36388\" class=\"menu-item menu-item-type-post_type menu-item-object-page menu-item-top-level menu-item-top-level-4\"><a href=\"https:\/\/asianfilmfestival.barcelona\/2021\/ca\/seccions\/retrospectiva\/\"><span class=\"avia-bullet\"><\/span><span class=\"avia-menu-text\">RETROSPECTIVA SATYAJIT RAY<\/span><span class=\"avia-menu-fx\"><span class=\"avia-arrow-wrap\"><span class=\"avia-arrow\"><\/span><\/span><\/span><\/a><\/li>\n<li id=\"menu-item-15145\" class=\"menu-item menu-item-type-post_type menu-item-object-page menu-item-top-level menu-item-top-level-5\"><a href=\"https:\/\/asianfilmfestival.barcelona\/2021\/ca\/sales\/\"><span class=\"avia-bullet\"><\/span><span class=\"avia-menu-text\">SALES<\/span><span class=\"avia-menu-fx\"><span class=\"avia-arrow-wrap\"><span class=\"avia-arrow\"><\/span><\/span><\/span><\/a><\/li>\n<\/ul><\/div><\/div><div class='sticky_placeholder'><\/div>\n<div class='clear'><\/div><div id='sub_menu2'  class='av-submenu-container main_color  avia-builder-el-2  el_after_av_submenu  el_before_av_one_full  av-sticky-submenu  submenu-not-first container_wrap fullsize' style='  z-index:302' ><div class='container av-menu-mobile-disabled '><ul id=\"menu-seccions-ca\" class=\"av-subnav-menu av-submenu-pos-center\"><li id=\"menu-item-7404\" class=\"menu-item menu-item-type-post_type menu-item-object-page menu-item-top-level menu-item-top-level-1\"><a href=\"https:\/\/asianfilmfestival.barcelona\/2021\/ca\/seccions\/obertura-cloenda\/\"><span class=\"avia-bullet\"><\/span><span class=\"avia-menu-text\">Obertura i Cloenda<\/span><span class=\"avia-menu-fx\"><span class=\"avia-arrow-wrap\"><span class=\"avia-arrow\"><\/span><\/span><\/span><\/a><\/li>\n<li id=\"menu-item-7405\" class=\"menu-item menu-item-type-post_type menu-item-object-page menu-item-top-level menu-item-top-level-2\"><a href=\"https:\/\/asianfilmfestival.barcelona\/2021\/ca\/seccions\/seccio-oficial\/\"><span class=\"avia-bullet\"><\/span><span class=\"avia-menu-text\">Secci\u00f3 Oficial<\/span><span class=\"avia-menu-fx\"><span class=\"avia-arrow-wrap\"><span class=\"avia-arrow\"><\/span><\/span><\/span><\/a><\/li>\n<li id=\"menu-item-7403\" class=\"menu-item menu-item-type-post_type menu-item-object-page menu-item-top-level menu-item-top-level-3\"><a href=\"https:\/\/asianfilmfestival.barcelona\/2021\/ca\/seccions\/seccio-panorama\/\"><span class=\"avia-bullet\"><\/span><span class=\"avia-menu-text\">Secci\u00f3 Oficial Panorama<\/span><span class=\"avia-menu-fx\"><span class=\"avia-arrow-wrap\"><span class=\"avia-arrow\"><\/span><\/span><\/span><\/a><\/li>\n<li id=\"menu-item-7407\" class=\"menu-item menu-item-type-post_type menu-item-object-page menu-item-top-level menu-item-top-level-4\"><a href=\"https:\/\/asianfilmfestival.barcelona\/2021\/ca\/seccions\/seccio-descobriments\/\"><span class=\"avia-bullet\"><\/span><span class=\"avia-menu-text\">Discoveries<\/span><span class=\"avia-menu-fx\"><span class=\"avia-arrow-wrap\"><span class=\"avia-arrow\"><\/span><\/span><\/span><\/a><\/li>\n<li id=\"menu-item-7406\" class=\"menu-item menu-item-type-post_type menu-item-object-page menu-item-top-level menu-item-top-level-5\"><a href=\"https:\/\/asianfilmfestival.barcelona\/2021\/ca\/seccions\/netpac\/\"><span class=\"avia-bullet\"><\/span><span class=\"avia-menu-text\">NETPAC<\/span><span class=\"avia-menu-fx\"><span class=\"avia-arrow-wrap\"><span class=\"avia-arrow\"><\/span><\/span><\/span><\/a><\/li>\n<li id=\"menu-item-7402\" class=\"menu-item menu-item-type-post_type menu-item-object-page menu-item-top-level menu-item-top-level-6\"><a href=\"https:\/\/asianfilmfestival.barcelona\/2021\/ca\/seccions\/seccio-especial\/\"><span class=\"avia-bullet\"><\/span><span class=\"avia-menu-text\">Secci\u00f3 Especial<\/span><span class=\"avia-menu-fx\"><span class=\"avia-arrow-wrap\"><span class=\"avia-arrow\"><\/span><\/span><\/span><\/a><\/li>\n<\/ul><\/div><\/div><div class='sticky_placeholder'><\/div><div id='after_submenu'  class='main_color av_default_container_wrap container_wrap fullsize' style=' '  ><div class='container' ><div class='template-page content  av-content-full alpha units'><div class='post-entry post-entry-type-page post-entry-7393'><div class='entry-content-wrapper clearfix'>\n<div class=\"flex_column av_one_full  flex_column_div av-zero-column-padding first  avia-builder-el-3  el_after_av_submenu  avia-builder-el-no-sibling  \" style='border-radius:0px; '><div  id=\"av-sc-portfolio-1\"  class=' grid-sort-container isotope   no_margin-container with-excerpt-container grid-total-even grid-col-3 grid-links-' data-portfolio-id='1'><div data-ajax-id='30983' class=' grid-entry flex_column isotope-item all_sort no_margin post-entry post-entry-30983 grid-entry-overview grid-loop-1 grid-parity-odd  01-obertura-cloenda_sort 03-panorama-ca_sort caixaforum-cat_sort japo_sort  av_one_third first default_av_fullwidth '><article class='main_color inner-entry' ><a href='https:\/\/asianfilmfestival.barcelona\/2021\/ca\/film-item\/wheel-of-fortune-and-fantasy-guzen-to-sozo\/' title='Wheel of Fortune and Fantasy (G\u016bzen to S\u014dzo)'  data-rel='grid-1' class='grid-image avia-hover-fx'> <img decoding=\"async\" width=\"495\" height=\"400\" src=\"https:\/\/asianfilmfestival.barcelona\/2021\/wp-content\/uploads\/2021\/09\/Japon-WHEEL-OF-FORTUNE_2-495x400.jpg\" class=\"wp-image-30962 avia-img-lazy-loading-not-30962 attachment-portfolio size-portfolio wp-post-image\" alt=\"\" srcset=\"https:\/\/asianfilmfestival.barcelona\/2021\/wp-content\/uploads\/2021\/09\/Japon-WHEEL-OF-FORTUNE_2-495x400.jpg 495w, https:\/\/asianfilmfestival.barcelona\/2021\/wp-content\/uploads\/2021\/09\/Japon-WHEEL-OF-FORTUNE_2-845x684.jpg 845w\" sizes=\"(max-width: 495px) 100vw, 495px\" \/><\/a><div class='grid-content'><div class='avia-arrow'><\/div><header class=\"entry-content-header\"><h3 class='grid-entry-title entry-title ' ><a href='https:\/\/asianfilmfestival.barcelona\/2021\/ca\/film-item\/wheel-of-fortune-and-fantasy-guzen-to-sozo\/' title='Wheel of Fortune and Fantasy (G\u016bzen to S\u014dzo)'>Wheel of Fortune and Fantasy (G\u016bzen to S\u014dzo)<\/a><\/h3><\/header><div class='grid-entry-excerpt entry-content' >Ry\u016bsuke Hamaguchi - 2021<\/div><\/div><footer class=\"entry-footer\"><\/footer><\/article><\/div><div data-ajax-id='31017' class=' grid-entry flex_column isotope-item all_sort no_margin post-entry post-entry-31017 grid-entry-overview grid-loop-2 grid-parity-even  post-entry-last  01-obertura-cloenda_sort cinemes-girona-ca_sort hong-kong-ca_sort seccio-hong-kong-new-talents_sort  av_one_third  default_av_fullwidth '><article class='main_color inner-entry' ><a href='https:\/\/asianfilmfestival.barcelona\/2021\/ca\/film-item\/better-days-%e5%b0%91%e5%b9%b4%e7%9a%84%e4%bd%a0\/' title='Better Days (\u5c11\u5e74\u7684\u4f60)'  data-rel='grid-1' class='grid-image avia-hover-fx'> <img decoding=\"async\" width=\"495\" height=\"400\" src=\"https:\/\/asianfilmfestival.barcelona\/2021\/wp-content\/uploads\/2021\/09\/Hong-Kong-Better-Days-495x400.jpg\" class=\"wp-image-31006 avia-img-lazy-loading-not-31006 attachment-portfolio size-portfolio wp-post-image\" alt=\"\" srcset=\"https:\/\/asianfilmfestival.barcelona\/2021\/wp-content\/uploads\/2021\/09\/Hong-Kong-Better-Days-495x400.jpg 495w, https:\/\/asianfilmfestival.barcelona\/2021\/wp-content\/uploads\/2021\/09\/Hong-Kong-Better-Days-845x684.jpg 845w\" sizes=\"(max-width: 495px) 100vw, 495px\" \/><\/a><div class='grid-content'><div class='avia-arrow'><\/div><header class=\"entry-content-header\"><h3 class='grid-entry-title entry-title ' ><a href='https:\/\/asianfilmfestival.barcelona\/2021\/ca\/film-item\/better-days-%e5%b0%91%e5%b9%b4%e7%9a%84%e4%bd%a0\/' title='Better Days (\u5c11\u5e74\u7684\u4f60)'>Better Days (\u5c11\u5e74\u7684\u4f60)<\/a><\/h3><\/header><div class='grid-entry-excerpt entry-content' >Derek Kwok-cheung Tsang - 2019<\/div><\/div><footer class=\"entry-footer\"><\/footer><\/article><\/div><\/div><div class='pagination-wrap  '><nav class='pagination'><span class='pagination-meta'>P\u00e0gina 1 de 0<\/span><\/nav>\n<\/div><\/div>\n","protected":false},"excerpt":{"rendered":"","protected":false},"author":3,"featured_media":0,"parent":3326,"menu_order":0,"comment_status":"closed","ping_status":"closed","template":"","meta":{"footnotes":""},"class_list":["post-7393","page","type-page","status-publish","hentry"],"yoast_head":"<!-- This site is optimized with the Yoast SEO plugin v26.2 - https:\/\/yoast.com\/wordpress\/plugins\/seo\/ -->\n<title>OBERTURA &amp; CLOENDA - Asian Film Festival Barcelona<\/title>\n<meta name=\"robots\" content=\"index, follow, max-snippet:-1, max-image-preview:large, max-video-preview:-1\" \/>\n<link rel=\"canonical\" href=\"https:\/\/asianfilmfestival.barcelona\/2021\/ca\/seccions\/obertura-cloenda\/\" \/>\n<meta property=\"og:locale\" content=\"ca_ES\" \/>\n<meta property=\"og:type\" content=\"article\" \/>\n<meta property=\"og:title\" content=\"OBERTURA &amp; CLOENDA - Asian Film Festival Barcelona\" \/>\n<meta property=\"og:url\" content=\"https:\/\/asianfilmfestival.barcelona\/2021\/ca\/seccions\/obertura-cloenda\/\" \/>\n<meta property=\"og:site_name\" content=\"Asian Film Festival Barcelona\" \/>\n<meta property=\"article:modified_time\" content=\"2021-10-28T09:10:16+00:00\" \/>\n<meta name=\"twitter:card\" content=\"summary_large_image\" \/>\n<meta name=\"twitter:label1\" content=\"Temps estimat de lectura\" \/>\n\t<meta name=\"twitter:data1\" content=\"2 minuts\" \/>\n<script type=\"application\/ld+json\" class=\"yoast-schema-graph\">{\"@context\":\"https:\/\/schema.org\",\"@graph\":[{\"@type\":\"WebPage\",\"@id\":\"https:\/\/asianfilmfestival.barcelona\/2021\/ca\/seccions\/obertura-cloenda\/\",\"url\":\"https:\/\/asianfilmfestival.barcelona\/2021\/ca\/seccions\/obertura-cloenda\/\",\"name\":\"OBERTURA & CLOENDA - Asian Film Festival Barcelona\",\"isPartOf\":{\"@id\":\"https:\/\/asianfilmfestival.barcelona\/2021\/#website\"},\"datePublished\":\"2016-10-03T09:40:59+00:00\",\"dateModified\":\"2021-10-28T09:10:16+00:00\",\"breadcrumb\":{\"@id\":\"https:\/\/asianfilmfestival.barcelona\/2021\/ca\/seccions\/obertura-cloenda\/#breadcrumb\"},\"inLanguage\":\"ca\",\"potentialAction\":[{\"@type\":\"ReadAction\",\"target\":[\"https:\/\/asianfilmfestival.barcelona\/2021\/ca\/seccions\/obertura-cloenda\/\"]}]},{\"@type\":\"BreadcrumbList\",\"@id\":\"https:\/\/asianfilmfestival.barcelona\/2021\/ca\/seccions\/obertura-cloenda\/#breadcrumb\",\"itemListElement\":[{\"@type\":\"ListItem\",\"position\":1,\"name\":\"Home\",\"item\":\"https:\/\/asianfilmfestival.barcelona\/2021\/ca\/\"},{\"@type\":\"ListItem\",\"position\":2,\"name\":\"SECCIONS\",\"item\":\"https:\/\/asianfilmfestival.barcelona\/2021\/ca\/seccions\/\"},{\"@type\":\"ListItem\",\"position\":3,\"name\":\"OBERTURA &#038; CLOENDA\"}]},{\"@type\":\"WebSite\",\"@id\":\"https:\/\/asianfilmfestival.barcelona\/2021\/#website\",\"url\":\"https:\/\/asianfilmfestival.barcelona\/2021\/\",\"name\":\"Asian Film Festival Barcelona\",\"description\":\"2017\",\"potentialAction\":[{\"@type\":\"SearchAction\",\"target\":{\"@type\":\"EntryPoint\",\"urlTemplate\":\"https:\/\/asianfilmfestival.barcelona\/2021\/?s={search_term_string}\"},\"query-input\":{\"@type\":\"PropertyValueSpecification\",\"valueRequired\":true,\"valueName\":\"search_term_string\"}}],\"inLanguage\":\"ca\"}]}<\/script>\n<!-- \/ Yoast SEO plugin. -->","yoast_head_json":{"title":"OBERTURA & CLOENDA - Asian Film Festival Barcelona","robots":{"index":"index","follow":"follow","max-snippet":"max-snippet:-1","max-image-preview":"max-image-preview:large","max-video-preview":"max-video-preview:-1"},"canonical":"https:\/\/asianfilmfestival.barcelona\/2021\/ca\/seccions\/obertura-cloenda\/","og_locale":"ca_ES","og_type":"article","og_title":"OBERTURA & CLOENDA - Asian Film Festival Barcelona","og_url":"https:\/\/asianfilmfestival.barcelona\/2021\/ca\/seccions\/obertura-cloenda\/","og_site_name":"Asian Film Festival Barcelona","article_modified_time":"2021-10-28T09:10:16+00:00","twitter_card":"summary_large_image","twitter_misc":{"Temps estimat de lectura":"2 minuts"},"schema":{"@context":"https:\/\/schema.org","@graph":[{"@type":"WebPage","@id":"https:\/\/asianfilmfestival.barcelona\/2021\/ca\/seccions\/obertura-cloenda\/","url":"https:\/\/asianfilmfestival.barcelona\/2021\/ca\/seccions\/obertura-cloenda\/","name":"OBERTURA & CLOENDA - Asian Film Festival Barcelona","isPartOf":{"@id":"https:\/\/asianfilmfestival.barcelona\/2021\/#website"},"datePublished":"2016-10-03T09:40:59+00:00","dateModified":"2021-10-28T09:10:16+00:00","breadcrumb":{"@id":"https:\/\/asianfilmfestival.barcelona\/2021\/ca\/seccions\/obertura-cloenda\/#breadcrumb"},"inLanguage":"ca","potentialAction":[{"@type":"ReadAction","target":["https:\/\/asianfilmfestival.barcelona\/2021\/ca\/seccions\/obertura-cloenda\/"]}]},{"@type":"BreadcrumbList","@id":"https:\/\/asianfilmfestival.barcelona\/2021\/ca\/seccions\/obertura-cloenda\/#breadcrumb","itemListElement":[{"@type":"ListItem","position":1,"name":"Home","item":"https:\/\/asianfilmfestival.barcelona\/2021\/ca\/"},{"@type":"ListItem","position":2,"name":"SECCIONS","item":"https:\/\/asianfilmfestival.barcelona\/2021\/ca\/seccions\/"},{"@type":"ListItem","position":3,"name":"OBERTURA &#038; CLOENDA"}]},{"@type":"WebSite","@id":"https:\/\/asianfilmfestival.barcelona\/2021\/#website","url":"https:\/\/asianfilmfestival.barcelona\/2021\/","name":"Asian Film Festival Barcelona","description":"2017","potentialAction":[{"@type":"SearchAction","target":{"@type":"EntryPoint","urlTemplate":"https:\/\/asianfilmfestival.barcelona\/2021\/?s={search_term_string}"},"query-input":{"@type":"PropertyValueSpecification","valueRequired":true,"valueName":"search_term_string"}}],"inLanguage":"ca"}]}},"_links":{"self":[{"href":"https:\/\/asianfilmfestival.barcelona\/2021\/ca\/wp-json\/wp\/v2\/pages\/7393","targetHints":{"allow":["GET"]}}],"collection":[{"href":"https:\/\/asianfilmfestival.barcelona\/2021\/ca\/wp-json\/wp\/v2\/pages"}],"about":[{"href":"https:\/\/asianfilmfestival.barcelona\/2021\/ca\/wp-json\/wp\/v2\/types\/page"}],"author":[{"embeddable":true,"href":"https:\/\/asianfilmfestival.barcelona\/2021\/ca\/wp-json\/wp\/v2\/users\/3"}],"replies":[{"embeddable":true,"href":"https:\/\/asianfilmfestival.barcelona\/2021\/ca\/wp-json\/wp\/v2\/comments?post=7393"}],"version-history":[{"count":14,"href":"https:\/\/asianfilmfestival.barcelona\/2021\/ca\/wp-json\/wp\/v2\/pages\/7393\/revisions"}],"predecessor-version":[{"id":36426,"href":"https:\/\/asianfilmfestival.barcelona\/2021\/ca\/wp-json\/wp\/v2\/pages\/7393\/revisions\/36426"}],"up":[{"embeddable":true,"href":"https:\/\/asianfilmfestival.barcelona\/2021\/ca\/wp-json\/wp\/v2\/pages\/3326"}],"wp:attachment":[{"href":"https:\/\/asianfilmfestival.barcelona\/2021\/ca\/wp-json\/wp\/v2\/media?parent=7393"}],"curies":[{"name":"wp","href":"https:\/\/api.w.org\/{rel}","templated":true}]}}