{"id":7489,"date":"2016-11-06T23:54:13","date_gmt":"2016-11-06T21:54:13","guid":{"rendered":"http:\/\/asianfilmfestival.barcelona\/2018\/es\/?page_id=7489"},"modified":"2020-09-25T15:18:20","modified_gmt":"2020-09-25T13:18:20","slug":"news","status":"publish","type":"page","link":"https:\/\/asianfilmfestival.barcelona\/2020\/es\/news\/","title":{"rendered":"NEWS"},"content":{"rendered":"<div id='full_slider_1'  class='avia-fullwidth-slider main_color avia-shadow   avia-builder-el-0  el_before_av_blog  avia-builder-el-first   container_wrap fullsize' style=' '  ><div   data-size='no scaling'  data-lightbox_size='large'  data-animation='fade'  data-conditional_play=''  data-ids='27764'  data-video_counter='0'  data-autoplay='false'  data-bg_slider='false'  data-slide_height=''  data-handle='av_slideshow_full'  data-interval='5'  data-class=' '  data-el_id=''  data-css_id=''  data-scroll_down=''  data-control_layout='av-control-default'  data-custom_markup=''  data-perma_caption=''  data-autoplay_stopper=''  data-image_attachment=''  data-min_height='0px'  data-lazy_loading='disabled'  data-src=''  data-position='top left'  data-repeat='no-repeat'  data-attach='scroll'  data-stretch=''  class='avia-slideshow avia-slideshow-1  av-control-default av-default-height-applied avia-slideshow-no scaling av_slideshow_full   avia-fade-slider '  itemprop=\"image\" itemscope=\"itemscope\" itemtype=\"https:\/\/schema.org\/ImageObject\" ><ul class='avia-slideshow-inner ' style='padding-bottom: 20.588235294118%;' ><li  class=' av-single-slide slide-1 ' ><div data-rel='slideshow-1' class='avia-slide-wrap '   ><div class = \"caption_fullwidth av-slideshow-caption caption_bottom\"><div class = \"container caption_container\"><div class = \"slideshow_caption\"><div class = \"slideshow_inner_caption\"><div class = \"slideshow_align_caption\"><h2  style='font-size:90px; ' class='avia-caption-title  '  itemprop=\"name\" >Noticias y entrevistas<\/h2><\/div><\/div><\/div><\/div><\/div><img decoding=\"async\" class=\"wp-image-27764 avia-img-lazy-loading-not-27764\"  src=\"https:\/\/asianfilmfestival.barcelona\/2020\/wp-content\/uploads\/2020\/09\/Countries_BANNER_2020.jpg\" width=\"1700\" height=\"350\" title='Countries_BANNER_2020' alt=''  itemprop=\"thumbnailUrl\" srcset=\"https:\/\/asianfilmfestival.barcelona\/2020\/wp-content\/uploads\/2020\/09\/Countries_BANNER_2020.jpg 1700w, https:\/\/asianfilmfestival.barcelona\/2020\/wp-content\/uploads\/2020\/09\/Countries_BANNER_2020-300x62.jpg 300w, https:\/\/asianfilmfestival.barcelona\/2020\/wp-content\/uploads\/2020\/09\/Countries_BANNER_2020-1030x212.jpg 1030w, https:\/\/asianfilmfestival.barcelona\/2020\/wp-content\/uploads\/2020\/09\/Countries_BANNER_2020-768x158.jpg 768w, https:\/\/asianfilmfestival.barcelona\/2020\/wp-content\/uploads\/2020\/09\/Countries_BANNER_2020-1536x316.jpg 1536w, https:\/\/asianfilmfestival.barcelona\/2020\/wp-content\/uploads\/2020\/09\/Countries_BANNER_2020-1500x309.jpg 1500w, https:\/\/asianfilmfestival.barcelona\/2020\/wp-content\/uploads\/2020\/09\/Countries_BANNER_2020-705x145.jpg 705w\" sizes=\"(max-width: 1700px) 100vw, 1700px\" \/><\/div><\/li><\/ul><\/div><\/div><div id='after_full_slider_1'  class='main_color av_default_container_wrap container_wrap fullsize' style=' '  ><div class='container' ><div class='template-page content  av-content-full alpha units'><div class='post-entry post-entry-type-page post-entry-7489'><div class='entry-content-wrapper clearfix'>\n<div  class='av-alb-blogposts template-blog  av-blog-meta-author-disabled av-blog-meta-comments-disabled av-blog-meta-category-disabled av-blog-meta-date-disabled av-blog-meta-html-info-disabled av-blog-meta-tag-disabled '  itemscope=\"itemscope\" itemtype=\"https:\/\/schema.org\/Blog\" ><article class='post-entry post-entry-type-standard post-entry-35828 post-loop-1 post-parity-odd multi-big with-slider post-35828 post type-post status-publish format-standard has-post-thumbnail hentry category-noticias'  itemscope=\"itemscope\" itemtype=\"https:\/\/schema.org\/BlogPosting\" ><div class=\"big-preview multi-big\"  itemprop=\"image\" itemscope=\"itemscope\" itemtype=\"https:\/\/schema.org\/ImageObject\" ><a href=\"https:\/\/asianfilmfestival.barcelona\/2020\/es\/programacion-de-cine-en-el-proyecto-the-japanese-summer-del-museo-lazaro-galdiano\/\"  title=\"Jap\u00f3n TRUE MOTHERS (1)\" ><img loading=\"lazy\" decoding=\"async\" width=\"1\" height=\"1\" src=\"https:\/\/asianfilmfestival.barcelona\/2020\/wp-content\/uploads\/2021\/06\/Japon-TRUE-MOTHERS-1-1.jpg\" class=\"wp-image-35832 avia-img-lazy-loading-35832 attachment-entry_without_sidebar size-entry_without_sidebar wp-post-image\" alt=\"\" \/><\/a><\/div><div class='blog-meta'><a href='https:\/\/asianfilmfestival.barcelona\/2020\/es\/author\/moon\/' class='post-author-format-type'><span class='rounded-container'><img loading=\"lazy\" decoding=\"async\" alt='Asian Film Festival Barcelona' src=\"https:\/\/secure.gravatar.com\/avatar\/2b70c89a32ff7923752020dbdcd7d17202d996fa13bbe4424cdbf22a297f3777?s=81&#038;d=blank&#038;r=g\" srcset='https:\/\/secure.gravatar.com\/avatar\/2b70c89a32ff7923752020dbdcd7d17202d996fa13bbe4424cdbf22a297f3777?s=162&#038;d=blank&#038;r=g 2x' class='avatar avatar-81 photo' height=\"81\" width=\"81\" \/><span class=\"iconfont\" aria-hidden='true' data-av_icon='\ue836' data-av_iconfont='entypo-fontello'><\/span><\/span><\/a><\/div><div class='entry-content-wrapper clearfix standard-content'><header class=\"entry-content-header\"><h2 class='post-title entry-title '  itemprop=\"headline\" >\t<a href='https:\/\/asianfilmfestival.barcelona\/2020\/es\/programacion-de-cine-en-el-proyecto-the-japanese-summer-del-museo-lazaro-galdiano\/' rel='bookmark' title='Enlace permanente: Programaci\u00f3n de Cine en el Proyecto: \u00abThe Japanese Summer\u00bb del Museo L\u00e1zaro Galdiano'>Programaci\u00f3n de Cine en el Proyecto: \u00abThe Japanese Summer\u00bb del Museo L\u00e1zaro Galdiano\t\t\t<span class='post-format-icon minor-meta'><\/span>\t<\/a><\/h2><span class='post-meta-infos'><time class='date-container minor-meta updated' >15\/06\/2021<\/time><span class='text-sep text-sep-date'>\/<\/span><span class=\"blog-categories minor-meta\">en <a href=\"https:\/\/asianfilmfestival.barcelona\/2020\/es\/category\/noticias\/\" rel=\"tag\">Noticias<\/a> <\/span><span class=\"text-sep text-sep-cat\">\/<\/span><span class=\"blog-author minor-meta\">por <span class=\"entry-author-link\"  itemprop=\"author\" ><span class=\"author\"><span class=\"fn\"><a href=\"https:\/\/asianfilmfestival.barcelona\/2020\/es\/author\/moon\/\" title=\"Entradas de Asian Film Festival Barcelona\" rel=\"author\">Asian Film Festival Barcelona<\/a><\/span><\/span><\/span><\/span><\/span><\/header><div class=\"entry-content\"  itemprop=\"text\" ><div class=\"read-more-link\"><a href=\"https:\/\/asianfilmfestival.barcelona\/2020\/es\/programacion-de-cine-en-el-proyecto-the-japanese-summer-del-museo-lazaro-galdiano\/\" class=\"more-link\">Leer m\u00e1s<span class=\"more-link-arrow\"><\/span><\/a><\/div>\n<\/div><footer class=\"entry-footer\"><\/footer><div class='post_delimiter'><\/div><\/div><div class='post_author_timeline'><\/div><span class='hidden'>\n\t\t\t\t<span class='av-structured-data'  itemprop=\"image\" itemscope=\"itemscope\" itemtype=\"https:\/\/schema.org\/ImageObject\" >\n\t\t\t\t\t\t<span itemprop='url'>https:\/\/asianfilmfestival.barcelona\/2020\/wp-content\/uploads\/2021\/06\/Japon-TRUE-MOTHERS-1-1.jpg<\/span>\n\t\t\t\t\t\t<span itemprop='height'>0<\/span>\n\t\t\t\t\t\t<span itemprop='width'>0<\/span>\n\t\t\t\t<\/span>\n\t\t\t\t<span class='av-structured-data'  itemprop=\"publisher\" itemtype=\"https:\/\/schema.org\/Organization\" itemscope=\"itemscope\" >\n\t\t\t\t\t\t<span itemprop='name'>Asian Film Festival Barcelona<\/span>\n\t\t\t\t\t\t<span itemprop='logo' itemscope itemtype='https:\/\/schema.org\/ImageObject'>\n\t\t\t\t\t\t\t<span itemprop='url'>https:\/\/asianfilmfestival.barcelona\/2020\/wp-content\/uploads\/2020\/09\/logoHome2020_wh-300x115.png<\/span>\n\t\t\t\t\t\t <\/span>\n\t\t\t\t<\/span><span class='av-structured-data'  itemprop=\"author\" itemscope=\"itemscope\" itemtype=\"https:\/\/schema.org\/Person\" ><span itemprop='name'>Asian Film Festival Barcelona<\/span><\/span><span class='av-structured-data'  itemprop=\"datePublished\" datetime=\"2021-06-15T14:06:36+02:00\" >2021-06-15 14:06:36<\/span><span class='av-structured-data'  itemprop=\"dateModified\" itemtype=\"https:\/\/schema.org\/dateModified\" >2021-06-15 14:06:36<\/span><span class='av-structured-data'  itemprop=\"mainEntityOfPage\" itemtype=\"https:\/\/schema.org\/mainEntityOfPage\" ><span itemprop='name'>Programaci\u00f3n de Cine en el Proyecto: \u00abThe Japanese Summer\u00bb del Museo L\u00e1zaro Galdiano<\/span><\/span><\/span><\/article><article class='post-entry post-entry-type-standard post-entry-35787 post-loop-2 post-parity-even multi-big with-slider post-35787 post type-post status-publish format-standard has-post-thumbnail hentry category-noticias'  itemscope=\"itemscope\" itemtype=\"https:\/\/schema.org\/BlogPosting\" ><div class=\"big-preview multi-big\"  itemprop=\"image\" itemscope=\"itemscope\" itemtype=\"https:\/\/schema.org\/ImageObject\" ><a href=\"https:\/\/asianfilmfestival.barcelona\/2020\/es\/trilogia-de-japon-en-los-cinemes-girona\/\"  title=\"Japon_Demolition Girl_Foto (3)\" ><img loading=\"lazy\" decoding=\"async\" width=\"1\" height=\"1\" src=\"https:\/\/asianfilmfestival.barcelona\/2020\/wp-content\/uploads\/2021\/06\/Japon_Demolition-Girl_Foto-3-1.jpg\" class=\"wp-image-35797 avia-img-lazy-loading-35797 attachment-entry_without_sidebar size-entry_without_sidebar wp-post-image\" alt=\"\" \/><\/a><\/div><div class='blog-meta'><a href='https:\/\/asianfilmfestival.barcelona\/2020\/es\/author\/moon\/' class='post-author-format-type'><span class='rounded-container'><img loading=\"lazy\" decoding=\"async\" alt='Asian Film Festival Barcelona' src=\"https:\/\/secure.gravatar.com\/avatar\/2b70c89a32ff7923752020dbdcd7d17202d996fa13bbe4424cdbf22a297f3777?s=81&#038;d=blank&#038;r=g\" srcset='https:\/\/secure.gravatar.com\/avatar\/2b70c89a32ff7923752020dbdcd7d17202d996fa13bbe4424cdbf22a297f3777?s=162&#038;d=blank&#038;r=g 2x' class='avatar avatar-81 photo' height=\"81\" width=\"81\" \/><span class=\"iconfont\" aria-hidden='true' data-av_icon='\ue836' data-av_iconfont='entypo-fontello'><\/span><\/span><\/a><\/div><div class='entry-content-wrapper clearfix standard-content'><header class=\"entry-content-header\"><h2 class='post-title entry-title '  itemprop=\"headline\" >\t<a href='https:\/\/asianfilmfestival.barcelona\/2020\/es\/trilogia-de-japon-en-los-cinemes-girona\/' rel='bookmark' title='Enlace permanente: Trilog\u00eda de Jap\u00f3n en los Cinemes Girona'>Trilog\u00eda de Jap\u00f3n en los Cinemes Girona\t\t\t<span class='post-format-icon minor-meta'><\/span>\t<\/a><\/h2><span class='post-meta-infos'><time class='date-container minor-meta updated' >15\/06\/2021<\/time><span class='text-sep text-sep-date'>\/<\/span><span class=\"blog-categories minor-meta\">en <a href=\"https:\/\/asianfilmfestival.barcelona\/2020\/es\/category\/noticias\/\" rel=\"tag\">Noticias<\/a> <\/span><span class=\"text-sep text-sep-cat\">\/<\/span><span class=\"blog-author minor-meta\">por <span class=\"entry-author-link\"  itemprop=\"author\" ><span class=\"author\"><span class=\"fn\"><a href=\"https:\/\/asianfilmfestival.barcelona\/2020\/es\/author\/moon\/\" title=\"Entradas de Asian Film Festival Barcelona\" rel=\"author\">Asian Film Festival Barcelona<\/a><\/span><\/span><\/span><\/span><\/span><\/header><div class=\"entry-content\"  itemprop=\"text\" ><div class=\"read-more-link\"><a href=\"https:\/\/asianfilmfestival.barcelona\/2020\/es\/trilogia-de-japon-en-los-cinemes-girona\/\" class=\"more-link\">Leer m\u00e1s<span class=\"more-link-arrow\"><\/span><\/a><\/div>\n<\/div><footer class=\"entry-footer\"><\/footer><div class='post_delimiter'><\/div><\/div><div class='post_author_timeline'><\/div><span class='hidden'>\n\t\t\t\t<span class='av-structured-data'  itemprop=\"image\" itemscope=\"itemscope\" itemtype=\"https:\/\/schema.org\/ImageObject\" >\n\t\t\t\t\t\t<span itemprop='url'>https:\/\/asianfilmfestival.barcelona\/2020\/wp-content\/uploads\/2021\/06\/Japon_Demolition-Girl_Foto-3-1.jpg<\/span>\n\t\t\t\t\t\t<span itemprop='height'>0<\/span>\n\t\t\t\t\t\t<span itemprop='width'>0<\/span>\n\t\t\t\t<\/span>\n\t\t\t\t<span class='av-structured-data'  itemprop=\"publisher\" itemtype=\"https:\/\/schema.org\/Organization\" itemscope=\"itemscope\" >\n\t\t\t\t\t\t<span itemprop='name'>Asian Film Festival Barcelona<\/span>\n\t\t\t\t\t\t<span itemprop='logo' itemscope itemtype='https:\/\/schema.org\/ImageObject'>\n\t\t\t\t\t\t\t<span itemprop='url'>https:\/\/asianfilmfestival.barcelona\/2020\/wp-content\/uploads\/2020\/09\/logoHome2020_wh-300x115.png<\/span>\n\t\t\t\t\t\t <\/span>\n\t\t\t\t<\/span><span class='av-structured-data'  itemprop=\"author\" itemscope=\"itemscope\" itemtype=\"https:\/\/schema.org\/Person\" ><span itemprop='name'>Asian Film Festival Barcelona<\/span><\/span><span class='av-structured-data'  itemprop=\"datePublished\" datetime=\"2021-06-15T11:45:39+02:00\" >2021-06-15 11:45:39<\/span><span class='av-structured-data'  itemprop=\"dateModified\" itemtype=\"https:\/\/schema.org\/dateModified\" >2021-06-15 11:45:39<\/span><span class='av-structured-data'  itemprop=\"mainEntityOfPage\" itemtype=\"https:\/\/schema.org\/mainEntityOfPage\" ><span itemprop='name'>Trilog\u00eda de Jap\u00f3n en los Cinemes Girona<\/span><\/span><\/span><\/article><article class='post-entry post-entry-type-standard post-entry-35737 post-loop-3 post-parity-odd post-entry-last multi-big with-slider post-35737 post type-post status-publish format-standard has-post-thumbnail hentry category-noticias'  itemscope=\"itemscope\" itemtype=\"https:\/\/schema.org\/BlogPosting\" ><div class=\"big-preview multi-big\"  itemprop=\"image\" itemscope=\"itemscope\" itemtype=\"https:\/\/schema.org\/ImageObject\" ><a href=\"https:\/\/asianfilmfestival.barcelona\/2020\/es\/ciclo-de-cine-al-este-del-eden-en-el-festival-fire-muestra-internacional-de-cine-gay-y-lesbico-de-barcelona\/\"  title=\"imagen-grafica-fire-2021-landing-web_CAT-pc-\" ><img loading=\"lazy\" decoding=\"async\" width=\"1210\" height=\"423\" src=\"https:\/\/asianfilmfestival.barcelona\/2020\/wp-content\/uploads\/2021\/06\/imagen-grafica-fire-2021-landing-web_CAT-pc-1-1-1210x423.jpg\" class=\"wp-image-35765 avia-img-lazy-loading-35765 attachment-entry_without_sidebar size-entry_without_sidebar wp-post-image\" alt=\"\" \/><\/a><\/div><div class='blog-meta'><a href='https:\/\/asianfilmfestival.barcelona\/2020\/es\/author\/moon\/' class='post-author-format-type'><span class='rounded-container'><img loading=\"lazy\" decoding=\"async\" alt='Asian Film Festival Barcelona' src=\"https:\/\/secure.gravatar.com\/avatar\/2b70c89a32ff7923752020dbdcd7d17202d996fa13bbe4424cdbf22a297f3777?s=81&#038;d=blank&#038;r=g\" srcset='https:\/\/secure.gravatar.com\/avatar\/2b70c89a32ff7923752020dbdcd7d17202d996fa13bbe4424cdbf22a297f3777?s=162&#038;d=blank&#038;r=g 2x' class='avatar avatar-81 photo' height=\"81\" width=\"81\" \/><span class=\"iconfont\" aria-hidden='true' data-av_icon='\ue836' data-av_iconfont='entypo-fontello'><\/span><\/span><\/a><\/div><div class='entry-content-wrapper clearfix standard-content'><header class=\"entry-content-header\"><h2 class='post-title entry-title '  itemprop=\"headline\" >\t<a href='https:\/\/asianfilmfestival.barcelona\/2020\/es\/ciclo-de-cine-al-este-del-eden-en-el-festival-fire-muestra-internacional-de-cine-gay-y-lesbico-de-barcelona\/' rel='bookmark' title='Enlace permanente: Ciclo de cine \u00abAl este del ed\u00e9n\u00bb en el Festival FIRE!! Muestra Internacional de Cine Gay y L\u00e9sbico de Barcelona'>Ciclo de cine \u00abAl este del ed\u00e9n\u00bb en el Festival FIRE!! Muestra Internacional de Cine Gay y L\u00e9sbico de Barcelona\t\t\t<span class='post-format-icon minor-meta'><\/span>\t<\/a><\/h2><span class='post-meta-infos'><time class='date-container minor-meta updated' >13\/06\/2021<\/time><span class='text-sep text-sep-date'>\/<\/span><span class=\"blog-categories minor-meta\">en <a href=\"https:\/\/asianfilmfestival.barcelona\/2020\/es\/category\/noticias\/\" rel=\"tag\">Noticias<\/a> <\/span><span class=\"text-sep text-sep-cat\">\/<\/span><span class=\"blog-author minor-meta\">por <span class=\"entry-author-link\"  itemprop=\"author\" ><span class=\"author\"><span class=\"fn\"><a href=\"https:\/\/asianfilmfestival.barcelona\/2020\/es\/author\/moon\/\" title=\"Entradas de Asian Film Festival Barcelona\" rel=\"author\">Asian Film Festival Barcelona<\/a><\/span><\/span><\/span><\/span><\/span><\/header><div class=\"entry-content\"  itemprop=\"text\" ><div class=\"read-more-link\"><a href=\"https:\/\/asianfilmfestival.barcelona\/2020\/es\/ciclo-de-cine-al-este-del-eden-en-el-festival-fire-muestra-internacional-de-cine-gay-y-lesbico-de-barcelona\/\" class=\"more-link\">Leer m\u00e1s<span class=\"more-link-arrow\"><\/span><\/a><\/div>\n<\/div><footer class=\"entry-footer\"><\/footer><div class='post_delimiter'><\/div><\/div><div class='post_author_timeline'><\/div><span class='hidden'>\n\t\t\t\t<span class='av-structured-data'  itemprop=\"image\" itemscope=\"itemscope\" itemtype=\"https:\/\/schema.org\/ImageObject\" >\n\t\t\t\t\t\t<span itemprop='url'>https:\/\/asianfilmfestival.barcelona\/2020\/wp-content\/uploads\/2021\/06\/imagen-grafica-fire-2021-landing-web_CAT-pc-1-1.jpg<\/span>\n\t\t\t\t\t\t<span itemprop='height'>1081<\/span>\n\t\t\t\t\t\t<span itemprop='width'>1921<\/span>\n\t\t\t\t<\/span>\n\t\t\t\t<span class='av-structured-data'  itemprop=\"publisher\" itemtype=\"https:\/\/schema.org\/Organization\" itemscope=\"itemscope\" >\n\t\t\t\t\t\t<span itemprop='name'>Asian Film Festival Barcelona<\/span>\n\t\t\t\t\t\t<span itemprop='logo' itemscope itemtype='https:\/\/schema.org\/ImageObject'>\n\t\t\t\t\t\t\t<span itemprop='url'>https:\/\/asianfilmfestival.barcelona\/2020\/wp-content\/uploads\/2020\/09\/logoHome2020_wh-300x115.png<\/span>\n\t\t\t\t\t\t <\/span>\n\t\t\t\t<\/span><span class='av-structured-data'  itemprop=\"author\" itemscope=\"itemscope\" itemtype=\"https:\/\/schema.org\/Person\" ><span itemprop='name'>Asian Film Festival Barcelona<\/span><\/span><span class='av-structured-data'  itemprop=\"datePublished\" datetime=\"2021-06-13T12:45:22+02:00\" >2021-06-13 12:45:22<\/span><span class='av-structured-data'  itemprop=\"dateModified\" itemtype=\"https:\/\/schema.org\/dateModified\" >2021-06-13 12:45:22<\/span><span class='av-structured-data'  itemprop=\"mainEntityOfPage\" itemtype=\"https:\/\/schema.org\/mainEntityOfPage\" ><span itemprop='name'>Ciclo de cine \u00abAl este del ed\u00e9n\u00bb en el Festival FIRE!! Muestra Internacional de Cine Gay y L\u00e9sbico de Barcelona<\/span><\/span><\/span><\/article><div class='multi-big'><nav class='pagination'><span class='pagination-meta'>P\u00e1gina 1 de 8<\/span><span class='current'>1<\/span><a href='https:\/\/asianfilmfestival.barcelona\/2020\/es\/wp-json\/wp\/v2\/pages\/7489\/page\/2\/' class='inactive next_page' >2<\/a><a href='https:\/\/asianfilmfestival.barcelona\/2020\/es\/wp-json\/wp\/v2\/pages\/7489\/page\/3\/' class='inactive' >3<\/a><a href='https:\/\/asianfilmfestival.barcelona\/2020\/es\/wp-json\/wp\/v2\/pages\/7489\/page\/2\/'>&rsaquo;<\/a><a href='https:\/\/asianfilmfestival.barcelona\/2020\/es\/wp-json\/wp\/v2\/pages\/7489\/page\/8\/'>&raquo;<\/a><\/nav>\n<\/div><\/div>\n<div   class='hr hr-default  '><span class='hr-inner ' ><span class='hr-inner-style'><\/span><\/span><\/div>\n<section class=\"av_textblock_section \"  itemscope=\"itemscope\" itemtype=\"https:\/\/schema.org\/BlogPosting\" itemprop=\"blogPost\" ><div class='avia_textblock  '   itemprop=\"text\" ><p style=\"text-align: center;\">Banner: Photo by <em>elCarito<\/em><\/p>\n<\/div><\/section>\n","protected":false},"excerpt":{"rendered":"","protected":false},"author":3,"featured_media":0,"parent":0,"menu_order":0,"comment_status":"closed","ping_status":"closed","template":"","meta":{"footnotes":""},"class_list":["post-7489","page","type-page","status-publish","hentry"],"yoast_head":"<!-- This site is optimized with the Yoast SEO plugin v27.4 - https:\/\/yoast.com\/product\/yoast-seo-wordpress\/ -->\n<title>NEWS - Asian Film Festival Barcelona<\/title>\n<meta name=\"robots\" content=\"noindex, follow, max-snippet:-1, max-image-preview:large, max-video-preview:-1\" \/>\n<meta property=\"og:locale\" content=\"es_ES\" \/>\n<meta property=\"og:type\" content=\"article\" \/>\n<meta property=\"og:title\" content=\"NEWS - Asian Film Festival Barcelona\" \/>\n<meta property=\"og:url\" content=\"https:\/\/asianfilmfestival.barcelona\/2020\/es\/news\/\" \/>\n<meta property=\"og:site_name\" content=\"Asian Film Festival Barcelona\" \/>\n<meta property=\"article:modified_time\" content=\"2020-09-25T13:18:20+00:00\" \/>\n<meta name=\"twitter:card\" content=\"summary_large_image\" \/>\n<meta name=\"twitter:label1\" content=\"Tiempo de lectura\" \/>\n\t<meta name=\"twitter:data1\" content=\"2 minutos\" \/>\n<script type=\"application\/ld+json\" class=\"yoast-schema-graph\">{\"@context\":\"https:\\\/\\\/schema.org\",\"@graph\":[{\"@type\":\"WebPage\",\"@id\":\"https:\\\/\\\/asianfilmfestival.barcelona\\\/2020\\\/es\\\/news\\\/\",\"url\":\"https:\\\/\\\/asianfilmfestival.barcelona\\\/2020\\\/es\\\/news\\\/\",\"name\":\"NEWS - Asian Film Festival Barcelona\",\"isPartOf\":{\"@id\":\"https:\\\/\\\/asianfilmfestival.barcelona\\\/2020\\\/#website\"},\"datePublished\":\"2016-11-06T21:54:13+00:00\",\"dateModified\":\"2020-09-25T13:18:20+00:00\",\"breadcrumb\":{\"@id\":\"https:\\\/\\\/asianfilmfestival.barcelona\\\/2020\\\/es\\\/news\\\/#breadcrumb\"},\"inLanguage\":\"es\",\"potentialAction\":[{\"@type\":\"ReadAction\",\"target\":[\"https:\\\/\\\/asianfilmfestival.barcelona\\\/2020\\\/es\\\/news\\\/\"]}]},{\"@type\":\"BreadcrumbList\",\"@id\":\"https:\\\/\\\/asianfilmfestival.barcelona\\\/2020\\\/es\\\/news\\\/#breadcrumb\",\"itemListElement\":[{\"@type\":\"ListItem\",\"position\":1,\"name\":\"Home\",\"item\":\"https:\\\/\\\/asianfilmfestival.barcelona\\\/2020\\\/es\\\/\"},{\"@type\":\"ListItem\",\"position\":2,\"name\":\"NEWS\"}]},{\"@type\":\"WebSite\",\"@id\":\"https:\\\/\\\/asianfilmfestival.barcelona\\\/2020\\\/#website\",\"url\":\"https:\\\/\\\/asianfilmfestival.barcelona\\\/2020\\\/\",\"name\":\"Asian Film Festival Barcelona\",\"description\":\"2020\",\"potentialAction\":[{\"@type\":\"SearchAction\",\"target\":{\"@type\":\"EntryPoint\",\"urlTemplate\":\"https:\\\/\\\/asianfilmfestival.barcelona\\\/2020\\\/?s={search_term_string}\"},\"query-input\":{\"@type\":\"PropertyValueSpecification\",\"valueRequired\":true,\"valueName\":\"search_term_string\"}}],\"inLanguage\":\"es\"}]}<\/script>\n<!-- \/ Yoast SEO plugin. -->","yoast_head_json":{"title":"NEWS - Asian Film Festival Barcelona","robots":{"index":"noindex","follow":"follow","max-snippet":"max-snippet:-1","max-image-preview":"max-image-preview:large","max-video-preview":"max-video-preview:-1"},"og_locale":"es_ES","og_type":"article","og_title":"NEWS - Asian Film Festival Barcelona","og_url":"https:\/\/asianfilmfestival.barcelona\/2020\/es\/news\/","og_site_name":"Asian Film Festival Barcelona","article_modified_time":"2020-09-25T13:18:20+00:00","twitter_card":"summary_large_image","twitter_misc":{"Tiempo de lectura":"2 minutos"},"schema":{"@context":"https:\/\/schema.org","@graph":[{"@type":"WebPage","@id":"https:\/\/asianfilmfestival.barcelona\/2020\/es\/news\/","url":"https:\/\/asianfilmfestival.barcelona\/2020\/es\/news\/","name":"NEWS - Asian Film Festival Barcelona","isPartOf":{"@id":"https:\/\/asianfilmfestival.barcelona\/2020\/#website"},"datePublished":"2016-11-06T21:54:13+00:00","dateModified":"2020-09-25T13:18:20+00:00","breadcrumb":{"@id":"https:\/\/asianfilmfestival.barcelona\/2020\/es\/news\/#breadcrumb"},"inLanguage":"es","potentialAction":[{"@type":"ReadAction","target":["https:\/\/asianfilmfestival.barcelona\/2020\/es\/news\/"]}]},{"@type":"BreadcrumbList","@id":"https:\/\/asianfilmfestival.barcelona\/2020\/es\/news\/#breadcrumb","itemListElement":[{"@type":"ListItem","position":1,"name":"Home","item":"https:\/\/asianfilmfestival.barcelona\/2020\/es\/"},{"@type":"ListItem","position":2,"name":"NEWS"}]},{"@type":"WebSite","@id":"https:\/\/asianfilmfestival.barcelona\/2020\/#website","url":"https:\/\/asianfilmfestival.barcelona\/2020\/","name":"Asian Film Festival Barcelona","description":"2020","potentialAction":[{"@type":"SearchAction","target":{"@type":"EntryPoint","urlTemplate":"https:\/\/asianfilmfestival.barcelona\/2020\/?s={search_term_string}"},"query-input":{"@type":"PropertyValueSpecification","valueRequired":true,"valueName":"search_term_string"}}],"inLanguage":"es"}]}},"_links":{"self":[{"href":"https:\/\/asianfilmfestival.barcelona\/2020\/es\/wp-json\/wp\/v2\/pages\/7489","targetHints":{"allow":["GET"]}}],"collection":[{"href":"https:\/\/asianfilmfestival.barcelona\/2020\/es\/wp-json\/wp\/v2\/pages"}],"about":[{"href":"https:\/\/asianfilmfestival.barcelona\/2020\/es\/wp-json\/wp\/v2\/types\/page"}],"author":[{"embeddable":true,"href":"https:\/\/asianfilmfestival.barcelona\/2020\/es\/wp-json\/wp\/v2\/users\/3"}],"replies":[{"embeddable":true,"href":"https:\/\/asianfilmfestival.barcelona\/2020\/es\/wp-json\/wp\/v2\/comments?post=7489"}],"version-history":[{"count":10,"href":"https:\/\/asianfilmfestival.barcelona\/2020\/es\/wp-json\/wp\/v2\/pages\/7489\/revisions"}],"predecessor-version":[{"id":32584,"href":"https:\/\/asianfilmfestival.barcelona\/2020\/es\/wp-json\/wp\/v2\/pages\/7489\/revisions\/32584"}],"wp:attachment":[{"href":"https:\/\/asianfilmfestival.barcelona\/2020\/es\/wp-json\/wp\/v2\/media?parent=7489"}],"curies":[{"name":"wp","href":"https:\/\/api.w.org\/{rel}","templated":true}]}}