{"id":3262,"date":"2016-09-08T15:07:13","date_gmt":"2016-09-08T13:07:13","guid":{"rendered":"http:\/\/asianfilmfestival.barcelona\/2018\/?page_id=3262"},"modified":"2020-11-23T11:30:36","modified_gmt":"2020-11-23T10:30:36","slug":"entrades","status":"publish","type":"page","link":"https:\/\/asianfilmfestival.barcelona\/2020\/ca\/entrades\/","title":{"rendered":"ENTRADES"},"content":{"rendered":"<div id='full_slider_1'  class='avia-fullwidth-slider main_color avia-shadow   avia-builder-el-0  el_before_av_one_full  avia-builder-el-first   container_wrap fullsize' style=' '  ><div   data-size='featured'  data-lightbox_size='large'  data-animation='fade'  data-conditional_play=''  data-ids='16033'  data-video_counter='0'  data-autoplay='false'  data-bg_slider='false'  data-slide_height=''  data-handle='av_slideshow_full'  data-interval='5'  data-class=' '  data-el_id=''  data-css_id=''  data-scroll_down=''  data-control_layout='av-control-default'  data-custom_markup=''  data-perma_caption=''  data-autoplay_stopper=''  data-image_attachment=''  data-min_height='0px'  data-lazy_loading='disabled'  data-src=''  data-position='top left'  data-repeat='no-repeat'  data-attach='scroll'  data-stretch=''  data-default-height='28.666666666667'  class='avia-slideshow avia-slideshow-1  av-control-default av-default-height-applied avia-slideshow-featured av_slideshow_full   avia-fade-slider ' ><ul class='avia-slideshow-inner ' style='padding-bottom: 23.333333333333%;' ><li  class=' av-single-slide slide-1 ' ><div data-rel='slideshow-1' class='avia-slide-wrap '   ><div class = \"caption_fullwidth av-slideshow-caption caption_bottom\"><div class = \"container caption_container\"><div class = \"slideshow_caption\"><div class = \"slideshow_inner_caption\"><div class = \"slideshow_align_caption\"><h2  style='font-size:90px; ' class='avia-caption-title  ' >Entrades<\/h2><\/div><\/div><\/div><\/div><\/div><img decoding=\"async\" class=\"wp-image-16031 avia-img-lazy-loading-not-16031\"  src=\"https:\/\/asianfilmfestival.barcelona\/2020\/wp-content\/uploads\/2018\/10\/BANNER-TICKETS-new-1500x350.jpg\" width=\"1500\" height=\"350\" title='BANNER-TICKETS-new' alt=''   \/><\/div><\/li><\/ul><\/div><\/div><div id='after_full_slider_1'  class='main_color av_default_container_wrap container_wrap fullsize' style=' '  ><div class='container' ><div class='template-page content  av-content-full alpha units'><div class='post-entry post-entry-type-page post-entry-3262'><div class='entry-content-wrapper clearfix'>\n<div class=\"flex_column av_one_full  flex_column_div av-zero-column-padding first  avia-builder-el-1  el_after_av_slideshow_full  el_before_av_one_half  avia-builder-el-first  \" style='border-radius:0px; '><section class=\"av_textblock_section \" ><div class='avia_textblock  '  ><h2 style=\"text-align: center;\">AV\u00cdS<\/h2>\n<p style=\"text-align: center;\">Despr\u00e9s de la declaraci\u00f3 de l\u2019estat d\u2019alarma pel Covid-19 realitzada el diumenge 25 d\u2019octubre pel president de Govern, Pedro S\u00e1nchez, la Generalitat de Catalunya ha establert el toc de queda de les 22.00 a les 6.00 hores. No obstant aix\u00f2, els esdeveniments culturals que inclouen les sales de cinema, podran acabar a les 22.00 hores. Aix\u00ed, els espectadors podran despla\u00e7ar fins a casa sense ser sancionats sempre que mostrin una entrada que justifiqui la seva assist\u00e8ncia a l\u2019acte cultural. Aquesta excepci\u00f3 al toc de queda inclou a m\u00e9s dels cinemes, als teatres i als auditoris, que ja ofereixen \u201cgaranties\u201d de compliment de les mesures sanit\u00e0ries, tal com van explicar en roda de premsa, el conseller d\u2019Interior, Miquel S\u00e0mper, i el subdirector de Protecci\u00f3 Civil de la Generalitat, Sergio Delgado, al costat de el comissari en cap dels Mossos d\u2019Esquadra, Eduard Sallen.<\/p>\n<\/div><\/section><br \/>\n<div   class='hr hr-default   avia-builder-el-3  el_after_av_textblock  el_before_av_textblock '><span class='hr-inner ' ><span class='hr-inner-style'><\/span><\/span><\/div><br \/>\n<section class=\"av_textblock_section \" ><div class='avia_textblock  '  ><h2 style=\"text-align: center;\">Seus i compra d&#8217;entrades<\/h2>\n<\/div><\/section><\/p><\/div>\n<div class=\"flex_column av_one_half  flex_column_div av-zero-column-padding first  avia-builder-el-5  el_after_av_one_full  el_before_av_one_half  column-top-margin\" style='border-radius:0px; '><section class=\"av_textblock_section \" ><div class='avia_textblock  av_inherit_color '  style='font-size:36px; color:#d32e1b; ' ><h2 style=\"text-align: left;\">CINEMES GIRONA<\/h2>\n<\/div><\/section><br \/>\n<div  style=' margin-top:10px; margin-bottom:10px;'  class='hr hr-custom hr-center hr-icon-no   avia-builder-el-7  el_after_av_textblock  el_before_av_icon_box '><span class='hr-inner  inner-border-av-border-thin' style=' width:100%; border-color:#999999;' ><span class='hr-inner-style'><\/span><\/span><\/div><br \/>\n<article  class=\"iconbox iconbox_left    avia-builder-el-8  el_after_av_hr  el_before_av_icon_box  \" ><div class=\"iconbox_content\"><header class=\"entry-content-header\"><div class=\"iconbox_icon heading-color\" aria-hidden='true' data-av_icon='\ue842' data-av_iconfont='entypo-fontello'  ><\/div><h3 class='iconbox_content_title  '  >PUNTS DE VENDA:<\/h3><\/header><div class='iconbox_content_container  '  ><p><span style=\"line-height: 1.5;\">Taquilles del Cinema Girona:<\/span><\/p>\n<p><span style=\"line-height: 1.5;\">Girona, 175 (Metro Verdaguer, L5) <a href=\"https:\/\/www.google.es\/maps\/place\/Cinemes+Girona\/@41.3816375,2.1556021,16z\/data=%214m5%213m4%211s0x12a4a2eacb212d33:0xafd1ea602167414d%218m2%213d41.3996576%214d2.1645592\" target=\"_blank\" rel=\"noopener noreferrer\">Veure mapa<\/a><\/span><\/p>\n<p><span style=\"line-height: 1.5;\">Tel.: 93 118 45 31<\/span><\/p>\n<p><span style=\"line-height: 1.5;\">On line: <a href=\"http:\/\/www.cinemesgirona.cat\/\" target=\"_blank\" rel=\"noopener noreferrer\">cinemesgirona.cat<\/a><\/span><\/p>\n<\/div><\/div><footer class=\"entry-footer\"><\/footer><\/article><br \/>\n<article  class=\"iconbox iconbox_left    avia-builder-el-9  el_after_av_icon_box  el_before_av_button  \" ><div class=\"iconbox_content\"><header class=\"entry-content-header\"><div class=\"iconbox_icon heading-color\" aria-hidden='true' data-av_icon='\ue8cf' data-av_iconfont='entypo-fontello'  ><\/div><h3 class='iconbox_content_title  '  >PREUS:<\/h3><\/header><div class='iconbox_content_container  '  ><p><span style=\"line-height: 1.5;\">Entrada general: <strong>6 \u20ac<\/strong><\/span><\/p>\n<p><span style=\"line-height: 1.5;\">Entrada per <span class=\"s1\">socis, abonats i estudiants, biblioteques i altres<\/span>: <strong>5 \u20ac<\/strong><\/span><span style=\"line-height: 1.5;\"><strong><br \/>\n<\/strong><\/span><\/p>\n<p><span style=\"line-height: 1.5;\"><span class=\"s1\">Abonament 5 pel\u00b7l\u00edcules<\/span>: <strong>23 \u20ac<\/strong><\/span><\/p>\n<p><span style=\"line-height: 1.5;\"><span class=\"s1\">Abonament 10 pel\u00b7l\u00edcules<\/span>: <strong>40 \u20ac<\/strong><\/span><\/p>\n<p><span class=\"s1\">Sessi\u00f3 especial 29 d\u2019octubre \u201c<em>True Mothers<\/em>\u201d de Naomi Kawase<\/span>: <strong>7 \u20ac<\/strong><\/p>\n<\/div><\/div><footer class=\"entry-footer\"><\/footer><\/article><br \/>\n<div  class='avia-button-wrap avia-button-left  avia-builder-el-10  el_after_av_icon_box  avia-builder-el-last ' ><a href='http:\/\/www.cinemesgirona.cat' class='avia-button  avia-color-theme-color   avia-icon_select-no avia-size-large avia-position-left ' target=\"_blank\" rel=\"noopener noreferrer\"><span class='avia_iconbox_title' >COMPRAR ENTRADES<\/span><\/a><\/div><\/p><\/div>\n<div class=\"flex_column av_one_half  flex_column_div av-zero-column-padding   avia-builder-el-11  el_after_av_one_half  el_before_av_one_half  column-top-margin\" style='border-radius:0px; '><section class=\"av_textblock_section \" ><div class='avia_textblock  av_inherit_color '  style='font-size:36px; color:#d32e1b; ' ><h2 style=\"text-align: left;\">FILMIN<\/h2>\n<\/div><\/section><br \/>\n<div  style=' margin-top:10px; margin-bottom:10px;'  class='hr hr-custom hr-center hr-icon-no   avia-builder-el-13  el_after_av_textblock  el_before_av_icon_box '><span class='hr-inner  inner-border-av-border-thin' style=' width:100%; border-color:#999999;' ><span class='hr-inner-style'><\/span><\/span><\/div><br \/>\n<article  class=\"iconbox iconbox_left    avia-builder-el-14  el_after_av_hr  el_before_av_icon_box  \" ><div class=\"iconbox_content\"><header class=\"entry-content-header\"><div class=\"iconbox_icon heading-color\" aria-hidden='true' data-av_icon='\ue842' data-av_iconfont='entypo-fontello'  ><\/div><h3 class='iconbox_content_title  '  >PUNTS DE VENDA:<\/h3><\/header><div class='iconbox_content_container  '  ><p><span style=\"line-height: 1.5;\">Compra les teves entrades Online a: <a href=\"https:\/\/www.filmin.es\/festival\/asian-film-festival\">www.filmin.es<\/a><\/span><\/p>\n<\/div><\/div><footer class=\"entry-footer\"><\/footer><\/article><br \/>\n<article  class=\"iconbox iconbox_left    avia-builder-el-15  el_after_av_icon_box  el_before_av_button  \" ><div class=\"iconbox_content\"><header class=\"entry-content-header\"><div class=\"iconbox_icon heading-color\" aria-hidden='true' data-av_icon='\ue8cf' data-av_iconfont='entypo-fontello'  ><\/div><h3 class='iconbox_content_title  '  >PREUS:<\/h3><\/header><div class='iconbox_content_container  '  ><p><span style=\"line-height: 1.5;\">Pack de subscripci\u00f3: <strong>15 \u20ac<\/strong><\/span><\/p>\n<p>Lloga una pel\u00b7l\u00edcula durant 72 h: <strong>3,95 \u20ac<\/strong><\/p>\n<\/div><\/div><footer class=\"entry-footer\"><\/footer><\/article><br \/>\n<div  class='avia-button-wrap avia-button-left  avia-builder-el-16  el_after_av_icon_box  avia-builder-el-last ' ><a href='https:\/\/www.filmin.es\/festival\/asian-film-festival' class='avia-button  avia-color-theme-color   avia-icon_select-no avia-size-large avia-position-left ' target=\"_blank\" rel=\"noopener noreferrer\"><span class='avia_iconbox_title' >COMPRAR ENTRADES<\/span><\/a><\/div><\/p><\/div><div class=\"flex_column av_one_half  flex_column_div av-zero-column-padding first  avia-builder-el-17  el_after_av_one_half  el_before_av_one_half  column-top-margin\" style='border-radius:0px; '><section class=\"av_textblock_section \" ><div class='avia_textblock  av_inherit_color '  style='font-size:36px; color:#d32e1b; ' ><h2 style=\"text-align: left;\">Filmoteca de Catalunya<\/h2>\n<\/div><\/section><br \/>\n<div  style=' margin-top:10px; margin-bottom:10px;'  class='hr hr-custom hr-center hr-icon-no   avia-builder-el-19  el_after_av_textblock  el_before_av_icon_box '><span class='hr-inner  inner-border-av-border-thin' style=' width:100%; border-color:#999999;' ><span class='hr-inner-style'><\/span><\/span><\/div><br \/>\n<article  class=\"iconbox iconbox_left    avia-builder-el-20  el_after_av_hr  el_before_av_icon_box  \" ><div class=\"iconbox_content\"><header class=\"entry-content-header\"><div class=\"iconbox_icon heading-color\" aria-hidden='true' data-av_icon='\ue842' data-av_iconfont='entypo-fontello'  ><\/div><h3 class='iconbox_content_title  '  >PUNTS DE VENDA:<\/h3><\/header><div class='iconbox_content_container  '  ><p><span style=\"line-height: 1.5;\">Taquilles de la Filmoteca de Catalunya:<\/span><\/p>\n<p><span style=\"line-height: 1.5;\">Pla\u00e7a Salvador Segu\u00ed, 1-9 (Metro L3 Liceu\/ L2 Paral\u00b7lel; Bus 21\/ 24\/ 59\/ 88\/ 91\/ D20\/ H14\/ V11\/ V13)\u00a0\u00a0<a href=\"https:\/\/www.google.es\/maps\/place\/Filmoteca+de+Catalunya\/@41.3784246,2.1690441,17z\/data=!3m1!4b1!4m5!3m4!1s0x12a4a258e7202b27:0xde9d3d56433bca4a!8m2!3d41.3784206!4d2.1712328\" target=\"_blank\" rel=\"noopener noreferrer\">Veure mapa<\/a><\/span><\/p>\n<p><span style=\"line-height: 1.5;\">Tel.: <span class=\"_Xbe _ZWk kno-fv\"><a class=\"fl r-ion9jS8JF4sc\" title=\"Llamar a trav\u00e9s de Hangouts\" data-number=\"+34935671070\" data-pstn-out-call-url=\"\" data-rtid=\"ion9jS8JF4sc\" data-ved=\"0ahUKEwi59rHHxIvXAhXMBBoKHY_vC-EQkAgIsQEoADAV\">935 67 10 70<\/a><\/span><br \/>\n<\/span><\/p>\n<\/div><\/div><footer class=\"entry-footer\"><\/footer><\/article><br \/>\n<article  class=\"iconbox iconbox_left    avia-builder-el-21  el_after_av_icon_box  el_before_av_button  \" ><div class=\"iconbox_content\"><header class=\"entry-content-header\"><div class=\"iconbox_icon heading-color\" aria-hidden='true' data-av_icon='\ue8cf' data-av_iconfont='entypo-fontello'  ><\/div><h3 class='iconbox_content_title  '  >PREUS:<\/h3><\/header><div class='iconbox_content_container  '  ><p><span style=\"line-height: 1.5;\">Entrada individual: <strong>4 \u20ac<\/strong><\/span><\/p>\n<p><span style=\"line-height: 1.5;\">Entrada redu\u00efda*: <strong>3 \u20ac<\/strong><\/span><\/p>\n<p><span style=\"line-height: 1.5;\">Entrada programaci\u00f3 infantil: <strong>2 \u20ac<br \/>\n<\/strong><\/span><span style=\"line-height: 1.5;\">(nens fins a 12 anys)<\/span><\/p>\n<p><span style=\"line-height: 1.5;\">Amb Carnet Club Super3, entrada gratu\u00efta per el titular del carnet + tarifa redu\u00efda per a dos acompanyants<br \/>\n<\/span><\/p>\n<p><span style=\"line-height: 1.5;\">Filmo 10 (<span class=\"s1\">v\u00e0lid per a 10 sessions<\/span>): <strong>20 \u20ac<\/strong><\/span><\/p>\n<\/div><\/div><footer class=\"entry-footer\"><\/footer><\/article><br \/>\n<div  class='avia-button-wrap avia-button-left  avia-builder-el-22  el_after_av_icon_box  avia-builder-el-last ' ><a href='http:\/\/www.filmoteca.cat\/web\/programacio' class='avia-button  avia-color-theme-color   avia-icon_select-no avia-size-large avia-position-left ' target=\"_blank\" rel=\"noopener noreferrer\"><span class='avia_iconbox_title' >COMPRAR ENTRADES<\/span><\/a><\/div><\/p><\/div><\/p>\n<div class=\"flex_column av_one_half  flex_column_div av-zero-column-padding   avia-builder-el-23  el_after_av_one_half  el_before_av_one_half  column-top-margin\" style='border-radius:0px; '><section class=\"av_textblock_section \" ><div class='avia_textblock  av_inherit_color '  style='font-size:36px; color:#d32e1b; ' ><h2>CineBaix<\/h2>\n<\/div><\/section><br \/>\n<div  style=' margin-top:10px; margin-bottom:10px;'  class='hr hr-custom hr-center hr-icon-no   avia-builder-el-25  el_after_av_textblock  el_before_av_icon_box '><span class='hr-inner  inner-border-av-border-thin' style=' width:100%; border-color:#999999;' ><span class='hr-inner-style'><\/span><\/span><\/div><br \/>\n<article  class=\"iconbox iconbox_left    avia-builder-el-26  el_after_av_hr  el_before_av_icon_box  \" ><div class=\"iconbox_content\"><header class=\"entry-content-header\"><div class=\"iconbox_icon heading-color\" aria-hidden='true' data-av_icon='\ue842' data-av_iconfont='entypo-fontello'  ><\/div><h3 class='iconbox_content_title  '  >PUNTS DE VENDA:<\/h3><\/header><div class='iconbox_content_container  '  ><p><span style=\"line-height: 1.5;\">Taquilles CineBaix:<\/span><\/p>\n<p><span class=\"s1\">Joan Batllori, 21. Sant Feliu de Llobregat (Barcelona) <a href=\"https:\/\/www.google.com\/maps\/place\/CineBaix\/@41.3820071,2.0428006,17z\/data=!3m1!4b1!4m5!3m4!1s0x12a49bb522c54e31:0x1f446772c0dba169!8m2!3d41.3820071!4d2.0449893\" target=\"_blank\" rel=\"noopener noreferrer\">Veure mapa<\/a><br \/>\n(<\/span><span class=\"s1\">Renfe: l\u00edneas R1 y R4)<br \/>\n<\/span><\/p>\n<p><span class=\"s1\">Tel: 93 666 18 59<\/span><\/p>\n<p><span class=\"s1\"> On line: <a href=\"https:\/\/cinebaixtaquilla81.com\/\">www.cinebaix.cat<\/a><\/span><\/p>\n<\/div><\/div><footer class=\"entry-footer\"><\/footer><\/article><br \/>\n<article  class=\"iconbox iconbox_left    avia-builder-el-27  el_after_av_icon_box  el_before_av_button  \" ><div class=\"iconbox_content\"><header class=\"entry-content-header\"><div class=\"iconbox_icon heading-color\" aria-hidden='true' data-av_icon='\ue8cf' data-av_iconfont='entypo-fontello'  ><\/div><h3 class='iconbox_content_title  '  >PREUS:<\/h3><\/header><div class='iconbox_content_container  '  ><p><span style=\"line-height: 1.5;\"><span class=\"s1\">Entrada general: <strong>6 \u20ac<\/strong><\/span><\/span><\/p>\n<p><span style=\"line-height: 1.5;\"><span class=\"s1\">Socis de CineBaix: <strong>4,50 \u20ac<\/strong><\/span><\/span><\/p>\n<p><span style=\"line-height: 1.5;\"><span class=\"s1\">Dia de l\u2019espectador, menors de 12 anys, majors de 65 anys i Carnet Jove: <strong>5 \u20ac<\/strong><\/span><\/span><\/p>\n<\/div><\/div><footer class=\"entry-footer\"><\/footer><\/article><br \/>\n<div  class='avia-button-wrap avia-button-left  avia-builder-el-28  el_after_av_icon_box  avia-builder-el-last ' ><a href='https:\/\/cinebaixtaquilla81.com\/' class='avia-button  avia-color-theme-color   avia-icon_select-no avia-size-large avia-position-left ' target=\"_blank\" rel=\"noopener noreferrer\"><span class='avia_iconbox_title' >COMPRAR ENTRADES<\/span><\/a><\/div><\/p><\/div>\n<div class=\"flex_column av_one_half  flex_column_div av-zero-column-padding first  avia-builder-el-29  el_after_av_one_half  avia-builder-el-last  column-top-margin\" style='border-radius:0px; '><section class=\"av_textblock_section \" ><div class='avia_textblock  av_inherit_color '  style='font-size:36px; color:#d32e1b; ' ><h2 class=\"content-box-heading fusion-responsive-typography-calculated\" data-fontsize=\"24\" data-lineheight=\"29.0333px\">Institut Fran\u00e7ais de Barcelona<\/h2>\n<\/div><\/section><br \/>\n<div  style=' margin-top:10px; margin-bottom:10px;'  class='hr hr-custom hr-center hr-icon-no   avia-builder-el-31  el_after_av_textblock  el_before_av_icon_box '><span class='hr-inner  inner-border-av-border-thin' style=' width:100%; border-color:#999999;' ><span class='hr-inner-style'><\/span><\/span><\/div><br \/>\n<article  class=\"iconbox iconbox_left    avia-builder-el-32  el_after_av_hr  el_before_av_icon_box  \" ><div class=\"iconbox_content\"><header class=\"entry-content-header\"><div class=\"iconbox_icon heading-color\" aria-hidden='true' data-av_icon='\ue842' data-av_iconfont='entypo-fontello'  ><\/div><h3 class='iconbox_content_title  '  >PUNTS DE VENDA:<\/h3><\/header><div class='iconbox_content_container  '  ><p><span style=\"line-height: 1.5;\">Taquilles Institut Fran\u00e7ais de Barcelona:<\/span><\/p>\n<p><span class=\"s1\">Moi\u00e0, 8, 08006 Barcelona<span role=\"link\" aria-label=\"Truca al n\u00famero de tel\u00e8fon 935 67 77 77\">\u00a0<\/span> <a href=\"https:\/\/www.google.com\/maps\/place\/Institut+fran%C3%A7ais+en+Barcelona+-+Cursos+de+franc%C3%A9s\/@41.3952703,2.1495777,17z\/data=!3m1!4b1!4m5!3m4!1s0x12a4a29bc6face1d:0x8489ce900954da1e!8m2!3d41.3952703!4d2.1517664\" target=\"_blank\" rel=\"noopener noreferrer\">Veure mapa<\/a><br \/>\n<\/span><span class=\"s1\">(<span role=\"link\" aria-label=\"Truca al n\u00famero de tel\u00e8fon 935 67 77 77\">Ferrocarrils de la Generalitat Gr\u00e0cia o Proven\u00e7a<\/span>)<\/span><\/p>\n<p><span class=\"s1\">Tel. <span role=\"link\" aria-label=\"Truca al n\u00famero de tel\u00e8fon 935 67 77 77\">935 67 77 77<\/span><\/span><\/p>\n<p><span class=\"s1\">On line: <a href=\"https:\/\/www.institutfrancais.es\/barcelona\/\">www.institutfrancais.es<\/a><\/span><\/p>\n<\/div><\/div><footer class=\"entry-footer\"><\/footer><\/article><br \/>\n<article  class=\"iconbox iconbox_left    avia-builder-el-33  el_after_av_icon_box  el_before_av_button  \" ><div class=\"iconbox_content\"><header class=\"entry-content-header\"><div class=\"iconbox_icon heading-color\" aria-hidden='true' data-av_icon='\ue8cf' data-av_iconfont='entypo-fontello'  ><\/div><h3 class='iconbox_content_title  '  >PRECIOS:<\/h3><\/header><div class='iconbox_content_container  '  ><p><span style=\"line-height: 1.5;\"><span class=\"s1\">Entrada Online: <strong>4 \u20ac<\/strong><\/span><\/span><\/p>\n<p><span style=\"line-height: 1.5;\"><span class=\"s1\">Entrada en la misma sede antes de la proyecci\u00f3n de la pel\u00edcula : <strong>5 \u20ac<\/strong><\/span><\/span><\/p>\n<\/div><\/div><footer class=\"entry-footer\"><\/footer><\/article><br \/>\n<div  class='avia-button-wrap avia-button-left  avia-builder-el-34  el_after_av_icon_box  avia-builder-el-last ' ><a href='https:\/\/www.institutfrancais.es\/barcelona\/' class='avia-button  avia-color-theme-color   avia-icon_select-no avia-size-large avia-position-left ' target=\"_blank\" rel=\"noopener noreferrer\"><span class='avia_iconbox_title' >COMPRAR ENTRADAS<\/span><\/a><\/div><\/p><\/div>\n","protected":false},"excerpt":{"rendered":"","protected":false},"author":3,"featured_media":0,"parent":0,"menu_order":0,"comment_status":"closed","ping_status":"closed","template":"","meta":{"footnotes":""},"class_list":["post-3262","page","type-page","status-publish","hentry"],"yoast_head":"<!-- This site is optimized with the Yoast SEO plugin v26.2 - https:\/\/yoast.com\/wordpress\/plugins\/seo\/ -->\n<title>ENTRADES - Asian Film Festival Barcelona<\/title>\n<meta name=\"robots\" content=\"noindex, follow, max-snippet:-1, max-image-preview:large, max-video-preview:-1\" \/>\n<meta property=\"og:locale\" content=\"ca_ES\" \/>\n<meta property=\"og:type\" content=\"article\" \/>\n<meta property=\"og:title\" content=\"ENTRADES - Asian Film Festival Barcelona\" \/>\n<meta property=\"og:url\" content=\"https:\/\/asianfilmfestival.barcelona\/2020\/ca\/entrades\/\" \/>\n<meta property=\"og:site_name\" content=\"Asian Film Festival Barcelona\" \/>\n<meta property=\"article:modified_time\" content=\"2020-11-23T10:30:36+00:00\" \/>\n<meta name=\"twitter:card\" content=\"summary_large_image\" \/>\n<meta name=\"twitter:label1\" content=\"Temps estimat de lectura\" \/>\n\t<meta name=\"twitter:data1\" content=\"14 minuts\" \/>\n<script type=\"application\/ld+json\" class=\"yoast-schema-graph\">{\"@context\":\"https:\/\/schema.org\",\"@graph\":[{\"@type\":\"WebPage\",\"@id\":\"https:\/\/asianfilmfestival.barcelona\/2020\/ca\/entrades\/\",\"url\":\"https:\/\/asianfilmfestival.barcelona\/2020\/ca\/entrades\/\",\"name\":\"ENTRADES - Asian Film Festival Barcelona\",\"isPartOf\":{\"@id\":\"https:\/\/asianfilmfestival.barcelona\/2020\/#website\"},\"datePublished\":\"2016-09-08T13:07:13+00:00\",\"dateModified\":\"2020-11-23T10:30:36+00:00\",\"breadcrumb\":{\"@id\":\"https:\/\/asianfilmfestival.barcelona\/2020\/ca\/entrades\/#breadcrumb\"},\"inLanguage\":\"ca\",\"potentialAction\":[{\"@type\":\"ReadAction\",\"target\":[\"https:\/\/asianfilmfestival.barcelona\/2020\/ca\/entrades\/\"]}]},{\"@type\":\"BreadcrumbList\",\"@id\":\"https:\/\/asianfilmfestival.barcelona\/2020\/ca\/entrades\/#breadcrumb\",\"itemListElement\":[{\"@type\":\"ListItem\",\"position\":1,\"name\":\"Home\",\"item\":\"https:\/\/asianfilmfestival.barcelona\/2020\/ca\/\"},{\"@type\":\"ListItem\",\"position\":2,\"name\":\"ENTRADES\"}]},{\"@type\":\"WebSite\",\"@id\":\"https:\/\/asianfilmfestival.barcelona\/2020\/#website\",\"url\":\"https:\/\/asianfilmfestival.barcelona\/2020\/\",\"name\":\"Asian Film Festival Barcelona\",\"description\":\"2020\",\"potentialAction\":[{\"@type\":\"SearchAction\",\"target\":{\"@type\":\"EntryPoint\",\"urlTemplate\":\"https:\/\/asianfilmfestival.barcelona\/2020\/?s={search_term_string}\"},\"query-input\":{\"@type\":\"PropertyValueSpecification\",\"valueRequired\":true,\"valueName\":\"search_term_string\"}}],\"inLanguage\":\"ca\"}]}<\/script>\n<!-- \/ Yoast SEO plugin. -->","yoast_head_json":{"title":"ENTRADES - Asian Film Festival Barcelona","robots":{"index":"noindex","follow":"follow","max-snippet":"max-snippet:-1","max-image-preview":"max-image-preview:large","max-video-preview":"max-video-preview:-1"},"og_locale":"ca_ES","og_type":"article","og_title":"ENTRADES - Asian Film Festival Barcelona","og_url":"https:\/\/asianfilmfestival.barcelona\/2020\/ca\/entrades\/","og_site_name":"Asian Film Festival Barcelona","article_modified_time":"2020-11-23T10:30:36+00:00","twitter_card":"summary_large_image","twitter_misc":{"Temps estimat de lectura":"14 minuts"},"schema":{"@context":"https:\/\/schema.org","@graph":[{"@type":"WebPage","@id":"https:\/\/asianfilmfestival.barcelona\/2020\/ca\/entrades\/","url":"https:\/\/asianfilmfestival.barcelona\/2020\/ca\/entrades\/","name":"ENTRADES - Asian Film Festival Barcelona","isPartOf":{"@id":"https:\/\/asianfilmfestival.barcelona\/2020\/#website"},"datePublished":"2016-09-08T13:07:13+00:00","dateModified":"2020-11-23T10:30:36+00:00","breadcrumb":{"@id":"https:\/\/asianfilmfestival.barcelona\/2020\/ca\/entrades\/#breadcrumb"},"inLanguage":"ca","potentialAction":[{"@type":"ReadAction","target":["https:\/\/asianfilmfestival.barcelona\/2020\/ca\/entrades\/"]}]},{"@type":"BreadcrumbList","@id":"https:\/\/asianfilmfestival.barcelona\/2020\/ca\/entrades\/#breadcrumb","itemListElement":[{"@type":"ListItem","position":1,"name":"Home","item":"https:\/\/asianfilmfestival.barcelona\/2020\/ca\/"},{"@type":"ListItem","position":2,"name":"ENTRADES"}]},{"@type":"WebSite","@id":"https:\/\/asianfilmfestival.barcelona\/2020\/#website","url":"https:\/\/asianfilmfestival.barcelona\/2020\/","name":"Asian Film Festival Barcelona","description":"2020","potentialAction":[{"@type":"SearchAction","target":{"@type":"EntryPoint","urlTemplate":"https:\/\/asianfilmfestival.barcelona\/2020\/?s={search_term_string}"},"query-input":{"@type":"PropertyValueSpecification","valueRequired":true,"valueName":"search_term_string"}}],"inLanguage":"ca"}]}},"_links":{"self":[{"href":"https:\/\/asianfilmfestival.barcelona\/2020\/ca\/wp-json\/wp\/v2\/pages\/3262","targetHints":{"allow":["GET"]}}],"collection":[{"href":"https:\/\/asianfilmfestival.barcelona\/2020\/ca\/wp-json\/wp\/v2\/pages"}],"about":[{"href":"https:\/\/asianfilmfestival.barcelona\/2020\/ca\/wp-json\/wp\/v2\/types\/page"}],"author":[{"embeddable":true,"href":"https:\/\/asianfilmfestival.barcelona\/2020\/ca\/wp-json\/wp\/v2\/users\/3"}],"replies":[{"embeddable":true,"href":"https:\/\/asianfilmfestival.barcelona\/2020\/ca\/wp-json\/wp\/v2\/comments?post=3262"}],"version-history":[{"count":42,"href":"https:\/\/asianfilmfestival.barcelona\/2020\/ca\/wp-json\/wp\/v2\/pages\/3262\/revisions"}],"predecessor-version":[{"id":34630,"href":"https:\/\/asianfilmfestival.barcelona\/2020\/ca\/wp-json\/wp\/v2\/pages\/3262\/revisions\/34630"}],"wp:attachment":[{"href":"https:\/\/asianfilmfestival.barcelona\/2020\/ca\/wp-json\/wp\/v2\/media?parent=3262"}],"curies":[{"name":"wp","href":"https:\/\/api.w.org\/{rel}","templated":true}]}}