{"id":7489,"date":"2016-11-06T23:54:13","date_gmt":"2016-11-06T21:54:13","guid":{"rendered":"http:\/\/asianfilmfestival.barcelona\/2017\/es\/?page_id=7489"},"modified":"2016-11-14T13:49:22","modified_gmt":"2016-11-14T11:49:22","slug":"news","status":"publish","type":"page","link":"https:\/\/asianfilmfestival.barcelona\/2017\/es\/news\/","title":{"rendered":"NEWS"},"content":{"rendered":"<\/div><\/div><\/div><!-- close content main div --><\/div><\/div><div id='full_slider_1' class='avia-fullwidth-slider main_color avia-shadow   container_wrap fullsize'   ><div  data-size='featured'  data-lightbox_size='large'  data-animation='fade'  data-conditional_play=''  data-ids='7855'  data-video_counter='0'  data-autoplay='false'  data-bg_slider='false'  data-slide_height=''  data-handle='av_slideshow_full'  data-interval='5'  data-class=' '  data-css_id=''  data-scroll_down=''  data-control_layout='av-control-default'  data-custom_markup=''  data-perma_caption=''  data-autoplay_stopper=''  data-image_attachment=''  data-min_height='0px'  data-src=''  data-position='top left'  data-repeat='no-repeat'  data-attach='scroll'  data-stretch=''  data-default-height='28.666666666667'  class='avia-slideshow avia-slideshow-1  av-control-default av-default-height-applied avia-slideshow-featured av_slideshow_full   avia-fade-slider '  itemprop=\"ImageObject\" itemscope=\"itemscope\" itemtype=\"https:\/\/schema.org\/ImageObject\" ><ul class='avia-slideshow-inner ' style='padding-bottom: 23.333333333333%;' ><li  class=' av-single-slide slide-1 ' ><div data-rel='slideshow-1' class='avia-slide-wrap '   ><div class = \"caption_fullwidth av-slideshow-caption caption_bottom\"><div class = \"container caption_container\"><div class = \"slideshow_caption\"><div class = \"slideshow_inner_caption\"><div class = \"slideshow_align_caption\"><h2  style='font-size:90px; ' class='avia-caption-title '  itemprop=\"name\" >Noticias y entrevistas<\/h2><\/div><\/div><\/div><\/div><\/div><img src='https:\/\/asianfilmfestival.barcelona\/2017\/wp-content\/uploads\/2016\/11\/banner-news-1500x350.jpg' width='1500' height='350' title='banner-news' alt=''  itemprop=\"thumbnailUrl\"   \/><\/div><\/li><\/ul><\/div><\/div>\n<div class='av-alb-blogposts template-blog  av-blog-meta-author-disabled av-blog-meta-comments-disabled av-blog-meta-category-disabled av-blog-meta-date-disabled av-blog-meta-html-info-disabled av-blog-meta-tag-disabled '  itemscope=\"itemscope\" itemtype=\"https:\/\/schema.org\/Blog\" ><article class='post-entry post-entry-type-standard post-entry-14415 post-loop-1 post-parity-odd multi-big with-slider post-14415 post type-post status-publish format-standard has-post-thumbnail hentry category-noticias'  itemscope=\"itemscope\" itemtype=\"https:\/\/schema.org\/BlogPosting\" ><div class=\"big-preview multi-big\"><a href=\"https:\/\/asianfilmfestival.barcelona\/2017\/es\/ciclo-de-cine-premios-de-affb\/\" title=\"Ciclo de Cine: Premios de AFFB\"><img width=\"1210\" height=\"423\" src=\"https:\/\/asianfilmfestival.barcelona\/2017\/wp-content\/uploads\/2018\/06\/Ciclo-de-cine-AFFB-en-FILMOTECA-1210x423.jpg\" class=\"attachment-entry_without_sidebar size-entry_without_sidebar wp-post-image\" alt=\"\" decoding=\"async\" loading=\"lazy\" \/><\/a><\/div><div class='blog-meta'><a href='https:\/\/asianfilmfestival.barcelona\/2017\/es\/author\/moon\/' class='post-author-format-type'><span class='rounded-container'><img alt='Asian Film Festival Barcelona' src='https:\/\/secure.gravatar.com\/avatar\/95a9fe5ede16f09534dc489a771b9f7f?s=81&#038;d=blank&#038;r=g' srcset='https:\/\/secure.gravatar.com\/avatar\/95a9fe5ede16f09534dc489a771b9f7f?s=162&#038;d=blank&#038;r=g 2x' class='avatar avatar-81 photo' height='81' width='81' loading='lazy' decoding='async'\/><span class=\"iconfont\" aria-hidden='true' data-av_icon='\ue836' data-av_iconfont='entypo-fontello'><\/span><\/span><\/a><\/div><div class='entry-content-wrapper clearfix standard-content'><header class=\"entry-content-header\"><h2 class='post-title entry-title'  itemprop=\"headline\" >\t<a href='https:\/\/asianfilmfestival.barcelona\/2017\/es\/ciclo-de-cine-premios-de-affb\/' rel='bookmark' title='Enlace permanente: Ciclo de Cine: Premios de AFFB'>Ciclo de Cine: Premios de AFFB\t\t\t<span class='post-format-icon minor-meta'><\/span>\t<\/a><\/h2><span class='post-meta-infos'><time class='date-container minor-meta updated' >27 de junio de 2018<\/time><span class='text-sep text-sep-date'>\/<\/span><span class=\"blog-categories minor-meta\">en <a href=\"https:\/\/asianfilmfestival.barcelona\/2017\/es\/category\/noticias\/\" rel=\"tag\">Noticias<\/a> <\/span><span class=\"text-sep text-sep-cat\">\/<\/span><span class=\"blog-author minor-meta\">por <span class=\"entry-author-link\" ><span class=\"vcard author\"><span class=\"fn\"><a href=\"https:\/\/asianfilmfestival.barcelona\/2017\/es\/author\/moon\/\" title=\"Entradas de Asian Film Festival Barcelona\" rel=\"author\">Asian Film Festival Barcelona<\/a><\/span><\/span><\/span><\/span><\/span><\/header><div class=\"entry-content\"  itemprop=\"text\" ><p>Filmoteca Espa\u00f1ola y Casa Asia presentan una selecci\u00f3n de los Premios concedidos en la pasada edici\u00f3n del AFFB | Asian Film Festival Barcelona (2017). De todas las pel\u00edculas premiadas, Filmoteca ha querido seleccionar ocho t\u00edtulos que considera m\u00e1s representativos de esta gran \u00e1rea geogr\u00e1fica que se extiende desde Asia Central y las ex-rep\u00fablicas sovi\u00e9ticas hasta [&hellip;]<\/p>\n<div class=\"read-more-link\"><a href=\"https:\/\/asianfilmfestival.barcelona\/2017\/es\/ciclo-de-cine-premios-de-affb\/\" class=\"more-link\">Leer m\u00e1s<span class=\"more-link-arrow\"><\/span><\/a><\/div>\n<\/div><footer class=\"entry-footer\"><\/footer><div class='post_delimiter'><\/div><\/div><div class='post_author_timeline'><\/div><span class='hidden'>\n\t\t\t<span class='av-structured-data'  itemprop=\"ImageObject\" itemscope=\"itemscope\" itemtype=\"https:\/\/schema.org\/ImageObject\"  itemprop='image'>\n\t\t\t\t\t   <span itemprop='url' >https:\/\/asianfilmfestival.barcelona\/2017\/wp-content\/uploads\/2018\/06\/Ciclo-de-cine-AFFB-en-FILMOTECA.jpg<\/span>\n\t\t\t\t\t   <span itemprop='height' >706<\/span>\n\t\t\t\t\t   <span itemprop='width' >1627<\/span>\n\t\t\t\t  <\/span><span class='av-structured-data'  itemprop=\"publisher\" itemtype=\"https:\/\/schema.org\/Organization\" itemscope=\"itemscope\" >\n\t\t\t\t<span itemprop='name'>Asian Film Festival Barcelona<\/span>\n\t\t\t\t<span itemprop='logo' itemscope itemtype='http:\/\/schema.org\/ImageObject'>\n\t\t\t\t   <span itemprop='url'>http:\/\/asianfilmfestival.barcelona\/2017\/wp-content\/uploads\/2017\/09\/AFFB-logo-header300-300x88.png<\/span>\n\t\t\t\t <\/span>\n\t\t\t  <\/span><span class='av-structured-data'  itemprop=\"author\" itemscope=\"itemscope\" itemtype=\"https:\/\/schema.org\/Person\" ><span itemprop='name'>Asian Film Festival Barcelona<\/span><\/span><span class='av-structured-data'  itemprop=\"datePublished\" datetime=\"2018-06-27T13:31:54+02:00\" >2018-06-27 13:31:54<\/span><span class='av-structured-data'  itemprop=\"dateModified\" itemtype=\"https:\/\/schema.org\/dateModified\" >2018-06-27 13:39:32<\/span><span class='av-structured-data'  itemprop=\"mainEntityOfPage\" itemtype=\"https:\/\/schema.org\/mainEntityOfPage\" ><span itemprop='name'>Ciclo de Cine: Premios de AFFB<\/span><\/span><\/span><\/article><article class='post-entry post-entry-type-standard post-entry-14396 post-loop-2 post-parity-even multi-big with-slider post-14396 post type-post status-publish format-standard has-post-thumbnail hentry category-noticias'  itemscope=\"itemscope\" itemtype=\"https:\/\/schema.org\/BlogPosting\" ><div class=\"big-preview multi-big\"><a href=\"https:\/\/asianfilmfestival.barcelona\/2017\/es\/monografico-iran-una-seleccion-del-ultimo-cine-irani\/\" title=\"Monogr\u00e1fico Ir\u00e1n  Una selecci\u00f3n del \u00faltimo cine iran\u00ed\"><img width=\"1181\" height=\"423\" src=\"https:\/\/asianfilmfestival.barcelona\/2017\/wp-content\/uploads\/2018\/06\/IRAN-A-House-on-41st-1181x423.jpg\" class=\"attachment-entry_without_sidebar size-entry_without_sidebar wp-post-image\" alt=\"\" decoding=\"async\" loading=\"lazy\" \/><\/a><\/div><div class='blog-meta'><a href='https:\/\/asianfilmfestival.barcelona\/2017\/es\/author\/moon\/' class='post-author-format-type'><span class='rounded-container'><img alt='Asian Film Festival Barcelona' src='https:\/\/secure.gravatar.com\/avatar\/95a9fe5ede16f09534dc489a771b9f7f?s=81&#038;d=blank&#038;r=g' srcset='https:\/\/secure.gravatar.com\/avatar\/95a9fe5ede16f09534dc489a771b9f7f?s=162&#038;d=blank&#038;r=g 2x' class='avatar avatar-81 photo' height='81' width='81' loading='lazy' decoding='async'\/><span class=\"iconfont\" aria-hidden='true' data-av_icon='\ue836' data-av_iconfont='entypo-fontello'><\/span><\/span><\/a><\/div><div class='entry-content-wrapper clearfix standard-content'><header class=\"entry-content-header\"><h2 class='post-title entry-title'  itemprop=\"headline\" >\t<a href='https:\/\/asianfilmfestival.barcelona\/2017\/es\/monografico-iran-una-seleccion-del-ultimo-cine-irani\/' rel='bookmark' title='Enlace permanente: Monogr\u00e1fico Ir\u00e1n  Una selecci\u00f3n del \u00faltimo cine iran\u00ed'>Monogr\u00e1fico Ir\u00e1n  Una selecci\u00f3n del \u00faltimo cine iran\u00ed\t\t\t<span class='post-format-icon minor-meta'><\/span>\t<\/a><\/h2><span class='post-meta-infos'><time class='date-container minor-meta updated' >14 de junio de 2018<\/time><span class='text-sep text-sep-date'>\/<\/span><span class=\"blog-categories minor-meta\">en <a href=\"https:\/\/asianfilmfestival.barcelona\/2017\/es\/category\/noticias\/\" rel=\"tag\">Noticias<\/a> <\/span><span class=\"text-sep text-sep-cat\">\/<\/span><span class=\"blog-author minor-meta\">por <span class=\"entry-author-link\" ><span class=\"vcard author\"><span class=\"fn\"><a href=\"https:\/\/asianfilmfestival.barcelona\/2017\/es\/author\/moon\/\" title=\"Entradas de Asian Film Festival Barcelona\" rel=\"author\">Asian Film Festival Barcelona<\/a><\/span><\/span><\/span><\/span><\/span><\/header><div class=\"entry-content\"  itemprop=\"text\" ><p>\u00a0Del 24 de junio al 19 de julio de 2018 Casa Asia programa un ciclo de cine iran\u00ed para CaixaForum Madrid y El C\u00edrculo de Bellas Artes, consistente en diez pel\u00edculas de la nueva generaci\u00f3n de cineastas que se ha formado en Ir\u00e1n, y cuya aportaci\u00f3n ha consolidado la existencia de un cine nacional iran\u00ed. [&hellip;]<\/p>\n<div class=\"read-more-link\"><a href=\"https:\/\/asianfilmfestival.barcelona\/2017\/es\/monografico-iran-una-seleccion-del-ultimo-cine-irani\/\" class=\"more-link\">Leer m\u00e1s<span class=\"more-link-arrow\"><\/span><\/a><\/div>\n<\/div><footer class=\"entry-footer\"><\/footer><div class='post_delimiter'><\/div><\/div><div class='post_author_timeline'><\/div><span class='hidden'>\n\t\t\t<span class='av-structured-data'  itemprop=\"ImageObject\" itemscope=\"itemscope\" itemtype=\"https:\/\/schema.org\/ImageObject\"  itemprop='image'>\n\t\t\t\t\t   <span itemprop='url' >https:\/\/asianfilmfestival.barcelona\/2017\/wp-content\/uploads\/2018\/06\/IRAN-A-House-on-41st.jpg<\/span>\n\t\t\t\t\t   <span itemprop='height' >686<\/span>\n\t\t\t\t\t   <span itemprop='width' >1181<\/span>\n\t\t\t\t  <\/span><span class='av-structured-data'  itemprop=\"publisher\" itemtype=\"https:\/\/schema.org\/Organization\" itemscope=\"itemscope\" >\n\t\t\t\t<span itemprop='name'>Asian Film Festival Barcelona<\/span>\n\t\t\t\t<span itemprop='logo' itemscope itemtype='http:\/\/schema.org\/ImageObject'>\n\t\t\t\t   <span itemprop='url'>http:\/\/asianfilmfestival.barcelona\/2017\/wp-content\/uploads\/2017\/09\/AFFB-logo-header300-300x88.png<\/span>\n\t\t\t\t <\/span>\n\t\t\t  <\/span><span class='av-structured-data'  itemprop=\"author\" itemscope=\"itemscope\" itemtype=\"https:\/\/schema.org\/Person\" ><span itemprop='name'>Asian Film Festival Barcelona<\/span><\/span><span class='av-structured-data'  itemprop=\"datePublished\" datetime=\"2018-06-14T16:11:53+02:00\" >2018-06-14 16:11:53<\/span><span class='av-structured-data'  itemprop=\"dateModified\" itemtype=\"https:\/\/schema.org\/dateModified\" >2018-06-14 18:29:28<\/span><span class='av-structured-data'  itemprop=\"mainEntityOfPage\" itemtype=\"https:\/\/schema.org\/mainEntityOfPage\" ><span itemprop='name'>Monogr\u00e1fico Ir\u00e1n  Una selecci\u00f3n del \u00faltimo cine iran\u00ed<\/span><\/span><\/span><\/article><article class='post-entry post-entry-type-standard post-entry-14220 post-loop-3 post-parity-odd post-entry-last multi-big with-slider post-14220 post type-post status-publish format-standard has-post-thumbnail hentry category-noticias'  itemscope=\"itemscope\" itemtype=\"https:\/\/schema.org\/BlogPosting\" ><div class=\"big-preview multi-big\"><a href=\"https:\/\/asianfilmfestival.barcelona\/2017\/es\/ciclo-de-cine-al-este-del-eden\/\" title=\"Ciclo de cine: \u00abAl este del Ed\u00e9n\u00bb\"><img width=\"1210\" height=\"423\" src=\"https:\/\/asianfilmfestival.barcelona\/2017\/wp-content\/uploads\/2018\/06\/FIRE-1210x423.jpg\" class=\"attachment-entry_without_sidebar size-entry_without_sidebar wp-post-image\" alt=\"\" decoding=\"async\" loading=\"lazy\" \/><\/a><\/div><div class='blog-meta'><a href='https:\/\/asianfilmfestival.barcelona\/2017\/es\/author\/moon\/' class='post-author-format-type'><span class='rounded-container'><img alt='Asian Film Festival Barcelona' src='https:\/\/secure.gravatar.com\/avatar\/95a9fe5ede16f09534dc489a771b9f7f?s=81&#038;d=blank&#038;r=g' srcset='https:\/\/secure.gravatar.com\/avatar\/95a9fe5ede16f09534dc489a771b9f7f?s=162&#038;d=blank&#038;r=g 2x' class='avatar avatar-81 photo' height='81' width='81' loading='lazy' decoding='async'\/><span class=\"iconfont\" aria-hidden='true' data-av_icon='\ue836' data-av_iconfont='entypo-fontello'><\/span><\/span><\/a><\/div><div class='entry-content-wrapper clearfix standard-content'><header class=\"entry-content-header\"><h2 class='post-title entry-title'  itemprop=\"headline\" >\t<a href='https:\/\/asianfilmfestival.barcelona\/2017\/es\/ciclo-de-cine-al-este-del-eden\/' rel='bookmark' title='Enlace permanente: Ciclo de cine: \u00abAl este del Ed\u00e9n\u00bb'>Ciclo de cine: \u00abAl este del Ed\u00e9n\u00bb\t\t\t<span class='post-format-icon minor-meta'><\/span>\t<\/a><\/h2><span class='post-meta-infos'><time class='date-container minor-meta updated' >7 de junio de 2018<\/time><span class='text-sep text-sep-date'>\/<\/span><span class=\"blog-categories minor-meta\">en <a href=\"https:\/\/asianfilmfestival.barcelona\/2017\/es\/category\/noticias\/\" rel=\"tag\">Noticias<\/a> <\/span><span class=\"text-sep text-sep-cat\">\/<\/span><span class=\"blog-author minor-meta\">por <span class=\"entry-author-link\" ><span class=\"vcard author\"><span class=\"fn\"><a href=\"https:\/\/asianfilmfestival.barcelona\/2017\/es\/author\/moon\/\" title=\"Entradas de Asian Film Festival Barcelona\" rel=\"author\">Asian Film Festival Barcelona<\/a><\/span><\/span><\/span><\/span><\/span><\/header><div class=\"entry-content\"  itemprop=\"text\" ><p>Del 22 al 30 de junio de 2018 Casa Asia colabora un a\u00f1o m\u00e1s con la Muestra Internacional de Cine Gay y L\u00e9sbico de Barcelona Fire!! programando el ciclo \u00abAl este del Ed\u00e9n\u00bb con cuatro t\u00edtulos del panorama actual del cine asi\u00e1tico, que coinciden en la necesidad de dar a conocer las problem\u00e1ticas de aquellas [&hellip;]<\/p>\n<div class=\"read-more-link\"><a href=\"https:\/\/asianfilmfestival.barcelona\/2017\/es\/ciclo-de-cine-al-este-del-eden\/\" class=\"more-link\">Leer m\u00e1s<span class=\"more-link-arrow\"><\/span><\/a><\/div>\n<\/div><footer class=\"entry-footer\"><\/footer><div class='post_delimiter'><\/div><\/div><div class='post_author_timeline'><\/div><span class='hidden'>\n\t\t\t<span class='av-structured-data'  itemprop=\"ImageObject\" itemscope=\"itemscope\" itemtype=\"https:\/\/schema.org\/ImageObject\"  itemprop='image'>\n\t\t\t\t\t   <span itemprop='url' >https:\/\/asianfilmfestival.barcelona\/2017\/wp-content\/uploads\/2018\/06\/FIRE.jpg<\/span>\n\t\t\t\t\t   <span itemprop='height' >1132<\/span>\n\t\t\t\t\t   <span itemprop='width' >1367<\/span>\n\t\t\t\t  <\/span><span class='av-structured-data'  itemprop=\"publisher\" itemtype=\"https:\/\/schema.org\/Organization\" itemscope=\"itemscope\" >\n\t\t\t\t<span itemprop='name'>Asian Film Festival Barcelona<\/span>\n\t\t\t\t<span itemprop='logo' itemscope itemtype='http:\/\/schema.org\/ImageObject'>\n\t\t\t\t   <span itemprop='url'>http:\/\/asianfilmfestival.barcelona\/2017\/wp-content\/uploads\/2017\/09\/AFFB-logo-header300-300x88.png<\/span>\n\t\t\t\t <\/span>\n\t\t\t  <\/span><span class='av-structured-data'  itemprop=\"author\" itemscope=\"itemscope\" itemtype=\"https:\/\/schema.org\/Person\" ><span itemprop='name'>Asian Film Festival Barcelona<\/span><\/span><span class='av-structured-data'  itemprop=\"datePublished\" datetime=\"2018-06-07T16:55:18+02:00\" >2018-06-07 16:55:18<\/span><span class='av-structured-data'  itemprop=\"dateModified\" itemtype=\"https:\/\/schema.org\/dateModified\" >2018-06-13 16:15:33<\/span><span class='av-structured-data'  itemprop=\"mainEntityOfPage\" itemtype=\"https:\/\/schema.org\/mainEntityOfPage\" ><span itemprop='name'>Ciclo de cine: \"Al este del Ed\u00e9n\"<\/span><\/span><\/span><\/article><div class='multi-big'><nav class='pagination'><span class='pagination-meta'>P\u00e1gina 1 de 6<\/span><span class='current'>1<\/span><a href='https:\/\/asianfilmfestival.barcelona\/2017\/es\/wp-json\/wp\/v2\/pages\/7489\/page\/2\/' class='inactive' >2<\/a><a href='https:\/\/asianfilmfestival.barcelona\/2017\/es\/wp-json\/wp\/v2\/pages\/7489\/page\/3\/' class='inactive' >3<\/a><a href='https:\/\/asianfilmfestival.barcelona\/2017\/es\/wp-json\/wp\/v2\/pages\/7489\/page\/2\/'>&rsaquo;<\/a><a href='https:\/\/asianfilmfestival.barcelona\/2017\/es\/wp-json\/wp\/v2\/pages\/7489\/page\/6\/'>&raquo;<\/a><\/nav>\n<\/div><\/div>\n","protected":false},"excerpt":{"rendered":"","protected":false},"author":3,"featured_media":0,"parent":0,"menu_order":0,"comment_status":"closed","ping_status":"closed","template":"","meta":{"_exactmetrics_skip_tracking":false,"_exactmetrics_sitenote_active":false,"_exactmetrics_sitenote_note":"","_exactmetrics_sitenote_category":0},"_links":{"self":[{"href":"https:\/\/asianfilmfestival.barcelona\/2017\/es\/wp-json\/wp\/v2\/pages\/7489"}],"collection":[{"href":"https:\/\/asianfilmfestival.barcelona\/2017\/es\/wp-json\/wp\/v2\/pages"}],"about":[{"href":"https:\/\/asianfilmfestival.barcelona\/2017\/es\/wp-json\/wp\/v2\/types\/page"}],"author":[{"embeddable":true,"href":"https:\/\/asianfilmfestival.barcelona\/2017\/es\/wp-json\/wp\/v2\/users\/3"}],"replies":[{"embeddable":true,"href":"https:\/\/asianfilmfestival.barcelona\/2017\/es\/wp-json\/wp\/v2\/comments?post=7489"}],"version-history":[{"count":7,"href":"https:\/\/asianfilmfestival.barcelona\/2017\/es\/wp-json\/wp\/v2\/pages\/7489\/revisions"}],"predecessor-version":[{"id":7929,"href":"https:\/\/asianfilmfestival.barcelona\/2017\/es\/wp-json\/wp\/v2\/pages\/7489\/revisions\/7929"}],"wp:attachment":[{"href":"https:\/\/asianfilmfestival.barcelona\/2017\/es\/wp-json\/wp\/v2\/media?parent=7489"}],"curies":[{"name":"wp","href":"https:\/\/api.w.org\/{rel}","templated":true}]}}