{"id":7867,"date":"2016-11-07T17:54:09","date_gmt":"2016-11-07T15:54:09","guid":{"rendered":"http:\/\/asianfilmfestival.barcelona\/2017\/ca\/?page_id=7867"},"modified":"2016-11-14T13:45:45","modified_gmt":"2016-11-14T11:45:45","slug":"news","status":"publish","type":"page","link":"https:\/\/asianfilmfestival.barcelona\/2017\/ca\/news\/","title":{"rendered":"NEWS"},"content":{"rendered":"<\/div><\/div><\/div><!-- close content main div --><\/div><\/div><div id='full_slider_1' class='avia-fullwidth-slider main_color avia-shadow   container_wrap fullsize'   ><div  data-size='featured'  data-lightbox_size='large'  data-animation='fade'  data-conditional_play=''  data-ids='7855'  data-video_counter='0'  data-autoplay='false'  data-bg_slider='false'  data-slide_height=''  data-handle='av_slideshow_full'  data-interval='5'  data-class=' '  data-css_id=''  data-scroll_down=''  data-control_layout='av-control-default'  data-custom_markup=''  data-perma_caption=''  data-autoplay_stopper=''  data-image_attachment=''  data-min_height='0px'  data-src=''  data-position='top left'  data-repeat='no-repeat'  data-attach='scroll'  data-stretch=''  data-default-height='28.666666666667'  class='avia-slideshow avia-slideshow-1  av-control-default av-default-height-applied avia-slideshow-featured av_slideshow_full   avia-fade-slider '  itemprop=\"ImageObject\" itemscope=\"itemscope\" itemtype=\"https:\/\/schema.org\/ImageObject\" ><ul class='avia-slideshow-inner ' style='padding-bottom: 23.333333333333%;' ><li  class=' av-single-slide slide-1 ' ><div data-rel='slideshow-1' class='avia-slide-wrap '   ><div class = \"caption_fullwidth av-slideshow-caption caption_bottom\"><div class = \"container caption_container\"><div class = \"slideshow_caption\"><div class = \"slideshow_inner_caption\"><div class = \"slideshow_align_caption\"><h2  style='font-size:90px; ' class='avia-caption-title '  itemprop=\"name\" >Not\u00edcies i entrevistes<\/h2><\/div><\/div><\/div><\/div><\/div><img src='https:\/\/asianfilmfestival.barcelona\/2017\/wp-content\/uploads\/2016\/11\/banner-news-1500x350.jpg' width='1500' height='350' title='banner-news' alt=''  itemprop=\"thumbnailUrl\"   \/><\/div><\/li><\/ul><\/div><\/div>\n<div class='av-alb-blogposts template-blog  av-blog-meta-author-disabled av-blog-meta-comments-disabled av-blog-meta-category-disabled av-blog-meta-date-disabled av-blog-meta-html-info-disabled av-blog-meta-tag-disabled '  itemscope=\"itemscope\" itemtype=\"https:\/\/schema.org\/Blog\" ><article class='post-entry post-entry-type-standard post-entry-14249 post-loop-1 post-parity-odd multi-big with-slider post-14249 post type-post status-publish format-standard has-post-thumbnail hentry category-noticies'  itemscope=\"itemscope\" itemtype=\"https:\/\/schema.org\/BlogPosting\" ><div class=\"big-preview multi-big\"><a href=\"https:\/\/asianfilmfestival.barcelona\/2017\/ca\/cicle-de-cinema-a-lest-del-eden\/\" title=\"Cicle de cinema: &#8220;A l&#8217;est del Ed\u00e8n&#8221;\"><img width=\"1210\" height=\"423\" src=\"https:\/\/asianfilmfestival.barcelona\/2017\/wp-content\/uploads\/2018\/06\/FIRE-1210x423.jpg\" class=\"attachment-entry_without_sidebar size-entry_without_sidebar wp-post-image\" alt=\"\" decoding=\"async\" loading=\"lazy\" \/><\/a><\/div><div class='blog-meta'><a href='https:\/\/asianfilmfestival.barcelona\/2017\/ca\/author\/moon\/' class='post-author-format-type'><span class='rounded-container'><img alt='Asian Film Festival Barcelona' src='https:\/\/secure.gravatar.com\/avatar\/95a9fe5ede16f09534dc489a771b9f7f?s=81&#038;d=blank&#038;r=g' srcset='https:\/\/secure.gravatar.com\/avatar\/95a9fe5ede16f09534dc489a771b9f7f?s=162&#038;d=blank&#038;r=g 2x' class='avatar avatar-81 photo' height='81' width='81' loading='lazy' decoding='async'\/><span class=\"iconfont\" aria-hidden='true' data-av_icon='\ue836' data-av_iconfont='entypo-fontello'><\/span><\/span><\/a><\/div><div class='entry-content-wrapper clearfix standard-content'><header class=\"entry-content-header\"><h2 class='post-title entry-title'  itemprop=\"headline\" >\t<a href='https:\/\/asianfilmfestival.barcelona\/2017\/ca\/cicle-de-cinema-a-lest-del-eden\/' rel='bookmark' title='Permanent Link: Cicle de cinema: &#8220;A l&#8217;est del Ed\u00e8n&#8221;'>Cicle de cinema: &#8220;A l&#8217;est del Ed\u00e8n&#8221;\t\t\t<span class='post-format-icon minor-meta'><\/span>\t<\/a><\/h2><span class='post-meta-infos'><time class='date-container minor-meta updated' >7 de juny de 2018<\/time><span class='text-sep text-sep-date'>\/<\/span><span class=\"blog-categories minor-meta\">in <a href=\"https:\/\/asianfilmfestival.barcelona\/2017\/ca\/category\/noticies\/\" rel=\"tag\">Not\u00edcies<\/a> <\/span><span class=\"text-sep text-sep-cat\">\/<\/span><span class=\"blog-author minor-meta\">by <span class=\"entry-author-link\" ><span class=\"vcard author\"><span class=\"fn\"><a href=\"https:\/\/asianfilmfestival.barcelona\/2017\/ca\/author\/moon\/\" title=\"Entrades de Asian Film Festival Barcelona\" rel=\"author\">Asian Film Festival Barcelona<\/a><\/span><\/span><\/span><\/span><\/span><\/header><div class=\"entry-content\"  itemprop=\"text\" ><p>Del 22 al 30 de juny de 2018 Casa Asia colabora un a\u00f1o m\u00e1s con la Muestra Internacional de Cine Gay y L\u00e9sbico de Barcelona Fire!! programando el ciclo &#8220;Al este del Ed\u00e9n&#8221; con cuatro t\u00edtulos del panorama actual del cine asi\u00e1tico, que coinciden en la necesidad de dar a conocer las problem\u00e1ticas de aquellas [&hellip;]<\/p>\n<div class=\"read-more-link\"><a href=\"https:\/\/asianfilmfestival.barcelona\/2017\/ca\/cicle-de-cinema-a-lest-del-eden\/\" class=\"more-link\">Llegir m\u00e9s<span class=\"more-link-arrow\"><\/span><\/a><\/div>\n<\/div><footer class=\"entry-footer\"><\/footer><div class='post_delimiter'><\/div><\/div><div class='post_author_timeline'><\/div><span class='hidden'>\n\t\t\t<span class='av-structured-data'  itemprop=\"ImageObject\" itemscope=\"itemscope\" itemtype=\"https:\/\/schema.org\/ImageObject\"  itemprop='image'>\n\t\t\t\t\t   <span itemprop='url' >https:\/\/asianfilmfestival.barcelona\/2017\/wp-content\/uploads\/2018\/06\/FIRE.jpg<\/span>\n\t\t\t\t\t   <span itemprop='height' >1132<\/span>\n\t\t\t\t\t   <span itemprop='width' >1367<\/span>\n\t\t\t\t  <\/span><span class='av-structured-data'  itemprop=\"publisher\" itemtype=\"https:\/\/schema.org\/Organization\" itemscope=\"itemscope\" >\n\t\t\t\t<span itemprop='name'>Asian Film Festival Barcelona<\/span>\n\t\t\t\t<span itemprop='logo' itemscope itemtype='http:\/\/schema.org\/ImageObject'>\n\t\t\t\t   <span itemprop='url'>http:\/\/asianfilmfestival.barcelona\/2017\/wp-content\/uploads\/2017\/09\/AFFB-logo-header300-300x88.png<\/span>\n\t\t\t\t <\/span>\n\t\t\t  <\/span><span class='av-structured-data'  itemprop=\"author\" itemscope=\"itemscope\" itemtype=\"https:\/\/schema.org\/Person\" ><span itemprop='name'>Asian Film Festival Barcelona<\/span><\/span><span class='av-structured-data'  itemprop=\"datePublished\" datetime=\"2018-06-07T17:56:47+02:00\" >2018-06-07 17:56:47<\/span><span class='av-structured-data'  itemprop=\"dateModified\" itemtype=\"https:\/\/schema.org\/dateModified\" >2018-06-13 16:16:40<\/span><span class='av-structured-data'  itemprop=\"mainEntityOfPage\" itemtype=\"https:\/\/schema.org\/mainEntityOfPage\" ><span itemprop='name'>Cicle de cinema: \"A l'est del Ed\u00e8n\"<\/span><\/span><\/span><\/article><article class='post-entry post-entry-type-standard post-entry-14245 post-loop-2 post-parity-even multi-big with-slider post-14245 post type-post status-publish format-standard has-post-thumbnail hentry category-noticies'  itemscope=\"itemscope\" itemtype=\"https:\/\/schema.org\/BlogPosting\" ><div class=\"big-preview multi-big\"><a href=\"https:\/\/asianfilmfestival.barcelona\/2017\/ca\/cicle-de-cineclub-xina-una-mirada-historica\/\" title=\"Cicle de Cineclub Xina: &#8220;Una mirada hist\u00f2rica&#8221;\"><img width=\"750\" height=\"300\" src=\"https:\/\/asianfilmfestival.barcelona\/2017\/wp-content\/uploads\/2018\/06\/01_cineclub.jpg\" class=\"attachment-entry_without_sidebar size-entry_without_sidebar wp-post-image\" alt=\"\" decoding=\"async\" loading=\"lazy\" srcset=\"https:\/\/asianfilmfestival.barcelona\/2017\/wp-content\/uploads\/2018\/06\/01_cineclub.jpg 750w, https:\/\/asianfilmfestival.barcelona\/2017\/wp-content\/uploads\/2018\/06\/01_cineclub-300x120.jpg 300w, https:\/\/asianfilmfestival.barcelona\/2017\/wp-content\/uploads\/2018\/06\/01_cineclub-705x282.jpg 705w, https:\/\/asianfilmfestival.barcelona\/2017\/wp-content\/uploads\/2018\/06\/01_cineclub-450x180.jpg 450w\" sizes=\"(max-width: 750px) 100vw, 750px\" \/><\/a><\/div><div class='blog-meta'><a href='https:\/\/asianfilmfestival.barcelona\/2017\/ca\/author\/moon\/' class='post-author-format-type'><span class='rounded-container'><img alt='Asian Film Festival Barcelona' src='https:\/\/secure.gravatar.com\/avatar\/95a9fe5ede16f09534dc489a771b9f7f?s=81&#038;d=blank&#038;r=g' srcset='https:\/\/secure.gravatar.com\/avatar\/95a9fe5ede16f09534dc489a771b9f7f?s=162&#038;d=blank&#038;r=g 2x' class='avatar avatar-81 photo' height='81' width='81' loading='lazy' decoding='async'\/><span class=\"iconfont\" aria-hidden='true' data-av_icon='\ue836' data-av_iconfont='entypo-fontello'><\/span><\/span><\/a><\/div><div class='entry-content-wrapper clearfix standard-content'><header class=\"entry-content-header\"><h2 class='post-title entry-title'  itemprop=\"headline\" >\t<a href='https:\/\/asianfilmfestival.barcelona\/2017\/ca\/cicle-de-cineclub-xina-una-mirada-historica\/' rel='bookmark' title='Permanent Link: Cicle de Cineclub Xina: &#8220;Una mirada hist\u00f2rica&#8221;'>Cicle de Cineclub Xina: &#8220;Una mirada hist\u00f2rica&#8221;\t\t\t<span class='post-format-icon minor-meta'><\/span>\t<\/a><\/h2><span class='post-meta-infos'><time class='date-container minor-meta updated' >7 de juny de 2018<\/time><span class='text-sep text-sep-date'>\/<\/span><span class=\"blog-categories minor-meta\">in <a href=\"https:\/\/asianfilmfestival.barcelona\/2017\/ca\/category\/noticies\/\" rel=\"tag\">Not\u00edcies<\/a> <\/span><span class=\"text-sep text-sep-cat\">\/<\/span><span class=\"blog-author minor-meta\">by <span class=\"entry-author-link\" ><span class=\"vcard author\"><span class=\"fn\"><a href=\"https:\/\/asianfilmfestival.barcelona\/2017\/ca\/author\/moon\/\" title=\"Entrades de Asian Film Festival Barcelona\" rel=\"author\">Asian Film Festival Barcelona<\/a><\/span><\/span><\/span><\/span><\/span><\/header><div class=\"entry-content\"  itemprop=\"text\" ><p>Del 13 de juny a l&#8217;11 de juliol de 2018 Aquest programa est\u00e0 constitu\u00eft per cinc sessions que pretenen realitzar un recorregut sobre la hist\u00f2ria sociopol\u00edtica de la Xina; les sessions comptaran tamb\u00e9 amb una breu presentaci\u00f3 tant de la pel\u00b7l\u00edcula com del moment hist\u00f2ric on se situa i amb un cinef\u00f2rum posterior a la [&hellip;]<\/p>\n<div class=\"read-more-link\"><a href=\"https:\/\/asianfilmfestival.barcelona\/2017\/ca\/cicle-de-cineclub-xina-una-mirada-historica\/\" class=\"more-link\">Llegir m\u00e9s<span class=\"more-link-arrow\"><\/span><\/a><\/div>\n<\/div><footer class=\"entry-footer\"><\/footer><div class='post_delimiter'><\/div><\/div><div class='post_author_timeline'><\/div><span class='hidden'>\n\t\t\t<span class='av-structured-data'  itemprop=\"ImageObject\" itemscope=\"itemscope\" itemtype=\"https:\/\/schema.org\/ImageObject\"  itemprop='image'>\n\t\t\t\t\t   <span itemprop='url' >https:\/\/asianfilmfestival.barcelona\/2017\/wp-content\/uploads\/2018\/06\/01_cineclub.jpg<\/span>\n\t\t\t\t\t   <span itemprop='height' >300<\/span>\n\t\t\t\t\t   <span itemprop='width' >750<\/span>\n\t\t\t\t  <\/span><span class='av-structured-data'  itemprop=\"publisher\" itemtype=\"https:\/\/schema.org\/Organization\" itemscope=\"itemscope\" >\n\t\t\t\t<span itemprop='name'>Asian Film Festival Barcelona<\/span>\n\t\t\t\t<span itemprop='logo' itemscope itemtype='http:\/\/schema.org\/ImageObject'>\n\t\t\t\t   <span itemprop='url'>http:\/\/asianfilmfestival.barcelona\/2017\/wp-content\/uploads\/2017\/09\/AFFB-logo-header300-300x88.png<\/span>\n\t\t\t\t <\/span>\n\t\t\t  <\/span><span class='av-structured-data'  itemprop=\"author\" itemscope=\"itemscope\" itemtype=\"https:\/\/schema.org\/Person\" ><span itemprop='name'>Asian Film Festival Barcelona<\/span><\/span><span class='av-structured-data'  itemprop=\"datePublished\" datetime=\"2018-06-07T17:54:22+02:00\" >2018-06-07 17:54:22<\/span><span class='av-structured-data'  itemprop=\"dateModified\" itemtype=\"https:\/\/schema.org\/dateModified\" >2018-06-13 16:27:48<\/span><span class='av-structured-data'  itemprop=\"mainEntityOfPage\" itemtype=\"https:\/\/schema.org\/mainEntityOfPage\" ><span itemprop='name'>Cicle de Cineclub Xina: \"Una mirada hist\u00f2rica\"<\/span><\/span><\/span><\/article><article class='post-entry post-entry-type-standard post-entry-14241 post-loop-3 post-parity-odd post-entry-last multi-big with-slider post-14241 post type-post status-publish format-standard has-post-thumbnail hentry category-noticies'  itemscope=\"itemscope\" itemtype=\"https:\/\/schema.org\/BlogPosting\" ><div class=\"big-preview multi-big\"><a href=\"https:\/\/asianfilmfestival.barcelona\/2017\/ca\/casa-asia-a-photoespana-2018-retrospectiva-de-briccio-santos\/\" title=\"Casa \u00c0sia a PhotoEspa\u00f1a 2018: &#8220;Retrospectiva de Briccio Santos&#8221;\"><img width=\"1001\" height=\"423\" src=\"https:\/\/asianfilmfestival.barcelona\/2017\/wp-content\/uploads\/2018\/06\/BRICCIO-SANTOS-1001x423.jpg\" class=\"attachment-entry_without_sidebar size-entry_without_sidebar wp-post-image\" alt=\"\" decoding=\"async\" loading=\"lazy\" \/><\/a><\/div><div class='blog-meta'><a href='https:\/\/asianfilmfestival.barcelona\/2017\/ca\/author\/moon\/' class='post-author-format-type'><span class='rounded-container'><img alt='Asian Film Festival Barcelona' src='https:\/\/secure.gravatar.com\/avatar\/95a9fe5ede16f09534dc489a771b9f7f?s=81&#038;d=blank&#038;r=g' srcset='https:\/\/secure.gravatar.com\/avatar\/95a9fe5ede16f09534dc489a771b9f7f?s=162&#038;d=blank&#038;r=g 2x' class='avatar avatar-81 photo' height='81' width='81' loading='lazy' decoding='async'\/><span class=\"iconfont\" aria-hidden='true' data-av_icon='\ue836' data-av_iconfont='entypo-fontello'><\/span><\/span><\/a><\/div><div class='entry-content-wrapper clearfix standard-content'><header class=\"entry-content-header\"><h2 class='post-title entry-title'  itemprop=\"headline\" >\t<a href='https:\/\/asianfilmfestival.barcelona\/2017\/ca\/casa-asia-a-photoespana-2018-retrospectiva-de-briccio-santos\/' rel='bookmark' title='Permanent Link: Casa \u00c0sia a PhotoEspa\u00f1a 2018: &#8220;Retrospectiva de Briccio Santos&#8221;'>Casa \u00c0sia a PhotoEspa\u00f1a 2018: &#8220;Retrospectiva de Briccio Santos&#8221;\t\t\t<span class='post-format-icon minor-meta'><\/span>\t<\/a><\/h2><span class='post-meta-infos'><time class='date-container minor-meta updated' >7 de juny de 2018<\/time><span class='text-sep text-sep-date'>\/<\/span><span class=\"blog-categories minor-meta\">in <a href=\"https:\/\/asianfilmfestival.barcelona\/2017\/ca\/category\/noticies\/\" rel=\"tag\">Not\u00edcies<\/a> <\/span><span class=\"text-sep text-sep-cat\">\/<\/span><span class=\"blog-author minor-meta\">by <span class=\"entry-author-link\" ><span class=\"vcard author\"><span class=\"fn\"><a href=\"https:\/\/asianfilmfestival.barcelona\/2017\/ca\/author\/moon\/\" title=\"Entrades de Asian Film Festival Barcelona\" rel=\"author\">Asian Film Festival Barcelona<\/a><\/span><\/span><\/span><\/span><\/span><\/header><div class=\"entry-content\"  itemprop=\"text\" ><p>Del 13 al 26 de juny de 2018 La programaci\u00f3 de Casa \u00c0sia per PhotoEspa\u00f1a 2018 aborda d&#8217;una banda l&#8217;estat de la fotografia a les Filipines i els s\u00edmptomes de la seva expansi\u00f3 a trav\u00e9s de diversos casos d&#8217;estudi i la participaci\u00f3 d&#8217;un convidat especial, Briccio Santos, l&#8217;obra fotogr\u00e0fica i cinematogr\u00e0fica es mostrar\u00e0 en les [&hellip;]<\/p>\n<div class=\"read-more-link\"><a href=\"https:\/\/asianfilmfestival.barcelona\/2017\/ca\/casa-asia-a-photoespana-2018-retrospectiva-de-briccio-santos\/\" class=\"more-link\">Llegir m\u00e9s<span class=\"more-link-arrow\"><\/span><\/a><\/div>\n<\/div><footer class=\"entry-footer\"><\/footer><div class='post_delimiter'><\/div><\/div><div class='post_author_timeline'><\/div><span class='hidden'>\n\t\t\t<span class='av-structured-data'  itemprop=\"ImageObject\" itemscope=\"itemscope\" itemtype=\"https:\/\/schema.org\/ImageObject\"  itemprop='image'>\n\t\t\t\t\t   <span itemprop='url' >https:\/\/asianfilmfestival.barcelona\/2017\/wp-content\/uploads\/2018\/06\/BRICCIO-SANTOS.jpg<\/span>\n\t\t\t\t\t   <span itemprop='height' >568<\/span>\n\t\t\t\t\t   <span itemprop='width' >1001<\/span>\n\t\t\t\t  <\/span><span class='av-structured-data'  itemprop=\"publisher\" itemtype=\"https:\/\/schema.org\/Organization\" itemscope=\"itemscope\" >\n\t\t\t\t<span itemprop='name'>Asian Film Festival Barcelona<\/span>\n\t\t\t\t<span itemprop='logo' itemscope itemtype='http:\/\/schema.org\/ImageObject'>\n\t\t\t\t   <span itemprop='url'>http:\/\/asianfilmfestival.barcelona\/2017\/wp-content\/uploads\/2017\/09\/AFFB-logo-header300-300x88.png<\/span>\n\t\t\t\t <\/span>\n\t\t\t  <\/span><span class='av-structured-data'  itemprop=\"author\" itemscope=\"itemscope\" itemtype=\"https:\/\/schema.org\/Person\" ><span itemprop='name'>Asian Film Festival Barcelona<\/span><\/span><span class='av-structured-data'  itemprop=\"datePublished\" datetime=\"2018-06-07T17:50:05+02:00\" >2018-06-07 17:50:05<\/span><span class='av-structured-data'  itemprop=\"dateModified\" itemtype=\"https:\/\/schema.org\/dateModified\" >2018-06-13 16:37:06<\/span><span class='av-structured-data'  itemprop=\"mainEntityOfPage\" itemtype=\"https:\/\/schema.org\/mainEntityOfPage\" ><span itemprop='name'>Casa \u00c0sia a PhotoEspa\u00f1a 2018: \"Retrospectiva de Briccio Santos\"<\/span><\/span><\/span><\/article><div class='multi-big'><nav class='pagination'><span class='pagination-meta'>P\u00e0gina 1 de 5<\/span><span class='current'>1<\/span><a href='https:\/\/asianfilmfestival.barcelona\/2017\/ca\/wp-json\/wp\/v2\/pages\/7867\/page\/2\/' class='inactive' >2<\/a><a href='https:\/\/asianfilmfestival.barcelona\/2017\/ca\/wp-json\/wp\/v2\/pages\/7867\/page\/3\/' class='inactive' >3<\/a><a href='https:\/\/asianfilmfestival.barcelona\/2017\/ca\/wp-json\/wp\/v2\/pages\/7867\/page\/4\/' class='inactive' >4<\/a><a href='https:\/\/asianfilmfestival.barcelona\/2017\/ca\/wp-json\/wp\/v2\/pages\/7867\/page\/5\/' class='inactive' >5<\/a><\/nav>\n<\/div><\/div>\n","protected":false},"excerpt":{"rendered":"","protected":false},"author":3,"featured_media":0,"parent":0,"menu_order":0,"comment_status":"closed","ping_status":"closed","template":"","meta":{"_exactmetrics_skip_tracking":false,"_exactmetrics_sitenote_active":false,"_exactmetrics_sitenote_note":"","_exactmetrics_sitenote_category":0},"_links":{"self":[{"href":"https:\/\/asianfilmfestival.barcelona\/2017\/ca\/wp-json\/wp\/v2\/pages\/7867"}],"collection":[{"href":"https:\/\/asianfilmfestival.barcelona\/2017\/ca\/wp-json\/wp\/v2\/pages"}],"about":[{"href":"https:\/\/asianfilmfestival.barcelona\/2017\/ca\/wp-json\/wp\/v2\/types\/page"}],"author":[{"embeddable":true,"href":"https:\/\/asianfilmfestival.barcelona\/2017\/ca\/wp-json\/wp\/v2\/users\/3"}],"replies":[{"embeddable":true,"href":"https:\/\/asianfilmfestival.barcelona\/2017\/ca\/wp-json\/wp\/v2\/comments?post=7867"}],"version-history":[{"count":4,"href":"https:\/\/asianfilmfestival.barcelona\/2017\/ca\/wp-json\/wp\/v2\/pages\/7867\/revisions"}],"predecessor-version":[{"id":13938,"href":"https:\/\/asianfilmfestival.barcelona\/2017\/ca\/wp-json\/wp\/v2\/pages\/7867\/revisions\/13938"}],"wp:attachment":[{"href":"https:\/\/asianfilmfestival.barcelona\/2017\/ca\/wp-json\/wp\/v2\/media?parent=7867"}],"curies":[{"name":"wp","href":"https:\/\/api.w.org\/{rel}","templated":true}]}}