{"id":7489,"date":"2016-11-06T23:54:13","date_gmt":"2016-11-06T21:54:13","guid":{"rendered":"http:\/\/asianfilmfestival.barcelona\/2016\/es\/?page_id=7489"},"modified":"2016-11-14T13:49:22","modified_gmt":"2016-11-14T11:49:22","slug":"news","status":"publish","type":"page","link":"https:\/\/asianfilmfestival.barcelona\/2016\/es\/news\/","title":{"rendered":"NEWS"},"content":{"rendered":"<\/div><\/div><\/div><!-- close content main div --><\/div><\/div><div id='full_slider_1' class='avia-fullwidth-slider main_color avia-shadow   container_wrap fullsize'   ><div  data-size='featured'  data-lightbox_size='large'  data-animation='fade'  data-conditional_play=''  data-ids='7855'  data-video_counter='0'  data-autoplay='false'  data-bg_slider='false'  data-slide_height=''  data-handle='av_slideshow_full'  data-interval='5'  data-class=' '  data-css_id=''  data-scroll_down=''  data-control_layout='av-control-default'  data-custom_markup=''  data-perma_caption=''  data-autoplay_stopper=''  data-image_attachment=''  data-min_height='0px'  data-src=''  data-position='top left'  data-repeat='no-repeat'  data-attach='scroll'  data-stretch=''  data-default-height='28.666666666667'  class='avia-slideshow avia-slideshow-1  av-control-default av-default-height-applied avia-slideshow-featured av_slideshow_full   avia-fade-slider '  itemprop=\"ImageObject\" itemscope=\"itemscope\" itemtype=\"https:\/\/schema.org\/ImageObject\" ><ul class='avia-slideshow-inner ' style='padding-bottom: 23.333333333333%;' ><li  class=' av-single-slide slide-1 ' ><div data-rel='slideshow-1' class='avia-slide-wrap '   ><div class = \"caption_fullwidth av-slideshow-caption caption_bottom\"><div class = \"container caption_container\"><div class = \"slideshow_caption\"><div class = \"slideshow_inner_caption\"><div class = \"slideshow_align_caption\"><h2  style='font-size:90px; ' class='avia-caption-title '  itemprop=\"name\" >Noticias y entrevistas<\/h2><\/div><\/div><\/div><\/div><\/div><img src='https:\/\/asianfilmfestival.barcelona\/2016\/wp-content\/uploads\/2016\/11\/banner-news-1500x350.jpg' width='1500' height='350' title='banner-news' alt=''  itemprop=\"thumbnailUrl\"   \/><\/div><\/li><\/ul><\/div><\/div>\n<div class='av-alb-blogposts template-blog  av-blog-meta-author-disabled av-blog-meta-comments-disabled av-blog-meta-category-disabled av-blog-meta-date-disabled av-blog-meta-html-info-disabled av-blog-meta-tag-disabled '  itemscope=\"itemscope\" itemtype=\"https:\/\/schema.org\/Blog\" ><article class='post-entry post-entry-type-standard post-entry-8008 post-loop-1 post-parity-odd multi-big  post-8008 post type-post status-publish format-standard hentry category-news'  itemscope=\"itemscope\" itemtype=\"https:\/\/schema.org\/BlogPosting\" ><div class='blog-meta'><a href='https:\/\/asianfilmfestival.barcelona\/2016\/es\/author\/casaasiafilmfest\/' class='post-author-format-type'><span class='rounded-container'><img alt='Casa Asia Film Festival' src='https:\/\/secure.gravatar.com\/avatar\/cf35a4558d763abd35fd15dc6001eb90?s=81&#038;d=blank&#038;r=g' srcset='https:\/\/secure.gravatar.com\/avatar\/cf35a4558d763abd35fd15dc6001eb90?s=162&#038;d=blank&#038;r=g 2x' class='avatar avatar-81 photo' height='81' width='81' loading='lazy' decoding='async'\/><span class=\"iconfont\" aria-hidden='true' data-av_icon='\ue836' data-av_iconfont='entypo-fontello'><\/span><\/span><\/a><\/div><div class='entry-content-wrapper clearfix standard-content'><header class=\"entry-content-header\"><h2 class='post-title entry-title'  itemprop=\"headline\" >\t<a href='https:\/\/asianfilmfestival.barcelona\/2016\/catalogo-del-caff2016\/' rel='bookmark' title='Enlace permanente: Cat\u00e1logo del #CAFF2016'>Cat\u00e1logo del #CAFF2016\t\t\t<span class='post-format-icon minor-meta'><\/span>\t<\/a><\/h2><span class='post-meta-infos'><time class='date-container minor-meta updated' >22\/11\/2016<\/time><span class='text-sep text-sep-date'>\/<\/span><span class=\"blog-categories minor-meta\">en <a href=\"https:\/\/asianfilmfestival.barcelona\/2016\/category\/news\/\" rel=\"tag\">News<\/a> <\/span><span class=\"text-sep text-sep-cat\">\/<\/span><span class=\"blog-author minor-meta\">por <span class=\"entry-author-link\" ><span class=\"vcard author\"><span class=\"fn\"><a href=\"https:\/\/asianfilmfestival.barcelona\/2016\/es\/author\/casaasiafilmfest\/\" title=\"Posts by Casa Asia Film Festival\" rel=\"author\">Casa Asia Film Festival<\/a><\/span><\/span><\/span><\/span><\/span><\/header><div class=\"entry-content\"  itemprop=\"text\" ><div class=\"read-more-link\"><a href=\"https:\/\/asianfilmfestival.barcelona\/2016\/catalogo-del-caff2016\/\" class=\"more-link\">Leer m\u00e1s<span class=\"more-link-arrow\"><\/span><\/a><\/div>\n<\/div><footer class=\"entry-footer\"><\/footer><div class='post_delimiter'><\/div><\/div><div class='post_author_timeline'><\/div><span class='hidden'>\n\t\t\t<span class='av-structured-data'  itemprop=\"ImageObject\" itemscope=\"itemscope\" itemtype=\"https:\/\/schema.org\/ImageObject\"  itemprop='image'>\n\t\t\t\t\t   <span itemprop='url' >\/2016\/wp-content\/uploads\/2016\/10\/CAFFlogo-capcalera-home-1.png<\/span>\n\t\t\t\t\t   <span itemprop='height' >0<\/span>\n\t\t\t\t\t   <span itemprop='width' >0<\/span>\n\t\t\t\t  <\/span><span class='av-structured-data'  itemprop=\"publisher\" itemtype=\"https:\/\/schema.org\/Organization\" itemscope=\"itemscope\" >\n\t\t\t\t<span itemprop='name'>Casa Asia Film Festival<\/span>\n\t\t\t\t<span itemprop='logo' itemscope itemtype='http:\/\/schema.org\/ImageObject'>\n\t\t\t\t   <span itemprop='url'>\/2016\/wp-content\/uploads\/2016\/10\/CAFFlogo-capcalera-home-1.png<\/span>\n\t\t\t\t <\/span>\n\t\t\t  <\/span><span class='av-structured-data'  itemprop=\"author\" itemscope=\"itemscope\" itemtype=\"https:\/\/schema.org\/Person\" ><span itemprop='name'>Casa Asia Film Festival<\/span><\/span><span class='av-structured-data'  itemprop=\"datePublished\" datetime=\"2016-11-22T17:37:36+02:00\" >2016-11-22 17:37:36<\/span><span class='av-structured-data'  itemprop=\"dateModified\" itemtype=\"https:\/\/schema.org\/dateModified\" >2016-11-23 16:49:36<\/span><span class='av-structured-data'  itemprop=\"mainEntityOfPage\" itemtype=\"https:\/\/schema.org\/mainEntityOfPage\" ><span itemprop='name'>Cat\u00e1logo del #CAFF2016<\/span><\/span><\/span><\/article><article class='post-entry post-entry-type-standard post-entry-7972 post-loop-2 post-parity-even multi-big  post-7972 post type-post status-publish format-standard hentry category-noticias'  itemscope=\"itemscope\" itemtype=\"https:\/\/schema.org\/BlogPosting\" ><div class='blog-meta'><a href='https:\/\/asianfilmfestival.barcelona\/2016\/es\/author\/casaasiafilmfest\/' class='post-author-format-type'><span class='rounded-container'><img alt='Casa Asia Film Festival' src='https:\/\/secure.gravatar.com\/avatar\/cf35a4558d763abd35fd15dc6001eb90?s=81&#038;d=blank&#038;r=g' srcset='https:\/\/secure.gravatar.com\/avatar\/cf35a4558d763abd35fd15dc6001eb90?s=162&#038;d=blank&#038;r=g 2x' class='avatar avatar-81 photo' height='81' width='81' loading='lazy' decoding='async'\/><span class=\"iconfont\" aria-hidden='true' data-av_icon='\ue836' data-av_iconfont='entypo-fontello'><\/span><\/span><\/a><\/div><div class='entry-content-wrapper clearfix standard-content'><header class=\"entry-content-header\"><h2 class='post-title entry-title'  itemprop=\"headline\" >\t<a href='https:\/\/asianfilmfestival.barcelona\/2016\/es\/premios-casa-asia-film-festival-2016\/' rel='bookmark' title='Enlace permanente: PREMIOS CASA ASIA FILM FESTIVAL 2016'>PREMIOS CASA ASIA FILM FESTIVAL 2016\t\t\t<span class='post-format-icon minor-meta'><\/span>\t<\/a><\/h2><span class='post-meta-infos'><time class='date-container minor-meta updated' >16\/11\/2016<\/time><span class='text-sep text-sep-date'>\/<\/span><span class=\"blog-categories minor-meta\">en <a href=\"https:\/\/asianfilmfestival.barcelona\/2016\/es\/category\/noticias\/\" rel=\"tag\">Noticias<\/a> <\/span><span class=\"text-sep text-sep-cat\">\/<\/span><span class=\"blog-author minor-meta\">por <span class=\"entry-author-link\" ><span class=\"vcard author\"><span class=\"fn\"><a href=\"https:\/\/asianfilmfestival.barcelona\/2016\/es\/author\/casaasiafilmfest\/\" title=\"Posts by Casa Asia Film Festival\" rel=\"author\">Casa Asia Film Festival<\/a><\/span><\/span><\/span><\/span><\/span><\/header><div class=\"entry-content\"  itemprop=\"text\" ><p>El jurado de la Secci\u00f3n Oficial, el jurado de la Secci\u00f3n Panorama y el Jurado Joven (de las escuelas de cine), tras las \u00faltimas deliberaciones habidas el pasado domingo 13 de noviembre de 2016, concedieron los siguientes galardones (a la Mejor Pel\u00edcula, al Mejor Director, al Mejor Gui\u00f3n y a la Mejor Fotograf\u00eda). Adem\u00e1s, se [&hellip;]<\/p>\n<div class=\"read-more-link\"><a href=\"https:\/\/asianfilmfestival.barcelona\/2016\/es\/premios-casa-asia-film-festival-2016\/\" class=\"more-link\">Leer m\u00e1s<span class=\"more-link-arrow\"><\/span><\/a><\/div>\n<\/div><footer class=\"entry-footer\"><\/footer><div class='post_delimiter'><\/div><\/div><div class='post_author_timeline'><\/div><span class='hidden'>\n\t\t\t<span class='av-structured-data'  itemprop=\"ImageObject\" itemscope=\"itemscope\" itemtype=\"https:\/\/schema.org\/ImageObject\"  itemprop='image'>\n\t\t\t\t\t   <span itemprop='url' >\/2016\/wp-content\/uploads\/2016\/10\/CAFFlogo-capcalera-home-1.png<\/span>\n\t\t\t\t\t   <span itemprop='height' >0<\/span>\n\t\t\t\t\t   <span itemprop='width' >0<\/span>\n\t\t\t\t  <\/span><span class='av-structured-data'  itemprop=\"publisher\" itemtype=\"https:\/\/schema.org\/Organization\" itemscope=\"itemscope\" >\n\t\t\t\t<span itemprop='name'>Casa Asia Film Festival<\/span>\n\t\t\t\t<span itemprop='logo' itemscope itemtype='http:\/\/schema.org\/ImageObject'>\n\t\t\t\t   <span itemprop='url'>\/2016\/wp-content\/uploads\/2016\/10\/CAFFlogo-capcalera-home-1.png<\/span>\n\t\t\t\t <\/span>\n\t\t\t  <\/span><span class='av-structured-data'  itemprop=\"author\" itemscope=\"itemscope\" itemtype=\"https:\/\/schema.org\/Person\" ><span itemprop='name'>Casa Asia Film Festival<\/span><\/span><span class='av-structured-data'  itemprop=\"datePublished\" datetime=\"2016-11-16T17:47:48+02:00\" >2016-11-16 17:47:48<\/span><span class='av-structured-data'  itemprop=\"dateModified\" itemtype=\"https:\/\/schema.org\/dateModified\" >2016-11-16 17:51:51<\/span><span class='av-structured-data'  itemprop=\"mainEntityOfPage\" itemtype=\"https:\/\/schema.org\/mainEntityOfPage\" ><span itemprop='name'>PREMIOS CASA ASIA FILM FESTIVAL 2016<\/span><\/span><\/span><\/article><article class='post-entry post-entry-type-standard post-entry-7936 post-loop-3 post-parity-odd multi-big  post-7936 post type-post status-publish format-standard hentry category-noticias'  itemscope=\"itemscope\" itemtype=\"https:\/\/schema.org\/BlogPosting\" ><div class='blog-meta'><a href='https:\/\/asianfilmfestival.barcelona\/2016\/es\/author\/casaasiafilmfest\/' class='post-author-format-type'><span class='rounded-container'><img alt='Casa Asia Film Festival' src='https:\/\/secure.gravatar.com\/avatar\/cf35a4558d763abd35fd15dc6001eb90?s=81&#038;d=blank&#038;r=g' srcset='https:\/\/secure.gravatar.com\/avatar\/cf35a4558d763abd35fd15dc6001eb90?s=162&#038;d=blank&#038;r=g 2x' class='avatar avatar-81 photo' height='81' width='81' loading='lazy' decoding='async'\/><span class=\"iconfont\" aria-hidden='true' data-av_icon='\ue836' data-av_iconfont='entypo-fontello'><\/span><\/span><\/a><\/div><div class='entry-content-wrapper clearfix standard-content'><header class=\"entry-content-header\"><h2 class='post-title entry-title'  itemprop=\"headline\" >\t<a href='https:\/\/asianfilmfestival.barcelona\/2016\/es\/narrativas-de-genero-en-el-cine-asiatico-actual-2\/' rel='bookmark' title='Enlace permanente: Narrativas de g\u00e9nero en el cine asi\u00e1tico actual'>Narrativas de g\u00e9nero en el cine asi\u00e1tico actual\t\t\t<span class='post-format-icon minor-meta'><\/span>\t<\/a><\/h2><span class='post-meta-infos'><time class='date-container minor-meta updated' >15\/11\/2016<\/time><span class='text-sep text-sep-date'>\/<\/span><span class=\"blog-categories minor-meta\">en <a href=\"https:\/\/asianfilmfestival.barcelona\/2016\/es\/category\/noticias\/\" rel=\"tag\">Noticias<\/a> <\/span><span class=\"text-sep text-sep-cat\">\/<\/span><span class=\"blog-author minor-meta\">por <span class=\"entry-author-link\" ><span class=\"vcard author\"><span class=\"fn\"><a href=\"https:\/\/asianfilmfestival.barcelona\/2016\/es\/author\/casaasiafilmfest\/\" title=\"Posts by Casa Asia Film Festival\" rel=\"author\">Casa Asia Film Festival<\/a><\/span><\/span><\/span><\/span><\/span><\/header><div class=\"entry-content\"  itemprop=\"text\" ><p>Conversaci\u00f3n con \u00c1ngel Sala Director del Sitges International Fantastic Film Festival por Menene Gras Balaguer &nbsp; Esta conversaci\u00f3n ha tenido lugar pocos d\u00edas despu\u00e9s de la clausura del Sitges Festival Internacional de Cinema Fant\u00e0stic de Cataluya, que dirige \u00c1ngel Sala, en el que la producci\u00f3n asi\u00e1tica ha desempe\u00f1ado un importante papel y donde ha sido [&hellip;]<\/p>\n<div class=\"read-more-link\"><a href=\"https:\/\/asianfilmfestival.barcelona\/2016\/es\/narrativas-de-genero-en-el-cine-asiatico-actual-2\/\" class=\"more-link\">Leer m\u00e1s<span class=\"more-link-arrow\"><\/span><\/a><\/div>\n<\/div><footer class=\"entry-footer\"><\/footer><div class='post_delimiter'><\/div><\/div><div class='post_author_timeline'><\/div><span class='hidden'>\n\t\t\t<span class='av-structured-data'  itemprop=\"ImageObject\" itemscope=\"itemscope\" itemtype=\"https:\/\/schema.org\/ImageObject\"  itemprop='image'>\n\t\t\t\t\t   <span itemprop='url' >\/2016\/wp-content\/uploads\/2016\/10\/CAFFlogo-capcalera-home-1.png<\/span>\n\t\t\t\t\t   <span itemprop='height' >0<\/span>\n\t\t\t\t\t   <span itemprop='width' >0<\/span>\n\t\t\t\t  <\/span><span class='av-structured-data'  itemprop=\"publisher\" itemtype=\"https:\/\/schema.org\/Organization\" itemscope=\"itemscope\" >\n\t\t\t\t<span itemprop='name'>Casa Asia Film Festival<\/span>\n\t\t\t\t<span itemprop='logo' itemscope itemtype='http:\/\/schema.org\/ImageObject'>\n\t\t\t\t   <span itemprop='url'>\/2016\/wp-content\/uploads\/2016\/10\/CAFFlogo-capcalera-home-1.png<\/span>\n\t\t\t\t <\/span>\n\t\t\t  <\/span><span class='av-structured-data'  itemprop=\"author\" itemscope=\"itemscope\" itemtype=\"https:\/\/schema.org\/Person\" ><span itemprop='name'>Casa Asia Film Festival<\/span><\/span><span class='av-structured-data'  itemprop=\"datePublished\" datetime=\"2016-11-15T19:21:00+02:00\" >2016-11-15 19:21:00<\/span><span class='av-structured-data'  itemprop=\"dateModified\" itemtype=\"https:\/\/schema.org\/dateModified\" >2016-11-16 17:24:26<\/span><span class='av-structured-data'  itemprop=\"mainEntityOfPage\" itemtype=\"https:\/\/schema.org\/mainEntityOfPage\" ><span itemprop='name'>Narrativas de g\u00e9nero en el cine asi\u00e1tico actual<\/span><\/span><\/span><\/article><article class='post-entry post-entry-type-standard post-entry-7831 post-loop-4 post-parity-even post-entry-last multi-big  post-7831 post type-post status-publish format-standard hentry category-noticias'  itemscope=\"itemscope\" itemtype=\"https:\/\/schema.org\/BlogPosting\" ><div class='blog-meta'><a href='https:\/\/asianfilmfestival.barcelona\/2016\/es\/author\/visitant\/' class='post-author-format-type'><span class='rounded-container'><img alt='visitante' src='https:\/\/secure.gravatar.com\/avatar\/0a2ebfc70fabc187e275df2345d2ce91?s=81&#038;d=blank&#038;r=g' srcset='https:\/\/secure.gravatar.com\/avatar\/0a2ebfc70fabc187e275df2345d2ce91?s=162&#038;d=blank&#038;r=g 2x' class='avatar avatar-81 photo' height='81' width='81' loading='lazy' decoding='async'\/><span class=\"iconfont\" aria-hidden='true' data-av_icon='\ue836' data-av_iconfont='entypo-fontello'><\/span><\/span><\/a><\/div><div class='entry-content-wrapper clearfix standard-content'><header class=\"entry-content-header\"><h2 class='post-title entry-title'  itemprop=\"headline\" >\t<a href='https:\/\/asianfilmfestival.barcelona\/2016\/es\/narrativas-de-genero-en-el-cine-asiatico-actual\/' rel='bookmark' title='Enlace permanente: Narrativas de g\u00e9nero en el cine asi\u00e1tico actual'>Narrativas de g\u00e9nero en el cine asi\u00e1tico actual\t\t\t<span class='post-format-icon minor-meta'><\/span>\t<\/a><\/h2><span class='post-meta-infos'><time class='date-container minor-meta updated' >06\/11\/2016<\/time><span class='text-sep text-sep-date'>\/<\/span><span class=\"blog-categories minor-meta\">en <a href=\"https:\/\/asianfilmfestival.barcelona\/2016\/es\/category\/noticias\/\" rel=\"tag\">Noticias<\/a> <\/span><span class=\"text-sep text-sep-cat\">\/<\/span><span class=\"blog-author minor-meta\">por <span class=\"entry-author-link\" ><span class=\"vcard author\"><span class=\"fn\"><a href=\"https:\/\/asianfilmfestival.barcelona\/2016\/es\/author\/visitant\/\" title=\"Posts by Casa Asia Film Festival\" rel=\"author\">Casa Asia Film Festival<\/a><\/span><\/span><\/span><\/span><\/span><\/header><div class=\"entry-content\"  itemprop=\"text\" ><p>Conversaci\u00f3n con \u00c1ngel Sala Director del Sitges International Fant\u00e0stic Film Festival por Menene Gras Balaguer &nbsp; Esta conversaci\u00f3n ha tenido lugar pocos d\u00edas despu\u00e9s de la clausura del Sitges Festival Internacional de Cinema Fant\u00e0stic de Catalunya, que dirige \u00c1ngel Sala, en el que la producci\u00f3n asi\u00e1tica ha desempe\u00f1ado un importante papel y donde ha sido [&hellip;]<\/p>\n<div class=\"read-more-link\"><a href=\"https:\/\/asianfilmfestival.barcelona\/2016\/es\/narrativas-de-genero-en-el-cine-asiatico-actual\/\" class=\"more-link\">Leer m\u00e1s<span class=\"more-link-arrow\"><\/span><\/a><\/div>\n<\/div><footer class=\"entry-footer\"><\/footer><div class='post_delimiter'><\/div><\/div><div class='post_author_timeline'><\/div><span class='hidden'>\n\t\t\t<span class='av-structured-data'  itemprop=\"ImageObject\" itemscope=\"itemscope\" itemtype=\"https:\/\/schema.org\/ImageObject\"  itemprop='image'>\n\t\t\t\t\t   <span itemprop='url' >\/2016\/wp-content\/uploads\/2016\/10\/CAFFlogo-capcalera-home-1.png<\/span>\n\t\t\t\t\t   <span itemprop='height' >0<\/span>\n\t\t\t\t\t   <span itemprop='width' >0<\/span>\n\t\t\t\t  <\/span><span class='av-structured-data'  itemprop=\"publisher\" itemtype=\"https:\/\/schema.org\/Organization\" itemscope=\"itemscope\" >\n\t\t\t\t<span itemprop='name'>visitante<\/span>\n\t\t\t\t<span itemprop='logo' itemscope itemtype='http:\/\/schema.org\/ImageObject'>\n\t\t\t\t   <span itemprop='url'>\/2016\/wp-content\/uploads\/2016\/10\/CAFFlogo-capcalera-home-1.png<\/span>\n\t\t\t\t <\/span>\n\t\t\t  <\/span><span class='av-structured-data'  itemprop=\"author\" itemscope=\"itemscope\" itemtype=\"https:\/\/schema.org\/Person\" ><span itemprop='name'>visitante<\/span><\/span><span class='av-structured-data'  itemprop=\"datePublished\" datetime=\"2016-11-06T23:47:20+02:00\" >2016-11-06 23:47:20<\/span><span class='av-structured-data'  itemprop=\"dateModified\" itemtype=\"https:\/\/schema.org\/dateModified\" >2016-11-16 17:12:47<\/span><span class='av-structured-data'  itemprop=\"mainEntityOfPage\" itemtype=\"https:\/\/schema.org\/mainEntityOfPage\" ><span itemprop='name'>Narrativas de g\u00e9nero en el cine asi\u00e1tico actual<\/span><\/span><\/span><\/article><div class='multi-big'><nav class='pagination'><span class='pagination-meta'>P\u00e1gina 1 de 2<\/span><span class='current'>1<\/span><a href='https:\/\/asianfilmfestival.barcelona\/2016\/es\/wp-json\/wp\/v2\/pages\/7489\/page\/2\/' class='inactive' >2<\/a><\/nav>\n<\/div><\/div>\n","protected":false},"excerpt":{"rendered":"","protected":false},"author":3,"featured_media":0,"parent":0,"menu_order":0,"comment_status":"closed","ping_status":"closed","template":"","meta":{"_exactmetrics_skip_tracking":false,"_exactmetrics_sitenote_active":false,"_exactmetrics_sitenote_note":"","_exactmetrics_sitenote_category":0},"_links":{"self":[{"href":"https:\/\/asianfilmfestival.barcelona\/2016\/es\/wp-json\/wp\/v2\/pages\/7489"}],"collection":[{"href":"https:\/\/asianfilmfestival.barcelona\/2016\/es\/wp-json\/wp\/v2\/pages"}],"about":[{"href":"https:\/\/asianfilmfestival.barcelona\/2016\/es\/wp-json\/wp\/v2\/types\/page"}],"author":[{"embeddable":true,"href":"https:\/\/asianfilmfestival.barcelona\/2016\/es\/wp-json\/wp\/v2\/users\/3"}],"replies":[{"embeddable":true,"href":"https:\/\/asianfilmfestival.barcelona\/2016\/es\/wp-json\/wp\/v2\/comments?post=7489"}],"version-history":[{"count":7,"href":"https:\/\/asianfilmfestival.barcelona\/2016\/es\/wp-json\/wp\/v2\/pages\/7489\/revisions"}],"predecessor-version":[{"id":7929,"href":"https:\/\/asianfilmfestival.barcelona\/2016\/es\/wp-json\/wp\/v2\/pages\/7489\/revisions\/7929"}],"wp:attachment":[{"href":"https:\/\/asianfilmfestival.barcelona\/2016\/es\/wp-json\/wp\/v2\/media?parent=7489"}],"curies":[{"name":"wp","href":"https:\/\/api.w.org\/{rel}","templated":true}]}}