{"id":5917,"date":"2016-10-28T14:03:04","date_gmt":"2016-10-28T12:03:04","guid":{"rendered":"http:\/\/asianfilmfestival.barcelona\/2016\/es\/?page_id=5917"},"modified":"2016-12-14T17:23:27","modified_gmt":"2016-12-14T15:23:27","slug":"jurados-y-premios","status":"publish","type":"page","link":"https:\/\/asianfilmfestival.barcelona\/2016\/es\/jurados-y-premios\/","title":{"rendered":"JURADOS Y PREMIOS"},"content":{"rendered":"<\/div><\/div><\/div><!-- close content main div --><\/div><\/div><div id='full_slider_1' class='avia-fullwidth-slider main_color avia-shadow   container_wrap fullsize'   ><div  data-size='featured'  data-lightbox_size='large'  data-animation='fade'  data-conditional_play=''  data-ids='5842'  data-video_counter='0'  data-autoplay='false'  data-bg_slider='false'  data-slide_height=''  data-handle='av_slideshow_full'  data-interval='5'  data-class=' '  data-css_id=''  data-scroll_down=''  data-control_layout='av-control-default'  data-custom_markup=''  data-perma_caption=''  data-autoplay_stopper=''  data-image_attachment=''  data-min_height='0px'  data-src=''  data-position='top left'  data-repeat='no-repeat'  data-attach='scroll'  data-stretch=''  data-default-height='28.666666666667'  class='avia-slideshow avia-slideshow-1  av-control-default av-default-height-applied avia-slideshow-featured av_slideshow_full   avia-fade-slider '  itemprop=\"ImageObject\" itemscope=\"itemscope\" itemtype=\"https:\/\/schema.org\/ImageObject\" ><ul class='avia-slideshow-inner ' style='padding-bottom: 23.333333333333%;' ><li  class=' av-single-slide slide-1 ' ><div data-rel='slideshow-1' class='avia-slide-wrap '   ><div class = \"caption_fullwidth av-slideshow-caption caption_bottom\"><div class = \"container caption_container\"><div class = \"slideshow_caption\"><div class = \"slideshow_inner_caption\"><div class = \"slideshow_align_caption\"><h2  style='font-size:90px; ' class='avia-caption-title '  itemprop=\"name\" >Jurados y Premios<\/h2><\/div><\/div><\/div><\/div><\/div><img src='https:\/\/asianfilmfestival.barcelona\/2016\/wp-content\/uploads\/2016\/09\/Banner-JURY-1500x350.jpg' width='1500' height='350' title='banner-jury' alt=''  itemprop=\"thumbnailUrl\"   \/><\/div><\/li><\/ul><\/div><\/div>\n<section class=\"av_textblock_section \"  itemscope=\"itemscope\" itemtype=\"https:\/\/schema.org\/CreativeWork\" ><div class='avia_textblock  av_inherit_color '  style='color:#999999; '  itemprop=\"text\" ><p>El festival incluir\u00e1 un Jurado para la Secci\u00f3n Oficial a concurso y para la Secci\u00f3n Panorama. Este jurado estar\u00e1 integrado por cinco miembros vinculados profesionalmente con la industria del cine \u2013directores, cr\u00edticos y periodistas- . Como siempre, tambi\u00e9n habr\u00e1 un Jurado Joven independiente formado por los mejores cinco estudiantes de escuelas nacionales de cine.<\/p>\n<p>Los premios concedidos en el CAFF son: el <strong>Premio del Jurado<\/strong> a Mejor Pel\u00edcula, Mejor Director y Mejor Gui\u00f3n en la Secci\u00f3n Oficial; el <strong>Premio de la Secci\u00f3n Panorama<\/strong>, tambi\u00e9n a Mejor Pel\u00edcula, Mejor Director y Mejor Gui\u00f3n; el <strong>Premio del Jurado Joven<\/strong> a \u00a0Mejor Pel\u00edcula, Mejor Director y Mejor Gui\u00f3n en la Secci\u00f3n Oficial; y el <strong>Premio del P\u00fablico<\/strong>. Actualmente, los premios siguen siendo honor\u00edficos, como consecuencia de la falta de presupuesto suficiente con el fin de proporcionarles una retribuci\u00f3n econ\u00f3mica que Casa Asia siempre ha intentado.<\/p>\n<\/div><\/section>\n<div style=' margin-top:30px; margin-bottom:30px;'  class='hr hr-custom hr-center hr-icon-no  '><span class='hr-inner   inner-border-av-border-thin' style=' width:100%; border-color:#4f4f4f;' ><span class='hr-inner-style'><\/span><\/span><\/div>\n<section class=\"av_textblock_section \"  itemscope=\"itemscope\" itemtype=\"https:\/\/schema.org\/CreativeWork\" ><div class='avia_textblock  av_inherit_color '  style='font-size:30px; color:#ffffff; '  itemprop=\"text\" ><h1 style=\"text-align: center;\">JURADOS<\/h1>\n<\/div><\/section>\n<div class=\"flex_column av_one_full  flex_column_div av-zero-column-padding first  \" style='border-radius:0px; '><section class=\"av_textblock_section \"  itemscope=\"itemscope\" itemtype=\"https:\/\/schema.org\/CreativeWork\" ><div class='avia_textblock  av_inherit_color '  style='font-size:30px; color:#d32e1b; '  itemprop=\"text\" ><h2 style=\"text-align: center;\">Jurado del Concurso de la Secci\u00f3n Oficial<\/h2>\n<\/div><\/section><\/div>\n<div class=\"flex_column av_one_third  flex_column_div av-zero-column-padding first  \" style='border-radius:0px; '><section class='avia-team-member  '  itemscope=\"itemscope\" itemtype=\"https:\/\/schema.org\/Person\" ><h3 class='team-member-name'  style='color:#d32e1b; '  itemprop=\"name\" >Briccio Santos<\/h3><div class='team-member-job-title av_opacity_variation'  style='color:#d32e1b; '  itemprop=\"jobTitle\" >Manila, director y presidente de Film ASEAN.<\/div><div class='team-member-description av_inherit_color'  itemprop=\"description\"   style='color:#999999; '><p>Briccio G. Santos es un director de cine y escritor conocido por \u201cAla Verde, Ala Pobre\u201d (2005), \u201cAla Suerte Ala Muerte\u201d (2007) y \u201cAnino ng Setyemre\u201d (2006). Actualmente, es el presidente de Film ASEAN, que integran 10 agencias l\u00edderes en la industria audiovisual y cinematogr\u00e1fica en la regi\u00f3n de ASEAN. A mediadios de los a\u00f1os 70, tras regresar de Alemania, hizo una de sus primeras pel\u00edculas, \u201cDamortis\u201d (1986), que se proyectar\u00e1 durante el festival y que sigue siendo una de las m\u00e1s emblem\u00e1ticas del cine independiente filipino. Dirigi\u00f3 el Film Development Council de Filipinas durante seis a\u00f1os (2010-2016), y desarroll\u00f3 una importante labor en lo concerniente a la preservaci\u00f3n y restauraci\u00f3n del patrimonio cinematogr\u00e1fico de Filipinas en los National Film Archives. En 2013, el presidente franc\u00e9s, Fran\u00e7ois Hollande, nombr\u00f3 a Santos Caballero de la Orden de la Legi\u00f3n de Honor, por la promoci\u00f3n de la cultura filipina a trav\u00e9s del cine.<\/p>\n<\/div><span class='hidden team-member-affiliation'  itemprop=\"affiliation\" >Casa Asia Film Festival<\/span><\/section><\/div>\n<div class=\"flex_column av_one_third  flex_column_div av-zero-column-padding   \" style='border-radius:0px; '><section class='avia-team-member  '  itemscope=\"itemscope\" itemtype=\"https:\/\/schema.org\/Person\" ><h3 class='team-member-name'  style='color:#d32e1b; '  itemprop=\"name\" >Cho Young Jung<\/h3><div class='team-member-job-title av_opacity_variation'  style='color:#d32e1b; '  itemprop=\"jobTitle\" >Corea, coordinadora de programas de cine y directora de AFA.<\/div><div class='team-member-description av_inherit_color'  itemprop=\"description\"   style='color:#999999; '><p>Cho Young-Jung se doctor\u00f3 en la Universidad Chung-Ang de Corea tras cursar estudios de Cine en la Universidad de lowa. Desde 1998, ha sido programadora en el Busan International Film Festival. En 2002, trabaj\u00f3 en el Busan International Film Festival como coordinadora de programas y estuvo a cargo de la Korean Cinema Retrospective. Empez\u00f3 a familiarizarse con el cine asi\u00e1tico mientras programaba las pel\u00edculas de Chung Chang-Wha, y trabajaba en co-producciones entre Corea y Hong Kong. En 2007, fue directora de la Asian Film Academy (AFA), un programa educativo para los j\u00f3venes directores asi\u00e1ticos, y trabaj\u00f3 como programadora para la secci\u00f3n de cine asi\u00e1tico hasta 2013. Desde 2007, ha sido miembro del comit\u00e9 de selecci\u00f3n del Asian Cinema Fund, que apoya el cine independiente asi\u00e1tico.<\/p>\n<\/div><span class='hidden team-member-affiliation'  itemprop=\"affiliation\" >Casa Asia Film Festival<\/span><\/section><\/div>\n<div class=\"flex_column av_one_third  flex_column_div av-zero-column-padding   \" style='border-radius:0px; '><section class='avia-team-member  '  itemscope=\"itemscope\" itemtype=\"https:\/\/schema.org\/Person\" ><h3 class='team-member-name'  style='color:#d32e1b; '  itemprop=\"name\" >Haris Sulong and Turku Mona Riza<\/h3><div class='team-member-job-title av_opacity_variation'  style='color:#d32e1b; '  itemprop=\"jobTitle\" >Malasia, productor ejecutivo y director de cine.<\/div><div class='team-member-description av_inherit_color'  itemprop=\"description\"   style='color:#999999; '><p>Tunku Mona es una directora de cine de Kuala Lumpur (Malasia). Desde 1999 hasta 2012, trabaj\u00f3 para la productora y distribuidora Current Pictures. Ha dirigido la pel\u00edcula \u201cRedha\u201d (2016), su primer largometraje con el que ha sido reiteradamente premiada por sus valores sociales y universales. La pel\u00edcula tambi\u00e9n ha sido seleccionada por Finas para representar a Malasia en la categor\u00eda Foreign Language Film, en la 89a edici\u00f3n de los Academy Awards en Los \u00c1ngeles. Gracias a su interpretaci\u00f3n en la pel\u00edcula, la actriz June Lojong ha sido premiada con el Best Actress Nod en el World Premieres Film festival de Manila, Filipinas, en 2016. <\/p>\n<\/div><span class='hidden team-member-affiliation'  itemprop=\"affiliation\" >Casa Asia Film Festival<\/span><\/section><\/div>\n<div class=\"flex_column av_one_third  flex_column_div av-zero-column-padding first  \" style='border-radius:0px; '><section class='avia-team-member  '  itemscope=\"itemscope\" itemtype=\"https:\/\/schema.org\/Person\" ><h3 class='team-member-name'  style='color:#d32e1b; '  itemprop=\"name\" >Jevons AU<\/h3><div class='team-member-job-title av_opacity_variation'  style='color:#d32e1b; '  itemprop=\"jobTitle\" >Hong Kong, director de cine<\/div><div class='team-member-description av_inherit_color'  itemprop=\"description\"   style='color:#999999; '><p>Jevons AU es un director de cine de Hong Kong que estudi\u00f3 en la Hong Kong Academy for Performing Arts. Actualmente, trabaja como productor audiovisual en 109G Studio. Desde 2013, tambi\u00e9n ejerce como director creativo en Voicesland Ltd. y, desde 2008, como guionista asociado y director asociado en Milkyway Image (HK) Limited. Ha escrito los guiones de \"Daan gyun naam yu\" (2011), nominada como Best Screenplay en 2012, para el Hong Kong Film Award y el HKFCS Award; y de \"Gao hai ba shi lian II\" (2012), que gan\u00f3 tambi\u00e9n el premio al mejor gui\u00f3n en los mismos festivales, en 2013. Ha codirigido \"Ten Years\" (2015) y \u201cChu Tai Chiu Fung \"(2016), nominada para el Premio al mejor director en el Golden Horse Award en 2016.<\/p>\n<\/div><span class='hidden team-member-affiliation'  itemprop=\"affiliation\" >Casa Asia Film Festival<\/span><\/section><\/div>\n<div class=\"flex_column av_one_third  flex_column_div av-zero-column-padding   \" style='border-radius:0px; '><section class='avia-team-member  '  itemscope=\"itemscope\" itemtype=\"https:\/\/schema.org\/Person\" ><h3 class='team-member-name'  style='color:#d32e1b; '  itemprop=\"name\" >Mike Hostench<\/h3><div class='team-member-job-title av_opacity_variation'  style='color:#d32e1b; '  itemprop=\"jobTitle\" >Barcelona, subdirector del Festival de Cine de Sitges.<\/div><div class='team-member-description av_inherit_color'  itemprop=\"description\"   style='color:#999999; '><p>La trayectoria de Mike Hostench (Barcelona, 1967) siempre ha estado relacionada con la industria del cine. En primer lugar, en la distribuci\u00f3n, trabajando para empresas como Virgin y Gorgon Video, en la producci\u00f3n y distribuci\u00f3n de pel\u00edculas, y despu\u00e9s en festivales. Desde el a\u00f1o 2003, Mike Hostench combina su puesto de Co-Director del Sitges Festival Internacional de Cine Fant\u00e1stico de Catalu\u00f1a, con el consulting para distribuidoras y productoras de cine. Mike Hostench ha escrito dos guiones de cine que se han estrenado en todo el mundo, tres libros sobre pel\u00edculas asi\u00e1ticas y de terror, y colabora en revistas de cine y sitios web. Habla Ingl\u00e9s, catal\u00e1n, espa\u00f1ol, y coreano b\u00e1sico.<\/p>\n<\/div><span class='hidden team-member-affiliation'  itemprop=\"affiliation\" >Casa Asia Film Festival<\/span><\/section><\/div>\n<div class=\"flex_column av_one_full  flex_column_div av-zero-column-padding first  \" style='border-radius:0px; '><p><div style=' margin-top:30px; margin-bottom:30px;'  class='hr hr-custom hr-center hr-icon-no  '><span class='hr-inner   inner-border-av-border-thin' style=' width:100%; border-color:#4f4f4f;' ><span class='hr-inner-style'><\/span><\/span><\/div><br \/>\n<section class=\"av_textblock_section \"  itemscope=\"itemscope\" itemtype=\"https:\/\/schema.org\/CreativeWork\" ><div class='avia_textblock  av_inherit_color '  style='font-size:30px; color:#d32e1b; '  itemprop=\"text\" ><h2 style=\"text-align: center;\">Jurado del concurso de la Secci\u00f3n Panorama<\/h2>\n<\/div><\/section><\/p><\/div>\n<div class=\"flex_column av_one_third  flex_column_div av-zero-column-padding first  \" style='border-radius:0px; '><section class='avia-team-member  '  itemscope=\"itemscope\" itemtype=\"https:\/\/schema.org\/Person\" ><h3 class='team-member-name'  style='color:#d32e1b; '  itemprop=\"name\" >\u00c0lex Murrull<\/h3><div class='team-member-job-title av_opacity_variation'  style='color:#d32e1b; '  itemprop=\"jobTitle\" >Barcelona, director del Sal\u00f3n del Cine y las Series.<\/div><div class='team-member-description av_inherit_color'  itemprop=\"description\"   style='color:#999999; '><p>Alex Murrull es director del Sal\u00f3n del cine y las Series de Barcelona y Jefe de Estudios de la escuela de cine Plat\u00f3 de Cinema. Licenciado en direcci\u00f3n de cine, en 2003 obtuvo la beca para realitzar el cortometraje \u201cEl viaje de Verwndlung\u201d. Ha trabajado en cine y publicidad, y ha impartido clases de fotograf\u00eda. Asimismo, ha ejercido como c\u00e1mara en varios documentales y actualmente es fot\u00f3grafo para las revistas de coches GTI Mag y Volkswagen, aparte de realizar portafolios y libros de fotograf\u00eda para actores y modelos. Destaca en el \u00e1mbito de la ficci\u00f3n el premio al mejor cortometraje por el t\u00edtulo \u201cEl meu amic Amaruk\u201d en el Festival de Cortometrajes DiBa 07 en la categor\u00eda \u201cDiba Express\u201d.<\/p>\n<\/div><span class='hidden team-member-affiliation'  itemprop=\"affiliation\" >Casa Asia Film Festival<\/span><\/section><\/div>\n<div class=\"flex_column av_one_third  flex_column_div av-zero-column-padding   \" style='border-radius:0px; '><section class='avia-team-member  '  itemscope=\"itemscope\" itemtype=\"https:\/\/schema.org\/Person\" ><h3 class='team-member-name'  style='color:#d32e1b; '  itemprop=\"name\" >David Blanco<\/h3><div class='team-member-job-title av_opacity_variation'  style='color:#d32e1b; '  itemprop=\"jobTitle\" >Barcelona, director y guionista.<\/div><div class='team-member-description av_inherit_color'  itemprop=\"description\"   style='color:#999999; '><p>David Blanco es director, productor, guionista y arquitecto, y reside desde hace 21 a\u00f1os en Barcelona. Por sus trabajos, ha recibido diferentes premios nacionales e internacionales, como el Primer Premio en el 9TH ANNUAL TWIN RIVERS MEDIA FESTIVAL, USA (2001) con \u201cBorsh\u201d, \u201cEl Refugio\u201d; Premio a la Mejor Direcci\u00f3n del FESTIVAL EXPERIMENTAL DE MADRID (1996) con \u201cViaje a la Luna\u201d, y premio al Mejor Cortometraje en el PANORAMA INTERNACIONAL DE DIRECTORES INDEPENDIENTES DE TESAL\u00d3NICA (2004) con \u201cEl Coraz\u00f3n de las Tinieblas\u201d, entre otros. Actualmente, se encuentra preparando el largometraje INDIAN WAY, proyecto que cuenta con el apoyo de la Uni\u00f3n Europea y el Ministerio de Cultura. Est\u00e1 previsto empezar el rodaje en el sur de la India a finales de 2016.<\/p>\n<\/div><span class='hidden team-member-affiliation'  itemprop=\"affiliation\" >Casa Asia Film Festival<\/span><\/section><\/div>\n<div class=\"flex_column av_one_third  flex_column_div av-zero-column-padding   \" style='border-radius:0px; '><section class='avia-team-member  '  itemscope=\"itemscope\" itemtype=\"https:\/\/schema.org\/Person\" ><h3 class='team-member-name'  style='color:#d32e1b; '  itemprop=\"name\" >Elena Neira<\/h3><div class='team-member-job-title av_opacity_variation'  style='color:#d32e1b; '  itemprop=\"jobTitle\" >Barcelona, directora de La Otra Pantalla<\/div><div class='team-member-description av_inherit_color'  itemprop=\"description\"   style='color:#999999; '><p>Elena Neira es experta en marketing online, redes sociales y tecnolog\u00eda y especializada en nuevos modelos de distribuci\u00f3n audiovisual. Compagina el trabajo de investigaci\u00f3n con la docencia universitaria y la consultor\u00eda a empresas del sector. Es autora de \u201cEl espectador social. Las redes sociales en la promoci\u00f3n cinematogr\u00e1fica\u201d y \u201cLa otra pantalla. Redes sociales, m\u00f3viles y la nueva televisi\u00f3n\u201d. Tambi\u00e9n ha coordinado la obra \u201cMarketing cinematogr\u00e1fico. C\u00f3mo promocionar una pel\u00edcula en el entorno digital\u201d.<\/p>\n<\/div><span class='hidden team-member-affiliation'  itemprop=\"affiliation\" >Casa Asia Film Festival<\/span><\/section><\/div>\n<div class=\"flex_column av_one_third  flex_column_div av-zero-column-padding first  \" style='border-radius:0px; '><section class='avia-team-member  '  itemscope=\"itemscope\" itemtype=\"https:\/\/schema.org\/Person\" ><h3 class='team-member-name'  style='color:#d32e1b; '  itemprop=\"name\" >John Prskalo<\/h3><div class='team-member-job-title av_opacity_variation'  style='color:#d32e1b; '  itemprop=\"jobTitle\" >Barcelona, cr\u00edtico de cine y director<\/div><div class='team-member-description av_inherit_color'  itemprop=\"description\"   style='color:#999999; '><p>John Prskalo Mart\u00ednez, cin\u00e9filo y viajero, estudi\u00f3 direcci\u00f3n cinematogr\u00e1fica en Barcelona, donde reside en la actualidad. Desde el a\u00f1o 2002, es asiduo a festivales de cine, plasmando sus cr\u00f3nicas y rese\u00f1as de pel\u00edculas en el blog Asia-Cine, que cre\u00f3 en 2009. Apasionado del continente asi\u00e1tico tras su primer viaje a Jap\u00f3n en el a\u00f1o 2006, no ha dejado de viajar a dicho continente del que ha visitado hasta la fecha una docena de pa\u00edses. En la revista web, Yuanfang Magazine, se dedica a escribir sobre dichos viajes y sus impresiones sobre el continente m\u00e1s poblado del mundo.<\/p>\n<\/div><span class='hidden team-member-affiliation'  itemprop=\"affiliation\" >Casa Asia Film Festival<\/span><\/section><\/div>\n<div class=\"flex_column av_one_third  flex_column_div av-zero-column-padding   \" style='border-radius:0px; '><section class='avia-team-member  '  itemscope=\"itemscope\" itemtype=\"https:\/\/schema.org\/Person\" ><h3 class='team-member-name'  style='color:#d32e1b; '  itemprop=\"name\" >Sherman Ong<\/h3><div class='team-member-job-title av_opacity_variation'  style='color:#d32e1b; '  itemprop=\"jobTitle\" >Singapur, director de cine<\/div><div class='team-member-description av_inherit_color'  itemprop=\"description\"   style='color:#999999; '><p>Nacido en Malasia en 1971, Sherman Ong es un cineasta, fot\u00f3grafo y artista visual que reside entre Singapur y Malasia. Su trabajo siempre se ha centrado en la condici\u00f3n humana y en sus relaciones con el entorno. Fue el ganador del ICON de Martell Cordon Bleu Photography Award en 2010 y ha mostrat muchos de sus trabajos en bienales de arte, importantes festivales de cine y museos alrededor del mundo. Es miembro fundador de 13 Little Pictures, un colectivo de cine con sede en Singapur. Tambi\u00e9n trabaja en el Comit\u00e9 de fotograf\u00eda internacional de Singapur, como educador en escuelas y universidades, y fue Associate Artist of the Substation.<\/p>\n<\/div><span class='hidden team-member-affiliation'  itemprop=\"affiliation\" >Casa Asia Film Festival<\/span><\/section><\/div>\n<div class=\"flex_column av_one_full  flex_column_div av-zero-column-padding first  \" style='border-radius:0px; '><p><div style=' margin-top:30px; margin-bottom:30px;'  class='hr hr-custom hr-center hr-icon-no  '><span class='hr-inner   inner-border-av-border-thin' style=' width:100%; border-color:#4f4f4f;' ><span class='hr-inner-style'><\/span><\/span><\/div><br \/>\n<section class=\"av_textblock_section \"  itemscope=\"itemscope\" itemtype=\"https:\/\/schema.org\/CreativeWork\" ><div class='avia_textblock  av_inherit_color '  style='font-size:30px; color:#d32e1b; '  itemprop=\"text\" ><h2 style=\"text-align: center;\">Jurado Joven<\/h2>\n<\/div><\/section><\/p><\/div>\n<section class=\"av_textblock_section \"  itemscope=\"itemscope\" itemtype=\"https:\/\/schema.org\/CreativeWork\" ><div class='avia_textblock  av_inherit_color '  style='color:#999999; '  itemprop=\"text\" ><p style=\"text-align: center;\">El jurado joven est\u00e1 integrado por alumnos de las Escuelas de Cine de Barcelona<\/p>\n<section class=\"av_textblock_section\">\n<div class=\"avia_textblock av_inherit_color\">\n<p style=\"text-align: center;\">Daniel Molina (ESCAC)<\/p>\n<p style=\"text-align: center;\">Joan-Pol Argenter (Bande \u00e0 Part)<\/p>\n<p style=\"text-align: center;\">Sergi Panizo (EMAV)<\/p>\n<p style=\"text-align: center;\">Jos\u00e9 Guti\u00e9rrez (EMAV)<\/p>\n<p style=\"text-align: center;\">Rub\u00e9n Seca Carol (ECIB)<\/p>\n<p style=\"text-align: center;\">Julieta Estefanell (Casa del Cine)<\/p>\n<\/div>\n<\/section>\n<div class=\"flex_column av_one_full flex_column_div av-zero-column-padding first avia-builder-el-33 el_after_av_textblock el_before_av_one_half column-top-margin\"><\/div>\n<\/div><\/section>\n<div class=\"flex_column av_one_full  flex_column_div av-zero-column-padding first  \" style='border-radius:0px; '><p><div style=' margin-top:30px; margin-bottom:30px;'  class='hr hr-custom hr-center hr-icon-no  '><span class='hr-inner   inner-border-av-border-thin' style=' width:100%; border-color:#4f4f4f;' ><span class='hr-inner-style'><\/span><\/span><\/div><br \/>\n<section class=\"av_textblock_section \"  itemscope=\"itemscope\" itemtype=\"https:\/\/schema.org\/CreativeWork\" ><div class='avia_textblock  av_inherit_color '  style='font-size:30px; color:#ffffff; '  itemprop=\"text\" ><h1 style=\"text-align: center;\">PREMIOS<\/h1>\n<\/div><\/section><br \/>\n<section class=\"av_textblock_section \"  itemscope=\"itemscope\" itemtype=\"https:\/\/schema.org\/CreativeWork\" ><div class='avia_textblock  '   itemprop=\"text\" ><p><strong>Secci\u00f3n Oficial a Competici\u00f3n<\/strong><\/p>\n<ul>\n<li>Premio a la Mejor Pel\u00edcula:<\/li>\n<\/ul>\n<p><strong>Mina Walking<\/strong> | Afganist\u00e1n | Yosef Baraki | 2015 | 110\u2019 | Drama<\/p>\n<ul>\n<li>Premio al Mejor Director:<\/li>\n<\/ul>\n<p><strong>Coldness<\/strong> | Ir\u00e1n | Bahram, Bahman Haj Bol Loo Ark | 2015 | 87\u2019 | Drama<\/p>\n<ul>\n<li>Premio al Mejor Gui\u00f3n:<\/li>\n<\/ul>\n<p><strong>Journey to the Shore<\/strong> | Jap\u00f3n | Kiyoshi Kurosawa | 2015 | 127\u2019 | Drama<\/p>\n<ul>\n<li>Premio a la Mejor Fotograf\u00eda:<\/li>\n<\/ul>\n<p><strong>Paths of the Soul<\/strong> | China | Zhang Yang | 2015 | 117\u2019 | Drama<\/p>\n<p><strong>\u00a0<\/strong><br \/>\n<strong>\u00a0<\/strong><\/p>\n<p><strong>Secci\u00f3n Panorama a Competici\u00f3n<\/strong><\/p>\n<ul>\n<li>Premio a la Mejor Pel\u00edcula:<\/li>\n<\/ul>\n<p><strong>The Throne <\/strong>| Corea |Lee Joon ik | 2015 | 125\u2019 | Drama<\/p>\n<ul>\n<li>Premio al Mejor Director:<\/li>\n<\/ul>\n<p><strong>Partisan<\/strong> | Australia | Ariel Kleiman | 2015 | 98\u2019 | Drama<\/p>\n<ul>\n<li>Premio al Mejor Gui\u00f3n:<\/li>\n<\/ul>\n<p><strong>Tajrish&#8230; an unfinished story <\/strong>| Ir\u00e1n | Pourya Azarbayjani| 2015 | 85\u2019 | Drama<\/p>\n<ul>\n<li>Menci\u00f3n Especial:<\/li>\n<\/ul>\n<p><strong>Zhol<\/strong> | Kazajist\u00e1n| Askar Uzabaev | 2014 | 94\u2019 | Drama<\/p>\n<p><strong>\u00a0<\/strong><br \/>\n<strong>\u00a0<\/strong><\/p>\n<p><strong>Jurado Joven<\/strong><\/p>\n<hr \/>\n<ul>\n<li>Premio a la Mejor Pel\u00edcula:<\/li>\n<\/ul>\n<p><strong>Mina Walking<\/strong> | Afganist\u00e1n | Yosef Baraki | 2015 | 110\u2019 | Drama<\/p>\n<ul>\n<li>Premio al Mejor Director:<\/li>\n<\/ul>\n<p><strong>Sairat <\/strong>| India | Nagraj Manjule | 2016 | 174\u2019 | Drama<\/p>\n<ul>\n<li>Premio al Mejor Gui\u00f3n:<\/li>\n<\/ul>\n<p><strong>Coldness<\/strong> | Ir\u00e1n | Bahram, Bahman Haj Bol Loo Ark | 2015 | 87\u2019 | Drama<\/p>\n<ul>\n<li>Premio a la Mejor Fotograf\u00eda:<\/li>\n<\/ul>\n<p><strong>Paths of the Soul<\/strong> | China | Zhang Yang | 2015 | 117\u2019 | Drama<\/p>\n<p><strong>\u00a0<\/strong><br \/>\n<strong>\u00a0<\/strong><\/p>\n<p><strong>Premio del P\u00fablico<\/strong><\/p>\n<hr \/>\n<ul>\n<li>Premio a la Mejor Pel\u00edcula:<\/li>\n<\/ul>\n<p><strong>Pecoross\u2019 Mother and Her Days<\/strong> | Jap\u00f3n | Azuma Morisaki | 2013 | 113\u2019 | Drama<\/p>\n<p><strong>\u00a0<\/strong><br \/>\n<strong>\u00a0<\/strong><\/p>\n<p><strong>Premio Honor\u00edfico<\/strong><\/p>\n<hr \/>\n<ul>\n<li>Premio Honor\u00edfico por sus valores sociales y universales:<\/li>\n<\/ul>\n<p><strong>Redha <\/strong>| Malasia | Tunku Mona Riza | 2016 | 115\u2019 | Drama<\/p>\n<p><strong>\u00a0<\/strong><br \/>\n<strong>\u00a0<\/strong><\/p>\n<p style=\"text-align: center;\"><em>Estas\u00a0categor\u00edas ser\u00e1n concedidas por ambos jurados separadamente <\/em><\/p>\n<p style=\"text-align: center;\"><em>Asimismo, <\/em><strong><em>el Jurado Joven\u00a0<\/em><\/strong><em>conceder\u00e0 los premios correspondientes a la Secci\u00f3n Oficial a Concurso<\/em><em><br \/>\n<strong>Premio del P\u00fablico<\/strong> a la mejor pel\u00edcula del Festival<br \/>\n<strong>Premio Especial Casa Asia<\/strong> a la pel\u00edcula \u201cRedha\u201d por sus valores sociales y universales<\/em><\/p>\n<\/div><\/section><\/p><\/div>\n","protected":false},"excerpt":{"rendered":"","protected":false},"author":3,"featured_media":0,"parent":0,"menu_order":0,"comment_status":"closed","ping_status":"closed","template":"","meta":{"_exactmetrics_skip_tracking":false,"_exactmetrics_sitenote_active":false,"_exactmetrics_sitenote_note":"","_exactmetrics_sitenote_category":0},"_links":{"self":[{"href":"https:\/\/asianfilmfestival.barcelona\/2016\/es\/wp-json\/wp\/v2\/pages\/5917"}],"collection":[{"href":"https:\/\/asianfilmfestival.barcelona\/2016\/es\/wp-json\/wp\/v2\/pages"}],"about":[{"href":"https:\/\/asianfilmfestival.barcelona\/2016\/es\/wp-json\/wp\/v2\/types\/page"}],"author":[{"embeddable":true,"href":"https:\/\/asianfilmfestival.barcelona\/2016\/es\/wp-json\/wp\/v2\/users\/3"}],"replies":[{"embeddable":true,"href":"https:\/\/asianfilmfestival.barcelona\/2016\/es\/wp-json\/wp\/v2\/comments?post=5917"}],"version-history":[{"count":19,"href":"https:\/\/asianfilmfestival.barcelona\/2016\/es\/wp-json\/wp\/v2\/pages\/5917\/revisions"}],"predecessor-version":[{"id":8073,"href":"https:\/\/asianfilmfestival.barcelona\/2016\/es\/wp-json\/wp\/v2\/pages\/5917\/revisions\/8073"}],"wp:attachment":[{"href":"https:\/\/asianfilmfestival.barcelona\/2016\/es\/wp-json\/wp\/v2\/media?parent=5917"}],"curies":[{"name":"wp","href":"https:\/\/api.w.org\/{rel}","templated":true}]}}