{"id":3531,"date":"2016-09-23T16:31:19","date_gmt":"2016-09-23T14:31:19","guid":{"rendered":"http:\/\/asianfilmfestival.barcelona\/2016\/es\/?page_id=3531"},"modified":"2016-09-23T16:31:19","modified_gmt":"2016-09-23T14:31:19","slug":"aviso-legal","status":"publish","type":"page","link":"https:\/\/asianfilmfestival.barcelona\/2016\/es\/aviso-legal\/","title":{"rendered":"Aviso legal"},"content":{"rendered":"<p><strong>Aviso Legal<\/strong><\/p>\n<p><strong>1. Objeto y titularidad<\/strong><\/p>\n<p>Esta web se ha creado con el objetivo de ofrecer a los usuarios informaci\u00f3n detallada sobre las actividades y contenidos de CASA ASIA. De igual manera, se ofrece la posibilidad de acceder a la informaci\u00f3n sobre los servicios de CASA ASIA a trav\u00e9s de la misma.<\/p>\n<p>El presente Aviso Legal tiene por objeto regular las condiciones de uso y utilizaci\u00f3n de la informaci\u00f3n y servicios emplazados en el sitio <a href=\"https:\/\/www.casaasia.es\/\">www.casaasia.es<\/a>, del que es titular el <strong>Consorcio CASA ASIA<\/strong> (en adelante <strong>CASA ASIA<\/strong>), con NIF n\u00fam. Q0801118A y con domicilio social en Barcelona, Recinto Modernista Sant Pau, calle Sant Antoni Maria Claret, 167.<\/p>\n<p>Para contactar con nosotros puede dirigirse a trav\u00e9s del correo electr\u00f3nico <a href=\"mailto:casaasia@casaasia.es\">casaasia@casaasia.es<\/a> o del tel\u00e9fono +34 93 368 08 36.<\/p>\n<p><strong>2. Aceptaci\u00f3n de las condiciones de uso<\/strong><\/p>\n<p>El presente Aviso Legal regula el acceso y uso de los contenidos y servicios ofrecidos por CASA ASIA mediante su web. No obstante, la utilizaci\u00f3n de algunos servicios puede encontrarse sometida a determinadas Condiciones Particulares que podr\u00e1n sustituir, completar y\/o modificar el presente Aviso Legal. En caso de contradicci\u00f3n prevalecer\u00e1 lo establecido en las Condiciones Particulares sobre este Aviso Legal.<\/p>\n<p>El acceso, navegaci\u00f3n y uso de esta web supone la aceptaci\u00f3n expresa por el usuario de todos los t\u00e9rminos de este Aviso Legal.<\/p>\n<p><strong>3. Condiciones de acceso<\/strong><\/p>\n<p>Con car\u00e1cter general, el acceso a la informaci\u00f3n, contenidos y servicios disponibles en esta web, as\u00ed como su navegaci\u00f3n ser\u00e1 libre y gratuita por lo que no se requerir\u00e1 a los usuarios registro, con la correspondiente entrega de sus datos personales, ni el uso de contrase\u00f1as.<\/p>\n<p>No obstante, sin perjuicio de lo establecido en el p\u00e1rrafo anterior, para hacer uso de determinados servicios ser\u00e1 necesario aportar datos personales, entre otros, nombre y direcci\u00f3n de correo electr\u00f3nico.<\/p>\n<p><strong>4. Condiciones de uso<\/strong><\/p>\n<p>Las condiciones de acceso y uso de esta web est\u00e1n sujetas a la normativa legal vigente y a los principios de buena fe y uso l\u00edcito por parte del usuario, quedando prohibido, con car\u00e1cter general, cualquier tipo de actuaci\u00f3n en perjuicio de CASA ASIA\u00a0y que vaya en contra del presente Aviso Legal.<\/p>\n<p>El usuario se responsabiliza de utilizar este servicio sin llevar a cabo actividades que puedan ser consideradas il\u00edcitas o ilegales, que vulneren los derechos de CASA ASIA\u00a0o de terceros, o que\u00a0puedan da\u00f1ar, inutilizar, sobrecargar o deteriorar el servicio o impedir la normal utilizaci\u00f3n del mismo por parte de otros usuarios.<\/p>\n<p><strong>5. Propiedad industrial y propiedad intelectual<\/strong><\/p>\n<p>El usuario acepta que todos los derechos de propiedad industrial e intelectual de las marcas, nombres comerciales o los sobre los contenidos y\/o cualquiera de los elementos incluidos en la web son propiedad exclusiva de CASA ASIA y\/o de terceros ajenos. Cualquier uso o explotaci\u00f3n de cualquiera de los derechos estar\u00e1 sujeto a la previa y expresa autorizaci\u00f3n a los efectos oportunos de CASA ASIA, o del tercero titular de los derechos afectados.<\/p>\n<p>Son titularidad de CASA ASIA los derechos de reproducci\u00f3n, distribuci\u00f3n y comunicaci\u00f3n p\u00fablica de la web. Todos los textos, dise\u00f1os, contenidos, estructura, bases de datos,\u00a0logos, c\u00f3digos fuente y dem\u00e1s elementos de la web est\u00e1n protegidos por la legislaci\u00f3n en la materia vigente.\u00a0CASA ASIA\u00a0ostenta todos\u00a0los derechos de propiedad intelectual necesarios para poder explotar la web, as\u00ed como el conjunto de elementos que la conforman.<\/p>\n<p><strong>6. Pol\u00edtica de privacidad<\/strong><\/p>\n<p>Algunos servicios requieren que los\/as usuarios\/as proporcionen a CASA ASIA determinados datos de car\u00e1cter personal. CASA ASIA garantizar\u00e1 el cumplimiento de lo establecido en la Ley Org\u00e1nica 15\/1999, de 13 de diciembre, de Protecci\u00f3n de Datos de Car\u00e1cter Personal (LOPD) y el resto de la legislaci\u00f3n aplicable.<\/p>\n<p>CASA ASIA informa que los datos personales recogidos, a trav\u00e9s de direcciones de correo electr\u00f3nico, presencialmente o por medio de formularios de contacto o de inscripci\u00f3n a actividades, son almacenados en bases de datos propiedad de la instituci\u00f3n.<\/p>\n<p>CASA ASIA garantiza que el uso de los datos personales tendr\u00e1 car\u00e1cter confidencial y solo se utilizar\u00e1n para poder prestar los servicios propios de la instituci\u00f3n a los cuales los\/las usuarios\/as den su consentimiento expreso.<\/p>\n<p>El usuario garantiza la veracidad de los datos personales facilitados a CASA ASIA y se responsabiliza de comunicar cualquier modificaci\u00f3n de los mismos.<\/p>\n<p>Los \u00a0usuarios\/as pueden ejercer los derechos de acceso, rectificaci\u00f3n, cancelaci\u00f3n y oposici\u00f3n, de acuerdo con lo estipulado en la Ley Org\u00e1nica 15\/1999, de 13 de diciembre, de Protecci\u00f3n de Datos de Car\u00e1cter Personal. Los usuarios podr\u00e1n hacer efectivos estos derechos contactando con CASA ASIA a trav\u00e9s de la direcci\u00f3n electr\u00f3nica <a href=\"mailto:casaasia@casaasia.es\">casaasia@casaasia.es<\/a>, por correo postal o presencialmente en la sede de la instituci\u00f3n.<\/p>\n<p><strong>7. Cookies<\/strong><\/p>\n<p>La web de CASA ASIA no utiliza cookies de publicidad ni de personalizaci\u00f3n, no se recogen datos de identificaci\u00f3n personal para la navegaci\u00f3n.<\/p>\n<p>No obstante, la web de CASA ASIA utiliza Google Analytics, que utiliza cookies de an\u00e1lisis para medir la audiencia y navegaci\u00f3n de los usuarios. Para saber m\u00e1s ver la web de Google Analytics: <a href=\"http:\/\/www.google.com\/analytics\/terms\/es.html\">http:\/\/www.google.com\/analytics\/terms\/es.html<\/a><\/p>\n<p><strong>8. Responsabilidades<\/strong><\/p>\n<p>Esta web puede contener informaci\u00f3n facilitada por terceros o vincular enlaces externos a la instituci\u00f3n por los que, en ning\u00fan caso, CASA ASIA no se responsabiliza, ni tiene la obligaci\u00f3n de controlar, supervisar o vigilar. De igual forma, tampoco se responsabiliza de los hiperv\u00ednculos que los terceros ajenos a CASA ASIA puedan crear a trav\u00e9s de sus p\u00e1ginas web.<\/p>\n<p>Los enlaces incluidos en la web a otras p\u00e1ginas son meramente informativos y no representan ning\u00fan tipo de asociaci\u00f3n con las web enlazadas, ni recomendaci\u00f3n de los servicios o productos ofrecidos por esas web.<\/p>\n<p>CASA ASIA\u00a0no tiene recursos t\u00e9cnicos ni humanos para poder conocer y controlar toda la informaci\u00f3n, contenidos, productos o servicios facilitados por otras web a los que se puedan establecer enlaces desde la web de la instituci\u00f3n. Por tanto, CASA ASIA\u00a0no puede garantizar ni las\u00a0condiciones, ni la licitud de los contenidos, ni la correcta prestaci\u00f3n de servicios ofertados a los usuarios por terceros ajenos, a los que se puede acceder mediante enlaces establecidos en estos sitios web.<\/p>\n<p>En caso de que los usuarios tengan conocimiento sobre la ilicitud de las actividades desarrolladas a trav\u00e9s de estas web de terceros ajenos deber\u00e1n comunicarlo de forma inmediata a CASA ASIA,\u00a0con el fin de que se deshabiliten los enlaces de acceso a las mismas.<\/p>\n<p>Asimismo, CASA ASIA se exime de responsabilidad en lo referente a las cookies que terceros ajenos puedan instalar en el dispositivo del usuario.<\/p>\n<p>Por otra parte, tampoco se derivar\u00e1 responsabilidad para\u00a0CASA ASIA\u00a0por los errores que se puedan apreciar en los contenidos de su web.<\/p>\n<p>El usuario ser\u00e1 el \u00fanico responsable de las infracciones en que pueda incurrir, as\u00ed como de los perjuicios que pueda causar a terceros por un uso ileg\u00edtimo o indebido de la web de CASA ASIA.<\/p>\n<p><strong>9. Servicio<\/strong><\/p>\n<p>CASA ASIA se reserva el derecho a realizar cualquier modificaci\u00f3n en los servicios, contenidos y presentaci\u00f3n de la web, as\u00ed como en el presente Aviso Legal, sin avisar previamente. De la misma manera, se reserva el derecho a interrumpir, de forma temporal o permanente, el acceso, navegaci\u00f3n, uso de la web o de cualquiera de sus servicios, con o sin comunicaci\u00f3n previa. En ambos supuestos, no cabr\u00e1 posibilidad por parte del usuario de reclamar ning\u00fan tipo de indemnizaci\u00f3n.<\/p>\n<p><strong>10. Jurisdicci\u00f3n<\/strong><\/p>\n<p>Las controversias entre el usuario y CASA ASIA se regir\u00e1n por lo que establece la legislaci\u00f3n espa\u00f1ola vigente, con renuncia expresa a cualquier otro fuero que pudiera corresponderles, someti\u00e9ndolas al conocimiento de los Juzgados y Tribunales de Barcelona.<\/p>\n","protected":false},"excerpt":{"rendered":"<p>Aviso Legal 1. Objeto y titularidad Esta web se ha creado con el objetivo de ofrecer a los usuarios informaci\u00f3n detallada sobre las actividades y contenidos de CASA ASIA. De igual manera, se ofrece la posibilidad de acceder a la informaci\u00f3n sobre los servicios de CASA ASIA a trav\u00e9s de la misma. El presente Aviso [&hellip;]<\/p>\n","protected":false},"author":3,"featured_media":0,"parent":0,"menu_order":0,"comment_status":"closed","ping_status":"closed","template":"","meta":{"_exactmetrics_skip_tracking":false,"_exactmetrics_sitenote_active":false,"_exactmetrics_sitenote_note":"","_exactmetrics_sitenote_category":0},"_links":{"self":[{"href":"https:\/\/asianfilmfestival.barcelona\/2016\/es\/wp-json\/wp\/v2\/pages\/3531"}],"collection":[{"href":"https:\/\/asianfilmfestival.barcelona\/2016\/es\/wp-json\/wp\/v2\/pages"}],"about":[{"href":"https:\/\/asianfilmfestival.barcelona\/2016\/es\/wp-json\/wp\/v2\/types\/page"}],"author":[{"embeddable":true,"href":"https:\/\/asianfilmfestival.barcelona\/2016\/es\/wp-json\/wp\/v2\/users\/3"}],"replies":[{"embeddable":true,"href":"https:\/\/asianfilmfestival.barcelona\/2016\/es\/wp-json\/wp\/v2\/comments?post=3531"}],"version-history":[{"count":1,"href":"https:\/\/asianfilmfestival.barcelona\/2016\/es\/wp-json\/wp\/v2\/pages\/3531\/revisions"}],"predecessor-version":[{"id":3532,"href":"https:\/\/asianfilmfestival.barcelona\/2016\/es\/wp-json\/wp\/v2\/pages\/3531\/revisions\/3532"}],"wp:attachment":[{"href":"https:\/\/asianfilmfestival.barcelona\/2016\/es\/wp-json\/wp\/v2\/media?parent=3531"}],"curies":[{"name":"wp","href":"https:\/\/api.w.org\/{rel}","templated":true}]}}