{"id":3529,"date":"2016-09-23T16:30:52","date_gmt":"2016-09-23T14:30:52","guid":{"rendered":"http:\/\/asianfilmfestival.barcelona\/2016\/ca\/?page_id=3529"},"modified":"2016-09-23T16:30:52","modified_gmt":"2016-09-23T14:30:52","slug":"avis-legal","status":"publish","type":"page","link":"https:\/\/asianfilmfestival.barcelona\/2016\/ca\/avis-legal\/","title":{"rendered":"Av\u00eds legal"},"content":{"rendered":"<p><strong>Av\u00eds Legal<\/strong><\/p>\n<p><strong>1. Objecte i titularitat<\/strong><\/p>\n<p>Aquesta web s\u2019ha creat amb l\u2019objectiu d\u2019oferir als usuaris informaci\u00f3 detallada sobre les activitats i continguts de CASA \u00c0SIA. D\u2019igual manera, s\u2019ofereix la possibilitat d\u2019accedir a la informaci\u00f3 sobre els serveis de CASA \u00c0SIA a trav\u00e9s de la mateixa.<\/p>\n<p>El present Av\u00eds Legal t\u00e9 per objecte regular les condicions d\u2019\u00fas i utilitzaci\u00f3 de la informaci\u00f3 i serveis empla\u00e7ats en el lloc<a href=\"https:\/\/www.casaasia.cat\/\">www.casaasia.es<\/a>, del que \u00e9s titular el <strong>Consorci CASA \u00c0SIA<\/strong>, amb NIF n\u00fam. Q0801118A i amb domicili social a Barcelona, Recinte Modernista Sant Pau, carrer Sant Antoni Maria Claret, 167.<\/p>\n<p>Per a contactar amb nosaltres pot adre\u00e7ar-se a trav\u00e9s del correu electr\u00f2nic <a href=\"mailto:casaasia@casaasia.es\">casaasia@casaasia.es<\/a> o del tel\u00e8fon +34 93 368 08 36.<\/p>\n<p><strong>2. Acceptaci\u00f3 de les condicions de \u00fas<\/strong><\/p>\n<p>El present Av\u00eds Legal regula l\u2019acc\u00e9s i \u00fas dels continguts i serveis oferts per CASA \u00c0SIA mitjan\u00e7ant la seva web. No obstant, la utilitzaci\u00f3 d\u2019alguns serveis es pot trobar sotmesa a determinades Condicions Particulars que podran substituir, completar i\/o modificar el present Av\u00eds Legal. En cas de contradicci\u00f3 prevaldr\u00e0 l\u2019establert a les Condicions Particulars sobre aquest Av\u00eds Legal.<\/p>\n<p>L\u2019acc\u00e9s, navegaci\u00f3 i \u00fas d\u2019aquesta web suposa l\u2019acceptaci\u00f3 expressa per l\u2019usuari de tots els termes d\u2019aquest Av\u00eds Legal.<\/p>\n<p><strong>3. Condicions d\u2019acc\u00e9s<\/strong><\/p>\n<p>Amb car\u00e0cter general, l\u2019acc\u00e9s a la informaci\u00f3, continguts i serveis disponibles en aquesta web, aix\u00ed com la seva navegaci\u00f3 ser\u00e0 lliure i gratu\u00efta pel que no es requerir\u00e0 als usuaris registre, amb la corresponent entrega de les seves dades personals, ni l\u2019\u00fas de contrasenyes.<\/p>\n<p>No obstant, sense perjudici de l\u2019establert al par\u00e0graf anterior, per a fer \u00fas de determinats serveis ser\u00e0 necessari aportar dades personals, entre d\u2019altres, nom i adre\u00e7a de correu electr\u00f2nic.<\/p>\n<p><strong>4. Condicions d\u2019\u00fas<\/strong><\/p>\n<p>Les condicions d\u2019acc\u00e9s i \u00fas d\u2019aquesta web estan subjectes a la normativa legal vigent i als principis de bona fe i \u00fas l\u00edcit per part de l\u2019usuari, quedant prohibit, amb car\u00e0cter general, qualsevol actuaci\u00f3 en perjudici de CASA \u00c0SIA\u00a0i que vagi en contra del present Av\u00eds Legal.<\/p>\n<p>L\u2019usuari es responsabilitza d\u2019utilitzar aquest servei sense portar a terme activitats que puguin ser considerades il\u00b7l\u00edcites o il\u00b7legals, que vulnerin els drets de CASA \u00c0SIA\u00a0o de tercers, o que\u00a0puguin danyar, inutilitzar, sobrecarregar o deteriorar el servei o impedir la normal utilitzaci\u00f3 del mateix per part d\u2019altres usuaris.<\/p>\n<p><strong>5. Propietat industrial i propietat intel\u00b7lectual<\/strong><\/p>\n<p>L\u2019usuari accepta que tots els drets de propietat industrial i intel\u00b7lectual de les marques, noms comercials o logos sobre els continguts i\/o qualsevol dels elements inclosos a la web s\u00f3n propietat exclusiva de CASA \u00c0SIA i\/o de tercers aliens. Qualsevol \u00fas o explotaci\u00f3 de qualsevol dels drets estar\u00e0 subjecte a la pr\u00e8via i expressa autoritzaci\u00f3 als efectes oportuns de CASA \u00c0SIA, o del tercer titular dels drets afectats.<\/p>\n<p>S\u00f3n titularitat de CASA \u00c0SIA els drets de reproducci\u00f3, distribuci\u00f3 i comunicaci\u00f3 p\u00fablica de la web. Tots els textos, dissenys, continguts, estructura, bases de dades,\u00a0logos, codis font, aix\u00ed com la resta d\u2019elements de la web estan protegits per la legislaci\u00f3 en la mat\u00e8ria vigent.\u00a0CASA \u00c0SIA\u00a0ostenta tots\u00a0els drets de propietat intel\u00b7lectual necessaris per a poder explotar la web, aix\u00ed com el conjunt d\u2019elements que la conformen.<\/p>\n<p><strong>6. Pol\u00edtica de privacitat<\/strong><\/p>\n<p>Alguns serveis requereixen que els usuaris proporcionin a CASA \u00c0SIA determinades dades de car\u00e0cter personal. CASA \u00c0SIA garantir\u00e0 el compliment de l\u2019establert a la Llei Org\u00e0nica 15\/1999, de 13 de desembre, de Protecci\u00f3 de Dades de Car\u00e0cter Personal (LOPD) i la resta de la legislaci\u00f3 aplicable.<\/p>\n<p>CASA \u00c0SIA informa que les dades personals recollides, a trav\u00e9s del correu electr\u00f2nic, presencialment o per mitj\u00e0 de formularis de contacte o d\u2019inscripci\u00f3 a activitats, s\u00f3n emmagatzemades en bases de dades propietat de la instituci\u00f3.<\/p>\n<p>CASA \u00c0SIA garanteix que l\u2019\u00fas de les dades personals tindr\u00e0 car\u00e0cter confidencial i nom\u00e9s s\u2019utilitzaran per a poder prestar els serveis propis de la instituci\u00f3 als quals els usuaris donin el seu consentiment expr\u00e9s.<\/p>\n<p>L\u2019usuari garanteix la veracitat de les dades personals facilitades a CASA \u00c0SIA i es responsabilitza de comunicar qualsevol modificaci\u00f3 de les mateixes.<\/p>\n<p>Els usuaris poden exercir els drets d\u2019acc\u00e9s, rectificaci\u00f3, cancel\u00b7laci\u00f3 i oposici\u00f3, d\u2019acord amb l\u2019estipulat a la Llei Org\u00e0nica 15\/1999, de 13 de desembre, de Protecci\u00f3 de Dades de Car\u00e0cter Personal (LOPD). Els usuaris podran fer efectius aquests drets contactant amb CASA \u00c0SIA a trav\u00e9s de l\u2019adre\u00e7a electr\u00f2nica <a href=\"mailto:casaasia@casaasia.es\">casaasia@casaasia.es<\/a>, per correu postal o presencialment a la seu de la instituci\u00f3.<\/p>\n<p><strong>7. Cookies<\/strong><\/p>\n<p>La web de CASA \u00c0SIA no utilitza cookies de publicitat ni de personalitzaci\u00f3, no es recullen dades d\u2019identificaci\u00f3 personal per a la navegaci\u00f3.<\/p>\n<p>No obstant, la web de CASA \u00c0SIA utilitza Google Analytics, que utilitza cookies d\u2019an\u00e0lisis per a mesurar l\u2019audi\u00e8ncia i navegaci\u00f3 dels usuaris. Per a saber m\u00e9s veure la web de Google Analytics: <a href=\"http:\/\/www.google.com\/analytics\/terms\/es.html\">http:\/\/www.google.com\/analytics\/terms\/es.html<\/a><\/p>\n<p><strong>8. Responsabilitats<\/strong><\/p>\n<p>Aquesta web pot contenir informaci\u00f3 facilitada per tercers o vincular enlla\u00e7os externs a la instituci\u00f3 pels que, en cap cas, CASA \u00c0SIA no es responsabilitza, ni t\u00e9 la obligaci\u00f3 de controlar, supervisar o vigilar. D\u2019igual forma, tampoc es responsabilitza dels hipervincles que els tercers aliens a CASA \u00c0SIA puguin crear a les seves p\u00e0gines web.<\/p>\n<p>Els enlla\u00e7os inclosos a la web a altres p\u00e0gines s\u00f3n merament informatius y no representen cap tipus d\u2019associaci\u00f3 amb les web \u00a0enlla\u00e7ades, ni recomanaci\u00f3 dels serveis o productes oferts per aquestes web.<\/p>\n<p>CASA \u00c0SIA\u00a0no t\u00e9 recursos t\u00e8cnics ni humans per a poder con\u00e8ixer i controlar tota la informaci\u00f3, continguts, productes o serveis facilitats per altres web a les que es puguin establir enlla\u00e7os des de la web de la instituci\u00f3. Per tant, CASA \u00c0SIA\u00a0no pot garantir ni les\u00a0condicions, ni la licitud dels continguts, ni la correcta prestaci\u00f3 dels serveis oferts als usuaris per tercers aliens, als que es pugui accedir mitjan\u00e7ant enlla\u00e7os en aquests llocs web.<\/p>\n<p>En cas de que els usuaris tinguin coneixement sobre la il\u00b7licitud de les activitats desenvolupades a trav\u00e9s d\u2019aquestes web de tercers aliens ho hauran de comunicar de forma immediata a CASA \u00c0SIA, per tal de que es desactivin els enlla\u00e7os d\u2019acc\u00e9s a les mateixes.<\/p>\n<p>Tanmateix, CASA \u00c0SIA s\u2019eximeix de responsabilitat pel que fa a les cookies que tercers aliens puguin instal\u00b7lar al dispositiu de l\u2019usuari.<\/p>\n<p>D\u2019altra banda, tampoc es derivar\u00e0 responsabilitat per a\u00a0CASA \u00c0SIA\u00a0pels errors que es puguin apreciar als continguts de la seva web.<\/p>\n<p>El usuari ser\u00e0 l\u2019\u00fanic responsable de les infraccions en que pugui inc\u00f3rrer, aix\u00ed com dels perjudicis que pugui causar a tercers per un \u00fas il\u00b7leg\u00edtim o indegut de la web de CASA \u00c0SIA.<\/p>\n<p><strong>9. Servei<\/strong><\/p>\n<p>CASA \u00c0SIA es reserva el dret a realitzar qualsevol modificaci\u00f3 en els serveis, continguts i presentaci\u00f3 de la web, aix\u00ed com en el present Av\u00eds Legal, sense avisar pr\u00e8viament. De la mateixa manera, es reserva el dret a interrompre, de forma temporal o permanent, l\u2019acc\u00e9s, navegaci\u00f3, \u00fas de la web o de qualsevol dels seus serveis, amb o sense comunicaci\u00f3 pr\u00e8via. En ambd\u00f3s sup\u00f2sits, no cabr\u00e0 possibilitat per part de l\u2019usuari de reclamar cap tipus d\u2019indemnitzaci\u00f3.<\/p>\n<p><strong>10. Jurisdicci\u00f3<\/strong><\/p>\n<p>Les controv\u00e8rsies entre l\u2019usuari i CASA \u00c0SIA es regiran pel que estableix la legislaci\u00f3 espanyola vigent, amb la ren\u00fancia expressa a qualsevol altre fur que els pogu\u00e9s correspondre, sotmetent-les al coneixement dels Jutjats i Tribunals de Barcelona.<\/p>\n<p>&nbsp;<\/p>\n","protected":false},"excerpt":{"rendered":"<p>Av\u00eds Legal 1. Objecte i titularitat Aquesta web s\u2019ha creat amb l\u2019objectiu d\u2019oferir als usuaris informaci\u00f3 detallada sobre les activitats i continguts de CASA \u00c0SIA. D\u2019igual manera, s\u2019ofereix la possibilitat d\u2019accedir a la informaci\u00f3 sobre els serveis de CASA \u00c0SIA a trav\u00e9s de la mateixa. El present Av\u00eds Legal t\u00e9 per objecte regular les condicions [&hellip;]<\/p>\n","protected":false},"author":3,"featured_media":0,"parent":0,"menu_order":0,"comment_status":"closed","ping_status":"closed","template":"","meta":{"_exactmetrics_skip_tracking":false,"_exactmetrics_sitenote_active":false,"_exactmetrics_sitenote_note":"","_exactmetrics_sitenote_category":0},"_links":{"self":[{"href":"https:\/\/asianfilmfestival.barcelona\/2016\/ca\/wp-json\/wp\/v2\/pages\/3529"}],"collection":[{"href":"https:\/\/asianfilmfestival.barcelona\/2016\/ca\/wp-json\/wp\/v2\/pages"}],"about":[{"href":"https:\/\/asianfilmfestival.barcelona\/2016\/ca\/wp-json\/wp\/v2\/types\/page"}],"author":[{"embeddable":true,"href":"https:\/\/asianfilmfestival.barcelona\/2016\/ca\/wp-json\/wp\/v2\/users\/3"}],"replies":[{"embeddable":true,"href":"https:\/\/asianfilmfestival.barcelona\/2016\/ca\/wp-json\/wp\/v2\/comments?post=3529"}],"version-history":[{"count":2,"href":"https:\/\/asianfilmfestival.barcelona\/2016\/ca\/wp-json\/wp\/v2\/pages\/3529\/revisions"}],"predecessor-version":[{"id":8135,"href":"https:\/\/asianfilmfestival.barcelona\/2016\/ca\/wp-json\/wp\/v2\/pages\/3529\/revisions\/8135"}],"wp:attachment":[{"href":"https:\/\/asianfilmfestival.barcelona\/2016\/ca\/wp-json\/wp\/v2\/media?parent=3529"}],"curies":[{"name":"wp","href":"https:\/\/api.w.org\/{rel}","templated":true}]}}